{"id":1186,"date":"2020-06-25T16:01:04","date_gmt":"2020-06-25T20:01:04","guid":{"rendered":"https:\/\/www.canadaic.ca\/?page_id=1186"},"modified":"2024-06-24T07:59:47","modified_gmt":"2024-06-24T11:59:47","slug":"immigrate","status":"publish","type":"page","link":"https:\/\/www.canadaic.ca\/tr\/immigrate\/","title":{"rendered":"G\u00f6\u00e7 Etmek"},"content":{"rendered":"<blockquote>\n\n<\/blockquote>\n<h4><strong>Kanada'ya G\u00f6\u00e7menlik<\/strong><\/h4>\n<p>Kanada'ya g\u00f6\u00e7 etmek, hayat\u0131n\u0131zda verebilece\u011finiz en b\u00fcy\u00fck kararlardan biridir. Kanada B&amp;N G\u00f6\u00e7menlik Dan\u0131\u015fmanl\u0131\u011f\u0131 olarak, verdi\u011finiz en iyi karar oldu\u011fundan da emin olabiliriz. Kanada, d\u00fcnyan\u0131n d\u00f6rt bir yan\u0131ndan ve ya\u015fam\u0131n her kesiminden yabanc\u0131lar\u0131 a\u011f\u0131rlayan \u00e7ok k\u00fclt\u00fcrel \u00e7e\u015fitlilik g\u00f6steren bir \u00fclkedir. Kanada'da \u00e7al\u0131\u015fmak, ya\u015famak ya da okumak istiyorsan\u0131z, Kanada'ya ba\u015far\u0131l\u0131 bir \u015fekilde g\u00f6\u00e7 etmenize ve ekonomik hedeflerinize ula\u015fman\u0131za kesinlikle yard\u0131mc\u0131 olabiliriz.<\/p>\n<p>&nbsp;<\/p>\n<p>Toronto G\u00f6\u00e7menlik Dan\u0131\u015fmanlar\u0131m\u0131z size g\u00f6\u00e7menlik ihtiya\u00e7lar\u0131m\u0131zla ilgili \u00fccretsiz dan\u0131\u015fmanl\u0131k hizmeti sunacakt\u0131r. Ayr\u0131ca, davan\u0131zla ilgili eksiksiz bir de\u011ferlendirme sunaca\u011f\u0131z ve davan\u0131zla ilgili bilin\u00e7li bir karar vermeniz i\u00e7in gereken t\u00fcm bilgileri size verece\u011fiz.<\/p>\n<p>&nbsp;<\/p>\n<p><a href=\"https:\/\/www.canadaic.ca\/tr\/contact\/\" target=\"_blank\" rel=\"noopener noreferrer\">\u0130leti\u015fim<\/a> <a href=\"https:\/\/www.canadaic.ca\/tr\/contact\/\" target=\"_blank\" rel=\"noopener noreferrer\">Bize<\/a> l\u00fctfen online formumuzu doldurunuz <a href=\"https:\/\/www.canadaic.ca\/tr\/assessment-general\/\" target=\"_blank\" rel=\"noopener noreferrer\">ve<\/a> nitelikli Toronto G\u00f6\u00e7menlik Dan\u0131\u015fmanlar\u0131m\u0131zdan biri 48 saat i\u00e7inde sizinle ileti\u015fime ge\u00e7ecektir!<\/p>\n\t\t\t\t\t\t\t\t\t\t\t\t<h2>Ziyaret, \u00c7al\u0131\u015fma izni, E\u011fitim<\/h2>\n\t\t\t<!-- END .front -->\n\t\t\t\t\t\t\t\t\t\t<h2>Invest and Live in Canada&#8230;.<\/h2>\n\t\t\t<!-- END .back -->\n\t\t <!-- ifb-flip-box -->\n\t <!-- flip-box -->\n\t\n<p>Deneyimli dan\u0131\u015fmanlar\u0131m\u0131z, becerilerinizi ve istihdam ge\u00e7mi\u015finizi dikkatli bir \u015fekilde de\u011ferlendirerek size do\u011fru mesle\u011fe uygun benzersiz bir \u00e7\u00f6z\u00fcm sunabilir.<\/p>\n\t\n<p>Kanada B&amp;N G\u00f6\u00e7menlik Dan\u0131\u015fmanl\u0131\u011f\u0131 olarak, ailenizi Kanada'ya getirmenize yard\u0131mc\u0131 olabiliriz, b\u00f6ylece Kanada'da ya\u015fayabilir, \u00e7al\u0131\u015fabilir ve \u00e7al\u0131\u015fabilir ve bu \u00fclkenin sundu\u011fu bir\u00e7ok f\u0131rsat\u0131n tad\u0131n\u0131 \u00e7\u0131karabilirler.<\/p>\n\t\n<p>Toronto dan\u0131\u015fmanlar\u0131m\u0131z i\u015f g\u00f6\u00e7\u00fc kategorisine g\u00fc\u00e7l\u00fc bir \u015fekilde odaklan\u0131yor ve profesyonel deneyimlerimizi m\u00fc\u015fterilerimiz i\u00e7in e\u015fsiz f\u0131rsatlar yaratmak i\u00e7in kullan\u0131yoruz.<\/p>\n\t\n<p>G\u00f6\u00e7menlik dan\u0131\u015fmanlar\u0131m\u0131z, ba\u015fvurunuz hakk\u0131nda olumlu bir karar alabilmeniz i\u00e7in bu benzersiz programa ba\u015fvurmadan \u00f6nce tam olarak kalifiye olman\u0131z\u0131 sa\u011flayacakt\u0131r.<\/p>\n\t\n<p>Live-in Caregiver Program\u0131 (LCP), ki\u015fisel destek \u00e7al\u0131\u015fanlar\u0131n\u0131n Kanada'da anlaml\u0131 bir lider olmas\u0131na ra\u011fmen i\u015f bulmalar\u0131 ve istikrarl\u0131 bir gelir elde etmeleri i\u00e7in harika bir f\u0131rsatt\u0131r.<\/p>\n\t\n<p>Kanada s\u0131n\u0131rlar\u0131n\u0131n i\u00e7inde veya d\u0131\u015f\u0131nda olman\u0131za bak\u0131lmaks\u0131z\u0131n, kendi \u00fclkenize d\u00f6nme zulm\u00fcne ili\u015fkin iyi kurulmu\u015f bir korkunuz varsa, Kanada'da korumaya hak kazanabilirsiniz.<\/p>\n\t\t<h4>Don&#8217;t Wait, Check Your Eligibility Today!<\/h4>\n\t\t\t\t\n\t\t\t<a href=\"https:\/\/www.canadaic.ca\/tr\/immigration-assessment-form\/\" target=\"_self\" role=\"button\" rel=\"noopener\">\n\t\t\t\t\t\t\t\t\t\t\tOnline De\u011ferlendirme Formu\n\t\t<\/a>","protected":false},"excerpt":{"rendered":"<p>Immigrating to Canada Immigrating to Canada is one of the biggest decisions you may ever make in your life.\u00a0 At Canada B&amp;N Immigration Consultancy, we can make sure that it is the best decision you ever make as well.\u00a0 Canada is a very culturally diverse country that welcomes foreigners from all over the world and [&hellip;]<\/p>\n","protected":false},"author":2,"featured_media":0,"parent":0,"menu_order":0,"comment_status":"closed","ping_status":"closed","template":"","meta":{"_uag_custom_page_level_css":"","site-sidebar-layout":"no-sidebar","site-content-layout":"default","ast-site-content-layout":"default","site-content-style":"default","site-sidebar-style":"default","ast-global-header-display":"","ast-banner-title-visibility":"","ast-main-header-display":"","ast-hfb-above-header-display":"","ast-hfb-below-header-display":"","ast-hfb-mobile-header-display":"","site-post-title":"disabled","ast-breadcrumbs-content":"","ast-featured-img":"","footer-sml-layout":"","ast-disable-related-posts":"","theme-transparent-header-meta":"default","adv-header-id-meta":"","stick-header-meta":"","header-above-stick-meta":"","header-main-stick-meta":"","header-below-stick-meta":"","astra-migrate-meta-layouts":"set","ast-page-background-enabled":"default","ast-page-background-meta":{"desktop":{"background-color":"","background-image":"","background-repeat":"repeat","background-position":"center center","background-size":"auto","background-attachment":"scroll","background-type":"","background-media":"","overlay-type":"","overlay-color":"","overlay-opacity":"","overlay-gradient":""},"tablet":{"background-color":"","background-image":"","background-repeat":"repeat","background-position":"center center","background-size":"auto","background-attachment":"scroll","background-type":"","background-media":"","overlay-type":"","overlay-color":"","overlay-opacity":"","overlay-gradient":""},"mobile":{"background-color":"","background-image":"","background-repeat":"repeat","background-position":"center center","background-size":"auto","background-attachment":"scroll","background-type":"","background-media":"","overlay-type":"","overlay-color":"","overlay-opacity":"","overlay-gradient":""}},"ast-content-background-meta":{"desktop":{"background-color":"var(--ast-global-color-5)","background-image":"","background-repeat":"repeat","background-position":"center center","background-size":"auto","background-attachment":"scroll","background-type":"","background-media":"","overlay-type":"","overlay-color":"","overlay-opacity":"","overlay-gradient":""},"tablet":{"background-color":"var(--ast-global-color-5)","background-image":"","background-repeat":"repeat","background-position":"center center","background-size":"auto","background-attachment":"scroll","background-type":"","background-media":"","overlay-type":"","overlay-color":"","overlay-opacity":"","overlay-gradient":""},"mobile":{"background-color":"var(--ast-global-color-5)","background-image":"","background-repeat":"repeat","background-position":"center center","background-size":"auto","background-attachment":"scroll","background-type":"","background-media":"","overlay-type":"","overlay-color":"","overlay-opacity":"","overlay-gradient":""}},"footnotes":""},"class_list":["post-1186","page","type-page","status-publish","hentry"],"uagb_featured_image_src":{"full":false,"thumbnail":false,"medium":false,"medium_large":false,"large":false,"1536x1536":false,"2048x2048":false,"trp-custom-language-flag":false},"uagb_author_info":{"display_name":"atakhelicopter","author_link":"https:\/\/www.canadaic.ca\/tr\/author\/atakhelicopter\/"},"uagb_comment_info":0,"uagb_excerpt":"Immigrating to Canada Immigrating to Canada is one of the biggest decisions you may ever make in your life.\u00a0 At Canada B&amp;N Immigration Consultancy, we can make sure that it is the best decision you ever make as well.\u00a0 Canada is a very culturally diverse country that welcomes foreigners from all over the world and&hellip;","_links":{"self":[{"href":"https:\/\/www.canadaic.ca\/tr\/wp-json\/wp\/v2\/pages\/1186","targetHints":{"allow":["GET"]}}],"collection":[{"href":"https:\/\/www.canadaic.ca\/tr\/wp-json\/wp\/v2\/pages"}],"about":[{"href":"https:\/\/www.canadaic.ca\/tr\/wp-json\/wp\/v2\/types\/page"}],"author":[{"embeddable":true,"href":"https:\/\/www.canadaic.ca\/tr\/wp-json\/wp\/v2\/users\/2"}],"replies":[{"embeddable":true,"href":"https:\/\/www.canadaic.ca\/tr\/wp-json\/wp\/v2\/comments?post=1186"}],"version-history":[{"count":36,"href":"https:\/\/www.canadaic.ca\/tr\/wp-json\/wp\/v2\/pages\/1186\/revisions"}],"predecessor-version":[{"id":6561,"href":"https:\/\/www.canadaic.ca\/tr\/wp-json\/wp\/v2\/pages\/1186\/revisions\/6561"}],"wp:attachment":[{"href":"https:\/\/www.canadaic.ca\/tr\/wp-json\/wp\/v2\/media?parent=1186"}],"curies":[{"name":"wp","href":"https:\/\/api.w.org\/{rel}","templated":true}]}}