{"id":1191,"date":"2020-06-25T16:31:10","date_gmt":"2020-06-25T20:31:10","guid":{"rendered":"https:\/\/www.canadaic.ca\/?page_id=1191"},"modified":"2021-05-07T14:34:52","modified_gmt":"2021-05-07T18:34:52","slug":"skilled-workers-and-professionals","status":"publish","type":"page","link":"https:\/\/www.canadaic.ca\/tr\/skilled-workers-and-professionals\/","title":{"rendered":"Vas\u0131fl\u0131 \u0130\u015f\u00e7iler ve Profesyoneller"},"content":{"rendered":"<blockquote><\/blockquote>\n<h3><\/h3>\n<h3><strong>Vas\u0131fl\u0131 \u0130\u015f\u00e7iler ve Profesyoneller\u00a0<\/strong><\/h3>\n<p>\u00a0Kanada'ya g\u00f6\u00e7 etmek, hayat\u0131n\u0131zda verebilece\u011finiz en b\u00fcy\u00fck kararlardan biridir. Kanada B&amp;N g\u00f6\u00e7menlik hizmetleri olarak sizin vereceginiz en iyi karar oldu\u011funa dair ve dogru program seciminizde de yardimci olabiliriz. Kanada, d\u00fcnyan\u0131n d\u00f6rt bir yan\u0131ndan ve ya\u015fam\u0131n her kesiminden yabanc\u0131lar\u0131 a\u011f\u0131rlayan \u00e7ok k\u00fclt\u00fcrel \u00e7e\u015fitlilik g\u00f6steren bir \u00fclkedir. Kanada'da \u00e7al\u0131\u015fmak, ya\u015famak ya da okumak istiyorsan\u0131z, Kanada'ya ba\u015far\u0131l\u0131 bir \u015fekilde g\u00f6\u00e7 etmenize ve ekonomik hedeflerinize ula\u015fman\u0131za kesinlikle yard\u0131mc\u0131 olabiliriz.<\/p>\n<p>&nbsp;<\/p>\n<h3><b>Federal \u0130\u015f\u00e7i Program\u0131<\/b><\/h3>\n<p>Bu program, Federal Nitelikli \u0130\u015f\u00e7iler Program\u0131 (FSWP) kategorisinde se\u00e7ilen ki\u015filer i\u00e7indir. Bu kategori alt\u0131ndaki ba\u015far\u0131l\u0131 adaylar \u00f6ncelikle Kanada toplumuna iyi entegre olma ve ekonomimize anlaml\u0131 bir katk\u0131da bulunma yetene\u011fini g\u00f6stermektedir. Mesle\u011finizde iyi performans g\u00f6sterecek beceri ve bilgiye sahipseniz ve Kanada'ya kolayl\u0131kla yerle\u015febildi\u011finizi g\u00f6sterebiliyorsan\u0131z, bu, a\u015fa\u011f\u0131da ba\u015fvurman\u0131z gereken g\u00f6\u00e7 kategorisidir. Kanada'ya gelmeniz i\u00e7in bunun do\u011fru yol olup olmad\u0131\u011f\u0131ndan emin de\u011filseniz, Toronto g\u00f6\u00e7menlik dan\u0131\u015fmanlar\u0131m\u0131zdan biriyle konu\u015fabilirsiniz ve size uygun olman\u0131z i\u00e7in neyin gerekli oldu\u011funu tam olarak bilmeniz i\u00e7in size yard\u0131mc\u0131 olabiliriz. Kanada'ya Federal Kalifiye \u0130\u015f\u00e7i olarak gelmek.<\/p>\n<p>&nbsp;<\/p>\n<h3><b>Son De\u011fi\u015fiklikler<\/b><\/h3>\n<p>Recently, there have been improvements to the Federal Skilled Worker Program with regards to the point system that is used to evaluate potential applicants. \u00a0Based on extensive research conducted by the government and a thorough program evaluation, the FSWP has been re structured to meet the ever changing climate of Canada&#8217;s economy and long term prosperity. \u00a0Not only have these changes improved Canada&#8217;s ability to differentiate between potential immigrants that are better suited to work here, but the new changes also ensure that these immigrants will also be better positioned for success. \u00a0As a result, this new program will help adapt to Canada&#8217;s changing labour market needs and help fill the gaps left by the natural labour market in Canada, without placing a burden on our society. \u00a0There are a number of different criteria that are measured to evaluate your eligibility. \u00a0Below is a list of the basic requirements to qualify under the FSWP.<\/p>\n<p>&nbsp;<\/p>\n<h3><b>Temel Gereksinimler<\/b><\/h3>\n<ul>\n<li>Bir y\u0131l s\u00fcrekli i\u015f deneyimi<\/li>\n<li>Minimum dil gereksinimini kar\u015f\u0131lamal\u0131s\u0131n\u0131z<\/li>\n<li>Minimum e\u011fitim gereksinimini kar\u015f\u0131lamal\u0131s\u0131n\u0131z<\/li>\n<li>Kalifiye i\u015f\u00e7i puanlar\u0131 tablosundaki alt\u0131 se\u00e7im fakt\u00f6r\u00fcne dayanarak minimum puan\u0131 almal\u0131s\u0131n\u0131z<\/li>\n<li>Kanada'ya vard\u0131\u011f\u0131n\u0131zda kendinizi ve ailenizi desteklemek i\u00e7in mevcut fonlar\u0131n kan\u0131t\u0131n\u0131 sunmal\u0131s\u0131n\u0131z<\/li>\n<li>Herhangi bir nedenle (ceza, sa\u011fl\u0131k, kamu g\u00fcvenli\u011fi vb.) Kabul edilemez olmamal\u0131s\u0131n\u0131z.<\/li>\n<\/ul>\n<p>These are the basic requirements against which you will be assessed to determine if you will be an eligible candidate for the Federal Skilled Worker Program in Canada. \u00a0The new changes that have been implemented to the FSWP will ensure that only those individuals that will be able to integrate rapidly and successfully in to Canada&#8217;s economy are selected. This will also benefit successful applicants as they will have an easier time adjusting to Canadian society and being productive workers in the labour force.<\/p>\n\t\t<h4>Don&#8217;t Wait, Check Your Eligibility Today!<\/h4>\n\t\t\t\t\n\t\t\t<a href=\"https:\/\/www.canadaic.ca\/tr\/immigration-assessment-form\/\" target=\"_self\" role=\"button\" rel=\"noopener\">\n\t\t\t\t\t\t\t\t\t\t\tOnline De\u011ferlendirme Formu\n\t\t<\/a>","protected":false},"excerpt":{"rendered":"<p>Skilled Workers and Professionals\u00a0 \u00a0Immigrating to Canada is one of the biggest decisions you may ever make in your life.\u00a0 At Canadian Immigration Services, we can make sure that it is the best decision you ever make as well.\u00a0 Canada is a very culturally diverse country that welcomes foreigners from all over the world and [&hellip;]<\/p>\n","protected":false},"author":2,"featured_media":0,"parent":0,"menu_order":0,"comment_status":"closed","ping_status":"closed","template":"","meta":{"_uag_custom_page_level_css":"","site-sidebar-layout":"no-sidebar","site-content-layout":"default","ast-site-content-layout":"default","site-content-style":"default","site-sidebar-style":"default","ast-global-header-display":"","ast-banner-title-visibility":"","ast-main-header-display":"","ast-hfb-above-header-display":"","ast-hfb-below-header-display":"","ast-hfb-mobile-header-display":"","site-post-title":"disabled","ast-breadcrumbs-content":"","ast-featured-img":"","footer-sml-layout":"","ast-disable-related-posts":"","theme-transparent-header-meta":"default","adv-header-id-meta":"","stick-header-meta":"","header-above-stick-meta":"","header-main-stick-meta":"","header-below-stick-meta":"","astra-migrate-meta-layouts":"default","ast-page-background-enabled":"default","ast-page-background-meta":{"desktop":{"background-color":"","background-image":"","background-repeat":"repeat","background-position":"center center","background-size":"auto","background-attachment":"scroll","background-type":"","background-media":"","overlay-type":"","overlay-color":"","overlay-opacity":"","overlay-gradient":""},"tablet":{"background-color":"","background-image":"","background-repeat":"repeat","background-position":"center center","background-size":"auto","background-attachment":"scroll","background-type":"","background-media":"","overlay-type":"","overlay-color":"","overlay-opacity":"","overlay-gradient":""},"mobile":{"background-color":"","background-image":"","background-repeat":"repeat","background-position":"center center","background-size":"auto","background-attachment":"scroll","background-type":"","background-media":"","overlay-type":"","overlay-color":"","overlay-opacity":"","overlay-gradient":""}},"ast-content-background-meta":{"desktop":{"background-color":"var(--ast-global-color-5)","background-image":"","background-repeat":"repeat","background-position":"center center","background-size":"auto","background-attachment":"scroll","background-type":"","background-media":"","overlay-type":"","overlay-color":"","overlay-opacity":"","overlay-gradient":""},"tablet":{"background-color":"var(--ast-global-color-5)","background-image":"","background-repeat":"repeat","background-position":"center center","background-size":"auto","background-attachment":"scroll","background-type":"","background-media":"","overlay-type":"","overlay-color":"","overlay-opacity":"","overlay-gradient":""},"mobile":{"background-color":"var(--ast-global-color-5)","background-image":"","background-repeat":"repeat","background-position":"center center","background-size":"auto","background-attachment":"scroll","background-type":"","background-media":"","overlay-type":"","overlay-color":"","overlay-opacity":"","overlay-gradient":""}},"footnotes":""},"class_list":["post-1191","page","type-page","status-publish","hentry"],"uagb_featured_image_src":{"full":false,"thumbnail":false,"medium":false,"medium_large":false,"large":false,"1536x1536":false,"2048x2048":false,"trp-custom-language-flag":false},"uagb_author_info":{"display_name":"atakhelicopter","author_link":"https:\/\/www.canadaic.ca\/tr\/author\/atakhelicopter\/"},"uagb_comment_info":0,"uagb_excerpt":"Skilled Workers and Professionals\u00a0 \u00a0Immigrating to Canada is one of the biggest decisions you may ever make in your life.\u00a0 At Canadian Immigration Services, we can make sure that it is the best decision you ever make as well.\u00a0 Canada is a very culturally diverse country that welcomes foreigners from all over the world and&hellip;","_links":{"self":[{"href":"https:\/\/www.canadaic.ca\/tr\/wp-json\/wp\/v2\/pages\/1191","targetHints":{"allow":["GET"]}}],"collection":[{"href":"https:\/\/www.canadaic.ca\/tr\/wp-json\/wp\/v2\/pages"}],"about":[{"href":"https:\/\/www.canadaic.ca\/tr\/wp-json\/wp\/v2\/types\/page"}],"author":[{"embeddable":true,"href":"https:\/\/www.canadaic.ca\/tr\/wp-json\/wp\/v2\/users\/2"}],"replies":[{"embeddable":true,"href":"https:\/\/www.canadaic.ca\/tr\/wp-json\/wp\/v2\/comments?post=1191"}],"version-history":[{"count":17,"href":"https:\/\/www.canadaic.ca\/tr\/wp-json\/wp\/v2\/pages\/1191\/revisions"}],"predecessor-version":[{"id":3070,"href":"https:\/\/www.canadaic.ca\/tr\/wp-json\/wp\/v2\/pages\/1191\/revisions\/3070"}],"wp:attachment":[{"href":"https:\/\/www.canadaic.ca\/tr\/wp-json\/wp\/v2\/media?parent=1191"}],"curies":[{"name":"wp","href":"https:\/\/api.w.org\/{rel}","templated":true}]}}