{"id":1210,"date":"2020-06-25T18:15:10","date_gmt":"2020-06-25T22:15:10","guid":{"rendered":"https:\/\/www.canadaic.ca\/?page_id=1210"},"modified":"2021-05-07T14:37:20","modified_gmt":"2021-05-07T18:37:20","slug":"family-sponsorship","status":"publish","type":"page","link":"https:\/\/www.canadaic.ca\/tr\/family-sponsorship\/","title":{"rendered":"Sponsorluk"},"content":{"rendered":"<blockquote>\n<h3><b><img decoding=\"async\" data-src=\"https:\/\/www.canadaic.ca\/wp-content\/uploads\/2020\/06\/panorama-4610864_1920-1024x683.jpg\" alt=\"\" width=\"1024\" height=\"683\" src=\"data:image\/svg+xml;base64,PHN2ZyB3aWR0aD0iMSIgaGVpZ2h0PSIxIiB4bWxucz0iaHR0cDovL3d3dy53My5vcmcvMjAwMC9zdmciPjwvc3ZnPg==\" class=\"lazyload\" style=\"--smush-placeholder-width: 1024px; --smush-placeholder-aspect-ratio: 1024\/683;\" \/><\/b><\/h3>\n<\/blockquote>\n<h3><b>Aile Sponsorlu\u011fu Kanada<\/b><\/h3>\n<p>Kanada, d\u00fcnyadaki k\u00fclt\u00fcrel a\u00e7\u0131dan en \u00e7e\u015fitli \u00fclkelerden biridir ve di\u011fer \u00fclkeler aras\u0131nda en y\u00fcksek g\u00f6\u00e7 oranlar\u0131ndan birine sahiptir. Kanada, bu \u00fclkeyi yeni evleri ve ikamet ettikleri yer olarak se\u00e7en d\u00fcnyan\u0131n her yerinden gelen g\u00f6\u00e7menlerin ba\u015far\u0131l\u0131 hareketi \u00fczerine in\u015fa edildi. Sonu\u00e7 olarak, Kanada'ya gelen b\u00fcy\u00fck bir yeni g\u00f6\u00e7men ak\u0131n\u0131 oldu ve bu, bug\u00fcn bildi\u011fimiz Kanada'n\u0131n \u015fekillenmesine ve yarat\u0131lmas\u0131na yard\u0131mc\u0131 oldu. Kanada'daki aile sponsorlu\u011fu, d\u00fcnyan\u0131n d\u00f6rt bir yan\u0131ndan insanlar\u0131n ba\u015far\u0131l\u0131 bir \u015fekilde g\u00f6\u00e7 etmesinde hayati bir rol oynad\u0131 ve Kanada'da yeni bir hayata ba\u015flamak isteyenler i\u00e7in istikrarl\u0131 aile ortamlar\u0131 yarat\u0131lmas\u0131na yard\u0131mc\u0131 oldu.<\/p>\n<p>Canada B&amp;N Immigration Consultancy olarak, ailenizi Kanada'da ya\u015fayabilmeleri, okuyabilmeleri ve \u00e7al\u0131\u015fabilmeleri ve bu \u00fclkenin sundu\u011fu bir\u00e7ok f\u0131rsattan yararlanabilmeleri i\u00e7in Kanada'ya getirmenize yard\u0131mc\u0131 olabiliriz. Kanada, sakinlerini aileleriyle yeniden bir araya getirmeye kararl\u0131d\u0131r, t\u00fcm ailenizi buraya getirmenize yard\u0131mc\u0131 olal\u0131m.\u00a0<a href=\"https:\/\/www.canadaic.ca\/tr\/contact\/\" target=\"_blank\" rel=\"noopener noreferrer\">Bize Ula\u015f\u0131n<\/a> bug\u00fcn ya da sadece <a href=\"https:\/\/www.canadaic.ca\/tr\/assessment-general\/\" target=\"_blank\" rel=\"noopener noreferrer\">\u00fccretsiz vaka de\u011ferlendirmeniz i\u00e7in!<\/a> .<\/p>\n<p>&nbsp;<\/p>\n<h3><b>Kanada'daki Sponsorluk Se\u00e7enekleri<\/b><\/h3>\n<p>Kanada'da aile s\u0131n\u0131f\u0131 alt\u0131nda aile sponsorlu\u011funun iki ana y\u00f6n\u00fc vard\u0131r:<\/p>\n<ol>\n<li>E\u015finize, evlilik \/ genel hukuk e\u015finize ve \/ veya bakmakla y\u00fck\u00fcml\u00fc oldu\u011funuz \u00e7ocuklar\u0131n\u0131za (evlat edinilmi\u015f \u00e7ocuklar dahil) sponsor olmak.<\/li>\n<li>Di\u011fer uygun akrabalara sponsor olmak<\/li>\n<\/ol>\n<p>Sponsor oldu\u011funuz aile s\u0131n\u0131f\u0131n\u0131n hangi \u00fcyesine ba\u011fl\u0131 olarak s\u00fcre\u00e7 farkl\u0131 olacakt\u0131r. Sponsorluk program\u0131 hakk\u0131nda nas\u0131l ilerlemek istedi\u011finize karar verebilmeniz i\u00e7in ofisimiz ihtiyac\u0131n\u0131z olan t\u00fcm gerekli bilgilere sahip olman\u0131z\u0131 sa\u011flayabilir. Tecr\u00fcbeli ve bilgili dan\u0131\u015fmanlar\u0131m\u0131z, ki\u015fisel durumunuzu de\u011ferlendirecek ve ihtiya\u00e7lar\u0131n\u0131za \u00f6zel benzersiz bir plan geli\u015ftirecek, b\u00f6ylece g\u00f6\u00e7menlik hedeflerinize ula\u015f\u0131labilecek ve ailenizle daha k\u0131sa s\u00fcrede yeniden birle\u015febileceksiniz. Davan\u0131zda tam olarak neler olup bitti\u011fini ve s\u00fcrecin hangi a\u015famada oldu\u011funu tam olarak bilmenizi sa\u011flamak i\u00e7in size ad\u0131m ad\u0131m g\u00fcncellemeler sunarken t\u00fcm evrak i\u015flerini ba\u015ftan sona tamamlayaca\u011f\u0131z. Ayr\u0131ca, \u00f6zel Toronto'muz g\u00f6\u00e7menlik dan\u0131\u015fmanlar\u0131, Kanada h\u00fck\u00fcmeti taraf\u0131ndan belirlenen mevcut i\u015flem s\u00fcrelerine ba\u011fl\u0131 olarak, aile sponsorlu\u011fu davan\u0131z\u0131n ne kadar s\u00fcrece\u011fine dair bir zaman \u00e7izelgesi sa\u011flayacakt\u0131r.<\/p>\n<p>&nbsp;<\/p>\n<h3><b>Sponsorluk Gereksinimleri<\/b><\/h3>\n\n<ul>\n<li>Sponsor olunan ki\u015fiyle, gerekirse sponsor akraba i\u00e7in mali destek sa\u011flayaca\u011f\u0131n\u0131z\u0131 belirten bir sponsorluk s\u00f6zle\u015fmesi imzalamal\u0131s\u0131n\u0131z. Ayr\u0131ca sponsor akraba, kendisini desteklemek i\u00e7in her t\u00fcrl\u00fc \u00e7abay\u0131 g\u00f6stermeyi kabul etmelidir.<\/li>\n<li>E\u015finize, genel hukuka veya e\u015finize sponsor oluyorsan\u0131z, Daimi Oturma \u0130zni sahibi olduklar\u0131ndan itibaren en az 3 y\u0131l boyunca mali destek sa\u011flamal\u0131s\u0131n\u0131z.<\/li>\n<li>Bakmakla y\u00fck\u00fcml\u00fc oldu\u011funuz \u00e7ocuklara en az 10 y\u0131l veya \u00e7ocuk 25 ya\u015f\u0131na gelene kadar (hangisi \u00f6nce gelirse) mali destek sa\u011flamal\u0131s\u0131n\u0131z.<\/li>\n<\/ul>\n\n<ul>\n<li>Kanada vatanda\u015f\u0131 veya daimi ikamet eden biri olmal\u0131s\u0131n\u0131z<\/li>\n<li>18 ya\u015f\u0131ndan b\u00fcy\u00fck olmal\u0131s\u0131n\u0131z<\/li>\n<li>Engellilik d\u0131\u015f\u0131nda herhangi bir nedenle devletten mali yard\u0131m almam\u0131\u015f olmal\u0131s\u0131n\u0131z<\/li>\n<\/ul>\n\t\t<h3>Don&#8217;t Wait, Check Your Eligibility Today!<\/h3>\n\t\t\t\t\n\t\t\t<a href=\"https:\/\/www.canadaic.ca\/tr\/immigration-assessment-form\/\" target=\"_self\" role=\"button\" rel=\"noopener\">\n\t\t\t\t\t\t\t\t\t\t\tOnline De\u011ferlendirme Formu\n\t\t<\/a>","protected":false},"excerpt":{"rendered":"<p>Family Sponsorship Canada Canada is one of the most culturally diverse countries in the world and has one of the highest immigration rates among any other nations. \u00a0Canada was built on the successful movement of migrants from all over the world who chose this country as their new home and place of residence. \u00a0As a [&hellip;]<\/p>\n","protected":false},"author":2,"featured_media":0,"parent":0,"menu_order":0,"comment_status":"closed","ping_status":"closed","template":"","meta":{"_uag_custom_page_level_css":"","site-sidebar-layout":"no-sidebar","site-content-layout":"default","ast-site-content-layout":"default","site-content-style":"default","site-sidebar-style":"default","ast-global-header-display":"","ast-banner-title-visibility":"","ast-main-header-display":"","ast-hfb-above-header-display":"","ast-hfb-below-header-display":"","ast-hfb-mobile-header-display":"","site-post-title":"disabled","ast-breadcrumbs-content":"","ast-featured-img":"","footer-sml-layout":"","ast-disable-related-posts":"","theme-transparent-header-meta":"default","adv-header-id-meta":"","stick-header-meta":"","header-above-stick-meta":"","header-main-stick-meta":"","header-below-stick-meta":"","astra-migrate-meta-layouts":"default","ast-page-background-enabled":"default","ast-page-background-meta":{"desktop":{"background-color":"","background-image":"","background-repeat":"repeat","background-position":"center center","background-size":"auto","background-attachment":"scroll","background-type":"","background-media":"","overlay-type":"","overlay-color":"","overlay-opacity":"","overlay-gradient":""},"tablet":{"background-color":"","background-image":"","background-repeat":"repeat","background-position":"center center","background-size":"auto","background-attachment":"scroll","background-type":"","background-media":"","overlay-type":"","overlay-color":"","overlay-opacity":"","overlay-gradient":""},"mobile":{"background-color":"","background-image":"","background-repeat":"repeat","background-position":"center center","background-size":"auto","background-attachment":"scroll","background-type":"","background-media":"","overlay-type":"","overlay-color":"","overlay-opacity":"","overlay-gradient":""}},"ast-content-background-meta":{"desktop":{"background-color":"var(--ast-global-color-5)","background-image":"","background-repeat":"repeat","background-position":"center center","background-size":"auto","background-attachment":"scroll","background-type":"","background-media":"","overlay-type":"","overlay-color":"","overlay-opacity":"","overlay-gradient":""},"tablet":{"background-color":"var(--ast-global-color-5)","background-image":"","background-repeat":"repeat","background-position":"center center","background-size":"auto","background-attachment":"scroll","background-type":"","background-media":"","overlay-type":"","overlay-color":"","overlay-opacity":"","overlay-gradient":""},"mobile":{"background-color":"var(--ast-global-color-5)","background-image":"","background-repeat":"repeat","background-position":"center center","background-size":"auto","background-attachment":"scroll","background-type":"","background-media":"","overlay-type":"","overlay-color":"","overlay-opacity":"","overlay-gradient":""}},"footnotes":""},"class_list":["post-1210","page","type-page","status-publish","hentry"],"uagb_featured_image_src":{"full":false,"thumbnail":false,"medium":false,"medium_large":false,"large":false,"1536x1536":false,"2048x2048":false,"trp-custom-language-flag":false},"uagb_author_info":{"display_name":"atakhelicopter","author_link":"https:\/\/www.canadaic.ca\/tr\/author\/atakhelicopter\/"},"uagb_comment_info":0,"uagb_excerpt":"Family Sponsorship Canada Canada is one of the most culturally diverse countries in the world and has one of the highest immigration rates among any other nations. \u00a0Canada was built on the successful movement of migrants from all over the world who chose this country as their new home and place of residence. \u00a0As a&hellip;","_links":{"self":[{"href":"https:\/\/www.canadaic.ca\/tr\/wp-json\/wp\/v2\/pages\/1210","targetHints":{"allow":["GET"]}}],"collection":[{"href":"https:\/\/www.canadaic.ca\/tr\/wp-json\/wp\/v2\/pages"}],"about":[{"href":"https:\/\/www.canadaic.ca\/tr\/wp-json\/wp\/v2\/types\/page"}],"author":[{"embeddable":true,"href":"https:\/\/www.canadaic.ca\/tr\/wp-json\/wp\/v2\/users\/2"}],"replies":[{"embeddable":true,"href":"https:\/\/www.canadaic.ca\/tr\/wp-json\/wp\/v2\/comments?post=1210"}],"version-history":[{"count":11,"href":"https:\/\/www.canadaic.ca\/tr\/wp-json\/wp\/v2\/pages\/1210\/revisions"}],"predecessor-version":[{"id":3074,"href":"https:\/\/www.canadaic.ca\/tr\/wp-json\/wp\/v2\/pages\/1210\/revisions\/3074"}],"wp:attachment":[{"href":"https:\/\/www.canadaic.ca\/tr\/wp-json\/wp\/v2\/media?parent=1210"}],"curies":[{"name":"wp","href":"https:\/\/api.w.org\/{rel}","templated":true}]}}