{"id":1214,"date":"2020-06-25T18:18:23","date_gmt":"2020-06-25T22:18:23","guid":{"rendered":"https:\/\/www.canadaic.ca\/?page_id=1214"},"modified":"2021-05-07T14:35:20","modified_gmt":"2021-05-07T18:35:20","slug":"investors-entrepreneurs-and-self-employed-persons","status":"publish","type":"page","link":"https:\/\/www.canadaic.ca\/tr\/investors-entrepreneurs-and-self-employed-persons\/","title":{"rendered":"Yat\u0131r\u0131mc\u0131lar, Giri\u015fimciler ve Serbest Meslek Sahipleri"},"content":{"rendered":"<blockquote>\n<h3><img decoding=\"async\" data-src=\"https:\/\/www.canadaic.ca\/wp-content\/uploads\/2020\/06\/canada-55981_1920-1024x575.jpg\" alt=\"\" width=\"1024\" height=\"575\" src=\"data:image\/svg+xml;base64,PHN2ZyB3aWR0aD0iMSIgaGVpZ2h0PSIxIiB4bWxucz0iaHR0cDovL3d3dy53My5vcmcvMjAwMC9zdmciPjwvc3ZnPg==\" class=\"lazyload\" style=\"--smush-placeholder-width: 1024px; --smush-placeholder-aspect-ratio: 1024\/575;\" \/><\/h3>\n<\/blockquote>\n<h3><b>Yat\u0131r\u0131mc\u0131lar, Giri\u015fimciler ve Serbest Meslek Sahipleri<\/b><\/h3>\n<p>For those individuals seeking to come to Canada as a part of the business immigration category, there a few different routes you may take depending on your unique situation and needs. \u00a0The primary focus of Canada&#8217;s business immigration programs is to attract those individuals with proven business experience who can help support the development of a strong and sustainable Canadian economy. \u00a0You must demonstrate that you have had business success in the past and that you can replicate that success in Canada while adapting to any differences Canada may have compared to your country of nationality. \u00a0Our Toronto immigration consultants have a strong focus and specialization in the business immigration category. \u00a0We work hard to ensure that if you are applying under this immigration category that your paperwork is expedited so that you can come to Canada as a business immigrant as soon as possible. \u00a0Our Toronto immigration consultants will ensure that your application is a top priority when being prepared to submit to the government because, generally speaking, there are usually no wait times for these types of applications. \u00a0There are of course exceptions to this in times when there is a back log of applications that the Citizenship and Immigration Canada is trying to clear. \u00a0Depending on your unique situation, there are a few different types of business classes you may apply under.<\/p>\n<h3><b>Yat\u0131r\u0131mc\u0131lar<\/b><\/h3>\n<p>Investors &#8211; The Immigrant Investor Program (IIP) is focused on attracting experienced business people who can make a significant investment into Canada&#8217;s economy. \u00a0To qualify under this category as a permanent resident you must:<\/p>\n<ul>\n<li>i\u015f tecr\u00fcbeniz oldu\u011funu kan\u0131tlay\u0131n<\/li>\n<li>have a minimum net worth of C$($300,00 &#8211; 1,600,000 depending on the province) that was obtained legally<\/li>\n<li>make an investment of C$($100,00 &#8211; 800,000 depending on province) *returned without interest in about five years and three months<\/li>\n<\/ul>\n<h3><b>Giri\u015fimciler<\/b><\/h3>\n<p>Entrepreneurs &#8211; The Entrepreneur Program is for those individuals who have strong business experience and who will own and actively manage a business in Canada that will employ local Canadians. \u00a0This will help to contribute to the Canadian economy as well as create jobs. \u00a0Canada has recently implemented a new Start Up Visa program that is linked to helping entrepreneurs start a business in Canada. \u00a0To qualify under this program you must:<\/p>\n<ul>\n<li>fikrinizin size bir destek mektubu sa\u011flayan melek yat\u0131r\u0131mc\u0131lar veya bir risk sermayesi fonu taraf\u0131ndan finanse edildi\u011fini g\u00f6sterin<\/li>\n<li>minimum dil gereksinimlerini kar\u015f\u0131lay\u0131n<\/li>\n<li>asgari e\u011fitim gereksinimlerini kar\u015f\u0131lamak<\/li>\n<li>Kanada'ya vard\u0131\u011f\u0131n\u0131zda kendinizi ve ailenizi desteklemek i\u00e7in gerekli fonlara sahip oldu\u011funuzu kan\u0131tlay\u0131n<\/li>\n<\/ul>\n<h3><b>Serbest Meslek Sahipleri<\/b><\/h3>\n<p>Self-Employed Persons &#8211; The Self-Employed Persons Program is aimed towards those individuals who intend and are able to become self employed in Canada. \u00a0To qualify under this category you must:<\/p>\n<ul>\n<li>ilgili i\u015f deneyimine ve Kanada'da serbest meslek sahibi olma niyetine sahip olmak<\/li>\n<li>Kanada'da serbest meslek sahibi ki\u015filer i\u00e7in se\u00e7im kriterlerini kar\u015f\u0131lamak<\/li>\n<li>t\u0131bbi, g\u00fcvenlik ve finansal gereksinimleri kar\u015f\u0131lar<\/li>\n<\/ul>\n<h3><b>\u0130\u015f Uzmanlar\u0131<\/b><\/h3>\n<p>Kanada'daki ticari g\u00f6\u00e7 Kanada'daki en elveri\u015fli kategorilerden biridir ve h\u00fck\u00fcmet, Kanada ekonomisine ve topluma bir b\u00fct\u00fcn olarak muazzam faydalar sa\u011flad\u0131\u011f\u0131ndan, bu g\u00f6\u00e7menlerin Kanada'ya m\u00fcmk\u00fcn oldu\u011funca \u00e7abuk ula\u015fmalar\u0131na yard\u0131mc\u0131 olmak i\u00e7in genellikle olduk\u00e7a heveslidir. Toronto g\u00f6\u00e7menlik dan\u0131\u015fmanlar\u0131m\u0131z, ba\u015fvurunuzun ba\u015far\u0131l\u0131 olmas\u0131 ve Kanada'ya olabildi\u011fince \u00e7abuk gelebilmeniz i\u00e7in uygulanacak en iyi i\u015f g\u00f6\u00e7\u00fc s\u0131n\u0131f\u0131n\u0131 belirlemenize yard\u0131mc\u0131 olacakt\u0131r. Dan\u0131\u015fmanl\u0131k ve de\u011ferlendirme i\u00e7in l\u00fctfen <a href=\"https:\/\/www.canadaic.ca\/tr\/general-assessment-business\/\" target=\"_blank\" rel=\"noopener noreferrer\">devam etmek i\u00e7in buraya t\u0131klay\u0131n ve<\/a> Ba\u015fvurunuza ba\u015flamak i\u00e7in<\/p>\n\t\t<h4>Don&#8217;t Wait, Check Your Eligibility Today!<\/h4>\n\t\t\t\t\n\t\t\t<a href=\"https:\/\/www.canadaic.ca\/tr\/business-assessment-form\/\" target=\"_self\" role=\"button\" rel=\"noopener\">\n\t\t\t\t\t\t\t\t\t\t\tOnline De\u011ferlendirme Formu\n\t\t<\/a>","protected":false},"excerpt":{"rendered":"<p>Investors, Entrepreneurs &amp; Self-Employed Persons For those individuals seeking to come to Canada as a part of the business immigration category, there a few different routes you may take depending on your unique situation and needs. \u00a0The primary focus of Canada&#8217;s business immigration programs is to attract those individuals with proven business experience who can [&hellip;]<\/p>\n","protected":false},"author":2,"featured_media":0,"parent":0,"menu_order":0,"comment_status":"closed","ping_status":"closed","template":"","meta":{"_uag_custom_page_level_css":"","site-sidebar-layout":"no-sidebar","site-content-layout":"default","ast-site-content-layout":"default","site-content-style":"default","site-sidebar-style":"default","ast-global-header-display":"","ast-banner-title-visibility":"","ast-main-header-display":"","ast-hfb-above-header-display":"","ast-hfb-below-header-display":"","ast-hfb-mobile-header-display":"","site-post-title":"disabled","ast-breadcrumbs-content":"","ast-featured-img":"","footer-sml-layout":"","ast-disable-related-posts":"","theme-transparent-header-meta":"default","adv-header-id-meta":"","stick-header-meta":"","header-above-stick-meta":"","header-main-stick-meta":"","header-below-stick-meta":"","astra-migrate-meta-layouts":"default","ast-page-background-enabled":"default","ast-page-background-meta":{"desktop":{"background-color":"","background-image":"","background-repeat":"repeat","background-position":"center center","background-size":"auto","background-attachment":"scroll","background-type":"","background-media":"","overlay-type":"","overlay-color":"","overlay-opacity":"","overlay-gradient":""},"tablet":{"background-color":"","background-image":"","background-repeat":"repeat","background-position":"center center","background-size":"auto","background-attachment":"scroll","background-type":"","background-media":"","overlay-type":"","overlay-color":"","overlay-opacity":"","overlay-gradient":""},"mobile":{"background-color":"","background-image":"","background-repeat":"repeat","background-position":"center center","background-size":"auto","background-attachment":"scroll","background-type":"","background-media":"","overlay-type":"","overlay-color":"","overlay-opacity":"","overlay-gradient":""}},"ast-content-background-meta":{"desktop":{"background-color":"var(--ast-global-color-5)","background-image":"","background-repeat":"repeat","background-position":"center center","background-size":"auto","background-attachment":"scroll","background-type":"","background-media":"","overlay-type":"","overlay-color":"","overlay-opacity":"","overlay-gradient":""},"tablet":{"background-color":"var(--ast-global-color-5)","background-image":"","background-repeat":"repeat","background-position":"center center","background-size":"auto","background-attachment":"scroll","background-type":"","background-media":"","overlay-type":"","overlay-color":"","overlay-opacity":"","overlay-gradient":""},"mobile":{"background-color":"var(--ast-global-color-5)","background-image":"","background-repeat":"repeat","background-position":"center center","background-size":"auto","background-attachment":"scroll","background-type":"","background-media":"","overlay-type":"","overlay-color":"","overlay-opacity":"","overlay-gradient":""}},"footnotes":""},"class_list":["post-1214","page","type-page","status-publish","hentry"],"uagb_featured_image_src":{"full":false,"thumbnail":false,"medium":false,"medium_large":false,"large":false,"1536x1536":false,"2048x2048":false,"trp-custom-language-flag":false},"uagb_author_info":{"display_name":"atakhelicopter","author_link":"https:\/\/www.canadaic.ca\/tr\/author\/atakhelicopter\/"},"uagb_comment_info":0,"uagb_excerpt":"Investors, Entrepreneurs &amp; Self-Employed Persons For those individuals seeking to come to Canada as a part of the business immigration category, there a few different routes you may take depending on your unique situation and needs. \u00a0The primary focus of Canada&#8217;s business immigration programs is to attract those individuals with proven business experience who can&hellip;","_links":{"self":[{"href":"https:\/\/www.canadaic.ca\/tr\/wp-json\/wp\/v2\/pages\/1214","targetHints":{"allow":["GET"]}}],"collection":[{"href":"https:\/\/www.canadaic.ca\/tr\/wp-json\/wp\/v2\/pages"}],"about":[{"href":"https:\/\/www.canadaic.ca\/tr\/wp-json\/wp\/v2\/types\/page"}],"author":[{"embeddable":true,"href":"https:\/\/www.canadaic.ca\/tr\/wp-json\/wp\/v2\/users\/2"}],"replies":[{"embeddable":true,"href":"https:\/\/www.canadaic.ca\/tr\/wp-json\/wp\/v2\/comments?post=1214"}],"version-history":[{"count":14,"href":"https:\/\/www.canadaic.ca\/tr\/wp-json\/wp\/v2\/pages\/1214\/revisions"}],"predecessor-version":[{"id":3071,"href":"https:\/\/www.canadaic.ca\/tr\/wp-json\/wp\/v2\/pages\/1214\/revisions\/3071"}],"wp:attachment":[{"href":"https:\/\/www.canadaic.ca\/tr\/wp-json\/wp\/v2\/media?parent=1214"}],"curies":[{"name":"wp","href":"https:\/\/api.w.org\/{rel}","templated":true}]}}