{"id":1234,"date":"2020-06-25T23:56:53","date_gmt":"2020-06-26T03:56:53","guid":{"rendered":"https:\/\/www.canadaic.ca\/?page_id=1234"},"modified":"2021-05-07T14:36:19","modified_gmt":"2021-05-07T18:36:19","slug":"canadian-experience-class","status":"publish","type":"page","link":"https:\/\/www.canadaic.ca\/tr\/canadian-experience-class\/","title":{"rendered":"E\u011fitim ve \u00c7al\u0131\u015fma"},"content":{"rendered":"<blockquote>\n<h3><img decoding=\"async\" data-src=\"https:\/\/www.canadaic.ca\/wp-content\/uploads\/2020\/06\/students-1807505_1920-1024x683.jpg\" alt=\"\" width=\"1024\" height=\"683\" src=\"data:image\/svg+xml;base64,PHN2ZyB3aWR0aD0iMSIgaGVpZ2h0PSIxIiB4bWxucz0iaHR0cDovL3d3dy53My5vcmcvMjAwMC9zdmciPjwvc3ZnPg==\" class=\"lazyload\" style=\"--smush-placeholder-width: 1024px; --smush-placeholder-aspect-ratio: 1024\/683;\" \/><\/h3>\n<\/blockquote>\n<h3>E\u011fitim ve \u00c7al\u0131\u015fma<\/h3>\n<p>Kanada Deneyim S\u0131n\u0131f\u0131 (MSK), \u00e7al\u0131\u015f\u0131rken veya \u00f6\u011frenim g\u00f6r\u00fcrken Kanada'da ikamet eden ve Kanada'da iyi bir ya\u015fam anlay\u0131\u015f\u0131na sahip olanlar i\u00e7indir. Bu program kapsam\u0131nda, ba\u015fvuru sahibi belirli bir s\u00fcre Kanada'da ya\u015fam\u0131\u015f, gerekli \u0130ngilizce ve \/ veya Frans\u0131zca becerilerine ve do\u011fru i\u015f deneyimine sahip olabilir. T\u00fcm bu fakt\u00f6rler, bu program kapsam\u0131nda potansiyel bir aday\u0131n Daimi Yerle\u015fik Ki\u015fi olarak Kanada'ya ba\u015far\u0131l\u0131 bir \u015fekilde entegre olmas\u0131na yard\u0131mc\u0131 olacakt\u0131r. Ba\u015far\u0131l\u0131 bir ba\u015fvuru sahibi, Kanada ekonomisinde kal\u0131c\u0131 olarak yer almak i\u00e7in gerekli ara\u00e7 ve becerilere sahip olacakt\u0131r.<\/p>\n<p>&nbsp;<\/p>\n<h3><b>Program Bilgisi<\/b><\/h3>\n<p>Ge\u00e7ici bir yabanc\u0131 i\u015f\u00e7i veya yabanc\u0131 bir \u00f6\u011frenci, Kanada'daki do\u011fru vas\u0131fl\u0131 i\u015f tecr\u00fcbesi ile birlikte, bu program kapsam\u0131nda ge\u00e7ici durumdan daimi ikametgaha ge\u00e7meye hak kazanabilir. Bu program\u0131n temel amac\u0131, Kal\u0131c\u0131 Sakinler haline gelebilmeleri ve Kanada ekonomisine katk\u0131da bulunabilmeleri i\u00e7in Kanada'da gerekli i\u015f deneyimine sahip bireyleri cezbetmektir. Kanada Deneyim S\u0131n\u0131f\u0131 (CEC) kapsam\u0131nda uygun olmak i\u00e7in yerine getirmeniz gereken birka\u00e7 gereksinim vard\u0131r. Mecbursun:<\/p>\n<ul>\n<li>Quebec hari\u00e7 Kanada'da herhangi bir yerde kalmay\u0131 planlay\u0131n<\/li>\n<li>Kanada'da son \u00fc\u00e7 y\u0131lda en az 12 ayl\u0131k tam zamanl\u0131 (veya yar\u0131 zamanl\u0131 e\u015fde\u011feri) nitelikli i\u015f tecr\u00fcbesine sahip olmak<\/li>\n<li>Kanada'daki i\u015f deneyiminizi uygun yetkiyle kazand\u0131n\u0131z<\/li>\n<li>Gerekli dil gereksinimlerini kar\u015f\u0131lamak<\/li>\n<li>ensure that your occupation falls within the scope of what is considered &#8220;skilled work experience&#8221; in Canada based on the Canadian National Occupation Classification (NOC)<\/li>\n<\/ul>\n<h3><b>Uzmanlar\u0131m\u0131z Yard\u0131mc\u0131 Olabilir<\/b><\/h3>\n<p>Yukar\u0131daki gereksinimler, Kanada'daki bu g\u00f6\u00e7 s\u0131n\u0131f\u0131na kat\u0131lmak i\u00e7in kar\u015f\u0131laman\u0131z gereken \u00e7ok temel kriterlerdir. Kanada Deneyim S\u0131n\u0131f\u0131 alt\u0131nda nitelikli bir aday olarak pozisyonunuzu g\u00fcvence alt\u0131na alman\u0131z i\u00e7in yerine getirmeniz gereken ek gereksinimler olabilir. Nitelikli ve bilgili Toronto g\u00f6\u00e7menlik dan\u0131\u015fmanlar\u0131m\u0131z, bu g\u00f6\u00e7menlik program\u0131 kapsam\u0131nda kalifikasyonunuzdan haberdar olman\u0131z\u0131 sa\u011flamak i\u00e7in size benzersiz durumunuzun ayr\u0131nt\u0131l\u0131 bir de\u011ferlendirmesini sa\u011flayabilir.<\/p>\n<p>&nbsp;<\/p>\n<p>Bu program kapsam\u0131nda hak kazanabilece\u011finiz mesleklerin ana s\u0131n\u0131fland\u0131rmas\u0131, y\u00f6netimsel, profesyonel ve teknik i\u015flerle ilgilidir. Genel olarak, bu \u00fc\u00e7 s\u0131n\u0131fland\u0131rma ile ilgili bir meslekte \u00e7al\u0131\u015f\u0131yorsan\u0131z, Kanada Deneyim S\u0131n\u0131f\u0131'na kat\u0131labilirsiniz. Toronto g\u00f6\u00e7menlik dan\u0131\u015fmanlar\u0131m\u0131z bu program kapsam\u0131nda ba\u015fvurmadan \u00f6nce tam olarak kalifiye olman\u0131z\u0131 sa\u011flayabilir, b\u00f6ylece ba\u015fvurunuz hakk\u0131nda olumlu bir karar alabilirsiniz.<\/p>\n<p>&nbsp;<\/p>\n<p><a href=\"https:\/\/www.canadaic.ca\/tr\/assessment-student\/\" target=\"_blank\" rel=\"noopener noreferrer\">\u00c7evrimi\u00e7i ba\u015fvurun<\/a>\u00a0\u015fimdi ve Kanada G\u00f6\u00e7menlik Hizmetleri arac\u0131l\u0131\u011f\u0131yla profesyonel bir de\u011ferlendirme yap\u0131n, b\u00f6ylece size ve ailenize daha \u00f6nce Kanada Daimi Sakinleri olman\u0131za yard\u0131mc\u0131 olabiliriz.<\/p>\n\t\t<h4>Don&#8217;t Wait, Check Your Eligibility Today!<\/h4>\n\t\t\t\t\n\t\t\t<a href=\"https:\/\/www.canadaic.ca\/tr\/student-assessment-form\/\" target=\"_self\" role=\"button\" rel=\"noopener\">\n\t\t\t\t\t\t\t\t\t\t\tOnline De\u011ferlendirme Formu\n\t\t<\/a>","protected":false},"excerpt":{"rendered":"<p>Canadian Experience Class The Canadian Experience Class (CEC) is for those individuals who have already been residing in Canada, while either working or studying, and have a good sense of life in Canada. \u00a0Under this program, the applicant may have lived in Canada for a certain period of time, possess the necessary English and\/or French [&hellip;]<\/p>\n","protected":false},"author":2,"featured_media":0,"parent":0,"menu_order":0,"comment_status":"closed","ping_status":"closed","template":"","meta":{"_uag_custom_page_level_css":"","site-sidebar-layout":"no-sidebar","site-content-layout":"default","ast-site-content-layout":"default","site-content-style":"default","site-sidebar-style":"default","ast-global-header-display":"","ast-banner-title-visibility":"","ast-main-header-display":"","ast-hfb-above-header-display":"","ast-hfb-below-header-display":"","ast-hfb-mobile-header-display":"","site-post-title":"disabled","ast-breadcrumbs-content":"","ast-featured-img":"","footer-sml-layout":"","ast-disable-related-posts":"","theme-transparent-header-meta":"default","adv-header-id-meta":"","stick-header-meta":"","header-above-stick-meta":"","header-main-stick-meta":"","header-below-stick-meta":"","astra-migrate-meta-layouts":"default","ast-page-background-enabled":"default","ast-page-background-meta":{"desktop":{"background-color":"","background-image":"","background-repeat":"repeat","background-position":"center center","background-size":"auto","background-attachment":"scroll","background-type":"","background-media":"","overlay-type":"","overlay-color":"","overlay-opacity":"","overlay-gradient":""},"tablet":{"background-color":"","background-image":"","background-repeat":"repeat","background-position":"center center","background-size":"auto","background-attachment":"scroll","background-type":"","background-media":"","overlay-type":"","overlay-color":"","overlay-opacity":"","overlay-gradient":""},"mobile":{"background-color":"","background-image":"","background-repeat":"repeat","background-position":"center center","background-size":"auto","background-attachment":"scroll","background-type":"","background-media":"","overlay-type":"","overlay-color":"","overlay-opacity":"","overlay-gradient":""}},"ast-content-background-meta":{"desktop":{"background-color":"var(--ast-global-color-5)","background-image":"","background-repeat":"repeat","background-position":"center center","background-size":"auto","background-attachment":"scroll","background-type":"","background-media":"","overlay-type":"","overlay-color":"","overlay-opacity":"","overlay-gradient":""},"tablet":{"background-color":"var(--ast-global-color-5)","background-image":"","background-repeat":"repeat","background-position":"center center","background-size":"auto","background-attachment":"scroll","background-type":"","background-media":"","overlay-type":"","overlay-color":"","overlay-opacity":"","overlay-gradient":""},"mobile":{"background-color":"var(--ast-global-color-5)","background-image":"","background-repeat":"repeat","background-position":"center center","background-size":"auto","background-attachment":"scroll","background-type":"","background-media":"","overlay-type":"","overlay-color":"","overlay-opacity":"","overlay-gradient":""}},"footnotes":""},"class_list":["post-1234","page","type-page","status-publish","hentry"],"uagb_featured_image_src":{"full":false,"thumbnail":false,"medium":false,"medium_large":false,"large":false,"1536x1536":false,"2048x2048":false,"trp-custom-language-flag":false},"uagb_author_info":{"display_name":"atakhelicopter","author_link":"https:\/\/www.canadaic.ca\/tr\/author\/atakhelicopter\/"},"uagb_comment_info":0,"uagb_excerpt":"Canadian Experience Class The Canadian Experience Class (CEC) is for those individuals who have already been residing in Canada, while either working or studying, and have a good sense of life in Canada. \u00a0Under this program, the applicant may have lived in Canada for a certain period of time, possess the necessary English and\/or French&hellip;","_links":{"self":[{"href":"https:\/\/www.canadaic.ca\/tr\/wp-json\/wp\/v2\/pages\/1234","targetHints":{"allow":["GET"]}}],"collection":[{"href":"https:\/\/www.canadaic.ca\/tr\/wp-json\/wp\/v2\/pages"}],"about":[{"href":"https:\/\/www.canadaic.ca\/tr\/wp-json\/wp\/v2\/types\/page"}],"author":[{"embeddable":true,"href":"https:\/\/www.canadaic.ca\/tr\/wp-json\/wp\/v2\/users\/2"}],"replies":[{"embeddable":true,"href":"https:\/\/www.canadaic.ca\/tr\/wp-json\/wp\/v2\/comments?post=1234"}],"version-history":[{"count":12,"href":"https:\/\/www.canadaic.ca\/tr\/wp-json\/wp\/v2\/pages\/1234\/revisions"}],"predecessor-version":[{"id":3072,"href":"https:\/\/www.canadaic.ca\/tr\/wp-json\/wp\/v2\/pages\/1234\/revisions\/3072"}],"wp:attachment":[{"href":"https:\/\/www.canadaic.ca\/tr\/wp-json\/wp\/v2\/media?parent=1234"}],"curies":[{"name":"wp","href":"https:\/\/api.w.org\/{rel}","templated":true}]}}