{"id":1248,"date":"2020-06-26T18:42:47","date_gmt":"2020-06-26T22:42:47","guid":{"rendered":"https:\/\/www.canadaic.ca\/?page_id=1248"},"modified":"2021-05-07T14:38:05","modified_gmt":"2021-05-07T18:38:05","slug":"refugees","status":"publish","type":"page","link":"https:\/\/www.canadaic.ca\/tr\/refugees\/","title":{"rendered":"M\u00fclteciler"},"content":{"rendered":"<blockquote>\n<h3><b><img decoding=\"async\" data-src=\"https:\/\/www.canadaic.ca\/wp-content\/uploads\/2020\/06\/woman-draped-in-a-flag-of-canada-2916826-1024x683.jpg\" alt=\"\" width=\"1024\" height=\"683\" src=\"data:image\/svg+xml;base64,PHN2ZyB3aWR0aD0iMSIgaGVpZ2h0PSIxIiB4bWxucz0iaHR0cDovL3d3dy53My5vcmcvMjAwMC9zdmciPjwvc3ZnPg==\" class=\"lazyload\" style=\"--smush-placeholder-width: 1024px; --smush-placeholder-aspect-ratio: 1024\/683;\" \/><\/b><\/h3>\n<\/blockquote>\n<h3><b>M\u00fclteciler Kanada<\/b><\/h3>\n<p>Kanada s\u0131n\u0131rlar\u0131 i\u00e7inde veya d\u0131\u015f\u0131nda olman\u0131za bak\u0131lmaks\u0131z\u0131n, kendi \u00fclkenize geri d\u00f6nme konusunda hakl\u0131 gerek\u00e7elere dayanan bir zul\u00fcm korkunuz varsa, Kanada'da M\u00fclteci s\u0131n\u0131f\u0131 alt\u0131nda koruma almaya hak kazanabilirsiniz. Kanada, d\u00fcnya \u00e7ap\u0131nda insani yard\u0131m \u00e7abalar\u0131na olan ba\u011fl\u0131l\u0131\u011f\u0131yla tan\u0131n\u0131r ve bu s\u0131n\u0131fa uygunsan\u0131z, insani ve \u015fefkatli m\u00fclahazalara dayanarak Kanada'da kalmaya hak kazan\u0131rs\u0131n\u0131z. Toronto g\u00f6\u00e7menlik dan\u0131\u015fmanlar\u0131m\u0131z, m\u00fclteci talepleriniz i\u00e7in g\u00fc\u00e7l\u00fc bir dava olu\u015fturman\u0131za yard\u0131mc\u0131 olabilir ve talebinize ili\u015fkin olumlu bir karar alman\u0131z\u0131 sa\u011flayabilir, b\u00f6ylece zulme u\u011frayaca\u011f\u0131n\u0131z ana \u00fclkenize geri d\u00f6nmek zorunda kalmazs\u0131n\u0131z.<\/p>\n<p>&nbsp;<\/p>\n<h3><b>Kanada M\u00fcltecileri Korumaya Adanm\u0131\u015ft\u0131r<\/b><\/h3>\n<p>Kanada, m\u00fclteci korumas\u0131na ihtiya\u00e7 duyan ki\u015filere g\u00fcvenli bir s\u0131\u011f\u0131nak sa\u011flamaya kendini adam\u0131\u015ft\u0131r. Kanada, d\u00fcnyan\u0131n her yerinden zul\u00fcm g\u00f6ren insanlar\u0131n gidebilecekleri g\u00fcvenli bir yere sahip olabilmeleri i\u00e7in m\u00fcltecilerin korunmas\u0131na ili\u015fkin farkl\u0131 giri\u015fimlere sahiptir. \u00d6ncelikle Kanada'daki m\u00fclteci koruma sistemi iki kademelidir. Birinci b\u00f6l\u00fcm, Kanada s\u0131n\u0131rlar\u0131 i\u00e7inden m\u00fclteci korumas\u0131 talebinde bulunan ki\u015filerden ve ikincisi, Kanada d\u0131\u015f\u0131ndan m\u00fclteci korumas\u0131 arayan ki\u015filerden olu\u015fmaktad\u0131r. Kanada'dan hak talebinin nerede yap\u0131ld\u0131\u011f\u0131na bak\u0131lmaks\u0131z\u0131n, bu bireyleri korumaya ve onlara zul\u00fcmden kurtulabilmeleri ve Kanada toplumunun \u00fcretken ve katk\u0131da bulunan vatanda\u015flar\u0131 olarak hayatlar\u0131n\u0131 ya\u015fayabilmeleri i\u00e7in g\u00fcvenli bir s\u0131\u011f\u0131nma sa\u011flamaya adanm\u0131\u015ft\u0131r.<\/p>\n<h3><b>Uygun olup olmad\u0131\u011f\u0131n\u0131z\u0131 \u00f6\u011frenin<\/b><\/h3>\n<p>M\u00fclteci korumas\u0131na ihtiya\u00e7 duydu\u011funuzu d\u00fc\u015f\u00fcn\u00fcyorsan\u0131z, Toronto g\u00f6\u00e7menlik b\u00fcromuzla ileti\u015fime ge\u00e7ebilirsiniz ve nitelikli g\u00f6\u00e7menlik dan\u0131\u015fmanlar\u0131m\u0131z ki\u015fisel durumunuzu de\u011ferlendirecek ve Kanada'daki bir m\u00fclteci ba\u015fvurusunu i\u015fleme koyman\u0131z i\u00e7in size rehberlik ve yard\u0131m sa\u011flayacakt\u0131r. M\u00fclteci davan\u0131z\u0131 ba\u015f\u0131ndan sonuna kadar tamamlamak ve hatta sizi G\u00f6\u00e7menlik M\u00fclteci Kurulu (IRB) \u00f6n\u00fcnde temsil etmek i\u00e7in nitelikliyiz. Bir m\u00fclteci talebi i\u00e7in ba\u015fvurunuzun eksiksiz oldu\u011fundan ve t\u00fcm gereklilikleri kar\u015f\u0131lad\u0131\u011f\u0131ndan emin olmak, olumlu bir karar almak i\u00e7in \u00e7ok \u00f6nemlidir \u00e7\u00fcnk\u00fc bu s\u0131n\u0131fta kalifiye olmak i\u00e7in kar\u015f\u0131laman\u0131z gereken belirli kriterler vard\u0131r. Toronto g\u00f6\u00e7menlik dan\u0131\u015fmanlar\u0131m\u0131z talebinizi tamamlamak i\u00e7in \u00f6zenle \u00e7al\u0131\u015facak ve sizi IRB \u00f6n\u00fcnde temsil edecek, b\u00f6ylece arad\u0131\u011f\u0131n\u0131z karar\u0131 al\u0131p Kanada'da ya\u015fam\u0131n\u0131za ba\u015flayabilirsiniz.<\/p>\n<h3><b>Sana yard\u0131mc\u0131 olabiliriz!<\/b><\/h3>\n<p>We want to help you obtain refugee protection as soon as possible so that you are removed from the dangers of your home country and do not have to live your life in fear. \u00a0Our Toronto immigration consultants will help you obtain a positive decision on your refugee claim. \u00a0Canada&#8217;s ongoing dedication to helping refugees from around the world is one of the many reasons that it is known to be a world class country and provide the opportunities that it has. \u00a0To get the process started you may\u00a0<a href=\"https:\/\/www.canadaic.ca\/tr\/assessment-general\/\" target=\"_blank\" rel=\"noopener noreferrer\">devam etmek i\u00e7in buraya t\u0131klay\u0131n ve<\/a>\u00a0ve basit\u00e7e\u00a0<a href=\"https:\/\/www.canadaic.ca\/tr\/assessment-general\/\" target=\"_blank\" rel=\"noopener noreferrer\">online ba\u015fvurun<\/a>. Ba\u015fvuruyu g\u00f6nderdikten sonra, kalifiye Toronto g\u00f6\u00e7menlik dan\u0131\u015fmanlar\u0131m\u0131zdan biri, s\u00fcreci ba\u015flatmak i\u00e7in sizinle ileti\u015fime ge\u00e7ecektir.<\/p>\n\t\t<h4>Don&#8217;t Wait, Check Your Eligibility Today!<\/h4>\n\t\t\t\t\n\t\t\t<a href=\"https:\/\/www.canadaic.ca\/tr\/immigration-assessment-form\/\" target=\"_self\" role=\"button\" rel=\"noopener\">\n\t\t\t\t\t\t\t\t\t\t\tOnline De\u011ferlendirme Formu\n\t\t<\/a>","protected":false},"excerpt":{"rendered":"<p>Refugees Canada Regardless of whether you are inside or outside the borders of Canada, if you have a well founded fear of persecution of returning to your home country, you may qualify for protection in Canada under the Refugee class. \u00a0Canada is known for its dedication to humanitarian efforts world wide and if you are [&hellip;]<\/p>\n","protected":false},"author":2,"featured_media":0,"parent":0,"menu_order":0,"comment_status":"closed","ping_status":"closed","template":"","meta":{"_uag_custom_page_level_css":"","site-sidebar-layout":"no-sidebar","site-content-layout":"default","ast-site-content-layout":"default","site-content-style":"default","site-sidebar-style":"default","ast-global-header-display":"","ast-banner-title-visibility":"","ast-main-header-display":"","ast-hfb-above-header-display":"","ast-hfb-below-header-display":"","ast-hfb-mobile-header-display":"","site-post-title":"disabled","ast-breadcrumbs-content":"","ast-featured-img":"","footer-sml-layout":"","ast-disable-related-posts":"","theme-transparent-header-meta":"default","adv-header-id-meta":"","stick-header-meta":"","header-above-stick-meta":"","header-main-stick-meta":"","header-below-stick-meta":"","astra-migrate-meta-layouts":"default","ast-page-background-enabled":"default","ast-page-background-meta":{"desktop":{"background-color":"","background-image":"","background-repeat":"repeat","background-position":"center center","background-size":"auto","background-attachment":"scroll","background-type":"","background-media":"","overlay-type":"","overlay-color":"","overlay-opacity":"","overlay-gradient":""},"tablet":{"background-color":"","background-image":"","background-repeat":"repeat","background-position":"center center","background-size":"auto","background-attachment":"scroll","background-type":"","background-media":"","overlay-type":"","overlay-color":"","overlay-opacity":"","overlay-gradient":""},"mobile":{"background-color":"","background-image":"","background-repeat":"repeat","background-position":"center center","background-size":"auto","background-attachment":"scroll","background-type":"","background-media":"","overlay-type":"","overlay-color":"","overlay-opacity":"","overlay-gradient":""}},"ast-content-background-meta":{"desktop":{"background-color":"var(--ast-global-color-5)","background-image":"","background-repeat":"repeat","background-position":"center center","background-size":"auto","background-attachment":"scroll","background-type":"","background-media":"","overlay-type":"","overlay-color":"","overlay-opacity":"","overlay-gradient":""},"tablet":{"background-color":"var(--ast-global-color-5)","background-image":"","background-repeat":"repeat","background-position":"center center","background-size":"auto","background-attachment":"scroll","background-type":"","background-media":"","overlay-type":"","overlay-color":"","overlay-opacity":"","overlay-gradient":""},"mobile":{"background-color":"var(--ast-global-color-5)","background-image":"","background-repeat":"repeat","background-position":"center center","background-size":"auto","background-attachment":"scroll","background-type":"","background-media":"","overlay-type":"","overlay-color":"","overlay-opacity":"","overlay-gradient":""}},"footnotes":""},"class_list":["post-1248","page","type-page","status-publish","hentry"],"uagb_featured_image_src":{"full":false,"thumbnail":false,"medium":false,"medium_large":false,"large":false,"1536x1536":false,"2048x2048":false,"trp-custom-language-flag":false},"uagb_author_info":{"display_name":"atakhelicopter","author_link":"https:\/\/www.canadaic.ca\/tr\/author\/atakhelicopter\/"},"uagb_comment_info":0,"uagb_excerpt":"Refugees Canada Regardless of whether you are inside or outside the borders of Canada, if you have a well founded fear of persecution of returning to your home country, you may qualify for protection in Canada under the Refugee class. \u00a0Canada is known for its dedication to humanitarian efforts world wide and if you are&hellip;","_links":{"self":[{"href":"https:\/\/www.canadaic.ca\/tr\/wp-json\/wp\/v2\/pages\/1248","targetHints":{"allow":["GET"]}}],"collection":[{"href":"https:\/\/www.canadaic.ca\/tr\/wp-json\/wp\/v2\/pages"}],"about":[{"href":"https:\/\/www.canadaic.ca\/tr\/wp-json\/wp\/v2\/types\/page"}],"author":[{"embeddable":true,"href":"https:\/\/www.canadaic.ca\/tr\/wp-json\/wp\/v2\/users\/2"}],"replies":[{"embeddable":true,"href":"https:\/\/www.canadaic.ca\/tr\/wp-json\/wp\/v2\/comments?post=1248"}],"version-history":[{"count":9,"href":"https:\/\/www.canadaic.ca\/tr\/wp-json\/wp\/v2\/pages\/1248\/revisions"}],"predecessor-version":[{"id":3076,"href":"https:\/\/www.canadaic.ca\/tr\/wp-json\/wp\/v2\/pages\/1248\/revisions\/3076"}],"wp:attachment":[{"href":"https:\/\/www.canadaic.ca\/tr\/wp-json\/wp\/v2\/media?parent=1248"}],"curies":[{"name":"wp","href":"https:\/\/api.w.org\/{rel}","templated":true}]}}