{"id":1263,"date":"2020-06-27T13:00:38","date_gmt":"2020-06-27T17:00:38","guid":{"rendered":"https:\/\/www.canadaic.ca\/?page_id=1263"},"modified":"2021-05-07T14:32:06","modified_gmt":"2021-05-07T18:32:06","slug":"working-in-canada","status":"publish","type":"page","link":"https:\/\/www.canadaic.ca\/tr\/working-in-canada\/","title":{"rendered":"Kanada'da \u00c7al\u0131\u015fmak"},"content":{"rendered":"<blockquote>\n<h3><img decoding=\"async\" data-src=\"https:\/\/www.canadaic.ca\/wp-content\/uploads\/2021\/01\/CANADA-B-N-1200x1200-layout511-1fv4iol-300x300.png\" alt=\"\" width=\"300\" height=\"300\" src=\"data:image\/svg+xml;base64,PHN2ZyB3aWR0aD0iMSIgaGVpZ2h0PSIxIiB4bWxucz0iaHR0cDovL3d3dy53My5vcmcvMjAwMC9zdmciPjwvc3ZnPg==\" class=\"lazyload\" style=\"--smush-placeholder-width: 300px; --smush-placeholder-aspect-ratio: 300\/300;\" \/><\/h3>\n<\/blockquote>\n<h3><b>Kanada'da \u00c7al\u0131\u015fma \u0130zni<\/b><\/h3>\n<p>Canada is a primary destination for temporary workers, employing over 150, 000 people annually, to fill the gap left by labour shortages.\u00a0 A Toronto immigration consultant can help you obtain a work permit so that you may join this labour force and contribute to Canada&#8217;s economy, while furthering your own ambitions.\u00a0 A work permit is needed for most temporary jobs in Canada.\u00a0 Through a careful assessment of your skills and employment background, our experienced consultants can provide you with a unique solution to fit you in the right occupation.\u00a0 Our Toronto based office will process the necessary paperwork to ensure that you receive your work permit and can start to work in Canada immediately.<\/p>\n<p>Ayr\u0131ca, 180.000'den fazla yabanc\u0131 i\u015f\u00e7i de ge\u00e7ici olarak \u00e7al\u0131\u015fmak i\u00e7in Kanada'ya giriyor. Toronto g\u00f6\u00e7menlik b\u00fcromuz \u015fehrin kalbinde yer almaktad\u0131r ve bu i\u015f\u00e7ilerden biri olarak bir yerle\u015ftirme alman\u0131z\u0131 sa\u011flayabiliriz. Deneyimli Toronto g\u00f6\u00e7menlik dan\u0131\u015fmanlar\u0131m\u0131z, Kanada'da i\u015finize h\u0131zl\u0131 bir \u015fekilde ba\u015flayabilmeniz i\u00e7in \u00e7al\u0131\u015fma izninizin m\u00fcmk\u00fcn olan en k\u0131sa s\u00fcrede verilmesi i\u00e7in \u00f6zenle \u00e7al\u0131\u015facakt\u0131r.<\/p>\n<p>&nbsp;<\/p>\n\t<h3><strong>Mevcut Programlar:<\/strong><\/h3>\n\t<h4><a href=\"https:\/\/www.canadaic.ca\/tr\/temporary-workers\/\" target=\"_blank\" rel=\"noopener noreferrer\">Ge\u00e7ici i\u015f\u00e7iler<\/a><\/h4>\n<p>Kanada'da mevsimlik ve ge\u00e7ici i\u015f\u00e7iler her y\u0131l i\u015fg\u00fcc\u00fc k\u0131tl\u0131\u011f\u0131ndaki bo\u015fluklar\u0131 dolduruyor. Toronto G\u00f6\u00e7menlik Dan\u0131\u015fmanlar\u0131m\u0131z, Kanada'da bir \u00e7al\u0131\u015fma izni alman\u0131za ve ge\u00e7ici i\u015f bulman\u0131za yard\u0131mc\u0131 olabilir. \u00a0<a href=\"https:\/\/www.canadaic.ca\/tr\/temporary-workers\/\" target=\"_blank\" rel=\"noopener noreferrer\">Buraya T\u0131klayin\u0131z<\/a>\u00a0to read more&#8230;<\/p>\n\t<h4><a href=\"https:\/\/www.canadaic.ca\/tr\/live-in-caregivers\/\" target=\"_blank\" rel=\"noopener noreferrer\">Bak\u0131c\u0131lar<\/a><\/h4>\n<p>\u00d6zel destek g\u00f6revlisi, hem\u015fire ve \/ veya dad\u0131 iseniz, Kanada'da ya\u015fayabilmeniz, \u00e7al\u0131\u015fabilmeniz ve sonunda Kanada'da vatanda\u015f olabilmeniz i\u00e7in \u00e7al\u0131\u015fma izni alman\u0131za yard\u0131mc\u0131 olabiliriz. Kanada G\u00f6\u00e7menlik Hizmetleri de size bir i\u015fe yerle\u015ftirme sa\u011flayabilir. \u00a0<a href=\"https:\/\/www.canadaic.ca\/tr\/live-in-caregivers\/\" target=\"_blank\" rel=\"noopener noreferrer\">Buraya T\u0131klayin\u0131z<\/a>\u00a0to read more&#8230;<\/p>\n\t<h4><a href=\"https:\/\/www.canadaic.ca\/tr\/permanent-workers\/\" target=\"_blank\" rel=\"noopener noreferrer\">Daimi \u00c7al\u0131\u015fanlar<\/a><\/h4>\n<p>Kanada'daki Federally Skilled Worker (FSW) program\u0131, mevcut en iyi programlardan biridir. \u0130kamet stat\u00fcs\u00fcn\u00fc hemen elde edebilir ve iyi maa\u015fl\u0131 bir i\u015fe sahip olabilirsiniz. Bu, ailenize daha erken sponsor olabilece\u011finiz anlam\u0131na gelir. Nas\u0131l oldu\u011funu size s\u00f6yleyelim. \u00a0<a href=\"https:\/\/www.canadaic.ca\/tr\/permanent-workers\/\" target=\"_blank\" rel=\"noopener noreferrer\">Buraya T\u0131klayin\u0131z<\/a>\u00a0to read more&#8230;<\/p>\n\t\t<h4>Don&#8217;t Wait, Check Your Eligibility Today!<\/h4>\n\t\t\t\t\n\t\t\t<a href=\"https:\/\/www.canadaic.ca\/tr\/immigration-assessment-form\/\" target=\"_self\" role=\"button\" rel=\"noopener\">\n\t\t\t\t\t\t\t\t\t\t\tOnline De\u011ferlendirme Formu\n\t\t<\/a>","protected":false},"excerpt":{"rendered":"<p>Work Permit in Canada Canada is a primary destination for temporary workers, employing over 150, 000 people annually, to fill the gap left by labour shortages.\u00a0 A Toronto immigration consultant can help you obtain a work permit so that you may join this labour force and contribute to Canada&#8217;s economy, while furthering your own ambitions.\u00a0 [&hellip;]<\/p>\n","protected":false},"author":2,"featured_media":0,"parent":0,"menu_order":0,"comment_status":"closed","ping_status":"closed","template":"","meta":{"_uag_custom_page_level_css":"","site-sidebar-layout":"no-sidebar","site-content-layout":"default","ast-site-content-layout":"default","site-content-style":"default","site-sidebar-style":"default","ast-global-header-display":"","ast-banner-title-visibility":"","ast-main-header-display":"","ast-hfb-above-header-display":"","ast-hfb-below-header-display":"","ast-hfb-mobile-header-display":"","site-post-title":"disabled","ast-breadcrumbs-content":"","ast-featured-img":"","footer-sml-layout":"","ast-disable-related-posts":"","theme-transparent-header-meta":"default","adv-header-id-meta":"","stick-header-meta":"","header-above-stick-meta":"","header-main-stick-meta":"","header-below-stick-meta":"","astra-migrate-meta-layouts":"default","ast-page-background-enabled":"default","ast-page-background-meta":{"desktop":{"background-color":"","background-image":"","background-repeat":"repeat","background-position":"center center","background-size":"auto","background-attachment":"scroll","background-type":"","background-media":"","overlay-type":"","overlay-color":"","overlay-opacity":"","overlay-gradient":""},"tablet":{"background-color":"","background-image":"","background-repeat":"repeat","background-position":"center center","background-size":"auto","background-attachment":"scroll","background-type":"","background-media":"","overlay-type":"","overlay-color":"","overlay-opacity":"","overlay-gradient":""},"mobile":{"background-color":"","background-image":"","background-repeat":"repeat","background-position":"center center","background-size":"auto","background-attachment":"scroll","background-type":"","background-media":"","overlay-type":"","overlay-color":"","overlay-opacity":"","overlay-gradient":""}},"ast-content-background-meta":{"desktop":{"background-color":"var(--ast-global-color-5)","background-image":"","background-repeat":"repeat","background-position":"center center","background-size":"auto","background-attachment":"scroll","background-type":"","background-media":"","overlay-type":"","overlay-color":"","overlay-opacity":"","overlay-gradient":""},"tablet":{"background-color":"var(--ast-global-color-5)","background-image":"","background-repeat":"repeat","background-position":"center center","background-size":"auto","background-attachment":"scroll","background-type":"","background-media":"","overlay-type":"","overlay-color":"","overlay-opacity":"","overlay-gradient":""},"mobile":{"background-color":"var(--ast-global-color-5)","background-image":"","background-repeat":"repeat","background-position":"center center","background-size":"auto","background-attachment":"scroll","background-type":"","background-media":"","overlay-type":"","overlay-color":"","overlay-opacity":"","overlay-gradient":""}},"footnotes":""},"class_list":["post-1263","page","type-page","status-publish","hentry"],"uagb_featured_image_src":{"full":false,"thumbnail":false,"medium":false,"medium_large":false,"large":false,"1536x1536":false,"2048x2048":false,"trp-custom-language-flag":false},"uagb_author_info":{"display_name":"atakhelicopter","author_link":"https:\/\/www.canadaic.ca\/tr\/author\/atakhelicopter\/"},"uagb_comment_info":0,"uagb_excerpt":"Work Permit in Canada Canada is a primary destination for temporary workers, employing over 150, 000 people annually, to fill the gap left by labour shortages.\u00a0 A Toronto immigration consultant can help you obtain a work permit so that you may join this labour force and contribute to Canada&#8217;s economy, while furthering your own ambitions.\u00a0&hellip;","_links":{"self":[{"href":"https:\/\/www.canadaic.ca\/tr\/wp-json\/wp\/v2\/pages\/1263","targetHints":{"allow":["GET"]}}],"collection":[{"href":"https:\/\/www.canadaic.ca\/tr\/wp-json\/wp\/v2\/pages"}],"about":[{"href":"https:\/\/www.canadaic.ca\/tr\/wp-json\/wp\/v2\/types\/page"}],"author":[{"embeddable":true,"href":"https:\/\/www.canadaic.ca\/tr\/wp-json\/wp\/v2\/users\/2"}],"replies":[{"embeddable":true,"href":"https:\/\/www.canadaic.ca\/tr\/wp-json\/wp\/v2\/comments?post=1263"}],"version-history":[{"count":17,"href":"https:\/\/www.canadaic.ca\/tr\/wp-json\/wp\/v2\/pages\/1263\/revisions"}],"predecessor-version":[{"id":3063,"href":"https:\/\/www.canadaic.ca\/tr\/wp-json\/wp\/v2\/pages\/1263\/revisions\/3063"}],"wp:attachment":[{"href":"https:\/\/www.canadaic.ca\/tr\/wp-json\/wp\/v2\/media?parent=1263"}],"curies":[{"name":"wp","href":"https:\/\/api.w.org\/{rel}","templated":true}]}}