{"id":1272,"date":"2020-06-27T13:53:34","date_gmt":"2020-06-27T17:53:34","guid":{"rendered":"https:\/\/www.canadaic.ca\/?page_id=1272"},"modified":"2021-05-07T14:33:01","modified_gmt":"2021-05-07T18:33:01","slug":"study-visa-canada","status":"publish","type":"page","link":"https:\/\/www.canadaic.ca\/tr\/study-visa-canada\/","title":{"rendered":"Kanada'da E\u011fitim"},"content":{"rendered":"<blockquote>\n<h3><img decoding=\"async\" data-src=\"https:\/\/www.canadaic.ca\/wp-content\/uploads\/2021\/01\/CANADA-B-N-1200x1200-layout511-1fv7keb-300x300.png\" alt=\"\" width=\"300\" height=\"300\" src=\"data:image\/svg+xml;base64,PHN2ZyB3aWR0aD0iMSIgaGVpZ2h0PSIxIiB4bWxucz0iaHR0cDovL3d3dy53My5vcmcvMjAwMC9zdmciPjwvc3ZnPg==\" class=\"lazyload\" style=\"--smush-placeholder-width: 300px; --smush-placeholder-aspect-ratio: 300\/300;\" \/><\/h3>\n<\/blockquote>\n<h3><b>Kanada \u00d6\u011frenci Vizesi<\/b><\/h3>\n<p>Canada&#8217;s education system is second to none around the world.\u00a0 Every year approximately 100, 000 students from all over the globe come to Canada to pursue academic studies.\u00a0 As you may know, Canada is one of the most culturally diverse places to live in the world.\u00a0 As a result, Canada&#8217;s classrooms are also filled with international students looking to gain a meaningful education to help them achieve their academic goals.\u00a0 If you are interested in obtaining a study permit in Canada, our experienced Toronto immigration consultants can help you attain just that.<\/p>\n<p>Kanada sadece \u00fcst\u00fcn bir e\u011fitim standard\u0131 sa\u011flamakla kalmaz, ayn\u0131 zamanda Toronto g\u00f6\u00e7menlik dan\u0131\u015fmanlar\u0131m\u0131z da i\u015f g\u00fcc\u00fcne entegre olabilmeniz ve e\u011fitiminiz tamamlan\u0131r tamamlanmaz i\u015fe haz\u0131r olabilmeniz i\u00e7in \u00e7al\u0131\u015fma izinleri alman\u0131za yard\u0131mc\u0131 olabilir. Kanada G\u00f6\u00e7menlik Hizmetleri, akademik hedeflerinize ula\u015fabilmeniz ve e\u011fitim potansiyelinizi kar\u015f\u0131layabilmeniz i\u00e7in bir \u00f6\u011frenim izni alman\u0131za yard\u0131mc\u0131 olabilir. Toronto g\u00f6\u00e7menlik ofisimiz, \u00e7al\u0131\u015fma izninizi almak i\u00e7in en iyi rotay\u0131 bulman\u0131za yard\u0131mc\u0131 olacakt\u0131r.<\/p>\n<p>&nbsp;<\/p>\n<h3><b>Gereksinimleri Kar\u015f\u0131lama<\/b><\/h3>\n<p>Kanada'da \u00f6\u011frenim iznine ba\u015fvurmadan \u00f6nce yerine getirilmesi gereken \u00e7e\u015fitli \u015fartlar vard\u0131r. A\u015fa\u011f\u0131da, ihtiya\u00e7 duyaca\u011f\u0131n\u0131z \u015feylerin ve kar\u015f\u0131lanmas\u0131 gereken kriterlerin bir listesi bulunmaktad\u0131r:<\/p>\n<ul>\n<li>Bir Kanada okuluna, kolejine veya \u00fcniversitesine kabul edildi\u011finize dair onay veya kan\u0131t<\/li>\n<li>Ge\u00e7erli bir pasaport veya seyahat belgesi \u015feklinde kimli\u011finizin kan\u0131t\u0131 ve son zamanlarda \u00e7ekilmi\u015f pasaport boyutlu iki foto\u011fraf<\/li>\n<li>Kanada'da bulundu\u011funuz s\u00fcre boyunca kendinizi finansal olarak destekleyebilece\u011finizin kan\u0131t\u0131; bunu ispatlayabilece\u011finiz \u00e7ok say\u0131da farkl\u0131 yol var<\/li>\n<li>Kanada'n\u0131n g\u00fcvenli\u011fi i\u00e7in bir tehdit olmamal\u0131s\u0131n\u0131z<\/li>\n<li>Adli sicil kayd\u0131n\u0131z olamaz ve bunu kan\u0131tlamak i\u00e7in polis sertifikas\u0131na ihtiyac\u0131n\u0131z olabilir.<\/li>\n<li>Sa\u011fl\u0131\u011f\u0131n\u0131z\u0131n iyi olmas\u0131 ve gerekirse t\u0131bbi muayeneden ge\u00e7meye istekli olman\u0131z gerekir<\/li>\n<li>Konaklaman\u0131z i\u00e7in izin verilen s\u00fcrenin sonunda Kanada'dan ayr\u0131laca\u011f\u0131n\u0131z konusunda bir g\u00f6\u00e7menlik memurunu ikna etmelisiniz.<\/li>\n<\/ul>\n<h3><b>\u00c7al\u0131\u015fma Vizesi Uzmanlar\u0131m\u0131z Size Yard\u0131mc\u0131 Olabilir!<\/b><\/h3>\n<p>Yukar\u0131daki liste, Kanada'da bir \u00f6\u011frenim iznine ba\u015fvurmaya uygun olup olmad\u0131\u011f\u0131n\u0131z\u0131 belirlemede genel bir k\u0131lavuzdur ve benzersiz durumunuza ba\u011fl\u0131 olarak, kar\u015f\u0131lanmas\u0131 gereken ba\u015fka \u015fartlar olabilir. Toronto g\u00f6\u00e7menlik dan\u0131\u015fmanlar\u0131m\u0131z, benzersiz durumunuzu de\u011ferlendirebilir ve size g\u00f6\u00e7menlik hedeflerinize daha erken ula\u015fabilmeniz ve Kanada'da okumaya ba\u015flayabilmeniz i\u00e7in size \u00f6zel bir plan sa\u011flayabilir. Nitelikli ve bilgili dan\u0131\u015fmanlar\u0131m\u0131z, kat\u0131laca\u011f\u0131n\u0131z kurumun kamp\u00fcs\u00fcnde Kanada'da konaklama ayarlaman\u0131z i\u00e7in ihtiya\u00e7 duydu\u011funuz bilgi ve kaynaklar\u0131 da sa\u011flayabilir. Bir Kanada \u00f6\u011frenim kurumunda \u00f6\u011frenci olarak hayat\u0131n\u0131z\u0131n bir sonraki a\u015famas\u0131na ba\u015flayaca\u011f\u0131n\u0131z Kanada'da sorunsuz ve basit bir ge\u00e7i\u015f yapman\u0131z\u0131 sa\u011flamak istiyoruz. E\u011fitim izninizi alman\u0131za ve Kanada'daki \u00f6\u011frenci hayat\u0131n\u0131za ba\u015flaman\u0131za nas\u0131l yard\u0131mc\u0131 olabilece\u011fimizi g\u00f6rmek i\u00e7in bug\u00fcn bizimle ileti\u015fime ge\u00e7in. \u00a0<a href=\"https:\/\/www.canadaic.ca\/tr\/assessment-student\/\" target=\"_blank\" rel=\"noopener noreferrer\">Buraya T\u0131klayin\u0131z<\/a>\u00a0,\u00a0<a href=\"https:\/\/www.canadaic.ca\/tr\/assessment-student\/\" target=\"_blank\" rel=\"noopener noreferrer\">online ba\u015fvurun<\/a>\u00a0\u015fimdi ve ba\u015flay\u0131n.<\/p>\n\t\t<h4>Size yard\u0131mc\u0131 olabiliriz!<\/h4>\n\t\t\t\t<h5>G\u00f6\u00e7menlik davan\u0131zla ilgilenecek g\u00fcvenilir g\u00f6\u00e7menlik dan\u0131\u015fmanlar\u0131 m\u0131 ar\u0131yorsunuz? Sertifikal\u0131 ve bilgili G\u00f6\u00e7menlik Dan\u0131\u015fman\u0131m\u0131z Toronto uzmanlar\u0131m\u0131z, davan\u0131z hakk\u0131nda olumlu bir karar alman\u0131za yard\u0131mc\u0131 olabilir!<\/h5>\n\t\t\t<a href=\"https:\/\/www.canadaic.ca\/tr\/student-assessment-form\/\" target=\"_self\" role=\"button\" rel=\"noopener\">\n\t\t\t\t\t\t\t\t\t\t\tOnline De\u011ferlendirme Formu\n\t\t<\/a>","protected":false},"excerpt":{"rendered":"<p>Student Visa Canada Canada&#8217;s education system is second to none around the world.\u00a0 Every year approximately 100, 000 students from all over the globe come to Canada to pursue academic studies.\u00a0 As you may know, Canada is one of the most culturally diverse places to live in the world.\u00a0 As a result, Canada&#8217;s classrooms are [&hellip;]<\/p>\n","protected":false},"author":2,"featured_media":0,"parent":0,"menu_order":0,"comment_status":"closed","ping_status":"closed","template":"","meta":{"_uag_custom_page_level_css":"","site-sidebar-layout":"no-sidebar","site-content-layout":"default","ast-site-content-layout":"default","site-content-style":"default","site-sidebar-style":"default","ast-global-header-display":"","ast-banner-title-visibility":"","ast-main-header-display":"","ast-hfb-above-header-display":"","ast-hfb-below-header-display":"","ast-hfb-mobile-header-display":"","site-post-title":"disabled","ast-breadcrumbs-content":"","ast-featured-img":"","footer-sml-layout":"","ast-disable-related-posts":"","theme-transparent-header-meta":"default","adv-header-id-meta":"","stick-header-meta":"","header-above-stick-meta":"","header-main-stick-meta":"","header-below-stick-meta":"","astra-migrate-meta-layouts":"default","ast-page-background-enabled":"default","ast-page-background-meta":{"desktop":{"background-color":"","background-image":"","background-repeat":"repeat","background-position":"center center","background-size":"auto","background-attachment":"scroll","background-type":"","background-media":"","overlay-type":"","overlay-color":"","overlay-opacity":"","overlay-gradient":""},"tablet":{"background-color":"","background-image":"","background-repeat":"repeat","background-position":"center center","background-size":"auto","background-attachment":"scroll","background-type":"","background-media":"","overlay-type":"","overlay-color":"","overlay-opacity":"","overlay-gradient":""},"mobile":{"background-color":"","background-image":"","background-repeat":"repeat","background-position":"center center","background-size":"auto","background-attachment":"scroll","background-type":"","background-media":"","overlay-type":"","overlay-color":"","overlay-opacity":"","overlay-gradient":""}},"ast-content-background-meta":{"desktop":{"background-color":"var(--ast-global-color-5)","background-image":"","background-repeat":"repeat","background-position":"center center","background-size":"auto","background-attachment":"scroll","background-type":"","background-media":"","overlay-type":"","overlay-color":"","overlay-opacity":"","overlay-gradient":""},"tablet":{"background-color":"var(--ast-global-color-5)","background-image":"","background-repeat":"repeat","background-position":"center center","background-size":"auto","background-attachment":"scroll","background-type":"","background-media":"","overlay-type":"","overlay-color":"","overlay-opacity":"","overlay-gradient":""},"mobile":{"background-color":"var(--ast-global-color-5)","background-image":"","background-repeat":"repeat","background-position":"center center","background-size":"auto","background-attachment":"scroll","background-type":"","background-media":"","overlay-type":"","overlay-color":"","overlay-opacity":"","overlay-gradient":""}},"footnotes":""},"class_list":["post-1272","page","type-page","status-publish","hentry"],"uagb_featured_image_src":{"full":false,"thumbnail":false,"medium":false,"medium_large":false,"large":false,"1536x1536":false,"2048x2048":false,"trp-custom-language-flag":false},"uagb_author_info":{"display_name":"atakhelicopter","author_link":"https:\/\/www.canadaic.ca\/tr\/author\/atakhelicopter\/"},"uagb_comment_info":0,"uagb_excerpt":"Student Visa Canada Canada&#8217;s education system is second to none around the world.\u00a0 Every year approximately 100, 000 students from all over the globe come to Canada to pursue academic studies.\u00a0 As you may know, Canada is one of the most culturally diverse places to live in the world.\u00a0 As a result, Canada&#8217;s classrooms are&hellip;","_links":{"self":[{"href":"https:\/\/www.canadaic.ca\/tr\/wp-json\/wp\/v2\/pages\/1272","targetHints":{"allow":["GET"]}}],"collection":[{"href":"https:\/\/www.canadaic.ca\/tr\/wp-json\/wp\/v2\/pages"}],"about":[{"href":"https:\/\/www.canadaic.ca\/tr\/wp-json\/wp\/v2\/types\/page"}],"author":[{"embeddable":true,"href":"https:\/\/www.canadaic.ca\/tr\/wp-json\/wp\/v2\/users\/2"}],"replies":[{"embeddable":true,"href":"https:\/\/www.canadaic.ca\/tr\/wp-json\/wp\/v2\/comments?post=1272"}],"version-history":[{"count":18,"href":"https:\/\/www.canadaic.ca\/tr\/wp-json\/wp\/v2\/pages\/1272\/revisions"}],"predecessor-version":[{"id":3065,"href":"https:\/\/www.canadaic.ca\/tr\/wp-json\/wp\/v2\/pages\/1272\/revisions\/3065"}],"wp:attachment":[{"href":"https:\/\/www.canadaic.ca\/tr\/wp-json\/wp\/v2\/media?parent=1272"}],"curies":[{"name":"wp","href":"https:\/\/api.w.org\/{rel}","templated":true}]}}