{"id":1276,"date":"2020-06-27T14:17:11","date_gmt":"2020-06-27T18:17:11","guid":{"rendered":"https:\/\/www.canadaic.ca\/?page_id=1276"},"modified":"2024-07-30T04:22:15","modified_gmt":"2024-07-30T08:22:15","slug":"visitor-visa-canada","status":"publish","type":"page","link":"https:\/\/www.canadaic.ca\/tr\/visitor-visa-canada\/","title":{"rendered":"Kanada Ziyaret\u00e7i Vizesi"},"content":{"rendered":"<blockquote>\n<h3><img decoding=\"async\" data-src=\"https:\/\/www.canadaic.ca\/wp-content\/uploads\/2021\/01\/CANADA-B-N-1200x1200-layout511-1fv4kao-300x300.png\" alt=\"\" width=\"300\" height=\"300\" src=\"data:image\/svg+xml;base64,PHN2ZyB3aWR0aD0iMSIgaGVpZ2h0PSIxIiB4bWxucz0iaHR0cDovL3d3dy53My5vcmcvMjAwMC9zdmciPjwvc3ZnPg==\" class=\"lazyload\" style=\"--smush-placeholder-width: 300px; --smush-placeholder-aspect-ratio: 300\/300;\" \/><\/h3>\n<\/blockquote>\n<h3>Kanada Ziyaret\u00e7i Vizesi<\/h3>\n<p>Her y\u0131l d\u00fcnyan\u0131n her yerinden milyonlarca insan Kanada'y\u0131 ziyaret ediyor. Kanada'ya Ziyaret Vizesi almak, bu harika \u00fclkeyi gezmek ve aile ve arkada\u015flarla tan\u0131\u015fmak i\u00e7in harika bir yoldur. \u0130ster tatil amac\u0131yla Kanada'daki ailenizi ziyaret etmek istiyor olun, ister \u00fclkeyi ke\u015ffetmek i\u00e7in bir ziyaret planlayan bir turist olun, Toronto g\u00f6\u00e7menlik dan\u0131\u015fman\u0131 Kanada'y\u0131 ziyaret etmek i\u00e7in ihtiyac\u0131n\u0131z olan gerekli belgeleri alman\u0131za yard\u0131mc\u0131 olabilir. Vatanda\u015f\u0131 oldu\u011funuz \u00fclkeye ba\u011fl\u0131 olarak, Kanada'ya girmek i\u00e7in vizeye ihtiyac\u0131n\u0131z olabilir veya olmayabilir. Vizeye ihtiyac\u0131n\u0131z varsa, turist, ebeveyn veya b\u00fcy\u00fckanne veya b\u00fcy\u00fckbaba ya da i\u015f ziyaret\u00e7isi olarak ba\u015fvurmaya uygun olabilirsiniz. Toronto G\u00f6\u00e7menlik Dan\u0131\u015fmanlar\u0131m\u0131z ba\u015fvurunuzu de\u011ferlendirecek ve Kanada Ziyaret Vizesi alman\u0131n en iyi yolunu belirleyecektir. \u00dccretsiz dan\u0131\u015fmanl\u0131k hizmeti almak i\u00e7in bug\u00fcn bizimle ileti\u015fime ge\u00e7in veya sadece \u00c7evrimi\u00e7i Ba\u015fvurun. Nitelikli Toronto G\u00f6\u00e7menlik Dan\u0131\u015fmanlar\u0131m\u0131zdan biri ba\u015fvurunuzu sonu\u00e7land\u0131rmak i\u00e7in 48 saat i\u00e7inde sizinle ileti\u015fime ge\u00e7ecektir!<\/p>\n\t<h5><a href=\"https:\/\/www.canadaic.ca\/tr\/visit-canada-as-a-tourist\/\">Kanada'y\u0131 Turist Olarak Ziyaret Edin<\/a><\/h5>\n<p>Toronto g\u00f6\u00e7menlik dan\u0131\u015fmanlar\u0131m\u0131z, Kanada'ya h\u0131zl\u0131 ve kolay bir \u015fekilde girmek i\u00e7in Turist Vizesi alman\u0131za yard\u0131mc\u0131 olacakt\u0131r. Sab\u0131ka kayd\u0131n\u0131z yoksa ve t\u0131bbi a\u00e7\u0131dan zinde iseniz, Kanada'y\u0131 ziyaret etmek i\u00e7in temel gereksinimleri kar\u015f\u0131l\u0131yorsunuz.<\/p>\n<h6><a href=\"https:\/\/www.canadaic.ca\/tr\/visit-canada-as-a-tourist\/\" target=\"_blank\" rel=\"noopener noreferrer\">Daha fazla okuyun...<\/a><\/h6>\n\t<h5><a href=\"https:\/\/www.canadaic.ca\/tr\/super-visa-application-for-parents-canada\/\">Ebeveyn S\u00fcper Vizesi<\/a><\/h5>\n<p>Ebeveyn ve B\u00fcy\u00fck Ebeveyn S\u00fcper Vizesi, Kanada'daki en verimli seyahat belgelerinden biridir. S\u00fcper Vize 10 y\u0131l ge\u00e7erlidir ve ziyaret\u00e7iler stat\u00fclerini yenilemek zorunda kalmadan Kanada'da iki y\u0131la kadar kalabilirler.<\/p>\n<h6><a href=\"https:\/\/www.canadaic.ca\/tr\/super-visa-application-for-parents-canada\/\" target=\"_blank\" rel=\"noopener noreferrer\">Daha fazla okuyun...<\/a><\/h6>\n\t<h5><a href=\"https:\/\/www.canadaic.ca\/tr\/visit-on-business\/\">Kanada'ya Ticari Ziyare Vizesi<\/a><\/h5>\n<p>D\u00fcnyan\u0131n her yerinden i\u015f profesyonelleri, Ticari Ziyaret\u00e7i Vizelerini almalar\u0131na yard\u0131mc\u0131 olmam\u0131z i\u00e7in bize g\u00fcveniyor. Toronto g\u00f6\u00e7menlik dan\u0131\u015fmanlar\u0131m\u0131z, \u0130\u015f Vizenizi h\u0131zl\u0131 bir \u015fekilde alman\u0131za yard\u0131mc\u0131 olacak kaynaklara ve uzmanl\u0131\u011fa sahiptir.<\/p>\n<h6><a href=\"https:\/\/www.canadaic.ca\/tr\/visit-on-business\/\" target=\"_blank\" rel=\"noopener noreferrer\">Daha fazla okuyun...<\/a><\/h6>\n\t\t<h4>Don&#8217;t Wait, Check Your Eligibility Today!<\/h4>\n\t\t\t\t<h6>G\u00f6\u00e7menlik davan\u0131zla ilgilenecek g\u00fcvenilir g\u00f6\u00e7menlik dan\u0131\u015fmanlar\u0131 m\u0131 ar\u0131yorsunuz? Sertifikal\u0131 ve bilgili G\u00f6\u00e7menlik Dan\u0131\u015fman\u0131m\u0131z Toronto uzmanlar\u0131m\u0131z, davan\u0131z hakk\u0131nda olumlu bir karar alman\u0131za yard\u0131mc\u0131 olabilir!<\/h6>\n\t\t\t<a href=\"https:\/\/www.canadaic.ca\/tr\/immigration-assessment-form\/\" title=\"Buraya T\u0131kla\" target=\"_self\" role=\"button\" aria-label=\"Online De\u011ferlendirme Formu\" rel=\"noopener\">\n\t\t\t\t\t\t\t\t\t\t\tOnline De\u011ferlendirme Formu\n\t\t<\/a>","protected":false},"excerpt":{"rendered":"<p>Visitor Visa Canada Every year millions of people from all over the world visit Canada. Getting a Visit Visa to Canada is a great way to tour this great country and meet family and friends. Whether you are looking to visit your family in Canada for leisure purposes or if you are a tourist planning [&hellip;]<\/p>\n","protected":false},"author":2,"featured_media":0,"parent":0,"menu_order":0,"comment_status":"closed","ping_status":"closed","template":"","meta":{"_uag_custom_page_level_css":"","site-sidebar-layout":"no-sidebar","site-content-layout":"default","ast-site-content-layout":"default","site-content-style":"default","site-sidebar-style":"default","ast-global-header-display":"","ast-banner-title-visibility":"","ast-main-header-display":"","ast-hfb-above-header-display":"","ast-hfb-below-header-display":"","ast-hfb-mobile-header-display":"","site-post-title":"disabled","ast-breadcrumbs-content":"","ast-featured-img":"","footer-sml-layout":"","ast-disable-related-posts":"","theme-transparent-header-meta":"default","adv-header-id-meta":"","stick-header-meta":"","header-above-stick-meta":"","header-main-stick-meta":"","header-below-stick-meta":"","astra-migrate-meta-layouts":"default","ast-page-background-enabled":"default","ast-page-background-meta":{"desktop":{"background-color":"","background-image":"","background-repeat":"repeat","background-position":"center center","background-size":"auto","background-attachment":"scroll","background-type":"","background-media":"","overlay-type":"","overlay-color":"","overlay-opacity":"","overlay-gradient":""},"tablet":{"background-color":"","background-image":"","background-repeat":"repeat","background-position":"center center","background-size":"auto","background-attachment":"scroll","background-type":"","background-media":"","overlay-type":"","overlay-color":"","overlay-opacity":"","overlay-gradient":""},"mobile":{"background-color":"","background-image":"","background-repeat":"repeat","background-position":"center center","background-size":"auto","background-attachment":"scroll","background-type":"","background-media":"","overlay-type":"","overlay-color":"","overlay-opacity":"","overlay-gradient":""}},"ast-content-background-meta":{"desktop":{"background-color":"var(--ast-global-color-5)","background-image":"","background-repeat":"repeat","background-position":"center center","background-size":"auto","background-attachment":"scroll","background-type":"","background-media":"","overlay-type":"","overlay-color":"","overlay-opacity":"","overlay-gradient":""},"tablet":{"background-color":"var(--ast-global-color-5)","background-image":"","background-repeat":"repeat","background-position":"center center","background-size":"auto","background-attachment":"scroll","background-type":"","background-media":"","overlay-type":"","overlay-color":"","overlay-opacity":"","overlay-gradient":""},"mobile":{"background-color":"var(--ast-global-color-5)","background-image":"","background-repeat":"repeat","background-position":"center center","background-size":"auto","background-attachment":"scroll","background-type":"","background-media":"","overlay-type":"","overlay-color":"","overlay-opacity":"","overlay-gradient":""}},"footnotes":""},"class_list":["post-1276","page","type-page","status-publish","hentry"],"uagb_featured_image_src":{"full":false,"thumbnail":false,"medium":false,"medium_large":false,"large":false,"1536x1536":false,"2048x2048":false,"trp-custom-language-flag":false},"uagb_author_info":{"display_name":"atakhelicopter","author_link":"https:\/\/www.canadaic.ca\/tr\/author\/atakhelicopter\/"},"uagb_comment_info":0,"uagb_excerpt":"Visitor Visa Canada Every year millions of people from all over the world visit Canada. Getting a Visit Visa to Canada is a great way to tour this great country and meet family and friends. Whether you are looking to visit your family in Canada for leisure purposes or if you are a tourist planning&hellip;","_links":{"self":[{"href":"https:\/\/www.canadaic.ca\/tr\/wp-json\/wp\/v2\/pages\/1276","targetHints":{"allow":["GET"]}}],"collection":[{"href":"https:\/\/www.canadaic.ca\/tr\/wp-json\/wp\/v2\/pages"}],"about":[{"href":"https:\/\/www.canadaic.ca\/tr\/wp-json\/wp\/v2\/types\/page"}],"author":[{"embeddable":true,"href":"https:\/\/www.canadaic.ca\/tr\/wp-json\/wp\/v2\/users\/2"}],"replies":[{"embeddable":true,"href":"https:\/\/www.canadaic.ca\/tr\/wp-json\/wp\/v2\/comments?post=1276"}],"version-history":[{"count":17,"href":"https:\/\/www.canadaic.ca\/tr\/wp-json\/wp\/v2\/pages\/1276\/revisions"}],"predecessor-version":[{"id":6695,"href":"https:\/\/www.canadaic.ca\/tr\/wp-json\/wp\/v2\/pages\/1276\/revisions\/6695"}],"wp:attachment":[{"href":"https:\/\/www.canadaic.ca\/tr\/wp-json\/wp\/v2\/media?parent=1276"}],"curies":[{"name":"wp","href":"https:\/\/api.w.org\/{rel}","templated":true}]}}