{"id":1292,"date":"2020-06-27T16:23:35","date_gmt":"2020-06-27T20:23:35","guid":{"rendered":"https:\/\/www.canadaic.ca\/?page_id=1292"},"modified":"2026-01-23T07:55:33","modified_gmt":"2026-01-23T12:55:33","slug":"apply-for-super-visa-to-canada","status":"publish","type":"page","link":"https:\/\/www.canadaic.ca\/tr\/apply-for-super-visa-to-canada\/","title":{"rendered":"Anne ve Babalar i\u00e7in S\u00fcper Vize"},"content":{"rendered":"<blockquote>\n<h3><img decoding=\"async\" data-src=\"https:\/\/www.canadaic.ca\/wp-content\/uploads\/2020\/06\/photo-of-woman-embracing-her-grandmother-3768168-1024x683.jpg\" alt=\"\" width=\"1024\" height=\"683\" src=\"data:image\/svg+xml;base64,PHN2ZyB3aWR0aD0iMSIgaGVpZ2h0PSIxIiB4bWxucz0iaHR0cDovL3d3dy53My5vcmcvMjAwMC9zdmciPjwvc3ZnPg==\" class=\"lazyload\" style=\"--smush-placeholder-width: 1024px; --smush-placeholder-aspect-ratio: 1024\/683;\"><\/h3>\n<\/blockquote>\n<h3><b>Ebeveyn S\u00fcper Vizesi<\/b><\/h3>\n<p>Due to the increased demand for visiting children and grandchildren, Canada has introduced a new program that allows you to visit your family members in an easy and convenient way. &nbsp;As of December 1st, 2011 the government of Canada has introduced the Parent and Grandparent Super Visa. &nbsp;The Super Visa will allow you access in to Canada for a total of 10 years without having to renew your Visa while letting you remain in Canada for a maximum of 24 months at a time. &nbsp;This new program will enable the Super Visa holders the convenience of not having to go through the immigration process over and over again within a certain period of time.<\/p>\n<p>&nbsp;<\/p>\n<p>The obvious advantage to the Super Visa is that you do not have to continuously renew your immigration documents to re enter Canada (within a 10 year period). &nbsp;This will also help the Canadian government become more efficient when it come to immigration matters because they will not have to spend time on routine paperwork that would have otherwise tied up resources and prolonged wait times for other applications. &nbsp;The Super Visa is meant to efficiently facilitate the travel of parents and grandparents of Canadian citizens or permanent residents however, dependants cannot be included in the application. &nbsp;The only other person who may apply under this program to accompany you is your spouse or common-law partner.<\/p>\n<p>&nbsp;<\/p>\n<h3><b>S\u00fcper Vize Gereksinimleri<\/b><\/h3>\n<p>Ebeveyn ve B\u00fcy\u00fckbaba S\u00fcper Vizesine ba\u015fvurmaya uygun olmak i\u00e7in \u015funlar\u0131 yapmal\u0131s\u0131n\u0131z:<\/p>\n<ul>\n<li>Kanada vatanda\u015f\u0131n\u0131n veya Kanada'da daimi ikamet eden birinin ebeveyni veya b\u00fcy\u00fck ebeveyni olmak<\/li>\n<li>herhangi bir nedenle, cezai veya ba\u015fka bir \u015fekilde Kanada'ya kabul edilemez<\/li>\n<li>\u00e7ocu\u011funuzdan veya torununuzdan, kald\u0131\u011f\u0131n\u0131z s\u00fcre boyunca sizi maddi olarak destekleyeceklerini ve asgari gelir \u015fart\u0131n\u0131 kar\u015f\u0131lamalar\u0131 gerekti\u011fini onaylayan yaz\u0131l\u0131 bir anla\u015fma sa\u011flay\u0131n<\/li>\n<li>en az bir y\u0131ll\u0131k Kanada sa\u011fl\u0131k sigortan\u0131z oldu\u011funu kan\u0131tlamak<\/li>\n<li>G\u00f6\u00e7menlik T\u0131bbi Muayene (IME) tamamlay\u0131n<\/li>\n<li>belirli di\u011fer ko\u015fullar\u0131 kar\u015f\u0131lamak<\/li>\n<\/ul>\n<h3><b>Di\u011fer Fakt\u00f6rler<\/b><\/h3>\n<p>The Visa office will also consider other factors regarding your admissibility and he\/she must be convinced that you are a genuine visitor and that you will leave voluntarily at the end of your authorized stay. &nbsp;Some of the factors that can be considered are:<\/p>\n<ul>\n<li>Ziyaret\u00e7iler kendi \u00fclkesine ba\u011fl\u0131 oldugunu gostermesi<\/li>\n<li>ziyaretin amac\u0131<\/li>\n<li>ziyaret\u00e7ilerin ailesi ve mali durumu<\/li>\n<li>ziyaret\u00e7inin anavatan\u0131n\u0131n genel istikrar\u0131 (siyasi, ekonomik vb.)<\/li>\n<li>Kanadal\u0131 bir ev sahibinden bir davet<\/li>\n<\/ul>\n<h3><b>Online De\u011ferlendirme<\/b><\/h3>\n<p>Even if you satisfy all of the above criteria, there may still be other requirements you must meet depending on your unique situation and once the Visa officer has been thoroughly satisfied with your application he\/she will grant your Super Visa. &nbsp;It is definitely worth having a Parent and Grandparent Super Visa as it will expedite your future trips to Canada without having to go through the immigration process repeatedly. &nbsp;Our Toronto immigration consultants can help you obtain your Super Visa quicker and easier because we have the expertise to complete your application to the satisfaction of the Visa office.<\/p>\n<p>&nbsp;<\/p>\n<p>Ba\u015flamak i\u00e7in basit\u00e7e&nbsp;<a href=\"https:\/\/www.canadaic.ca\/tr\/assessment-general\/\" target=\"_blank\" rel=\"noopener noreferrer\">devam etmek i\u00e7in buraya t\u0131klay\u0131n ve<\/a>&nbsp;,&nbsp;<a href=\"https:\/\/www.canadaic.ca\/tr\/assessment-general\/\" target=\"_blank\" rel=\"noopener noreferrer\">online ba\u015fvurun<\/a>. &nbsp;Once you submit the online application form, one of our qualified Toronto immigration consultants will get in touch with you immediately to get started.<\/p>\n\t\t<h4>Don&#8217;t Wait, Check Your Eligibility Today!<\/h4>\n\t\t\t\t\n\t\t\t<a href=\"https:\/\/www.canadaic.ca\/tr\/assessment-general\/\" target=\"_self\" role=\"button\" rel=\"noopener\">\n\t\t\t\t\t\t\t\t\t\t\tOnline De\u011ferlendirme Formu\n\t\t<\/a>","protected":false},"excerpt":{"rendered":"<p>Super Visa Canada Due to the increased demand for visiting children and grandchildren, Canada has introduced a new program that allows you to visit your family members in an easy and convenient way. &nbsp;As of December 1st, 2011 the government of Canada has introduced the Parent and Grandparent Super Visa. &nbsp;The Super Visa will allow [&hellip;]<\/p>\n","protected":false},"author":2,"featured_media":0,"parent":0,"menu_order":0,"comment_status":"closed","ping_status":"closed","template":"","meta":{"_uag_custom_page_level_css":"","site-sidebar-layout":"no-sidebar","site-content-layout":"default","ast-site-content-layout":"default","site-content-style":"default","site-sidebar-style":"default","ast-global-header-display":"","ast-banner-title-visibility":"","ast-main-header-display":"","ast-hfb-above-header-display":"","ast-hfb-below-header-display":"","ast-hfb-mobile-header-display":"","site-post-title":"disabled","ast-breadcrumbs-content":"","ast-featured-img":"","footer-sml-layout":"","ast-disable-related-posts":"","theme-transparent-header-meta":"default","adv-header-id-meta":"","stick-header-meta":"","header-above-stick-meta":"","header-main-stick-meta":"","header-below-stick-meta":"","astra-migrate-meta-layouts":"set","ast-page-background-enabled":"default","ast-page-background-meta":{"desktop":{"background-color":"","background-image":"","background-repeat":"repeat","background-position":"center center","background-size":"auto","background-attachment":"scroll","background-type":"","background-media":"","overlay-type":"","overlay-color":"","overlay-opacity":"","overlay-gradient":""},"tablet":{"background-color":"","background-image":"","background-repeat":"repeat","background-position":"center center","background-size":"auto","background-attachment":"scroll","background-type":"","background-media":"","overlay-type":"","overlay-color":"","overlay-opacity":"","overlay-gradient":""},"mobile":{"background-color":"","background-image":"","background-repeat":"repeat","background-position":"center center","background-size":"auto","background-attachment":"scroll","background-type":"","background-media":"","overlay-type":"","overlay-color":"","overlay-opacity":"","overlay-gradient":""}},"ast-content-background-meta":{"desktop":{"background-color":"var(--ast-global-color-5)","background-image":"","background-repeat":"repeat","background-position":"center center","background-size":"auto","background-attachment":"scroll","background-type":"","background-media":"","overlay-type":"","overlay-color":"","overlay-opacity":"","overlay-gradient":""},"tablet":{"background-color":"var(--ast-global-color-5)","background-image":"","background-repeat":"repeat","background-position":"center center","background-size":"auto","background-attachment":"scroll","background-type":"","background-media":"","overlay-type":"","overlay-color":"","overlay-opacity":"","overlay-gradient":""},"mobile":{"background-color":"var(--ast-global-color-5)","background-image":"","background-repeat":"repeat","background-position":"center center","background-size":"auto","background-attachment":"scroll","background-type":"","background-media":"","overlay-type":"","overlay-color":"","overlay-opacity":"","overlay-gradient":""}},"footnotes":""},"class_list":["post-1292","page","type-page","status-publish","hentry"],"uagb_featured_image_src":{"full":false,"thumbnail":false,"medium":false,"medium_large":false,"large":false,"1536x1536":false,"2048x2048":false,"trp-custom-language-flag":false},"uagb_author_info":{"display_name":"atakhelicopter","author_link":"https:\/\/www.canadaic.ca\/tr\/author\/atakhelicopter\/"},"uagb_comment_info":0,"uagb_excerpt":"Super Visa Canada Due to the increased demand for visiting children and grandchildren, Canada has introduced a new program that allows you to visit your family members in an easy and convenient way. &nbsp;As of December 1st, 2011 the government of Canada has introduced the Parent and Grandparent Super Visa. &nbsp;The Super Visa will allow&hellip;","_links":{"self":[{"href":"https:\/\/www.canadaic.ca\/tr\/wp-json\/wp\/v2\/pages\/1292","targetHints":{"allow":["GET"]}}],"collection":[{"href":"https:\/\/www.canadaic.ca\/tr\/wp-json\/wp\/v2\/pages"}],"about":[{"href":"https:\/\/www.canadaic.ca\/tr\/wp-json\/wp\/v2\/types\/page"}],"author":[{"embeddable":true,"href":"https:\/\/www.canadaic.ca\/tr\/wp-json\/wp\/v2\/users\/2"}],"replies":[{"embeddable":true,"href":"https:\/\/www.canadaic.ca\/tr\/wp-json\/wp\/v2\/comments?post=1292"}],"version-history":[{"count":10,"href":"https:\/\/www.canadaic.ca\/tr\/wp-json\/wp\/v2\/pages\/1292\/revisions"}],"predecessor-version":[{"id":7767,"href":"https:\/\/www.canadaic.ca\/tr\/wp-json\/wp\/v2\/pages\/1292\/revisions\/7767"}],"wp:attachment":[{"href":"https:\/\/www.canadaic.ca\/tr\/wp-json\/wp\/v2\/media?parent=1292"}],"curies":[{"name":"wp","href":"https:\/\/api.w.org\/{rel}","templated":true}]}}