{"id":13,"date":"2019-09-02T09:12:43","date_gmt":"2019-09-02T09:12:43","guid":{"rendered":"https:\/\/websitedemos.net\/alex50\/?page_id=13"},"modified":"2026-03-05T10:03:04","modified_gmt":"2026-03-05T15:03:04","slug":"members","status":"publish","type":"page","link":"https:\/\/www.canadaic.ca\/tr\/members\/","title":{"rendered":"Uzmanlar\u0131m\u0131z"},"content":{"rendered":"<h1>G\u00f6\u00e7menlik Uzmanlar\u0131<\/h1>\n\t\t\t<a href=\"tel:03129550026\" title=\"Bug\u00fcn bir Avukat ile g\u00f6r\u00fc\u015f\u00fcn!\" target=\"_self\"   role=\"button\" aria-label=\"Bug\u00fcn bir Avukat ile g\u00f6r\u00fc\u015f\u00fcn! \">\n\t\t\t\t\t\t\t\t\t\t\tBug\u00fcn bir Avukat ile g\u00f6r\u00fc\u015f\u00fcn! \n\t\t<\/a>\n\t\t\t<h2>Ekibimiz<\/h2>\n\t\t\t<h5>B. \u00d6zdemir<\/h5><p>Founder &#8211; ICCRC Member<\/p>\t\t\t\n\t\t\t\t<img decoding=\"async\" data-src=\"https:\/\/www.canadaic.ca\/wp-content\/uploads\/2019\/11\/IMG_6597-1.jpg\" alt=\"IMG_6597\" title=\"IMG_6597\" itemprop=\"image\" src=\"data:image\/svg+xml;base64,PHN2ZyB3aWR0aD0iMSIgaGVpZ2h0PSIxIiB4bWxucz0iaHR0cDovL3d3dy53My5vcmcvMjAwMC9zdmciPjwvc3ZnPg==\" class=\"lazyload\" style=\"--smush-placeholder-width: 769px; --smush-placeholder-aspect-ratio: 769\/1200;\" \/>\n\t\t\t<a href=\"mailto:bedir@canadaic.ca\" title=\"Bedir&#039;e Ula\u015f\u0131n\" target=\"_self\"   role=\"button\" aria-label=\"Bedir&#039;e Ula\u015f\u0131n\">\n\t\t\t\t\t\t\t\t\t\t\tBedir'e Ula\u015f\u0131n\n\t\t<\/a>\n\t\t\t<a href=\"tel:03129550026\" title=\"Bedir&#039;e Ula\u015f\u0131n\" target=\"_self\"   role=\"button\" aria-label=\"Bedir&#039;e Ula\u015f\u0131n\">\n\t\t\t\t\t\t\t\t\t\t\tBedir'e Ula\u015f\u0131n\n\t\t<\/a>\n\t\t\t<h5>Sumedha M.<\/h5><p>Partner &#8211; ICCRC Member<\/p>\t\t\t\n\t\t\t\t<img decoding=\"async\" data-src=\"https:\/\/www.canadaic.ca\/wp-content\/uploads\/2020\/12\/37ffa0e3-a24b-4074-91fa-331784c6d057-2.jpg\" alt=\"37ffa0e3-a24b-4074-91fa-331784c6d057\" title=\"37ffa0e3-a24b-4074-91fa-331784c6d057\" itemprop=\"image\" src=\"data:image\/svg+xml;base64,PHN2ZyB3aWR0aD0iMSIgaGVpZ2h0PSIxIiB4bWxucz0iaHR0cDovL3d3dy53My5vcmcvMjAwMC9zdmciPjwvc3ZnPg==\" class=\"lazyload\" style=\"--smush-placeholder-width: 791px; --smush-placeholder-aspect-ratio: 791\/1200;\" \/>\n\t\t\t<a href=\"mailto:sumedha@canadaic.ca\" title=\"Sumedha Ula\u015f\u0131n\" target=\"_self\"   role=\"button\" aria-label=\"Sumedha Ula\u015f\u0131n\">\n\t\t\t\t\t\t\t\t\t\t\tSumedha Ula\u015f\u0131n\n\t\t<\/a>\n\t\t\t<a href=\"tel:03129550026\" title=\"Sumedha Ula\u015f\u0131n\" target=\"_self\"   role=\"button\" aria-label=\"Sumedha Ula\u015f\u0131n\">\n\t\t\t\t\t\t\t\t\t\t\tSumedha Ula\u015f\u0131n\n\t\t<\/a>\n\t<h2>\n\t\t\t\t<a href=\"https:\/\/www.canadaic.ca\/tr\/assessment-general\/\" title=\"G\u00f6\u00e7menlik De\u011ferlendirmeniz \u0130cin Buraya T\u0131klay\u0131n\u0131z\" target=\"_self\">\n\t\t\t\tG\u00f6\u00e7menlik De\u011ferlendirmeniz \u0130cin Buraya T\u0131klay\u0131n\u0131z\n\t\t\t\t<\/a>\n\t\t\t<\/h2>\n\t\t\t\t<h6>Our immigration consultancy office understands that hiring an expert is an important decision; a decision that can impact one&#8217;s life, family, business, company and future. Our consultants offer more than 6 years of experience in representation of clients across Canada in variety of immigration matters. Contact us today to speak to an immigration consultant and discuss the best route for your case.<\/h6>\n\t\t\t<h6>Bizi aray\u0131n<\/h6><h4>+1(647) 765-0404<\/h4>\t\t\t\n\t\t\t<h6>Bize e-posta g\u00f6nderin<\/h6><h4>info@canadaic.ca<\/h4>","protected":false},"excerpt":{"rendered":"<p>Immigration Specialists Speak to an RCIC Today! Our Team B. \u00d6zdemir Founder &#8211; ICCRC Member Contact Bedir Contact Bedir Sumedha M. Partner &#8211; ICCRC Member Contact Sumedha Contact Sumedha Get Your Immigration Assessment here Our immigration consultancy office understands that hiring an expert is an important decision; a decision that can impact one&#8217;s life, family, [&hellip;]<\/p>\n","protected":false},"author":2,"featured_media":820,"parent":0,"menu_order":0,"comment_status":"closed","ping_status":"closed","template":"","meta":{"_uag_custom_page_level_css":"","site-sidebar-layout":"no-sidebar","site-content-layout":"page-builder","ast-site-content-layout":"default","site-content-style":"default","site-sidebar-style":"default","ast-global-header-display":"","ast-banner-title-visibility":"","ast-main-header-display":"","ast-hfb-above-header-display":"","ast-hfb-below-header-display":"","ast-hfb-mobile-header-display":"","site-post-title":"disabled","ast-breadcrumbs-content":"","ast-featured-img":"disabled","footer-sml-layout":"","ast-disable-related-posts":"","theme-transparent-header-meta":"enabled","adv-header-id-meta":"","stick-header-meta":"","header-above-stick-meta":"","header-main-stick-meta":"","header-below-stick-meta":"","astra-migrate-meta-layouts":"default","ast-page-background-enabled":"default","ast-page-background-meta":{"desktop":{"background-color":"","background-image":"","background-repeat":"repeat","background-position":"center center","background-size":"auto","background-attachment":"scroll","background-type":"","background-media":"","overlay-type":"","overlay-color":"","overlay-opacity":"","overlay-gradient":""},"tablet":{"background-color":"","background-image":"","background-repeat":"repeat","background-position":"center center","background-size":"auto","background-attachment":"scroll","background-type":"","background-media":"","overlay-type":"","overlay-color":"","overlay-opacity":"","overlay-gradient":""},"mobile":{"background-color":"","background-image":"","background-repeat":"repeat","background-position":"center center","background-size":"auto","background-attachment":"scroll","background-type":"","background-media":"","overlay-type":"","overlay-color":"","overlay-opacity":"","overlay-gradient":""}},"ast-content-background-meta":{"desktop":{"background-color":"var(--ast-global-color-5)","background-image":"","background-repeat":"repeat","background-position":"center center","background-size":"auto","background-attachment":"scroll","background-type":"","background-media":"","overlay-type":"","overlay-color":"","overlay-opacity":"","overlay-gradient":""},"tablet":{"background-color":"var(--ast-global-color-5)","background-image":"","background-repeat":"repeat","background-position":"center center","background-size":"auto","background-attachment":"scroll","background-type":"","background-media":"","overlay-type":"","overlay-color":"","overlay-opacity":"","overlay-gradient":""},"mobile":{"background-color":"var(--ast-global-color-5)","background-image":"","background-repeat":"repeat","background-position":"center center","background-size":"auto","background-attachment":"scroll","background-type":"","background-media":"","overlay-type":"","overlay-color":"","overlay-opacity":"","overlay-gradient":""}},"footnotes":""},"class_list":["post-13","page","type-page","status-publish","has-post-thumbnail","hentry"],"uagb_featured_image_src":{"full":["https:\/\/www.canadaic.ca\/wp-content\/uploads\/2019\/12\/canada-invitation-to-apply.jpg",1000,665,false],"thumbnail":["https:\/\/www.canadaic.ca\/wp-content\/uploads\/2019\/12\/canada-invitation-to-apply-150x150.jpg",150,150,true],"medium":["https:\/\/www.canadaic.ca\/wp-content\/uploads\/2019\/12\/canada-invitation-to-apply-300x200.jpg",300,200,true],"medium_large":["https:\/\/www.canadaic.ca\/wp-content\/uploads\/2019\/12\/canada-invitation-to-apply-768x511.jpg",768,511,true],"large":["https:\/\/www.canadaic.ca\/wp-content\/uploads\/2019\/12\/canada-invitation-to-apply.jpg",1000,665,false],"1536x1536":["https:\/\/www.canadaic.ca\/wp-content\/uploads\/2019\/12\/canada-invitation-to-apply.jpg",1000,665,false],"2048x2048":["https:\/\/www.canadaic.ca\/wp-content\/uploads\/2019\/12\/canada-invitation-to-apply.jpg",1000,665,false],"trp-custom-language-flag":["https:\/\/www.canadaic.ca\/wp-content\/uploads\/2019\/12\/canada-invitation-to-apply.jpg",18,12,false]},"uagb_author_info":{"display_name":"atakhelicopter","author_link":"https:\/\/www.canadaic.ca\/tr\/author\/atakhelicopter\/"},"uagb_comment_info":0,"uagb_excerpt":"Immigration Specialists Speak to an RCIC Today! Our Team B. \u00d6zdemir Founder &#8211; ICCRC Member Contact Bedir Contact Bedir Sumedha M. Partner &#8211; ICCRC Member Contact Sumedha Contact Sumedha Get Your Immigration Assessment here Our immigration consultancy office understands that hiring an expert is an important decision; a decision that can impact one&#8217;s life, family,&hellip;","_links":{"self":[{"href":"https:\/\/www.canadaic.ca\/tr\/wp-json\/wp\/v2\/pages\/13","targetHints":{"allow":["GET"]}}],"collection":[{"href":"https:\/\/www.canadaic.ca\/tr\/wp-json\/wp\/v2\/pages"}],"about":[{"href":"https:\/\/www.canadaic.ca\/tr\/wp-json\/wp\/v2\/types\/page"}],"author":[{"embeddable":true,"href":"https:\/\/www.canadaic.ca\/tr\/wp-json\/wp\/v2\/users\/2"}],"replies":[{"embeddable":true,"href":"https:\/\/www.canadaic.ca\/tr\/wp-json\/wp\/v2\/comments?post=13"}],"version-history":[{"count":11,"href":"https:\/\/www.canadaic.ca\/tr\/wp-json\/wp\/v2\/pages\/13\/revisions"}],"predecessor-version":[{"id":7897,"href":"https:\/\/www.canadaic.ca\/tr\/wp-json\/wp\/v2\/pages\/13\/revisions\/7897"}],"wp:featuredmedia":[{"embeddable":true,"href":"https:\/\/www.canadaic.ca\/tr\/wp-json\/wp\/v2\/media\/820"}],"wp:attachment":[{"href":"https:\/\/www.canadaic.ca\/tr\/wp-json\/wp\/v2\/media?parent=13"}],"curies":[{"name":"wp","href":"https:\/\/api.w.org\/{rel}","templated":true}]}}