{"id":1300,"date":"2020-06-27T17:12:51","date_gmt":"2020-06-27T21:12:51","guid":{"rendered":"https:\/\/www.canadaic.ca\/?page_id=1300"},"modified":"2020-12-21T11:23:53","modified_gmt":"2020-12-21T16:23:53","slug":"visit-on-business","status":"publish","type":"page","link":"https:\/\/www.canadaic.ca\/tr\/visit-on-business\/","title":{"rendered":"Kanada Ticari Vizes\u0131"},"content":{"rendered":"<blockquote>\n<h3><img decoding=\"async\" data-src=\"https:\/\/www.canadaic.ca\/wp-content\/uploads\/2020\/06\/canada-55981_1920-1024x575.jpg\" alt=\"\" width=\"1024\" height=\"575\" src=\"data:image\/svg+xml;base64,PHN2ZyB3aWR0aD0iMSIgaGVpZ2h0PSIxIiB4bWxucz0iaHR0cDovL3d3dy53My5vcmcvMjAwMC9zdmciPjwvc3ZnPg==\" class=\"lazyload\" style=\"--smush-placeholder-width: 1024px; --smush-placeholder-aspect-ratio: 1024\/575;\" \/><\/h3>\n<\/blockquote>\n<h3><b>Kanada Ticari Vizes\u0131<\/b><\/h3>\n<p>There are numerous activities that a Business Visitor can undertake that would classify his\/her visit to Canada under &#8220;business.&#8221; If you plan on visiting Canada to explore new business opportunities or to expand current ones, then you may qualify as a business visitor. \u00a0Every year thousands of international visitors arrive in Canada to conduct business with Canadian companies. \u00a0If you are coming to Canada, and you require a Visa, you may apply for a temporary resident visa.<\/p>\n<p>&nbsp;<\/p>\n<h3><b>Ticari Vize Gereksinimleri<\/b><\/h3>\n<p>Kanada'da bir i\u015f ziyaret\u00e7isi olarak kabul edilmek i\u00e7in \u015funlar\u0131 g\u00f6stermelisiniz:<\/p>\n<ul>\n<li>Kanada'da alt\u0131 aydan daha k\u0131sa s\u00fcre kalacak ve Kanada i\u015fg\u00fcc\u00fc piyasas\u0131na girmeyeceksiniz<\/li>\n<li>ana gelir kayna\u011f\u0131n\u0131z ve i\u015f yeriniz Kanada d\u0131\u015f\u0131ndad\u0131r<\/li>\n<li>i\u015fletmenizin kar\u0131 Kanada d\u0131\u015f\u0131nda tahakkuk edecek<\/li>\n<li>you meet Canada&#8217;s basic entry requirements such that you:\n<ul>\n<li>ge\u00e7erli bir seyahat belgesine sahip olmak (yani pasaport)<\/li>\n<li>Kanada'da kald\u0131\u011f\u0131n\u0131z s\u00fcre boyunca ve eve d\u00f6nebilmeniz i\u00e7in kendinizi desteklemek i\u00e7in yeterli paraya sahip olmak<\/li>\n<li>kal\u0131\u015f\u0131n\u0131z i\u00e7in izin verilen s\u00fcrenin sonunda Kanada'dan ayr\u0131lmay\u0131 planl\u0131yorsan\u0131z<\/li>\n<li>herhangi bir nedenle (ceza, g\u00fcvenlik, sa\u011fl\u0131k vb.)<\/li>\n<\/ul>\n<\/li>\n<\/ul>\n<h3><b>Ticari Vize Uzmanlar\u0131<\/b><\/h3>\n<p>Alt\u0131 aydan fazla kalmay\u0131 planl\u0131yorsan\u0131z ve potansiyel olarak Kanada'da \u00e7al\u0131\u015f\u0131yorsan\u0131z, \u00e7al\u0131\u015fma izni ba\u015fvurusunda bulunman\u0131z gerekebilir. Yukar\u0131daki gereksinimleri kar\u015f\u0131lasan\u0131z bile ba\u015fvuru s\u00fcrecinde dikkate al\u0131nabilecek ba\u015fka fakt\u00f6rlerin olabilece\u011fini l\u00fctfen unutmay\u0131n. Toronto g\u00f6\u00e7menlik dan\u0131\u015fmanlar\u0131m\u0131z, ba\u015fvurunuz hakk\u0131nda olumlu bir karar alman\u0131z\u0131 sa\u011flayabilir, b\u00f6ylece g\u00f6\u00e7menlik hedeflerinize daha erken ula\u015fabilir ve Kanada'ya m\u00fcmk\u00fcn olan en k\u0131sa s\u00fcrede varabilirsiniz. Ba\u015flamak i\u00e7in basit\u00e7e\u00a0<a href=\"https:\/\/www.canadaic.ca\/tr\/general-assessment-business\/\" target=\"_blank\" rel=\"noopener noreferrer\">devam etmek i\u00e7in buraya t\u0131klay\u0131n ve<\/a>\u00a0,\u00a0<a href=\"https:\/\/www.canadaic.ca\/tr\/general-assessment-business\/\" target=\"_blank\" rel=\"noopener noreferrer\">online ba\u015fvurun<\/a>\u00a0.<\/p>\n\t\t<h4>Don&#8217;t Wait, Check Your Eligibility Today!<\/h4>\n\t\t\t\t\n\t\t\t<a href=\"https:\/\/www.canadaic.ca\/tr\/general-assessment-business\/\" target=\"_self\" role=\"button\" rel=\"noopener\">\n\t\t\t\t\t\t\t\t\t\t\tOnline De\u011ferlendirme Formu\n\t\t<\/a>","protected":false},"excerpt":{"rendered":"<p>Business Visa Canada There are numerous activities that a Business Visitor can undertake that would classify his\/her visit to Canada under &#8220;business.&#8221; If you plan on visiting Canada to explore new business opportunities or to expand current ones, then you may qualify as a business visitor. \u00a0Every year thousands of international visitors arrive in Canada [&hellip;]<\/p>\n","protected":false},"author":2,"featured_media":0,"parent":0,"menu_order":0,"comment_status":"closed","ping_status":"closed","template":"","meta":{"_uag_custom_page_level_css":"","site-sidebar-layout":"no-sidebar","site-content-layout":"default","ast-site-content-layout":"default","site-content-style":"default","site-sidebar-style":"default","ast-global-header-display":"","ast-banner-title-visibility":"","ast-main-header-display":"","ast-hfb-above-header-display":"","ast-hfb-below-header-display":"","ast-hfb-mobile-header-display":"","site-post-title":"disabled","ast-breadcrumbs-content":"","ast-featured-img":"","footer-sml-layout":"","ast-disable-related-posts":"","theme-transparent-header-meta":"default","adv-header-id-meta":"","stick-header-meta":"","header-above-stick-meta":"","header-main-stick-meta":"","header-below-stick-meta":"","astra-migrate-meta-layouts":"default","ast-page-background-enabled":"default","ast-page-background-meta":{"desktop":{"background-color":"","background-image":"","background-repeat":"repeat","background-position":"center center","background-size":"auto","background-attachment":"scroll","background-type":"","background-media":"","overlay-type":"","overlay-color":"","overlay-opacity":"","overlay-gradient":""},"tablet":{"background-color":"","background-image":"","background-repeat":"repeat","background-position":"center center","background-size":"auto","background-attachment":"scroll","background-type":"","background-media":"","overlay-type":"","overlay-color":"","overlay-opacity":"","overlay-gradient":""},"mobile":{"background-color":"","background-image":"","background-repeat":"repeat","background-position":"center center","background-size":"auto","background-attachment":"scroll","background-type":"","background-media":"","overlay-type":"","overlay-color":"","overlay-opacity":"","overlay-gradient":""}},"ast-content-background-meta":{"desktop":{"background-color":"var(--ast-global-color-5)","background-image":"","background-repeat":"repeat","background-position":"center center","background-size":"auto","background-attachment":"scroll","background-type":"","background-media":"","overlay-type":"","overlay-color":"","overlay-opacity":"","overlay-gradient":""},"tablet":{"background-color":"var(--ast-global-color-5)","background-image":"","background-repeat":"repeat","background-position":"center center","background-size":"auto","background-attachment":"scroll","background-type":"","background-media":"","overlay-type":"","overlay-color":"","overlay-opacity":"","overlay-gradient":""},"mobile":{"background-color":"var(--ast-global-color-5)","background-image":"","background-repeat":"repeat","background-position":"center center","background-size":"auto","background-attachment":"scroll","background-type":"","background-media":"","overlay-type":"","overlay-color":"","overlay-opacity":"","overlay-gradient":""}},"footnotes":""},"class_list":["post-1300","page","type-page","status-publish","hentry"],"uagb_featured_image_src":{"full":false,"thumbnail":false,"medium":false,"medium_large":false,"large":false,"1536x1536":false,"2048x2048":false,"trp-custom-language-flag":false},"uagb_author_info":{"display_name":"atakhelicopter","author_link":"https:\/\/www.canadaic.ca\/tr\/author\/atakhelicopter\/"},"uagb_comment_info":0,"uagb_excerpt":"Business Visa Canada There are numerous activities that a Business Visitor can undertake that would classify his\/her visit to Canada under &#8220;business.&#8221; If you plan on visiting Canada to explore new business opportunities or to expand current ones, then you may qualify as a business visitor. \u00a0Every year thousands of international visitors arrive in Canada&hellip;","_links":{"self":[{"href":"https:\/\/www.canadaic.ca\/tr\/wp-json\/wp\/v2\/pages\/1300","targetHints":{"allow":["GET"]}}],"collection":[{"href":"https:\/\/www.canadaic.ca\/tr\/wp-json\/wp\/v2\/pages"}],"about":[{"href":"https:\/\/www.canadaic.ca\/tr\/wp-json\/wp\/v2\/types\/page"}],"author":[{"embeddable":true,"href":"https:\/\/www.canadaic.ca\/tr\/wp-json\/wp\/v2\/users\/2"}],"replies":[{"embeddable":true,"href":"https:\/\/www.canadaic.ca\/tr\/wp-json\/wp\/v2\/comments?post=1300"}],"version-history":[{"count":7,"href":"https:\/\/www.canadaic.ca\/tr\/wp-json\/wp\/v2\/pages\/1300\/revisions"}],"predecessor-version":[{"id":2430,"href":"https:\/\/www.canadaic.ca\/tr\/wp-json\/wp\/v2\/pages\/1300\/revisions\/2430"}],"wp:attachment":[{"href":"https:\/\/www.canadaic.ca\/tr\/wp-json\/wp\/v2\/media?parent=1300"}],"curies":[{"name":"wp","href":"https:\/\/api.w.org\/{rel}","templated":true}]}}