{"id":1323,"date":"2020-06-28T14:53:50","date_gmt":"2020-06-28T18:53:50","guid":{"rendered":"https:\/\/www.canadaic.ca\/?page_id=1323"},"modified":"2021-05-07T14:34:31","modified_gmt":"2021-05-07T18:34:31","slug":"live-in-caregivers","status":"publish","type":"page","link":"https:\/\/www.canadaic.ca\/tr\/live-in-caregivers\/","title":{"rendered":"Bak\u0131c\u0131lar"},"content":{"rendered":"<blockquote>\n<h3><img decoding=\"async\" data-src=\"https:\/\/www.canadaic.ca\/wp-content\/uploads\/2020\/06\/CanadaFlag2.jpg\" alt=\"\" width=\"768\" height=\"512\" src=\"data:image\/svg+xml;base64,PHN2ZyB3aWR0aD0iMSIgaGVpZ2h0PSIxIiB4bWxucz0iaHR0cDovL3d3dy53My5vcmcvMjAwMC9zdmciPjwvc3ZnPg==\" class=\"lazyload\" style=\"--smush-placeholder-width: 768px; --smush-placeholder-aspect-ratio: 768\/512;\" \/><\/h3>\n<\/blockquote>\n<h3>Aile ile Yasayan Bak\u0131c\u0131 Program\u0131<\/h3>\n<p>Ya\u015fayan Bak\u0131c\u0131 Program\u0131 (LCP), ki\u015fisel destek \u00e7al\u0131\u015fanlar\u0131n\u0131n Kanada'da i\u015f bulmalar\u0131 i\u00e7in harika bir f\u0131rsatt\u0131r. Yat\u0131l\u0131 bak\u0131c\u0131lar, bakt\u0131klar\u0131 ki\u015finin \u00f6zel evinde ikamet eden ki\u015filerdir. Bu g\u00f6\u00e7 kategorisi alt\u0131nda kalifiye olmak i\u00e7in, bireyin \u00f6zel evlerinde g\u00f6zetimsiz olarak \u00e7ocuklara, ya\u015fl\u0131lara veya engelli ki\u015filere bak\u0131m sa\u011flamaya yetkili olmas\u0131 gerekir.<\/p>\n<p>&nbsp;<\/p>\n<p>Live-in Caregiver Program\u0131 kapsam\u0131nda Kanada'ya gelmeye hak kazanabilmeniz i\u00e7in yerine getirilmesi gereken \u00e7e\u015fitli gereksinimler vard\u0131r. \u0130htiyac\u0131n\u0131z olan \u015feylerin gereksinimleri a\u015fa\u011f\u0131da \u00f6zetlenmi\u015ftir.<\/p>\n<p>&nbsp;<\/p>\n<p>TEMEL GEREKS\u0130N\u0130MLER:<\/p>\n<ul>\n<li>A positive Labour Market Impact Assessment (LMIA) from an employer in Canada<\/li>\n<li>Gelecekteki i\u015fvereninizle hem kendiniz hem de i\u015fvereniniz taraf\u0131ndan imzalanm\u0131\u015f yaz\u0131l\u0131 bir s\u00f6zle\u015fme<\/li>\n<li>Kanada ortaokul e\u011fitiminin e\u015fde\u011ferini ba\u015far\u0131yla tamamlad\u0131\u011f\u0131n\u0131n kan\u0131t\u0131<\/li>\n<li>Son \u00fc\u00e7 y\u0131lda en az alt\u0131 ayl\u0131k e\u011fitim veya bak\u0131c\u0131 olarak veya ilgili bir alanda veya meslekte en az bir y\u0131ll\u0131k tam zamanl\u0131 \u00fccretli i\u015f deneyimi (bir i\u015fverenle alt\u0131 ay dahil)<\/li>\n<li>\u0130yi derecede \u0130ngilizce veya Frans\u0131zca bilgisi<\/li>\n<li>Kanada'ya girmeden ve \u00e7al\u0131\u015fmaya ba\u015flamadan \u00f6nce ge\u00e7erli bir \u00e7al\u0131\u015fma izni<\/li>\n<\/ul>\n<p>L\u00fctfen yukar\u0131daki listenin eksiksiz ve kapsaml\u0131 bir gereklilikler listesi olmad\u0131\u011f\u0131n\u0131 ve ba\u015fvurunuz onaylanmadan \u00f6nce yerine getirmeniz gereken di\u011fer kriterlere tabi olabilece\u011finizi unutmay\u0131n. Deneyimli dan\u0131\u015fmanlar\u0131m\u0131zla ileti\u015fime ge\u00e7ebilir ve size Live-in Caregiver program\u0131 ile ilgili en g\u00fcncel bilgileri sa\u011flayabilirler. Di\u011fer gerekliliklerin yan\u0131 s\u0131ra, herhangi bir nedenle Kanada'ya kabul edilemez olmamal\u0131s\u0131n\u0131z. Kabul edilemezlik gerek\u00e7eleri, bunlarla s\u0131n\u0131rl\u0131 olmamak \u00fczere, g\u00fcvenlik, sa\u011fl\u0131k, cezai, insan haklar\u0131 ihlalleri ve \/ veya mali nedenleri i\u00e7erebilir.<\/p>\n<p>&nbsp;<\/p>\n<p>Halihaz\u0131rda LCP kapsam\u0131nda kalifiye olmak i\u00e7in gerekli e\u011fitim veya niteliklere sahip de\u011filseniz, \u015firketimiz ayr\u0131ca Kanada i\u00e7in bir \u00f6\u011frenim izni alman\u0131za yard\u0131mc\u0131 olabilir; - Bak\u0131c\u0131 Program\u0131nda ve Kanada'da \u00e7al\u0131\u015fmaya ba\u015flay\u0131n. Ayr\u0131ca, ofisimiz, bu program kapsam\u0131nda ba\u015fvurman\u0131z\u0131 ve bir bak\u0131c\u0131 olarak kalifiye olman\u0131z\u0131 sa\u011flayacak bir evde veya bak\u0131m merkezinde bir yerle\u015ftirme elde etmenize yard\u0131mc\u0131 olabilir.<\/p>\n<p>&nbsp;<\/p>\n<p>Durumunuz ne olursa olsun, deneyimli, kalifiye ve bilgili personelimiz, g\u00f6\u00e7menlik ihtiya\u00e7lar\u0131n\u0131z konusunda bilin\u00e7li bir karar verebilmeniz i\u00e7in ihtiyac\u0131n\u0131z olan t\u00fcm bilgileri size sa\u011flayacakt\u0131r. Kanada'ya daha erken g\u00f6\u00e7 edebilmeniz ve vard\u0131\u011f\u0131n\u0131zda \u00e7al\u0131\u015fmaya ba\u015flayabilmeniz i\u00e7in size en iyi rotay\u0131 \u00f6nerece\u011fiz. Kanada G\u00f6\u00e7menlik Hizmetleri, yeni ya\u015fam\u0131n\u0131za kolayl\u0131kla ve g\u00f6n\u00fcl rahatl\u0131\u011f\u0131yla ba\u015flayabilmeniz i\u00e7in Kanada'ya sorunsuz bir \u015fekilde ge\u00e7i\u015finizi kolayla\u015ft\u0131racak altyap\u0131ya sahiptir.<\/p>\n<p>&nbsp;<\/p>\n<p>Daha fazla bilgi edinmek veya bug\u00fcn ba\u015flamak i\u00e7in l\u00fctfen \u00e7evrimi\u00e7i ba\u015fvurumuzu doldurun.\u00a0<a href=\"https:\/\/www.canadaic.ca\/tr\/assessment-general\/\" target=\"_blank\" rel=\"noopener noreferrer\">buray\u0131 t\u0131klay\u0131n<\/a>.<\/p>\n\t\t<h4>Don&#8217;t Wait, Check Your Eligibility Today!<\/h4>\n\t\t\t\t\n\t\t\t<a href=\"https:\/\/www.canadaic.ca\/tr\/immigration-assessment-form\/\" target=\"_self\" role=\"button\" rel=\"noopener\">\n\t\t\t\t\t\t\t\t\t\t\tOnline De\u011ferlendirme Formu\n\t\t<\/a>","protected":false},"excerpt":{"rendered":"<p>Live-in Caregiver Program The Live-in Caregiver Program (LCP) is a great opportunity for personal support workers to find employment in Canada. \u00a0Live-in caregivers are individuals who reside in the private home of the person they are caring for. \u00a0To qualify under this category of immigration, the individual must be qualified to provide care for children, [&hellip;]<\/p>\n","protected":false},"author":2,"featured_media":0,"parent":0,"menu_order":0,"comment_status":"closed","ping_status":"closed","template":"","meta":{"_uag_custom_page_level_css":"","site-sidebar-layout":"no-sidebar","site-content-layout":"default","ast-site-content-layout":"default","site-content-style":"default","site-sidebar-style":"default","ast-global-header-display":"","ast-banner-title-visibility":"","ast-main-header-display":"","ast-hfb-above-header-display":"","ast-hfb-below-header-display":"","ast-hfb-mobile-header-display":"","site-post-title":"disabled","ast-breadcrumbs-content":"","ast-featured-img":"","footer-sml-layout":"","ast-disable-related-posts":"","theme-transparent-header-meta":"default","adv-header-id-meta":"","stick-header-meta":"","header-above-stick-meta":"","header-main-stick-meta":"","header-below-stick-meta":"","astra-migrate-meta-layouts":"default","ast-page-background-enabled":"default","ast-page-background-meta":{"desktop":{"background-color":"","background-image":"","background-repeat":"repeat","background-position":"center center","background-size":"auto","background-attachment":"scroll","background-type":"","background-media":"","overlay-type":"","overlay-color":"","overlay-opacity":"","overlay-gradient":""},"tablet":{"background-color":"","background-image":"","background-repeat":"repeat","background-position":"center center","background-size":"auto","background-attachment":"scroll","background-type":"","background-media":"","overlay-type":"","overlay-color":"","overlay-opacity":"","overlay-gradient":""},"mobile":{"background-color":"","background-image":"","background-repeat":"repeat","background-position":"center center","background-size":"auto","background-attachment":"scroll","background-type":"","background-media":"","overlay-type":"","overlay-color":"","overlay-opacity":"","overlay-gradient":""}},"ast-content-background-meta":{"desktop":{"background-color":"var(--ast-global-color-5)","background-image":"","background-repeat":"repeat","background-position":"center center","background-size":"auto","background-attachment":"scroll","background-type":"","background-media":"","overlay-type":"","overlay-color":"","overlay-opacity":"","overlay-gradient":""},"tablet":{"background-color":"var(--ast-global-color-5)","background-image":"","background-repeat":"repeat","background-position":"center center","background-size":"auto","background-attachment":"scroll","background-type":"","background-media":"","overlay-type":"","overlay-color":"","overlay-opacity":"","overlay-gradient":""},"mobile":{"background-color":"var(--ast-global-color-5)","background-image":"","background-repeat":"repeat","background-position":"center center","background-size":"auto","background-attachment":"scroll","background-type":"","background-media":"","overlay-type":"","overlay-color":"","overlay-opacity":"","overlay-gradient":""}},"footnotes":""},"class_list":["post-1323","page","type-page","status-publish","hentry"],"uagb_featured_image_src":{"full":false,"thumbnail":false,"medium":false,"medium_large":false,"large":false,"1536x1536":false,"2048x2048":false,"trp-custom-language-flag":false},"uagb_author_info":{"display_name":"atakhelicopter","author_link":"https:\/\/www.canadaic.ca\/tr\/author\/atakhelicopter\/"},"uagb_comment_info":0,"uagb_excerpt":"Live-in Caregiver Program The Live-in Caregiver Program (LCP) is a great opportunity for personal support workers to find employment in Canada. \u00a0Live-in caregivers are individuals who reside in the private home of the person they are caring for. \u00a0To qualify under this category of immigration, the individual must be qualified to provide care for children,&hellip;","_links":{"self":[{"href":"https:\/\/www.canadaic.ca\/tr\/wp-json\/wp\/v2\/pages\/1323","targetHints":{"allow":["GET"]}}],"collection":[{"href":"https:\/\/www.canadaic.ca\/tr\/wp-json\/wp\/v2\/pages"}],"about":[{"href":"https:\/\/www.canadaic.ca\/tr\/wp-json\/wp\/v2\/types\/page"}],"author":[{"embeddable":true,"href":"https:\/\/www.canadaic.ca\/tr\/wp-json\/wp\/v2\/users\/2"}],"replies":[{"embeddable":true,"href":"https:\/\/www.canadaic.ca\/tr\/wp-json\/wp\/v2\/comments?post=1323"}],"version-history":[{"count":8,"href":"https:\/\/www.canadaic.ca\/tr\/wp-json\/wp\/v2\/pages\/1323\/revisions"}],"predecessor-version":[{"id":3069,"href":"https:\/\/www.canadaic.ca\/tr\/wp-json\/wp\/v2\/pages\/1323\/revisions\/3069"}],"wp:attachment":[{"href":"https:\/\/www.canadaic.ca\/tr\/wp-json\/wp\/v2\/media?parent=1323"}],"curies":[{"name":"wp","href":"https:\/\/api.w.org\/{rel}","templated":true}]}}