{"id":1326,"date":"2020-06-28T15:17:31","date_gmt":"2020-06-28T19:17:31","guid":{"rendered":"https:\/\/www.canadaic.ca\/?page_id=1326"},"modified":"2021-05-07T14:33:20","modified_gmt":"2021-05-07T18:33:20","slug":"students-in-canada","status":"publish","type":"page","link":"https:\/\/www.canadaic.ca\/tr\/students-in-canada\/","title":{"rendered":"Uluslararas\u0131 \u00d6\u011frenciler"},"content":{"rendered":"<blockquote>\n<h3><img decoding=\"async\" data-src=\"https:\/\/www.canadaic.ca\/wp-content\/uploads\/2020\/06\/entrepreneur-2326419_1920-1024x683.jpg\" alt=\"\" width=\"1024\" height=\"683\" src=\"data:image\/svg+xml;base64,PHN2ZyB3aWR0aD0iMSIgaGVpZ2h0PSIxIiB4bWxucz0iaHR0cDovL3d3dy53My5vcmcvMjAwMC9zdmciPjwvc3ZnPg==\" class=\"lazyload\" style=\"--smush-placeholder-width: 1024px; --smush-placeholder-aspect-ratio: 1024\/683;\" \/><\/h3>\n<\/blockquote>\n<h3><strong>Uluslararas\u0131 \u00d6\u011frenciler<\/strong><\/h3>\n<p>\u015eu anda Kanada'daki bir e\u011fitim kurumuna kay\u0131tl\u0131 bir \u00f6\u011frenciyseniz, Kanada'da \u00e7al\u0131\u015fma izni olmadan \u00e7al\u0131\u015fmaya uygun olabilirsiniz. A\u015fa\u011f\u0131daki durumlarda \u00e7al\u0131\u015fma izni olmadan e\u011fitim ald\u0131\u011f\u0131n\u0131z kurumun kamp\u00fcs\u00fcnde \u00e7al\u0131\u015fmaya uygun olabilirsiniz:<\/p>\n<p>&nbsp;<\/p>\n<ol>\n<li>Bir orta\u00f6\u011fretim sonras\u0131 kurumda, \u00f6zel bir orta \u00f6\u011fretim kurumunda veya eyalet t\u00fcz\u00fc\u011f\u00fc taraf\u0131ndan derece vermek \u00fczere yetkilendirilmi\u015f bir Kanada \u00f6zel kurumunda tam zamanl\u0131 bir \u00f6\u011frenciyseniz ve;<\/li>\n<li>Ge\u00e7erli bir \u00e7al\u0131\u015fma izniniz var<\/li>\n<\/ol>\n<p>&nbsp;<\/p>\n<p>Yukar\u0131daki ko\u015fullar\u0131 kar\u015f\u0131l\u0131yorsan\u0131z, kay\u0131tl\u0131 oldu\u011funuz kurumun kamp\u00fcs\u00fcnde \u00e7al\u0131\u015fmak i\u00e7in \u00e7al\u0131\u015fma izni alman\u0131z gerekmeyecektir. Toronto g\u00f6\u00e7menlik dan\u0131\u015fmanlar\u0131m\u0131z, durumunuzu dikkatlice de\u011ferlendirmek ve durumunuzla ilgili tavsiyelerde bulunmak i\u00e7in size \u00fccretsiz bir dan\u0131\u015fmanl\u0131k sa\u011flayabilir.<\/p>\n<p>&nbsp;<\/p>\n<p>Yukar\u0131daki gereksinimleri kar\u015f\u0131lamasan\u0131z bile, \u00e7al\u0131\u015fma izni alabilir ve Kanada'da \u00f6\u011frenciyken \u00e7al\u0131\u015fabilirsiniz. Kanada'da okurken \u00e7al\u0131\u015fma izni alabilmeniz i\u00e7in yerine getirilmesi gereken baz\u0131 \u015fartlar vard\u0131r. Toronto g\u00f6\u00e7menlik dan\u0131\u015fmanlar\u0131m\u0131z, okurken Kanada'da yasal olarak \u00e7al\u0131\u015fabilmeniz i\u00e7in ihtiyac\u0131n\u0131z olan gerekli g\u00f6\u00e7menlik belgelerini alman\u0131za yard\u0131mc\u0131 olabilir. Bunu yaparak, e\u011fitim m\u00fcfredat\u0131n\u0131z\u0131 tamamlad\u0131ktan sonra Kanada'da tam zamanl\u0131 i\u015flere ba\u015fvurmaya karar verirseniz, de\u011ferli bir i\u015f deneyimi kazanabilirsiniz.<\/p>\n\t\t<h4>Size yard\u0131mc\u0131 olabiliriz!<\/h4>\n\t\t\t\t<h5>G\u00f6\u00e7menlik davan\u0131zla ilgilenecek g\u00fcvenilir g\u00f6\u00e7menlik dan\u0131\u015fmanlar\u0131 m\u0131 ar\u0131yorsunuz? Sertifikal\u0131 ve bilgili G\u00f6\u00e7menlik Dan\u0131\u015fman\u0131m\u0131z Toronto uzmanlar\u0131m\u0131z, davan\u0131z hakk\u0131nda olumlu bir karar alman\u0131za yard\u0131mc\u0131 olabilir!<\/h5>\n\t\t\t<a href=\"https:\/\/www.canadaic.ca\/tr\/student-assessment-form\/\" target=\"_self\" role=\"button\" rel=\"noopener\">\n\t\t\t\t\t\t\t\t\t\t\tOnline De\u011ferlendirme Formu\n\t\t<\/a>","protected":false},"excerpt":{"rendered":"<p>International Students If you are a student that is currently enrolled in an educational institution in Canada, you may be eligible to work in Canada without a study permit. You may be eligible to work on the campus of the institution that you are studying at without a work permit if: &nbsp; You are a [&hellip;]<\/p>\n","protected":false},"author":2,"featured_media":0,"parent":0,"menu_order":0,"comment_status":"closed","ping_status":"closed","template":"","meta":{"_uag_custom_page_level_css":"","site-sidebar-layout":"no-sidebar","site-content-layout":"default","ast-site-content-layout":"default","site-content-style":"default","site-sidebar-style":"default","ast-global-header-display":"","ast-banner-title-visibility":"","ast-main-header-display":"","ast-hfb-above-header-display":"","ast-hfb-below-header-display":"","ast-hfb-mobile-header-display":"","site-post-title":"disabled","ast-breadcrumbs-content":"","ast-featured-img":"","footer-sml-layout":"","ast-disable-related-posts":"","theme-transparent-header-meta":"default","adv-header-id-meta":"","stick-header-meta":"","header-above-stick-meta":"","header-main-stick-meta":"","header-below-stick-meta":"","astra-migrate-meta-layouts":"default","ast-page-background-enabled":"default","ast-page-background-meta":{"desktop":{"background-color":"","background-image":"","background-repeat":"repeat","background-position":"center center","background-size":"auto","background-attachment":"scroll","background-type":"","background-media":"","overlay-type":"","overlay-color":"","overlay-opacity":"","overlay-gradient":""},"tablet":{"background-color":"","background-image":"","background-repeat":"repeat","background-position":"center center","background-size":"auto","background-attachment":"scroll","background-type":"","background-media":"","overlay-type":"","overlay-color":"","overlay-opacity":"","overlay-gradient":""},"mobile":{"background-color":"","background-image":"","background-repeat":"repeat","background-position":"center center","background-size":"auto","background-attachment":"scroll","background-type":"","background-media":"","overlay-type":"","overlay-color":"","overlay-opacity":"","overlay-gradient":""}},"ast-content-background-meta":{"desktop":{"background-color":"var(--ast-global-color-5)","background-image":"","background-repeat":"repeat","background-position":"center center","background-size":"auto","background-attachment":"scroll","background-type":"","background-media":"","overlay-type":"","overlay-color":"","overlay-opacity":"","overlay-gradient":""},"tablet":{"background-color":"var(--ast-global-color-5)","background-image":"","background-repeat":"repeat","background-position":"center center","background-size":"auto","background-attachment":"scroll","background-type":"","background-media":"","overlay-type":"","overlay-color":"","overlay-opacity":"","overlay-gradient":""},"mobile":{"background-color":"var(--ast-global-color-5)","background-image":"","background-repeat":"repeat","background-position":"center center","background-size":"auto","background-attachment":"scroll","background-type":"","background-media":"","overlay-type":"","overlay-color":"","overlay-opacity":"","overlay-gradient":""}},"footnotes":""},"class_list":["post-1326","page","type-page","status-publish","hentry"],"uagb_featured_image_src":{"full":false,"thumbnail":false,"medium":false,"medium_large":false,"large":false,"1536x1536":false,"2048x2048":false,"trp-custom-language-flag":false},"uagb_author_info":{"display_name":"atakhelicopter","author_link":"https:\/\/www.canadaic.ca\/tr\/author\/atakhelicopter\/"},"uagb_comment_info":0,"uagb_excerpt":"International Students If you are a student that is currently enrolled in an educational institution in Canada, you may be eligible to work in Canada without a study permit. You may be eligible to work on the campus of the institution that you are studying at without a work permit if: &nbsp; You are a&hellip;","_links":{"self":[{"href":"https:\/\/www.canadaic.ca\/tr\/wp-json\/wp\/v2\/pages\/1326","targetHints":{"allow":["GET"]}}],"collection":[{"href":"https:\/\/www.canadaic.ca\/tr\/wp-json\/wp\/v2\/pages"}],"about":[{"href":"https:\/\/www.canadaic.ca\/tr\/wp-json\/wp\/v2\/types\/page"}],"author":[{"embeddable":true,"href":"https:\/\/www.canadaic.ca\/tr\/wp-json\/wp\/v2\/users\/2"}],"replies":[{"embeddable":true,"href":"https:\/\/www.canadaic.ca\/tr\/wp-json\/wp\/v2\/comments?post=1326"}],"version-history":[{"count":12,"href":"https:\/\/www.canadaic.ca\/tr\/wp-json\/wp\/v2\/pages\/1326\/revisions"}],"predecessor-version":[{"id":3066,"href":"https:\/\/www.canadaic.ca\/tr\/wp-json\/wp\/v2\/pages\/1326\/revisions\/3066"}],"wp:attachment":[{"href":"https:\/\/www.canadaic.ca\/tr\/wp-json\/wp\/v2\/media?parent=1326"}],"curies":[{"name":"wp","href":"https:\/\/api.w.org\/{rel}","templated":true}]}}