{"id":1331,"date":"2020-06-28T15:27:21","date_gmt":"2020-06-28T19:27:21","guid":{"rendered":"https:\/\/www.canadaic.ca\/?page_id=1331"},"modified":"2021-05-07T14:34:13","modified_gmt":"2021-05-07T18:34:13","slug":"permanent-workers","status":"publish","type":"page","link":"https:\/\/www.canadaic.ca\/tr\/permanent-workers\/","title":{"rendered":"Daimi \u00c7al\u0131\u015fanlar"},"content":{"rendered":"<blockquote>\n<h3><img decoding=\"async\" data-src=\"https:\/\/www.canadaic.ca\/wp-content\/uploads\/2020\/06\/anesthesia-4677401_1920-1024x683.jpg\" alt=\"\" width=\"1024\" height=\"683\" src=\"data:image\/svg+xml;base64,PHN2ZyB3aWR0aD0iMSIgaGVpZ2h0PSIxIiB4bWxucz0iaHR0cDovL3d3dy53My5vcmcvMjAwMC9zdmciPjwvc3ZnPg==\" class=\"lazyload\" style=\"--smush-placeholder-width: 1024px; --smush-placeholder-aspect-ratio: 1024\/683;\" \/><\/h3>\n<\/blockquote>\n<h3>Daimi \u00c7al\u0131\u015fanlar<\/h3>\n<p>Bu program, Federal Nitelikli \u0130\u015f\u00e7i Program\u0131 (FSWP) kategorisi alt\u0131nda se\u00e7ilen ki\u015filer i\u00e7indir. Bu kategori alt\u0131ndaki ba\u015far\u0131l\u0131 adaylar, \u00f6ncelikle Kanada toplumuna iyi entegre olma ve ekonomimize anlaml\u0131 bir katk\u0131 sa\u011flama becerisini g\u00f6sterirler. Mesle\u011finizde iyi performans g\u00f6sterecek beceri ve bilgiye sahipseniz ve Kanada'ya kolayl\u0131kla yerle\u015febilece\u011finizi g\u00f6sterebiliyorsan\u0131z, bu, alt\u0131nda ba\u015fvurman\u0131z gereken g\u00f6\u00e7menlik kategorisidir. Bunun Kanada'ya gelmeniz i\u00e7in do\u011fru yol olup olmad\u0131\u011f\u0131ndan emin de\u011filseniz, Toronto g\u00f6\u00e7menlik dan\u0131\u015fmanlar\u0131m\u0131zdan biriyle konu\u015fabilirsiniz ve uygun olman\u0131z i\u00e7in tam olarak neyin gerekli oldu\u011funun fark\u0131nda olman\u0131z i\u00e7in size rehberlik edebiliriz. Kanada'ya Federal Kalifiye \u0130\u015f\u00e7i olarak gelmek.<\/p>\n<p>&nbsp;<\/p>\n<p>Recently, there have been improvements to the Federal Skilled Worker Program with regards to the point system that is used to evaluate potential applicants. \u00a0Based on extensive research conducted by the government and a thorough program evaluation, the FSWP has been re structured to meet the ever changing climate of Canada&#8217;s economy and long term prosperity. \u00a0Not only have these changes improved Canada&#8217;s ability to differentiate between potential immigrants that are better suited to work here, but the new changes also ensure that these immigrants will also be better positioned for success. \u00a0As a result, this new program will help adapt to Canada&#8217;s changing labour market needs and help fill the gaps left by the natural labour market in Canada, without placing a burden on our society. \u00a0There are a number of different criteria that are measured to evaluate your eligibility. \u00a0Below is a list of the basic requirements to qualify under the FSWP.<\/p>\n<p>&nbsp;<\/p>\n<p>TEMEL GEREKS\u0130N\u0130MLER<\/p>\n<ul>\n<li>Bir y\u0131l s\u00fcrekli i\u015f deneyimi<\/li>\n<li>Minimum dil gereksinimini kar\u015f\u0131lamal\u0131s\u0131n\u0131z<\/li>\n<li>Minimum e\u011fitim gereksinimini kar\u015f\u0131lamal\u0131s\u0131n\u0131z<\/li>\n<li>Kalifiye i\u015f\u00e7i puanlar\u0131 tablosundaki alt\u0131 se\u00e7im fakt\u00f6r\u00fcne dayanarak minimum puan\u0131 almal\u0131s\u0131n\u0131z<\/li>\n<li>Kanada'ya vard\u0131\u011f\u0131n\u0131zda kendinizi ve ailenizi desteklemek i\u00e7in mevcut fonlar\u0131n kan\u0131t\u0131n\u0131 sunmal\u0131s\u0131n\u0131z<\/li>\n<li>Herhangi bir nedenle (ceza, sa\u011fl\u0131k, kamu g\u00fcvenli\u011fi vb.) Kabul edilemez olmamal\u0131s\u0131n\u0131z.<\/li>\n<\/ul>\n<p>These are the basic requirements against which you will be assessed to determine if you will be an eligible candidate for the Federal Skilled Worker Program in Canada. \u00a0The new changes that have been implemented to the FSWP will ensure that only those individuals that will be able to integrate rapidly and successfully in to Canada&#8217;s economy are selected. \u00a0This will also benefit successful applicants as they will have an easier time adjusting to Canadian society and being productive workers in the labour force.<\/p>\n<p>&nbsp;<\/p>\n<p>Our Toronto immigration consultants can help you come to Canada under the Federal Skilled Worker Program sooner and can pre qualify you before even applying to ensure that you application is successful and that you are ready to start your new life in Canada with your family. \u00a0Canada&#8217;s immigration in Toronto, Ontario is especially diverse and geared towards the hard working immigrants that arrive each year so that you can live a prosperous life in Canada with your family.<\/p>\n<p>&nbsp;<\/p>\n<p>Dan\u0131\u015fmanl\u0131k ve de\u011ferlendirme almak i\u00e7in l\u00fctfen\u00a0<a href=\"https:\/\/www.canadaic.ca\/tr\/assessment-general\/\" target=\"_blank\" rel=\"noopener noreferrer\">devam etmek i\u00e7in buraya t\u0131klay\u0131n ve<\/a>\u00a0,\u00a0<a href=\"https:\/\/www.canadaic.ca\/tr\/assessment-general\/\" target=\"_blank\" rel=\"noopener noreferrer\">online ba\u015fvurun<\/a>\u00a0\u015fimdi ve ba\u015flay\u0131n.<\/p>\n\t\t<h4>Don&#8217;t Wait, Check Your Eligibility Today!<\/h4>\n\t\t\t\t\n\t\t\t<a href=\"https:\/\/www.canadaic.ca\/tr\/immigration-assessment-form\/\" target=\"_self\" role=\"button\" rel=\"noopener\">\n\t\t\t\t\t\t\t\t\t\t\tOnline De\u011ferlendirme Formu\n\t\t<\/a>","protected":false},"excerpt":{"rendered":"<p>Permanent Workers This program is for those individuals that are selected under the Federal Skilled Workers Program (FSWP) category. \u00a0Successful candidates under this category primarily demonstrate the ability integrate well into Canadian society and make a meaningful contribution to our economy. \u00a0If you have the skills and knowledge to perform well at your occupation and [&hellip;]<\/p>\n","protected":false},"author":2,"featured_media":0,"parent":0,"menu_order":0,"comment_status":"closed","ping_status":"closed","template":"","meta":{"_uag_custom_page_level_css":"","site-sidebar-layout":"no-sidebar","site-content-layout":"default","ast-site-content-layout":"default","site-content-style":"default","site-sidebar-style":"default","ast-global-header-display":"","ast-banner-title-visibility":"","ast-main-header-display":"","ast-hfb-above-header-display":"","ast-hfb-below-header-display":"","ast-hfb-mobile-header-display":"","site-post-title":"disabled","ast-breadcrumbs-content":"","ast-featured-img":"","footer-sml-layout":"","ast-disable-related-posts":"","theme-transparent-header-meta":"default","adv-header-id-meta":"","stick-header-meta":"","header-above-stick-meta":"","header-main-stick-meta":"","header-below-stick-meta":"","astra-migrate-meta-layouts":"default","ast-page-background-enabled":"default","ast-page-background-meta":{"desktop":{"background-color":"","background-image":"","background-repeat":"repeat","background-position":"center center","background-size":"auto","background-attachment":"scroll","background-type":"","background-media":"","overlay-type":"","overlay-color":"","overlay-opacity":"","overlay-gradient":""},"tablet":{"background-color":"","background-image":"","background-repeat":"repeat","background-position":"center center","background-size":"auto","background-attachment":"scroll","background-type":"","background-media":"","overlay-type":"","overlay-color":"","overlay-opacity":"","overlay-gradient":""},"mobile":{"background-color":"","background-image":"","background-repeat":"repeat","background-position":"center center","background-size":"auto","background-attachment":"scroll","background-type":"","background-media":"","overlay-type":"","overlay-color":"","overlay-opacity":"","overlay-gradient":""}},"ast-content-background-meta":{"desktop":{"background-color":"var(--ast-global-color-5)","background-image":"","background-repeat":"repeat","background-position":"center center","background-size":"auto","background-attachment":"scroll","background-type":"","background-media":"","overlay-type":"","overlay-color":"","overlay-opacity":"","overlay-gradient":""},"tablet":{"background-color":"var(--ast-global-color-5)","background-image":"","background-repeat":"repeat","background-position":"center center","background-size":"auto","background-attachment":"scroll","background-type":"","background-media":"","overlay-type":"","overlay-color":"","overlay-opacity":"","overlay-gradient":""},"mobile":{"background-color":"var(--ast-global-color-5)","background-image":"","background-repeat":"repeat","background-position":"center center","background-size":"auto","background-attachment":"scroll","background-type":"","background-media":"","overlay-type":"","overlay-color":"","overlay-opacity":"","overlay-gradient":""}},"footnotes":""},"class_list":["post-1331","page","type-page","status-publish","hentry"],"uagb_featured_image_src":{"full":false,"thumbnail":false,"medium":false,"medium_large":false,"large":false,"1536x1536":false,"2048x2048":false,"trp-custom-language-flag":false},"uagb_author_info":{"display_name":"atakhelicopter","author_link":"https:\/\/www.canadaic.ca\/tr\/author\/atakhelicopter\/"},"uagb_comment_info":0,"uagb_excerpt":"Permanent Workers This program is for those individuals that are selected under the Federal Skilled Workers Program (FSWP) category. \u00a0Successful candidates under this category primarily demonstrate the ability integrate well into Canadian society and make a meaningful contribution to our economy. \u00a0If you have the skills and knowledge to perform well at your occupation and&hellip;","_links":{"self":[{"href":"https:\/\/www.canadaic.ca\/tr\/wp-json\/wp\/v2\/pages\/1331","targetHints":{"allow":["GET"]}}],"collection":[{"href":"https:\/\/www.canadaic.ca\/tr\/wp-json\/wp\/v2\/pages"}],"about":[{"href":"https:\/\/www.canadaic.ca\/tr\/wp-json\/wp\/v2\/types\/page"}],"author":[{"embeddable":true,"href":"https:\/\/www.canadaic.ca\/tr\/wp-json\/wp\/v2\/users\/2"}],"replies":[{"embeddable":true,"href":"https:\/\/www.canadaic.ca\/tr\/wp-json\/wp\/v2\/comments?post=1331"}],"version-history":[{"count":8,"href":"https:\/\/www.canadaic.ca\/tr\/wp-json\/wp\/v2\/pages\/1331\/revisions"}],"predecessor-version":[{"id":3068,"href":"https:\/\/www.canadaic.ca\/tr\/wp-json\/wp\/v2\/pages\/1331\/revisions\/3068"}],"wp:attachment":[{"href":"https:\/\/www.canadaic.ca\/tr\/wp-json\/wp\/v2\/media?parent=1331"}],"curies":[{"name":"wp","href":"https:\/\/api.w.org\/{rel}","templated":true}]}}