{"id":1706,"date":"2020-10-12T20:56:15","date_gmt":"2020-10-13T00:56:15","guid":{"rendered":"https:\/\/www.canadaic.ca\/?page_id=1706"},"modified":"2023-11-28T18:19:16","modified_gmt":"2023-11-28T23:19:16","slug":"thank-you-for-booking","status":"publish","type":"page","link":"https:\/\/www.canadaic.ca\/tr\/thank-you-for-booking\/","title":{"rendered":"Thank you for booking"},"content":{"rendered":"<h4>Ba\u015far\u0131!<\/h4><h3>Kanada'ya G\u00f6\u00e7menlik \u0130\u00e7in Bizi Se\u00e7ti\u011finizden Dolay\u0131 Te\u015fekk\u00fcr Ederiz<\/h3>\t\t\t\n\t\t\t\t<p>You will receive a confirmation email shortly! Please don&#8217;t hesitate to contact me If you have any questions.\u00a0<\/p>\n<p>I look forward to our meeting! \u00a0Bedir Ozdemir &#8211;\u00a0RCIC\/Founder<\/p>\n<p>E-posta: bedir@canadaic.ca veya acil durumlarda Telefon ile ula\u015fabilirsiniz: (+1647-7650404)<\/p>\n<h3>\u00a0<\/h3>\n<h3><strong>Sonraki Ad\u0131mlar Nelerdir?<\/strong><\/h3>\n\t<p>\u00a0 \u00a0 \u00a0 \u00a0 \u00a0 \u00a0 (Online randevu link)   -       (Zoom(video) randevusu)     -        (Ba\u015fvurunuz\/Kanada'ya yolculugunuz ba\u015flad\u0131!)<\/p>\n\t\t<h4>Anasayfaya d\u00f6n<\/h4>\n\t\t\t<a href=\"https:\/\/www.canadaic.ca\/tr\/\" target=\"_self\" role=\"button\" aria-label=\"Buraya T\u0131klayin\u0131z\" rel=\"noopener\">\n\t\t\t\t\t\t\t\t\t\t\tBuraya T\u0131klayin\u0131z\n\t\t<\/a>","protected":false},"excerpt":{"rendered":"<p>Success! Thank You for Choosing Us for Your Canadian Immigration You will receive a confirmation email shortly! Please don&#8217;t hesitate to contact me If you have any questions.\u00a0 I look forward to our meeting! \u00a0Bedir Ozdemir &#8211;\u00a0RCIC\/Founder Email: bedir@canadaic.ca or by Phone: (+1647-7650404) \u00a0 What Is Next? \u00a0 \u00a0 \u00a0 \u00a0 \u00a0 \u00a0 Online appointment [&hellip;]<\/p>\n","protected":false},"author":2,"featured_media":0,"parent":0,"menu_order":0,"comment_status":"closed","ping_status":"closed","template":"","meta":{"_uag_custom_page_level_css":"","site-sidebar-layout":"no-sidebar","site-content-layout":"default","ast-site-content-layout":"default","site-content-style":"default","site-sidebar-style":"default","ast-global-header-display":"","ast-banner-title-visibility":"","ast-main-header-display":"","ast-hfb-above-header-display":"","ast-hfb-below-header-display":"","ast-hfb-mobile-header-display":"","site-post-title":"disabled","ast-breadcrumbs-content":"","ast-featured-img":"","footer-sml-layout":"","ast-disable-related-posts":"","theme-transparent-header-meta":"disabled","adv-header-id-meta":"","stick-header-meta":"","header-above-stick-meta":"","header-main-stick-meta":"","header-below-stick-meta":"","astra-migrate-meta-layouts":"default","ast-page-background-enabled":"default","ast-page-background-meta":{"desktop":{"background-color":"","background-image":"","background-repeat":"repeat","background-position":"center center","background-size":"auto","background-attachment":"scroll","background-type":"","background-media":"","overlay-type":"","overlay-color":"","overlay-opacity":"","overlay-gradient":""},"tablet":{"background-color":"","background-image":"","background-repeat":"repeat","background-position":"center center","background-size":"auto","background-attachment":"scroll","background-type":"","background-media":"","overlay-type":"","overlay-color":"","overlay-opacity":"","overlay-gradient":""},"mobile":{"background-color":"","background-image":"","background-repeat":"repeat","background-position":"center center","background-size":"auto","background-attachment":"scroll","background-type":"","background-media":"","overlay-type":"","overlay-color":"","overlay-opacity":"","overlay-gradient":""}},"ast-content-background-meta":{"desktop":{"background-color":"var(--ast-global-color-5)","background-image":"","background-repeat":"repeat","background-position":"center center","background-size":"auto","background-attachment":"scroll","background-type":"","background-media":"","overlay-type":"","overlay-color":"","overlay-opacity":"","overlay-gradient":""},"tablet":{"background-color":"var(--ast-global-color-5)","background-image":"","background-repeat":"repeat","background-position":"center center","background-size":"auto","background-attachment":"scroll","background-type":"","background-media":"","overlay-type":"","overlay-color":"","overlay-opacity":"","overlay-gradient":""},"mobile":{"background-color":"var(--ast-global-color-5)","background-image":"","background-repeat":"repeat","background-position":"center center","background-size":"auto","background-attachment":"scroll","background-type":"","background-media":"","overlay-type":"","overlay-color":"","overlay-opacity":"","overlay-gradient":""}},"footnotes":""},"class_list":["post-1706","page","type-page","status-publish","hentry"],"uagb_featured_image_src":{"full":false,"thumbnail":false,"medium":false,"medium_large":false,"large":false,"1536x1536":false,"2048x2048":false,"trp-custom-language-flag":false},"uagb_author_info":{"display_name":"atakhelicopter","author_link":"https:\/\/www.canadaic.ca\/tr\/author\/atakhelicopter\/"},"uagb_comment_info":0,"uagb_excerpt":"Success! Thank You for Choosing Us for Your Canadian Immigration You will receive a confirmation email shortly! Please don&#8217;t hesitate to contact me If you have any questions.\u00a0 I look forward to our meeting! \u00a0Bedir Ozdemir &#8211;\u00a0RCIC\/Founder Email: bedir@canadaic.ca or by Phone: (+1647-7650404) \u00a0 What Is Next? \u00a0 \u00a0 \u00a0 \u00a0 \u00a0 \u00a0 Online appointment&hellip;","_links":{"self":[{"href":"https:\/\/www.canadaic.ca\/tr\/wp-json\/wp\/v2\/pages\/1706","targetHints":{"allow":["GET"]}}],"collection":[{"href":"https:\/\/www.canadaic.ca\/tr\/wp-json\/wp\/v2\/pages"}],"about":[{"href":"https:\/\/www.canadaic.ca\/tr\/wp-json\/wp\/v2\/types\/page"}],"author":[{"embeddable":true,"href":"https:\/\/www.canadaic.ca\/tr\/wp-json\/wp\/v2\/users\/2"}],"replies":[{"embeddable":true,"href":"https:\/\/www.canadaic.ca\/tr\/wp-json\/wp\/v2\/comments?post=1706"}],"version-history":[{"count":23,"href":"https:\/\/www.canadaic.ca\/tr\/wp-json\/wp\/v2\/pages\/1706\/revisions"}],"predecessor-version":[{"id":6138,"href":"https:\/\/www.canadaic.ca\/tr\/wp-json\/wp\/v2\/pages\/1706\/revisions\/6138"}],"wp:attachment":[{"href":"https:\/\/www.canadaic.ca\/tr\/wp-json\/wp\/v2\/media?parent=1706"}],"curies":[{"name":"wp","href":"https:\/\/api.w.org\/{rel}","templated":true}]}}