{"id":2327,"date":"2020-12-19T19:47:58","date_gmt":"2020-12-20T00:47:58","guid":{"rendered":"https:\/\/www.canadaic.ca\/?page_id=2327"},"modified":"2022-11-20T18:07:37","modified_gmt":"2022-11-20T23:07:37","slug":"canada-sets-amazing-new-plans-for-immigrations","status":"publish","type":"page","link":"https:\/\/www.canadaic.ca\/tr\/canada-sets-amazing-new-plans-for-immigrations\/","title":{"rendered":"Canada Sets Amazing New Plans for Immigrations"},"content":{"rendered":"<h1>Kanada y\u0131lda 485.000-500.000 g\u00f6\u00e7men getirmeyi hedefliyor<\/h1>\n\t\t\t\t<img decoding=\"async\" data-src=\"https:\/\/www.canadaic.ca\/wp-content\/uploads\/2021\/04\/IMG_7188-scaled.jpg\" alt=\"IMG_7188\" title=\"IMG_7188\" itemprop=\"image\" src=\"data:image\/svg+xml;base64,PHN2ZyB3aWR0aD0iMSIgaGVpZ2h0PSIxIiB4bWxucz0iaHR0cDovL3d3dy53My5vcmcvMjAwMC9zdmciPjwvc3ZnPg==\" class=\"lazyload\" style=\"--smush-placeholder-width: 1200px; --smush-placeholder-aspect-ratio: 1200\/900;\" \/>\n\t\t\t<h2>Kanada neden 3 y\u0131lda 1,2 milyon g\u00f6\u00e7meni kabul etmeyi hedefliyor?<\/h2><h6>B. Ozdemir &#8211; 01 Nov, 2022 <\/h6>\n\t\t\t\t<p>Last year Canada welcomed over 405,000 newcomers &#8211; the most we&#8217;ve ever welcomed in a single year. The Government is continuing that ambition by setting targets in the new levels plan of 465,000 permanent residents in 2023, 485,000 in 2024 and 500,000 in 2025. The plan also brings an increased focus on attracting newcomers to different regions of the country, including small towns and rural communities.<\/p>\n<p>Koronavir\u00fcs bildi\u011fimiz \u015fekliyle hayat\u0131 ve g\u00f6\u00e7\u00fc etkiledi. K\u00fcresel ekonomiler \u00e7\u00f6kerken, korku b\u00fcy\u00fcd\u00fc ve ba\u015flang\u0131\u00e7ta g\u00f6\u00e7 yava\u015flad\u0131. Kanada benzer sorunlarla bo\u011fu\u015fsa da, bu sureci \u00e7o\u011fundan daha iyi gecirdi.\u00a0<\/p>\n<p>Canada looks to avoid the mistakes made countries made in previous recessions by &#8220;tightening the belt&#8221;. It has announced the largest economic stimulus plan since WW2 for post Covid economy recovery. And it doesn&#8217;t stop there.<\/p>\n<p>Only in few weeks ago, Canada has announced it&#8217;s newly ambitious immigration plan for the years 2021-2023. And the numbers are record breaking.<\/p>\n<p>\u00d6n\u00fcm\u00fczdeki \u00fc\u00e7 y\u0131l i\u00e7inde, Kanada a\u015fa\u011f\u0131daki yeni daimi ikametgah d\u00fczeylerini kar\u015f\u0131lamay\u0131 hedefleyecektir:<\/p>\n<ul>\n<li><strong>2021:\u00a0<\/strong>401.000 g\u00f6\u00e7men<\/li>\n<li><strong>2022:\u00a0<\/strong>411.000 g\u00f6\u00e7men<\/li>\n<li><strong>2023:\u00a0<\/strong>485.000 g\u00f6\u00e7men<\/li>\n<li><strong>2024:\u00a0<\/strong>500.000 g\u00f6\u00e7men<\/li>\n<\/ul>\n<p>Kanada'n\u0131n bir y\u0131lda 400.000'den fazla g\u00f6\u00e7meni kar\u015f\u0131lad\u0131\u011f\u0131 tek zaman, 1914'de 401.000 yeni gelen kabul etmi\u015fti. Bir daha asla bu rakama yakla\u015fmad\u0131.<\/p>\n<p>2021-2023 G\u00f6\u00e7menlik Seviyeleri Plan\u0131, Ekspres Giri\u015f ve \u0130l Aday Program\u0131 da dahil olmak \u00fczere ekonomik s\u0131n\u0131f programlar\u0131 kapsam\u0131nda t\u00fcm g\u00f6\u00e7menlerin yakla\u015f\u0131k y\u00fczde 60'\u0131n\u0131 kar\u015f\u0131lamay\u0131 ama\u00e7lamaktad\u0131r.<\/p>\n<p>Covid nedeniyle Kanada, s\u0131n\u0131rlar\u0131n\u0131 yaln\u0131zca temel seyahatlere izin verecek \u015fekilde k\u0131s\u0131tlamak zorunda kald\u0131. Ve son zamanlarda, \u00f6\u011frencilerin okullar\u0131na d\u00f6nd\u00fcklerini g\u00f6rd\u00fc ve Kanada'da \u00f6n\u00fcm\u00fczdeki aylarda ekonomi ve g\u00f6\u00e7 konusunda h\u00fck\u00fcmetten umut verici i\u015faretler ve destek var.<\/p>\n<p>Amongst the developed economies, Canada has been strong, innovative and leading the way in avoiding the mistakes made in previous recessions, where &#8220;tightening of the belt methods&#8221; were incorrectly implemented resulting in economic decline globally.\u00a0<\/p>\n<p>A\u015f\u0131n\u0131n geli\u015fiyle birlikte i\u015fler umut verici g\u00f6r\u00fcn\u00fcyor. Ve siz ve aileniz Kanada'y\u0131 se\u00e7eneklerinizden biri olarak g\u00f6r\u00fcyorsan\u0131z, \u015fimdi harika bir zaman.\u00a0<\/p>\n<h2>\u00a0<\/h2>\n<h2>H\u0131zl\u0131 ger\u00e7ekler<\/h2>\n<ul>\n<li>\n<p>Seviye plan\u0131, belirli bir y\u0131lda Kanada'ya ka\u00e7 tane daimi sakinin kabul edilece\u011finin bir tahminidir ve g\u00f6\u00e7menlik kategorisi ba\u015f\u0131na genel kabul i\u00e7in hedefler belirler. G\u00f6\u00e7menlik ve M\u00fclteci Koruma Yasas\u0131 uyar\u0131nca, Bakan her y\u0131l Parlamentoda seviye plan\u0131n\u0131 masaya yat\u0131rmal\u0131d\u0131r. \u00a0<\/p>\n<\/li>\n<li>\n<p>Immigration accounts for almost 100% of Canada&#8217;s labour force growth, and, by 2032, it&#8217;s projected to account for 100% of Canada&#8217;s population growth.\u00a0<\/p>\n<\/li>\n<li>\n<p>Canada&#8217;s aging population means that the worker-to-retiree ratio is expected to shift from 7 to 1 50\u00a0years ago to 2 to 1 by 2035.<\/p>\n<\/li>\n<li>\n<p>2021 N\u00fcfus Say\u0131m\u0131 s\u0131ras\u0131nda, say\u0131lan yakla\u015f\u0131k 4\u00a0ki\u015fiden 1'i Kanada'da toprak sahibi g\u00f6\u00e7men veya daimi ikametgah sahibiydi veya olmu\u015ftu; bu, Konfederasyondan bu yana en y\u00fcksek oran ve G7 \u00fclkeleri aras\u0131nda en b\u00fcy\u00fck oran.<\/p>\n<\/li>\n<li>\n<p>2016'dan 2021'e kadar 1,3 milyonun biraz \u00fczerinde yeni g\u00f6\u00e7men Kanada'ya kal\u0131c\u0131 olarak yerle\u015fti; bu, bir Kanada n\u00fcfus say\u0131m\u0131nda kaydedilen en y\u00fcksek yeni g\u00f6\u00e7men say\u0131s\u0131d\u0131r.<\/p>\n<\/li>\n<li>\n<p>D\u00fczey plan\u0131, il ve b\u00f6lge temsilcilerinin yan\u0131 s\u0131ra kamuoyu ara\u015ft\u0131rmas\u0131 ve payda\u015f isti\u015fareleriyle kapsaml\u0131 kat\u0131l\u0131m\u0131 dikkate al\u0131r.<\/p>\n<\/li>\n<li>\n<p>The Action Plan for Official Languages &#8211; 2018-2023: Investing in Our Future provided nearly $500 million over five years in support of official languages, including $40.8 million for Francophone immigration initiatives. \u00a0<\/p>\n<\/li>\n<li>\n<p>Canadians across the country can see how newcomers are benefiting local communities through Immigration, Refugees and Citizenship Canada&#8217;s\u00a0Immigration Matters\u00a0campaign.<\/p>\n<\/li>\n<li>\n<p>Kanada-Quebec Anla\u015fmas\u0131 uyar\u0131nca, Quebec kendi g\u00f6\u00e7menlik seviyelerini belirler.<\/p>\n<\/li>\n<\/ul>\n\t\t<h1>CAD<\/h1><h5>Online De\u011ferlendirmeyi Bug\u00fcn Tamamlay\u0131n!<\/h5>\n\t\t\t\t<p><strong>Online De\u011ferlendirmenin\/\u0130lk Dan\u0131\u015fman\u0131n Amac\u0131:<\/strong><\/p>\n<ul>\n<li>Assess applicant&#8217;s eligibility<\/li>\n<li>Uygunluk sorular\u0131n\u0131z\u0131 yan\u0131tl\u0131yoruz<\/li>\n<li>Do\u011fru program(lar\u0131) se\u00e7menize yard\u0131mc\u0131 oluyoruz<\/li>\n<li>Do\u011fru hizmet(leri) se\u00e7menize yard\u0131mc\u0131 oluyoruz<\/li>\n<\/ul>\n\t\t\t<a href=\"https:\/\/www.canadaic.ca\/tr\/assessment-general\/\" target=\"_self\" role=\"button\" aria-label=\"BURADAN BA\u015eLAYIN!\" rel=\"noopener\">\n\t\t\t\t\t\t\tBURADAN BA\u015eLAYIN!\n\t\t<\/a>\n\t\t\t<h2>M\u00fc\u015fterilerimiz<\/h2>\n\t\t\t\t<img decoding=\"async\" data-src=\"https:\/\/www.canadaic.ca\/wp-content\/uploads\/bb-plugin\/cache\/Tiana-Mitchell-circle.png\" alt=\"Tiana Mitchell\" title=\"Tiana Mitchell\" itemprop=\"image\" src=\"data:image\/svg+xml;base64,PHN2ZyB3aWR0aD0iMSIgaGVpZ2h0PSIxIiB4bWxucz0iaHR0cDovL3d3dy53My5vcmcvMjAwMC9zdmciPjwvc3ZnPg==\" class=\"lazyload\" style=\"--smush-placeholder-width: 345px; --smush-placeholder-aspect-ratio: 345\/345;\" \/>\n\t\t\t\t\t\t\t<p>Bedir harika. Bana bir vakada yard\u0131m etti ve b\u00fcy\u00fck bir profesyonellik ve d\u00fcr\u00fcstl\u00fckle yapt\u0131. Kesinlikle tavsiye ederim.<\/p>\t\t\t\t\t\t\n\t\t\t\t\t\t\t\t<h3 class='uabb-testimonial-author-name testimonial-author-name'>Tiana Mitchell<\/h3>\n                              <input type=\"radio\" value=\"5\"\/>\n                  <label title=\"5 out of 5 stars\"><\/label>\n                  <input type=\"radio\" value=\"4\"\/>\n                  <label title=\"4 out of 5 stars\"><\/label>\n                  <input type=\"radio\" value=\"3\"\/>\n                  <label title=\"3 out of 5 stars\"><\/label>\n                  <input type=\"radio\" value=\"2\"\/>\n                  <label title=\"2 out of 5 stars\"><\/label>\n                  <input type=\"radio\" value=\"1\"\/>\n                  <label title=\"1 out of 5 stars\"><\/label>\n\t\t\t\t\t\t\t\t\tCanada\t\t\t\t\t\t\t\t\n\t\t\t\t<img decoding=\"async\" data-src=\"https:\/\/www.canadaic.ca\/wp-content\/uploads\/bb-plugin\/cache\/Param-Kaur-circle.png\" alt=\"Param Kaur\" title=\"Param Kaur\" itemprop=\"image\" src=\"data:image\/svg+xml;base64,PHN2ZyB3aWR0aD0iMSIgaGVpZ2h0PSIxIiB4bWxucz0iaHR0cDovL3d3dy53My5vcmcvMjAwMC9zdmciPjwvc3ZnPg==\" class=\"lazyload\" style=\"--smush-placeholder-width: 268px; --smush-placeholder-aspect-ratio: 268\/268;\" \/>\n\t\t\t\t\t\t\t<p>\u00c7ok Bilgilendirici Dan\u0131\u015fma. Onlar, \u00e7ok sab\u0131rl\u0131 bir \u015fekilde, her soruyu \u00e7ok \u00f6zenle yan\u0131tlayarak dan\u0131\u015fma \u00e7a\u011fr\u0131s\u0131 boyunca c\u00f6mert bir s\u00fcre ge\u00e7irdiler. Te\u015fekk\u00fcr ederim!\u00a0<\/p>\t\t\t\t\t\t\n\t\t\t\t\t\t\t\t<h3 class='uabb-testimonial-author-name testimonial-author-name'>Param Kaur<\/h3>\n                              <input type=\"radio\" value=\"5\"\/>\n                  <label title=\"5 out of 5 stars\"><\/label>\n                  <input type=\"radio\" value=\"4\"\/>\n                  <label title=\"4 out of 5 stars\"><\/label>\n                  <input type=\"radio\" value=\"3\"\/>\n                  <label title=\"3 out of 5 stars\"><\/label>\n                  <input type=\"radio\" value=\"2\"\/>\n                  <label title=\"2 out of 5 stars\"><\/label>\n                  <input type=\"radio\" value=\"1\"\/>\n                  <label title=\"1 out of 5 stars\"><\/label>\n\t\t\t\t\t\t\t\t\tHindistan\t\t\t\t\t\t\t\t\n\t\t\t\t<img decoding=\"async\" data-src=\"https:\/\/www.canadaic.ca\/wp-content\/uploads\/bb-plugin\/cache\/Felipe-Andreu-circle.png\" alt=\"Felipe Andreu\" title=\"Felipe Andreu\" itemprop=\"image\" src=\"data:image\/svg+xml;base64,PHN2ZyB3aWR0aD0iMSIgaGVpZ2h0PSIxIiB4bWxucz0iaHR0cDovL3d3dy53My5vcmcvMjAwMC9zdmciPjwvc3ZnPg==\" class=\"lazyload\" style=\"--smush-placeholder-width: 310px; --smush-placeholder-aspect-ratio: 310\/310;\" \/>\n\t\t\t\t\t\t\t<p>Kesinlikle Toronto'daki en iyi g\u00f6\u00e7menlik dan\u0131\u015fman\u0131. En iyi sonucu istiyorsan\u0131z, en iyisini aray\u0131n. Bedir \u00d6zdemir<\/p>\t\t\t\t\t\t\n\t\t\t\t\t\t\t\t<h3 class='uabb-testimonial-author-name testimonial-author-name'>Felipe Andreu<\/h3>\n                              <input type=\"radio\" value=\"5\"\/>\n                  <label title=\"5 out of 5 stars\"><\/label>\n                  <input type=\"radio\" value=\"4\"\/>\n                  <label title=\"4 out of 5 stars\"><\/label>\n                  <input type=\"radio\" value=\"3\"\/>\n                  <label title=\"3 out of 5 stars\"><\/label>\n                  <input type=\"radio\" value=\"2\"\/>\n                  <label title=\"2 out of 5 stars\"><\/label>\n                  <input type=\"radio\" value=\"1\"\/>\n                  <label title=\"1 out of 5 stars\"><\/label>\n\t\t\t\t\t\t\t\t\tBrezilya\t\t\t\t\t\t\t\t\n\t\t\t\t<img decoding=\"async\" data-src=\"https:\/\/www.canadaic.ca\/wp-content\/uploads\/bb-plugin\/cache\/Yavuz-Uslu-circle.png\" alt=\"Yavuz Uslu\" title=\"Yavuz Uslu\" itemprop=\"image\" src=\"data:image\/svg+xml;base64,PHN2ZyB3aWR0aD0iMSIgaGVpZ2h0PSIxIiB4bWxucz0iaHR0cDovL3d3dy53My5vcmcvMjAwMC9zdmciPjwvc3ZnPg==\" class=\"lazyload\" style=\"--smush-placeholder-width: 263px; --smush-placeholder-aspect-ratio: 263\/263;\" \/>\n\t\t\t\t\t\t\t<p>Bedir from Canada B&amp;N has been an exceptional consultant and a wonderful person to work with. He helped my wife and I for the entire immigration process. He&#8217;s responsive, efficient and well organized. But more importantly, he was genuine and honest. I would recommend her to anyone.<\/p>\t\t\t\t\t\t\n\t\t\t\t\t\t\t\t<h3 class='uabb-testimonial-author-name testimonial-author-name'>Yavuz Uslu<\/h3>\n                              <input type=\"radio\" value=\"5\"\/>\n                  <label title=\"5 out of 5 stars\"><\/label>\n                  <input type=\"radio\" value=\"4\"\/>\n                  <label title=\"4 out of 5 stars\"><\/label>\n                  <input type=\"radio\" value=\"3\"\/>\n                  <label title=\"3 out of 5 stars\"><\/label>\n                  <input type=\"radio\" value=\"2\"\/>\n                  <label title=\"2 out of 5 stars\"><\/label>\n                  <input type=\"radio\" value=\"1\"\/>\n                  <label title=\"1 out of 5 stars\"><\/label>\n\t\t\t\t\t\t\t\t\tTurkiye\t\t\t\t\t\t\t\t\n\t\t\t\t<img decoding=\"async\" data-src=\"https:\/\/www.canadaic.ca\/wp-content\/uploads\/bb-plugin\/cache\/Igor-Kursunova-circle.png\" alt=\"Igor Kursunova\" title=\"Igor Kursunova\" itemprop=\"image\" src=\"data:image\/svg+xml;base64,PHN2ZyB3aWR0aD0iMSIgaGVpZ2h0PSIxIiB4bWxucz0iaHR0cDovL3d3dy53My5vcmcvMjAwMC9zdmciPjwvc3ZnPg==\" class=\"lazyload\" style=\"--smush-placeholder-width: 278px; --smush-placeholder-aspect-ratio: 278\/278;\" \/>\n\t\t\t\t\t\t\t<p>Bedir, PR kart s\u00fcrecine yard\u0131mc\u0131 olmak i\u00e7in harika bir i\u015f \u00e7\u0131kard\u0131. Bu profesyonel grubu \u015fiddetle tavsiye ederim.<\/p>\t\t\t\t\t\t\n\t\t\t\t\t\t\t\t<h3 class='uabb-testimonial-author-name testimonial-author-name'>Igor Kursunova<\/h3>\n                              <input type=\"radio\" value=\"5\"\/>\n                  <label title=\"5 out of 5 stars\"><\/label>\n                  <input type=\"radio\" value=\"4\"\/>\n                  <label title=\"4 out of 5 stars\"><\/label>\n                  <input type=\"radio\" value=\"3\"\/>\n                  <label title=\"3 out of 5 stars\"><\/label>\n                  <input type=\"radio\" value=\"2\"\/>\n                  <label title=\"2 out of 5 stars\"><\/label>\n                  <input type=\"radio\" value=\"1\"\/>\n                  <label title=\"1 out of 5 stars\"><\/label>\n\t\t\t\t\t\t\t\t\tAvrupa\t\t\t\t\t\t\t\t\n\t\t\t\t<img decoding=\"async\" data-src=\"https:\/\/www.canadaic.ca\/wp-content\/uploads\/bb-plugin\/cache\/Michael-S-circle.png\" alt=\"Michael S\" title=\"Michael S\" itemprop=\"image\" src=\"data:image\/svg+xml;base64,PHN2ZyB3aWR0aD0iMSIgaGVpZ2h0PSIxIiB4bWxucz0iaHR0cDovL3d3dy53My5vcmcvMjAwMC9zdmciPjwvc3ZnPg==\" class=\"lazyload\" style=\"--smush-placeholder-width: 256px; --smush-placeholder-aspect-ratio: 256\/256;\" \/>\n\t\t\t\t\t\t\t<p>My wife and I are extremely happy with the counsel Bedir and Sumedha&#8217;s provided during her Visa status adjustment.<\/p>\t\t\t\t\t\t\n\t\t\t\t\t\t\t\t<h3 class='uabb-testimonial-author-name testimonial-author-name'>Michael S<\/h3>\n                              <input type=\"radio\" value=\"5\"\/>\n                  <label title=\"5 out of 5 stars\"><\/label>\n                  <input type=\"radio\" value=\"4\"\/>\n                  <label title=\"4 out of 5 stars\"><\/label>\n                  <input type=\"radio\" value=\"3\"\/>\n                  <label title=\"3 out of 5 stars\"><\/label>\n                  <input type=\"radio\" value=\"2\"\/>\n                  <label title=\"2 out of 5 stars\"><\/label>\n                  <input type=\"radio\" value=\"1\"\/>\n                  <label title=\"1 out of 5 stars\"><\/label>\n\t\t\t\t\t\t\t\t\tCanada\t\t\t\t\t\t\t\t\n\t\t\t<h2>G\u00f6\u00e7menlik tavsiyesine mi ihtiyac\u0131n\u0131z var?<\/h2>\n\t\t\t\t<h6>Profesyonel tavsiye mi istiyorsunuz? G\u00f6\u00e7 yasas\u0131 ve \u00f6zel durumlar hakk\u0131ndaki t\u00fcm sorular\u0131n\u0131z\u0131 ve endi\u015felerinizi cevaplamak i\u00e7in rekabet\u00e7i saatlik \u00fccretler sunuyoruz. Bug\u00fcn bize ula\u015f\u0131n!<\/h6>\n\t\t\t<h6>Bizi aray\u0131n<\/h6><h4>+1 647 765-0404<\/h4>\t\t\t\n\t\t\t<h6>Bize e-posta g\u00f6nderin<\/h6><h4>info@canadaic.ca<\/h4>\t\t\t\n\t\t\t<h6>Bizi \u015fu adresten ziyaret edin<\/h6><h4>2 Robert Speck Parkway, Suite 750 L4Z 1H8<\/h4>","protected":false},"excerpt":{"rendered":"<p>Canada to target over 485,000-500,000 immigrants per year why does Canada target 1.2M Migrants in 3 years? B. Ozdemir &#8211; 01 Nov, 2022 Last year Canada welcomed over 405,000 newcomers &#8211; the most we&#8217;ve ever welcomed in a single year. The Government is continuing that ambition by setting targets in the new levels plan of [&hellip;]<\/p>\n","protected":false},"author":2,"featured_media":821,"parent":0,"menu_order":0,"comment_status":"closed","ping_status":"closed","template":"","meta":{"_uag_custom_page_level_css":"","site-sidebar-layout":"no-sidebar","site-content-layout":"page-builder","ast-site-content-layout":"default","site-content-style":"default","site-sidebar-style":"default","ast-global-header-display":"","ast-banner-title-visibility":"","ast-main-header-display":"","ast-hfb-above-header-display":"","ast-hfb-below-header-display":"","ast-hfb-mobile-header-display":"","site-post-title":"disabled","ast-breadcrumbs-content":"","ast-featured-img":"disabled","footer-sml-layout":"","ast-disable-related-posts":"","theme-transparent-header-meta":"enabled","adv-header-id-meta":"","stick-header-meta":"","header-above-stick-meta":"","header-main-stick-meta":"","header-below-stick-meta":"","astra-migrate-meta-layouts":"default","ast-page-background-enabled":"default","ast-page-background-meta":{"desktop":{"background-color":"","background-image":"","background-repeat":"repeat","background-position":"center center","background-size":"auto","background-attachment":"scroll","background-type":"","background-media":"","overlay-type":"","overlay-color":"","overlay-opacity":"","overlay-gradient":""},"tablet":{"background-color":"","background-image":"","background-repeat":"repeat","background-position":"center center","background-size":"auto","background-attachment":"scroll","background-type":"","background-media":"","overlay-type":"","overlay-color":"","overlay-opacity":"","overlay-gradient":""},"mobile":{"background-color":"","background-image":"","background-repeat":"repeat","background-position":"center center","background-size":"auto","background-attachment":"scroll","background-type":"","background-media":"","overlay-type":"","overlay-color":"","overlay-opacity":"","overlay-gradient":""}},"ast-content-background-meta":{"desktop":{"background-color":"var(--ast-global-color-5)","background-image":"","background-repeat":"repeat","background-position":"center center","background-size":"auto","background-attachment":"scroll","background-type":"","background-media":"","overlay-type":"","overlay-color":"","overlay-opacity":"","overlay-gradient":""},"tablet":{"background-color":"var(--ast-global-color-5)","background-image":"","background-repeat":"repeat","background-position":"center center","background-size":"auto","background-attachment":"scroll","background-type":"","background-media":"","overlay-type":"","overlay-color":"","overlay-opacity":"","overlay-gradient":""},"mobile":{"background-color":"var(--ast-global-color-5)","background-image":"","background-repeat":"repeat","background-position":"center center","background-size":"auto","background-attachment":"scroll","background-type":"","background-media":"","overlay-type":"","overlay-color":"","overlay-opacity":"","overlay-gradient":""}},"footnotes":""},"class_list":["post-2327","page","type-page","status-publish","has-post-thumbnail","hentry"],"uagb_featured_image_src":{"full":["https:\/\/www.canadaic.ca\/wp-content\/uploads\/2019\/12\/immigration_Canada.jpg",800,534,false],"thumbnail":["https:\/\/www.canadaic.ca\/wp-content\/uploads\/2019\/12\/immigration_Canada-150x150.jpg",150,150,true],"medium":["https:\/\/www.canadaic.ca\/wp-content\/uploads\/2019\/12\/immigration_Canada-300x200.jpg",300,200,true],"medium_large":["https:\/\/www.canadaic.ca\/wp-content\/uploads\/2019\/12\/immigration_Canada-768x513.jpg",768,513,true],"large":["https:\/\/www.canadaic.ca\/wp-content\/uploads\/2019\/12\/immigration_Canada.jpg",800,534,false],"1536x1536":["https:\/\/www.canadaic.ca\/wp-content\/uploads\/2019\/12\/immigration_Canada.jpg",800,534,false],"2048x2048":["https:\/\/www.canadaic.ca\/wp-content\/uploads\/2019\/12\/immigration_Canada.jpg",800,534,false],"trp-custom-language-flag":["https:\/\/www.canadaic.ca\/wp-content\/uploads\/2019\/12\/immigration_Canada.jpg",18,12,false]},"uagb_author_info":{"display_name":"atakhelicopter","author_link":"https:\/\/www.canadaic.ca\/tr\/author\/atakhelicopter\/"},"uagb_comment_info":0,"uagb_excerpt":"Canada to target over 485,000-500,000 immigrants per year why does Canada target 1.2M Migrants in 3 years? B. Ozdemir &#8211; 01 Nov, 2022 Last year Canada welcomed over 405,000 newcomers &#8211; the most we&#8217;ve ever welcomed in a single year. The Government is continuing that ambition by setting targets in the new levels plan of&hellip;","_links":{"self":[{"href":"https:\/\/www.canadaic.ca\/tr\/wp-json\/wp\/v2\/pages\/2327","targetHints":{"allow":["GET"]}}],"collection":[{"href":"https:\/\/www.canadaic.ca\/tr\/wp-json\/wp\/v2\/pages"}],"about":[{"href":"https:\/\/www.canadaic.ca\/tr\/wp-json\/wp\/v2\/types\/page"}],"author":[{"embeddable":true,"href":"https:\/\/www.canadaic.ca\/tr\/wp-json\/wp\/v2\/users\/2"}],"replies":[{"embeddable":true,"href":"https:\/\/www.canadaic.ca\/tr\/wp-json\/wp\/v2\/comments?post=2327"}],"version-history":[{"count":20,"href":"https:\/\/www.canadaic.ca\/tr\/wp-json\/wp\/v2\/pages\/2327\/revisions"}],"predecessor-version":[{"id":5211,"href":"https:\/\/www.canadaic.ca\/tr\/wp-json\/wp\/v2\/pages\/2327\/revisions\/5211"}],"wp:featuredmedia":[{"embeddable":true,"href":"https:\/\/www.canadaic.ca\/tr\/wp-json\/wp\/v2\/media\/821"}],"wp:attachment":[{"href":"https:\/\/www.canadaic.ca\/tr\/wp-json\/wp\/v2\/media?parent=2327"}],"curies":[{"name":"wp","href":"https:\/\/api.w.org\/{rel}","templated":true}]}}