{"id":2380,"date":"2020-12-20T12:19:01","date_gmt":"2020-12-20T17:19:01","guid":{"rendered":"https:\/\/www.canadaic.ca\/?page_id=2380"},"modified":"2026-02-24T10:53:06","modified_gmt":"2026-02-24T15:53:06","slug":"our-fees","status":"publish","type":"page","link":"https:\/\/www.canadaic.ca\/tr\/our-fees\/","title":{"rendered":"G\u00f6\u00e7menlik \u00dccretlerimiz"},"content":{"rendered":"<h1>G\u00f6\u00e7menlik \u00dccretlerimiz<\/h1>\n\t\t\t<a href=\"tel:03129550026\" title=\"Questions About Our Fees? Call us Directly\" target=\"_self\"   role=\"button\" aria-label=\"Questions About Our Fees? Call us Directly\">\n\t\t\t\t\t\t\tQuestions About Our Fees? Call us Directly\n\t\t<\/a>\n\t\t\t<h2>\u00dccretlerin Tam Listesi:<\/h2>\n\t\t\t<h5>T\u00fcm Dan\u0131\u015fma \u00dccretleri<\/h5><p>hizmet \u00fccretlerimizden \u0130ND\u0130R\u0130M YAPIYORUZ<\/p>\t\t\t\n\t\t\t<h5>100% Memnuniyet<\/h5><p>veya ba\u015fvuruyu ba\u015flatt\u0131ktan sonraki 15 g\u00fcn i\u00e7inde PARANIZI \u0130ADE ediyoruz.<\/p>\t\t\t\n\t\t\t\t\t\t\t\t\t\t*Temporary Residence and Extension Applications\t\t\t\t\t\t\t\t\t\n\t\t\tCAD\n\t\t\t\t\t\t\t\t\t<ul><li><p>Labor Market Impact Assessment (LMIA) $3,500-$6,000<\/p><\/li><li>International Mobility Worker Unit opinion or IMP work permit $2,750 (may vary)<\/li><li>Visitor, work or study permits\/extensions in Canada $1,000-$2,500<\/li><li>Vize (ziyaret, \u00e7al\u0131\u015fma, \u00e7al\u0131\u015fma)<\/li><li>Visa (inside Canada, for work or study permit-holders) $1,000<\/li><\/ul>Note: As much as possible, we encourage clients to do their own temporary applications and extensions, if the situation is straightforward\t\t\t\t\t\t\t\t\n\t\t\tCAD\n\t\t\t\t\t\t\t\t\t\t*Fees for Permanent Residence Applications\t\t\t\t\t\t\t\t\t\n\t\t\tCAD\n\t\t\t\t\t\t\t\t\t<ul><li><p>Family Class: $4,000<\/p><\/li><li>Economic Class: Self-employed $7,000- $15,000; Provincial Entrepreneur: $45,000(multiple steps)<\/li><li>Skilled Worker: Express Entry and Provincial Nominees $4,000<\/li><li>Atlantik G\u00f6\u00e7menlik Pilotu:<br \/>Employer Designation Application: $1,500<br \/>Endorsement Application and PR: $6,000 (doesn&#8217;t include work permit process)<\/li><li>Expression of Interest\/ Express Entry Profile: $1,500<\/li><\/ul>\t\t\t\t\t\t\t\t\n\t\t\tCAD\n\t\t\t\t\t\t\t\t\t\tFees for Citizenship and Renewal of Permanent Residence Card Applications\t\t\t\t\t\t\t\t\t\n\t\t\tCAD\n\t\t\t\t\t\t\t\t\t<ul><li><p>Kanada vatanda\u015fl\u0131\u011f\u0131, Kanada Vatanda\u015fl\u0131\u011f\u0131n\u0131n Onay\u0131,<br \/>renewal of Permanent Residence Cards $1,500 (we encourage clients to do these themselves as they are straightforward for those who qualify)<\/p><\/li><li>Special Cases for those whose applications are not straightforward due to absences from Canada orother circumstances varies<\/li><li>Residence Questionnaire for citizenship or permanent residence card renewal applications -depends on complexity, generally $1,500+<\/li><\/ul>\t\t\t\t\t\t\t\t\n\t\t\tCAD\n\t\t\t\t\t\t\t\t\t\tFees for Other Types of Immigration Matters\t\t\t\t\t\t\t\t\t\n\t\t\tCAD\n\t\t\t\t\t\t\t\t\t<ul><li>Humanitarian and Compassionate Applications in Canada only &#8211; $6,000 (may vary)<\/li><li>Refugee Applications and Hearings $5,500<\/li><li>Temporary Residence Permit (TRP) $3,500-$4,500<\/li><li>Application for Criminal Rehabilitation $3,500 (may vary)<\/li><li>Medical Inadmissibility (Research and Submission) $3,500 (may vary)<\/li><li>Section 44 Report Preparation and Interview $2,500<\/li><li>Minister&#8217;s Delegate&#8217;s Review Preparation and Interview $2,500<\/li><li>Immigration Appeal Division Alternative Dispute Resolution (ADR) $2,500 (may vary)<\/li><li>Immigration and Refugee Board\/IAD Hearing $4,500 (may vary)<\/li><li>Federal Court Judicial Review &#8211; $8,000 (varies according to type of matter and number of steps)<\/li><\/ul>\u00a0\t\t\t\t\t\t\t\t\n\t\t\tCAD\n\t\t\t\t\t\t<h5>Deposits, Payments, Results and More&#8230;<\/h5>\n<p>Note: these are often more complex and fees may vary. Before agreeing to be retained, we will provide an estimate of the costs.<\/p>\n<p>Mevduat ve \u00d6demeler<\/p>\n<p>Daimi ikamet konular\u0131 i\u00e7in genellikle $4.000 depozito istiyoruz. Ge\u00e7ici ikamet ve di\u011fer t\u00fcm konular i\u00e7in, depozito olarak \u00fccretlerimizin tamam\u0131n\u0131 talep ediyoruz. Depozito al\u0131n\u0131r al\u0131nmaz dosya \u00fczerinde \u00e7al\u0131\u015fmalar\u0131m\u0131za ba\u015flamam\u0131z nedeniyle bu tutar iade edilemez. Ba\u015fvuru haz\u0131rland\u0131ktan sonra, m\u00fc\u015fteri tutar\u0131n\u0131n tamam\u0131 (yasal \u00fccretler, ba\u015fvuru \u00fccretleri, vergiler ve \u00f6demeler) orijinal depozito tutar\u0131 d\u00fc\u015f\u00fclerek fatura edilir. Faturalar iki hafta i\u00e7inde \u00f6denmelidir. \u00c7ek, nakit, banka havalesi, \u00e7evrimi\u00e7i \u00f6deme (fatura ile bir ba\u011flant\u0131 g\u00f6nderiyoruz), Interac e-posta transferi ve kredi kart\u0131 (Stripe) ile \u00f6deme kabul ediyoruz.<\/p>\n<p>Sonu\u00e7lar<\/p>\n<p>L\u00fctfen \u00fccretlendirdi\u011fimiz tutar\u0131n sonu\u00e7 de\u011fil s\u00fcre\u00e7 i\u00e7in oldu\u011funu unutmay\u0131n. Sonu\u00e7lar asla kimse (g\u00f6\u00e7menlik dan\u0131\u015fman\u0131) taraf\u0131ndan garanti edilemez. M\u00fc\u015fterilerimiz i\u00e7in elde etmek \u00fczere belirledi\u011fimiz sonu\u00e7lar hakk\u0131nda daha fazla bilgi i\u00e7in l\u00fctfen. <a href=\"https:\/\/www.canadaic.ca\/tr\/practice-areas\/\">M\u00fc\u015fteriler i\u00e7in referanslar<\/a> sayfam\u0131za bakiniz.<\/p>\n<p>Di\u011fer kaynaklar<\/p>\n<p>G\u00f6\u00e7menlik konular\u0131 i\u00e7in ba\u015fvuru \u00fccretleri hakk\u0131nda bilgi (Kanada Vatanda\u015fl\u0131k ve G\u00f6\u00e7menlik B\u00fcrosu taraf\u0131ndan tahsil edilir)<\/p>\n\t\t\t\t\t\t<h5>Terms and Conditions<\/h5>\n<p>Disclosure:\u00a0<\/p>\n<p>Our firm is not affiliated with any government agencies. We are 100% Canadian owned and operated. Fully insured immigration law firm.\u00a0<\/p>\n<p>Terms and Conditions:<\/p>\n<p>Terms and conditions must be accepted prior to commencement of any application. Client(s) agree to this, and will abide by any and all terms\/conditions.<\/p>\n<p>This is not refundable due to the fact that we begin our work on the file as soon as the deposit is received. Once the application is prepared, the client is billed for the full amount (legal fees, application fees, taxes and disbursements) less the original deposit amount. Invoices must be paid within two weeks. We accept payment by cheque, cash, wire transfer, online payment (we send a link with the invoice), Interac email transfer, Waveapps and credit card (Stripe).<\/p>\n<p>L\u00fctfen \u00fccretlendirdi\u011fimiz tutar\u0131n sonu\u00e7 de\u011fil s\u00fcre\u00e7 i\u00e7in oldu\u011funu unutmay\u0131n. Sonu\u00e7lar asla kimse (g\u00f6\u00e7menlik dan\u0131\u015fman\u0131) taraf\u0131ndan garanti edilemez. M\u00fc\u015fterilerimiz i\u00e7in elde etmek \u00fczere belirledi\u011fimiz sonu\u00e7lar hakk\u0131nda daha fazla bilgi i\u00e7in l\u00fctfen. <a href=\"https:\/\/www.canadaic.ca\/tr\/practice-areas\/\">M\u00fc\u015fteriler i\u00e7in referanslar<\/a> sayfam\u0131za bakiniz.<\/p>\n<p>Restrictions on customers &amp; services:<\/p>\n<p>Customer(s) accept our conditions on not operating or working with customers in sanctioned countries.\u00a0<\/p>\n\t<h2>\n\t\t\t\t<a href=\"https:\/\/www.canadaic.ca\/tr\/immigration-assessment-form\/\" title=\"G\u00f6\u00e7menlik De\u011ferlendirmeniz \u0130cin Buraya T\u0131klay\u0131n\u0131z\" target=\"_self\">\n\t\t\t\tG\u00f6\u00e7menlik De\u011ferlendirmeniz \u0130cin Buraya T\u0131klay\u0131n\u0131z\n\t\t\t\t<\/a>\n\t\t\t<\/h2>\n\t\t\t\t<h6>Our immigration consultancy office understands that hiring an expert is an important decision; a decision that can impact one&#8217;s life, family, business, company and future. Our consultants offer more than 6 years of experience in representation of clients across Canada in variety of immigration matters. Contact us today to speak to an immigration consultant and discuss the best route for your case.<\/h6>\n\t\t\t<h6>Bizi aray\u0131n<\/h6><h4>+1(647) 765-0404<\/h4>\t\t\t\n\t\t\t<h6>Bize e-posta g\u00f6nderin<\/h6><h4>info@canadaic.ca<\/h4>","protected":false},"excerpt":{"rendered":"<p>Our Immigration Fees Questions About Our Fees? Call us Directly Complete List of Fees: All Consultation Fees are DISCOUNTED from our service fees 100% Satisfaction or your MONEY BACK in 15 days of starting the application. *Temporary Residence and Extension Applications CAD Labor Market Impact Assessment (LMIA) $3,500-$6,000 International Mobility Worker Unit opinion or IMP [&hellip;]<\/p>\n","protected":false},"author":2,"featured_media":820,"parent":0,"menu_order":0,"comment_status":"closed","ping_status":"closed","template":"","meta":{"_uag_custom_page_level_css":"","site-sidebar-layout":"no-sidebar","site-content-layout":"page-builder","ast-site-content-layout":"default","site-content-style":"default","site-sidebar-style":"default","ast-global-header-display":"","ast-banner-title-visibility":"","ast-main-header-display":"","ast-hfb-above-header-display":"","ast-hfb-below-header-display":"","ast-hfb-mobile-header-display":"","site-post-title":"disabled","ast-breadcrumbs-content":"","ast-featured-img":"disabled","footer-sml-layout":"","ast-disable-related-posts":"","theme-transparent-header-meta":"enabled","adv-header-id-meta":"","stick-header-meta":"","header-above-stick-meta":"","header-main-stick-meta":"","header-below-stick-meta":"","astra-migrate-meta-layouts":"default","ast-page-background-enabled":"default","ast-page-background-meta":{"desktop":{"background-color":"","background-image":"","background-repeat":"repeat","background-position":"center center","background-size":"auto","background-attachment":"scroll","background-type":"","background-media":"","overlay-type":"","overlay-color":"","overlay-opacity":"","overlay-gradient":""},"tablet":{"background-color":"","background-image":"","background-repeat":"repeat","background-position":"center center","background-size":"auto","background-attachment":"scroll","background-type":"","background-media":"","overlay-type":"","overlay-color":"","overlay-opacity":"","overlay-gradient":""},"mobile":{"background-color":"","background-image":"","background-repeat":"repeat","background-position":"center center","background-size":"auto","background-attachment":"scroll","background-type":"","background-media":"","overlay-type":"","overlay-color":"","overlay-opacity":"","overlay-gradient":""}},"ast-content-background-meta":{"desktop":{"background-color":"var(--ast-global-color-5)","background-image":"","background-repeat":"repeat","background-position":"center center","background-size":"auto","background-attachment":"scroll","background-type":"","background-media":"","overlay-type":"","overlay-color":"","overlay-opacity":"","overlay-gradient":""},"tablet":{"background-color":"var(--ast-global-color-5)","background-image":"","background-repeat":"repeat","background-position":"center center","background-size":"auto","background-attachment":"scroll","background-type":"","background-media":"","overlay-type":"","overlay-color":"","overlay-opacity":"","overlay-gradient":""},"mobile":{"background-color":"var(--ast-global-color-5)","background-image":"","background-repeat":"repeat","background-position":"center center","background-size":"auto","background-attachment":"scroll","background-type":"","background-media":"","overlay-type":"","overlay-color":"","overlay-opacity":"","overlay-gradient":""}},"footnotes":""},"class_list":["post-2380","page","type-page","status-publish","has-post-thumbnail","hentry"],"uagb_featured_image_src":{"full":["https:\/\/www.canadaic.ca\/wp-content\/uploads\/2019\/12\/canada-invitation-to-apply.jpg",1000,665,false],"thumbnail":["https:\/\/www.canadaic.ca\/wp-content\/uploads\/2019\/12\/canada-invitation-to-apply-150x150.jpg",150,150,true],"medium":["https:\/\/www.canadaic.ca\/wp-content\/uploads\/2019\/12\/canada-invitation-to-apply-300x200.jpg",300,200,true],"medium_large":["https:\/\/www.canadaic.ca\/wp-content\/uploads\/2019\/12\/canada-invitation-to-apply-768x511.jpg",768,511,true],"large":["https:\/\/www.canadaic.ca\/wp-content\/uploads\/2019\/12\/canada-invitation-to-apply.jpg",1000,665,false],"1536x1536":["https:\/\/www.canadaic.ca\/wp-content\/uploads\/2019\/12\/canada-invitation-to-apply.jpg",1000,665,false],"2048x2048":["https:\/\/www.canadaic.ca\/wp-content\/uploads\/2019\/12\/canada-invitation-to-apply.jpg",1000,665,false],"trp-custom-language-flag":["https:\/\/www.canadaic.ca\/wp-content\/uploads\/2019\/12\/canada-invitation-to-apply.jpg",18,12,false]},"uagb_author_info":{"display_name":"atakhelicopter","author_link":"https:\/\/www.canadaic.ca\/tr\/author\/atakhelicopter\/"},"uagb_comment_info":0,"uagb_excerpt":"Our Immigration Fees Questions About Our Fees? Call us Directly Complete List of Fees: All Consultation Fees are DISCOUNTED from our service fees 100% Satisfaction or your MONEY BACK in 15 days of starting the application. *Temporary Residence and Extension Applications CAD Labor Market Impact Assessment (LMIA) $3,500-$6,000 International Mobility Worker Unit opinion or IMP&hellip;","_links":{"self":[{"href":"https:\/\/www.canadaic.ca\/tr\/wp-json\/wp\/v2\/pages\/2380","targetHints":{"allow":["GET"]}}],"collection":[{"href":"https:\/\/www.canadaic.ca\/tr\/wp-json\/wp\/v2\/pages"}],"about":[{"href":"https:\/\/www.canadaic.ca\/tr\/wp-json\/wp\/v2\/types\/page"}],"author":[{"embeddable":true,"href":"https:\/\/www.canadaic.ca\/tr\/wp-json\/wp\/v2\/users\/2"}],"replies":[{"embeddable":true,"href":"https:\/\/www.canadaic.ca\/tr\/wp-json\/wp\/v2\/comments?post=2380"}],"version-history":[{"count":11,"href":"https:\/\/www.canadaic.ca\/tr\/wp-json\/wp\/v2\/pages\/2380\/revisions"}],"predecessor-version":[{"id":7829,"href":"https:\/\/www.canadaic.ca\/tr\/wp-json\/wp\/v2\/pages\/2380\/revisions\/7829"}],"wp:featuredmedia":[{"embeddable":true,"href":"https:\/\/www.canadaic.ca\/tr\/wp-json\/wp\/v2\/media\/820"}],"wp:attachment":[{"href":"https:\/\/www.canadaic.ca\/tr\/wp-json\/wp\/v2\/media?parent=2380"}],"curies":[{"name":"wp","href":"https:\/\/api.w.org\/{rel}","templated":true}]}}