{"id":2990,"date":"2021-05-03T23:05:14","date_gmt":"2021-05-04T03:05:14","guid":{"rendered":"https:\/\/www.canadaic.ca\/?page_id=2990"},"modified":"2026-02-21T08:32:44","modified_gmt":"2026-02-21T13:32:44","slug":"immigration-assessments","status":"publish","type":"page","link":"https:\/\/www.canadaic.ca\/tr\/immigration-assessments\/","title":{"rendered":"Immigration Assessments"},"content":{"rendered":"<h1>L\u00fctfen a\u015fa\u011f\u0131daki ad\u0131mlar\u0131 takip ediniz..<\/h1>\n\t\t\t<a href=\"mailto:info@canadaic.ca\" title=\"S\u00fcre\u00e7le ilgili sorular\u0131n\u0131z m\u0131 var? Bize ula\u015f\u0131n!\" target=\"_self\"   role=\"button\" aria-label=\"S\u00fcre\u00e7le ilgili sorular\u0131n\u0131z m\u0131 var? Bize ula\u015f\u0131n! \">\n\t\t\t\t\t\t\t\t\t\t\tS\u00fcre\u00e7le ilgili sorular\u0131n\u0131z m\u0131 var? Bize ula\u015f\u0131n! \n\t\t<\/a>\n\t\t\t<h4>Kanada \u0130\u00c7ER\u0130S\u0130NDE mi yoksa DI\u015eINDA m\u0131 ba\u015fvuruyorsunuz?<\/h4><h5>A\u015fa\u011f\u0131dan se\u00e7iniz:<\/h5>\n\t\t\t<h5>Kanada<\/h5><p>WITHIN Canada&#8230;<\/p>\t\t\t\n\t\t\t<a href=\"https:\/\/www.canadaic.ca\/tr\/immigration-assessment-form\/\"  target=\"_self\">\n\t\t\t\t\t\tKanada \u0130\u00c7ER\u0130S\u0130NDE\n\t\t\t\t\t<\/a>\n\t\t\t<h5>Kanada<\/h5><p>OUTSIDE of Canada&#8230;<\/p>\t\t\t\n\t\t\t<a href=\"https:\/\/www.canadaic.ca\/tr\/canadian-immigration-process\/\"  target=\"_self\">\n\t\t\t\t\t\tKanada DI\u015eINDA\n\t\t\t\t\t<\/a>\n\t\t\t\t<img decoding=\"async\" data-src=\"https:\/\/www.canadaic.ca\/wp-content\/uploads\/bb-plugin\/cache\/Felipe-Andreu-circle.png\" alt=\"Felipe Andreu\" title=\"Felipe Andreu\" itemprop=\"image\" src=\"data:image\/svg+xml;base64,PHN2ZyB3aWR0aD0iMSIgaGVpZ2h0PSIxIiB4bWxucz0iaHR0cDovL3d3dy53My5vcmcvMjAwMC9zdmciPjwvc3ZnPg==\" class=\"lazyload\" style=\"--smush-placeholder-width: 310px; --smush-placeholder-aspect-ratio: 310\/310;\" \/>\n\t\t\t\t\t\t\t<p>Kesinlikle Toronto'daki en iyi g\u00f6\u00e7menlik dan\u0131\u015fman\u0131. En iyi sonucu istiyorsan\u0131z, en iyisini aray\u0131n. Bedir \u00d6zdemir<\/p>\t\t\t\t\t\t\n\t\t\t\t\t\t\t\t<h3 class='uabb-testimonial-author-name testimonial-author-name'>Felip Andreu<\/h3>\n\t\t\t\t\t\t\tFilled starFilled starFilled starFilled starFilled star\n\t\t\t\t\t\t\t\t\tBrazil\t\t\t\t\t\t\t\t\n\t\t\t\t<img decoding=\"async\" data-src=\"https:\/\/www.canadaic.ca\/wp-content\/uploads\/bb-plugin\/cache\/Doris-circle.jpg\" alt=\"Doris\" title=\"Doris\" itemprop=\"image\" src=\"data:image\/svg+xml;base64,PHN2ZyB3aWR0aD0iMSIgaGVpZ2h0PSIxIiB4bWxucz0iaHR0cDovL3d3dy53My5vcmcvMjAwMC9zdmciPjwvc3ZnPg==\" class=\"lazyload\" style=\"--smush-placeholder-width: 100px; --smush-placeholder-aspect-ratio: 100\/100;\" \/>\n\t\t\t\t\t\t\t<p>Onlar\u0131n hizmeti bir\u00e7ok y\u00f6nden \u015fa\u015f\u0131rt\u0131c\u0131 olmu\u015ftur. G\u00f6\u00e7menlik ihtiya\u00e7lar\u0131m\u0131z i\u00e7in Kanada BN'yi arad\u0131\u011f\u0131m\u0131z ve ailemizle Kanada'ya ta\u015f\u0131nd\u0131\u011f\u0131m\u0131z i\u00e7in mutluyuz. Harika bir deneyim. Kesinlikle her kuru\u015fa de\u011fer.<\/p>\t\t\t\t\t\t\n\t\t\t\t\t\t\t\t<h3 class='uabb-testimonial-author-name testimonial-author-name'>Doris Guzman<\/h3>\n\t\t\t\t\t\t\tFilled starFilled starFilled starFilled starFilled star\n\t\t\t\t\t\t\t\t\tEurope\t\t\t\t\t\t\t\t\n\t\t\t\t<img decoding=\"async\" data-src=\"https:\/\/www.canadaic.ca\/wp-content\/uploads\/bb-plugin\/cache\/Igor-Kursunova-circle.png\" alt=\"Igor Kursunova\" title=\"Igor Kursunova\" itemprop=\"image\" src=\"data:image\/svg+xml;base64,PHN2ZyB3aWR0aD0iMSIgaGVpZ2h0PSIxIiB4bWxucz0iaHR0cDovL3d3dy53My5vcmcvMjAwMC9zdmciPjwvc3ZnPg==\" class=\"lazyload\" style=\"--smush-placeholder-width: 278px; --smush-placeholder-aspect-ratio: 278\/278;\" \/>\n\t\t\t\t\t\t\t<p>Bedir, PR kart s\u00fcrecine yard\u0131mc\u0131 olmak i\u00e7in harika bir i\u015f \u00e7\u0131kard\u0131. Bu profesyonel grubu \u015fiddetle tavsiye ederim.<\/p>\t\t\t\t\t\t\n\t\t\t\t\t\t\t\t<h3 class='uabb-testimonial-author-name testimonial-author-name'>Igor Kursunova<\/h3>\n\t\t\t\t\t\t\tFilled starFilled starFilled starFilled starFilled star\n\t\t\t\t\t\t\t\t\tEurope\t\t\t\t\t\t\t\t\n\t\t\t\t<img decoding=\"async\" data-src=\"https:\/\/www.canadaic.ca\/wp-content\/uploads\/bb-plugin\/cache\/Diane-G.-circle.jpg\" alt=\"Diane G.\" title=\"Diane G.\" itemprop=\"image\" src=\"data:image\/svg+xml;base64,PHN2ZyB3aWR0aD0iMSIgaGVpZ2h0PSIxIiB4bWxucz0iaHR0cDovL3d3dy53My5vcmcvMjAwMC9zdmciPjwvc3ZnPg==\" class=\"lazyload\" style=\"--smush-placeholder-width: 100px; --smush-placeholder-aspect-ratio: 100\/100;\" \/>\n\t\t\t\t\t\t\t<p>Onlar hi\u00e7 u\u011fra\u015ft\u0131\u011f\u0131m en profesyonel g\u00f6\u00e7men firma idi. \u00c7ok kibar ve tam olarak ne yapt\u0131klar\u0131n\u0131 biliyordu. \u0130nan\u0131lmaz i\u015f !! A +<\/p>\t\t\t\t\t\t\n\t\t\t\t\t\t\t\t<h3 class='uabb-testimonial-author-name testimonial-author-name'>Diane Guerrero<\/h3>\n\t\t\t\t\t\t\tFilled starFilled starFilled starFilled starFilled star\n\t\t\t\t\t\t\t\t\tColombia\t\t\t\t\t\t\t\t\n\t\t\t\t<img decoding=\"async\" data-src=\"https:\/\/www.canadaic.ca\/wp-content\/uploads\/bb-plugin\/cache\/Tiana-Mitchell-circle.png\" alt=\"Tiana Mitchell\" title=\"Tiana Mitchell\" itemprop=\"image\" src=\"data:image\/svg+xml;base64,PHN2ZyB3aWR0aD0iMSIgaGVpZ2h0PSIxIiB4bWxucz0iaHR0cDovL3d3dy53My5vcmcvMjAwMC9zdmciPjwvc3ZnPg==\" class=\"lazyload\" style=\"--smush-placeholder-width: 345px; --smush-placeholder-aspect-ratio: 345\/345;\" \/>\n\t\t\t\t\t\t\t<p>If you are looking for some awesome, knowledgeable people to work with, these are the guys I highly recommend. Their friendliness and result-driven approach is what I love about them.<\/p>\t\t\t\t\t\t\n\t\t\t\t\t\t\t\t<h3 class='uabb-testimonial-author-name testimonial-author-name'>Tiana Mitchell<\/h3>\n\t\t\t\t\t\t\tFilled starFilled starFilled starFilled starFilled star\n\t\t\t\t\t\t\t\t\tCanada\t\t\t\t\t\t\t\t\n\t\t\t\t<img decoding=\"async\" data-src=\"https:\/\/www.canadaic.ca\/wp-content\/uploads\/bb-plugin\/cache\/Param-Kaur-circle.png\" alt=\"Param Kaur\" title=\"Param Kaur\" itemprop=\"image\" src=\"data:image\/svg+xml;base64,PHN2ZyB3aWR0aD0iMSIgaGVpZ2h0PSIxIiB4bWxucz0iaHR0cDovL3d3dy53My5vcmcvMjAwMC9zdmciPjwvc3ZnPg==\" class=\"lazyload\" style=\"--smush-placeholder-width: 268px; --smush-placeholder-aspect-ratio: 268\/268;\" \/>\n\t\t\t\t\t\t\t<p>\u00c7ok Bilgilendirici Dan\u0131\u015fma. Onlar, \u00e7ok sab\u0131rl\u0131 bir \u015fekilde, her soruyu \u00e7ok \u00f6zenle yan\u0131tlayarak dan\u0131\u015fma \u00e7a\u011fr\u0131s\u0131 boyunca c\u00f6mert bir s\u00fcre ge\u00e7irdiler. Te\u015fekk\u00fcr ederim!\u00a0<\/p>\t\t\t\t\t\t\n\t\t\t\t\t\t\t\t<h3 class='uabb-testimonial-author-name testimonial-author-name'>Param Kaur<\/h3>\n\t\t\t\t\t\t\tFilled starFilled starFilled starFilled starFilled star\n\t\t\t\t\t\t\t\t\tIndia\t\t\t\t\t\t\t\t\n\t\t\t\t\t\t<h5>\u0130lk Dan\u0131\u015fmanl\u0131\u011f\u0131n faydalar\u0131 nelerdir?<\/h5>\n\t\t\t<p>Her vakan\u0131n m\u00fc\u015fteri profiline \u00f6zg\u00fc oldu\u011funu anl\u0131yoruz ve m\u00fc\u015fterilerimize g\u00f6\u00e7menlik programlar\u0131 sunabilmemiz i\u00e7in, onlarla vakalar\u0131 hakk\u0131nda konu\u015fmak \u00fczere kalifiye bir g\u00f6\u00e7menlik dan\u0131\u015fman\u0131 ve hizmetlerine sahip olmalar\u0131n\u0131 isteriz.<\/p>\n<ul>\n<li class=\"translation-block\">M\u00fc\u015fterilerimiz taraf\u0131ndan sa\u011flanan t\u00fcm bilgiler ve de\u011ferlendirme sonu\u00e7lar\u0131, deneyimli g\u00f6\u00e7menlik dan\u0131\u015fman\u0131 taraf\u0131ndan \u00f6nceden ayr\u0131nt\u0131l\u0131 olarak incelenir. 30 dakikalik, 1 saatlik ve 2 saatlik dan\u0131\u015fma paketlerimiz, ki\u015fiselle\u015ftirilmi\u015f g\u00f6\u00e7 stratejinizi, uygunlu\u011funuzu, gereksinimlerinizi, sonraki ad\u0131mlar\u0131n\u0131z\u0131 daha iyi anlaman\u0131za ve sahip olabilece\u011finiz t\u00fcm sorular\u0131 g\u00f6zden ge\u00e7irmenize yard\u0131mc\u0131 olan vakaya \u00f6zel sunumlar\u0131 i\u00e7erir.<\/li>\n<\/ul>\n<p>Unutulmamas\u0131 gereken \u00f6nemli: 30 dakikadan az s\u00fcren g\u00f6r\u00fc\u015fmeler, g\u00f6\u00e7menlik dan\u0131\u015fmanlar\u0131m\u0131za davan\u0131zla ilgili t\u00fcm ger\u00e7ekleri toplama \u015fans\u0131 vermez; sa\u011flad\u0131\u011f\u0131n\u0131z profile \u00f6zg\u00fc ger\u00e7eklere ve ayr\u0131nt\u0131lara dayal\u0131 olarak \u015fanslar\u0131n\u0131z ve riskleriniz hakk\u0131nda size tavsiyelerde bulunam\u0131yoruz bu az surede.<\/p>\n<ul>\n<li class=\"translation-block\">En \u00f6nemlisi; G\u00f6\u00e7menlikle ilgili konularda yard\u0131mc\u0131 olmam\u0131z i\u00e7in bizi i\u015fe ald\u0131\u011f\u0131n\u0131zda, ilk Dan\u0131\u015fma \u00fccreti gelecekteki mesleki \u00fccretlere tamamen yat\u0131r\u0131l\u0131r.<\/li>\n<\/ul>\n<p>For example: You paid $150 for 1 hour consultation related to your study permit. After consultation you decided to continue the study permit application with our company and hire us as your &#8220;representative&#8221;. And the cost of the service you&#8217;ve decided to proceed with is $700 as an example, since you already paid $150 during consultation, your balance due will be $700-$150=$550.<\/p>\n<p>Hizmetimiz hakk\u0131nda bahsetmemiz gereken bir di\u011fer harika \u015fey:<\/p>\n<ul>\n<li>Online Dan\u0131\u015fmanl\u0131k Servisimiz (Toronto'da bir dan\u0131\u015fmanl\u0131k uzman\u0131 ile d\u00fcnyan\u0131n her yerinden randevu talebi) G\u00fcvenli ve h\u0131zl\u0131 \u00f6deme y\u00f6ntemleri.<\/li>\n<li>H\u0131zl\u0131 ve kolay 10-15 dakikal\u0131k de\u011ferlendirme formlar\u0131 g\u00f6\u00e7menlik bilgileriniz i\u00e7in.<\/li>\n<li>Client Portal &#8211; to submit some applications.<\/li>\n<li>M\u00fc\u015fterilerimize daha fazla fayda sa\u011flamay\u0131 ama\u00e7l\u0131yoruz (siz gelmeden \u00f6nce C.V.'nizde yardimci oluyoruz, e\u011fitim kurslar\u0131, video kurslar\u0131) Bu \u00f6n\u00fcm\u00fczdeki aylarda m\u00fc\u015fterilerimize sunulacakt\u0131r.<\/li>\n<\/ul>\n\t\t\t\t\t\t<h5>Randevumu de\u011fi\u015ftirebilir miyim?<\/h5>\n\t\t\t<p>Evet. Randevular, dan\u0131\u015fma saatinden 24 saat \u00f6nce de\u011fi\u015ftirilebilir. L\u00fctfen bize tam ad\u0131n\u0131z\u0131 ve talebinizi info@canadaic.ca adresinden e-posta ile g\u00f6nderin.<\/p>\n\t\t\t\t\t\t<h5>Do\u011fru g\u00f6\u00e7menlik dan\u0131\u015fman\u0131 nas\u0131l se\u00e7ilir?<\/h5>\n\t\t\t<p>Our immigration consultancy office understands that hiring an expert is an important decision; a decision that can impact one&#8217;s life, family, business, company and future. Our consultants offer more than 6 years of experience in representation of clients across Canada in variety of immigration matters.\u00a0<\/p>\n<p>Whether you&#8217;re looking to visit, study or permanently immigrate, there are more than 60 programs you can apply through to gain temporary or permanent status in Canada.<\/p>\n<p class=\"translation-block\">M\u00fc\u015fterilerimize kaliteli hizmet s\u00f6z\u00fc veriyoruz. Her vaka benzersiz oldu\u011fundan ve konunuzun kalifiye bir g\u00f6\u00e7menlik dan\u0131\u015fman\u0131 taraf\u0131ndan dikkatli bir \u015fekilde de\u011ferlendirilmesi \u00e7ok \u00f6nemlidir.<\/p>\n\t\t\t\t\t\t<h5>Sizi temsil etmek i\u00e7in kimler i\u015fe al\u0131nabilir?<\/h5>\n\t\t\t<p>Under the law, only members in good standing with ICCRC and lawyers can be hired to represent clients. Be wary of any shady individual and trust your &#8220;gut feeling&#8221;. Ask them about their license number and check it on ICCRC website. Always protect your rights and be sceptical by asking questions.<\/p>\n<p><a href=\"https:\/\/college-ic.ca\/protecting-the-public\/find-an-immigration-consultant\" target=\"_blank\" rel=\"noopener\">Bedir Ozdemir<\/a> Kanadal\u0131 G\u00f6\u00e7menlik Dan\u0131\u015fman\u0131d\u0131r, \u00fcyesidir <a href=\"https:\/\/college-ic.ca\/protecting-the-public\/find-an-immigration-consultant\" target=\"_blank\" rel=\"noopener noreferrer\">Immigration Consultants of Canada Regulatory Council<\/a> iyi durumda ve t\u00fcm g\u00f6\u00e7 meselelerinde \u00e7\u0131karlar\u0131n\u0131z\u0131 temsil etmek i\u00e7in Kanada h\u00fck\u00fcmeti taraf\u0131ndan yetkilendirilmi\u015ftir.<\/p>\n<p>Be aware, if you choose a compensated representative who isn&#8217;t authorized, your application may be returned to you or refused.<br \/>Temsilcinizi dikkatlice se\u00e7in. <a href=\"http:\/\/www.cic.gc.ca\/english\/department\/media\/multimedia\/video\/disappearing-act\/disappearing-act.asp\" target=\"_blank\" rel=\"noopener noreferrer\">http:\/\/www.cic.gc.ca\/english\/department\/media\/multimedia\/video\/disappearing-act\/disappearing-act.asp<\/a><\/p>\n\t\t\t\t\t\t<h5>Kanada BN ile hangi hizmeti beklemeliyim?<\/h5>\n\t\t\t<p>Canadian immigration can feel the same way as exploring an unknown territory, it&#8217;s vast and extensive in wording. On top of that, you have many friends and family sharing all this &#8220;half true&#8221; or misinformation with you. This is exactly the time you need clear information to decide on a goal in Canada and drastically improve your chances of achieving it. You need the full picture.<\/p>\n<p>Ayr\u0131ca Kanada G\u00f6\u00e7menlik Yasalar\u0131 ve Y\u00f6netmeliklerinin yanl\u0131\u015f yorumlanmas\u0131, gereksiz gecikmelere neden olan yayg\u0131n hatalara yol a\u00e7ar.<\/p>\n<p>Profesyonel ve deneyimli uzmanlar\u0131m\u0131z \u015funlar\u0131 yapmak i\u00e7in oradalar:<\/p>\n<ul>\n<li>Ba\u015far\u0131n\u0131z\u0131n olas\u0131l\u0131\u011f\u0131na ili\u015fkin profesyonel bir de\u011ferlendirme sa\u011fl\u0131yoruz<\/li>\n<li>Durumunuza g\u00f6re ki\u015fiselle\u015ftirilmi\u015f se\u00e7enekler ve \u00e7\u00f6z\u00fcmler sa\u011fl\u0131yoruz<\/li>\n<li>Guide you in the preparation of your documents to ensure you&#8217;re awarded the maximum number of Canadian immigration points that you are entitled to<\/li>\n<li>Uygun IRCC Vize B\u00fcrosuna hitaben, niteliklerinizi \u00f6zetleyen ve adayl\u0131\u011f\u0131n\u0131z\u0131 destekleyen ayr\u0131nt\u0131l\u0131 bir teslim mektubu haz\u0131rl\u0131yoruz.<\/li>\n<li>Davan\u0131z i\u00e7in gerekli a\u00e7\u0131klay\u0131c\u0131 mektuplarla yard\u0131m sa\u011fl\u0131yoruz<\/li>\n<li>Ba\u015far\u0131 \u015fans\u0131n\u0131z\u0131 en \u00fcst d\u00fczeye \u00e7\u0131karmak i\u00e7in \u00f6zel durumunuz i\u00e7in sa\u011flanmas\u0131 gereken ek vakaya \u00f6zel dok\u00fcmantasyon tavsiyesi sunuyoruz.<\/li>\n<li>Tam ba\u015fvuru paketi sa\u011fl\u0131yoruz ve eksiksiz g\u00f6nderiyoruz<\/li>\n<li>Kanada G\u00f6\u00e7menlik, M\u00fclteciler ve Vatanda\u015fl\u0131k (IRCC) ve Kanada S\u0131n\u0131r Hizmetleri Kurumu (CBSA) ile sizin ad\u0131n\u0131za ileti\u015fim kuruyoruz (yaz\u0131l\u0131 veya s\u00f6zl\u00fc sunumlar\u0131n\u0131z\u0131n do\u011frudan \u00e7evirisi hari\u00e7)<\/li>\n<li>IRCC Ofisine ve \/ veya di\u011fer ilgili Kanada H\u00fck\u00fcmeti kurumlar\u0131na gerekti\u011finde ek yaz\u0131l\u0131 ve \/ veya s\u00f6zl\u00fc beyanlarda bulunuruz<\/li>\n<\/ul>\n<p>Ekibimiz ba\u015fvurunuz \u00fczerinde \u00e7al\u0131\u015f\u0131rken, haz\u0131rl\u0131kl\u0131 olmak i\u00e7in profesyonel ve dil becerilerinizi geli\u015ftirmeye odaklanabilirsiniz.<\/p>\n\t\t\t\t\t\t<h5>S\u00fcreci ba\u015flatmak i\u00e7in ne gerekiyor?<\/h5>\n\t\t\t<p><strong>Ad\u0131m 1<\/strong><\/p>\n<p class=\"translation-block\">\u00d6ncelikle, t\u00fcm m\u00fc\u015fterilerimizden formlar\u0131m\u0131z\u0131 doldurarak uygunluklar\u0131 ile ba\u015flamalar\u0131n\u0131 rica ediyoruz. Genel g\u00f6\u00e7menlik ve ticari yat\u0131r\u0131mc\u0131lar i\u00e7in ayr\u0131 formlar\u0131m\u0131z var. Bu formlar\u0131 doldurman\u0131z yakla\u015f\u0131k 10-15 dakika s\u00fcrecektir.<\/p>\n<p>Hakk\u0131nda sorular sorulacak<\/p>\n<ul>\n<li>E\u011fitim<\/li>\n<li>\u0130ngilizce veya Frans\u0131zca dil becerileri<\/li>\n<li>\u0130\u015f deneyimi<\/li>\n<li>Ya\u015f<\/li>\n<li>Uyruk<\/li>\n<li>Aile \u00fcyeleri<\/li>\n<li>Kanada'da D\u00fczenlenmi\u015f \u0130stihdam<\/li>\n<li>Uyarlanabilirlik<\/li>\n<li>Gelir ve \/ veya Yeni De\u011fer<\/li>\n<\/ul>\n<p><strong>Ad\u0131m 2<\/strong><\/p>\n<p>Next our team will review your profile, and you&#8217;ll receive invitation to Initial Consultation, if you qualify for one of the programs. Initial Consultation gives us an opportunity to review your situation in detail to determine the available courses of action and create personalized immigration strategy.<\/p>\n<p>\u015eu anda kalifiye de\u011filseniz, yak\u0131n gelecekte uygun hale gelmek i\u00e7in atman\u0131z gereken ad\u0131mlar\u0131 g\u00f6zden ge\u00e7irmek i\u00e7in isti\u015fare ile devam etmek yine de iyi bir fikir olacakt\u0131r.<\/p>\n\t\t\t\t\t\t<h5>Vize onay\u0131n\u0131 garanti ediyor musunuz?<\/h5>\n\t\t\t<p>IMPORTANT: Only Immigration, Refugees and Citizenship (IRCC) officers can decide whether or not to issue a visa. If any individual &#8220;guarantees&#8221; any visa or application, that should immediately raise a concern. Don&#8217;t be a victim of scam. Never provide these individuals with your information or documents. <a href=\"http:\/\/www.cic.gc.ca\/english\/resources\/publications\/fraud.asp\" target=\"_blank\" rel=\"noopener noreferrer\">http:\/\/www.cic.gc.ca\/english\/resources\/publications\/fraud.asp<\/a><\/p>\n<p>Yetkili temsilciler ba\u015fvurunuzun onaylanmas\u0131n\u0131 garanti edemezken, ba\u015far\u0131 \u015fans\u0131n\u0131 sa\u011flamak i\u00e7in ekibimiz olumlu sonu\u00e7 alma \u015fans\u0131n\u0131z\u0131 en \u00fcst d\u00fczeye \u00e7\u0131karmak i\u00e7in m\u00fcmk\u00fcn olan t\u00fcm yollar \u00fczerinde titizlikle \u00e7al\u0131\u015f\u0131r. Uzmanlar\u0131m\u0131z size Kanada'daki benzersiz durumunuza ve hedeflerinize uygun sa\u011flam tavsiye ve yard\u0131m sa\u011flayacakt\u0131r.<\/p>\n\t\t\t\t\t\t<h5>Kanada'ya girmemi ne engelleyebilir?<\/h5>\n\t\t\tNot all individuals are allowed to enter Canada. Immigration, Refuges and Citizenship Canada refers to this term as &#8220;<em>inadmissibility<\/em>&#8220;.\n<p>There are many reason, why you may be refused entry to Canada:<\/p>\n<ul type=\"disc\">\n<li>bir g\u00fcvenlik riskisin olmasi,<\/li>\n<li>insan veya uluslararas\u0131 hak ihlali yapt\u0131ysan\u0131z,<\/li>\n<li>bir su\u00e7tan h\u00fck\u00fcm giydiyseniz veya Kanada d\u0131\u015f\u0131nda su\u00e7 te\u015fkil edecek bir eylemde bulunduysan\u0131z,<\/li>\n<li>organize su\u00e7la ba\u011flar\u0131n\u0131z var,<\/li>\n<li>ciddi bir sa\u011fl\u0131k problemin var,<\/li>\n<li>ciddi bir mali sorunun olmasi,<\/li>\n<li>ba\u015fvurunuzda veya bir r\u00f6portajda yalan s\u00f6ylediniz,<\/li>\n<li class=\"translation-block\">Kanada g\u00f6\u00e7menlik yasas\u0131ndaki ko\u015fullar\u0131 kar\u015f\u0131lam\u0131yorsan\u0131z veya<\/li>\n<li>aile \u00fcyelerinizden birinin Kanada'ya girmesine izin verilmiyor.<\/li>\n<\/ul>\n<p class=\"translation-block\">Yetkiliyi Kanada'ya gitmeniz i\u00e7in ge\u00e7erli bir nedeniniz oldu\u011funa ikna etmelisiniz, size ge\u00e7ici oturma izni (TRV) verilebilir. Bir Kanada g\u00f6\u00e7menlik memurunun, vize, Elektronik Seyahat \u0130zni (eTA) i\u00e7in ba\u015fvurdu\u011funuzda veya bir havaliman\u0131na \/ s\u0131n\u0131r kap\u0131s\u0131na \/ limana vard\u0131\u011f\u0131n\u0131zda Kanada'ya girip giremeyece\u011finize karar verece\u011fini l\u00fctfen unutmay\u0131n.<\/p>\n<p>Why take the risk to have you visa refused? If you want to avoid the common mistakes and want to apply to come to Canada, don&#8217;t wait! Contact us today or book an appointment with an immigration specialist.\u00a0<\/p>\n\t<h2>\n\t\t\t\t<a href=\"https:\/\/www.canadaic.ca\/tr\/assessment-general\/\" title=\"G\u00f6\u00e7menlik De\u011ferlendirmeniz \u0130cin Buraya T\u0131klay\u0131n\u0131z\" target=\"_self\">\n\t\t\t\tG\u00f6\u00e7menlik De\u011ferlendirmeniz \u0130cin Buraya T\u0131klay\u0131n\u0131z\n\t\t\t\t<\/a>\n\t\t\t<\/h2>\n\t\t\t\t<h6>Our immigration consultancy office understands that hiring an expert is an important decision; a decision that can impact one&#8217;s life, family, business, company and future. Our consultants offer more than 6 years of experience in representation of clients across Canada in variety of immigration matters. Contact us today to speak to an immigration consultant and discuss the best route for your case.<\/h6>\n\t\t\t<h6>Bizi aray\u0131n<\/h6><h4>+1(647) 765-0404<\/h4>\t\t\t\n\t\t\t<h6>Bize e-posta g\u00f6nderin<\/h6><h4>info@canadaic.ca<\/h4>","protected":false},"excerpt":{"rendered":"<p>Follow the steps below.. Questions About Process? Contact us! Applying Within or Outside of Canada? Please Select from Below: I am applying from WITHIN Canada&#8230; Inside of Canada I am applying from OUTSIDE of Canada&#8230; Outside of Canada Surely the best immigration consultant in Toronto. If you want the best result look for the best. [&hellip;]<\/p>\n","protected":false},"author":2,"featured_media":820,"parent":0,"menu_order":0,"comment_status":"closed","ping_status":"closed","template":"","meta":{"_uag_custom_page_level_css":"","site-sidebar-layout":"no-sidebar","site-content-layout":"page-builder","ast-site-content-layout":"default","site-content-style":"default","site-sidebar-style":"default","ast-global-header-display":"","ast-banner-title-visibility":"","ast-main-header-display":"","ast-hfb-above-header-display":"","ast-hfb-below-header-display":"","ast-hfb-mobile-header-display":"","site-post-title":"disabled","ast-breadcrumbs-content":"","ast-featured-img":"disabled","footer-sml-layout":"","ast-disable-related-posts":"","theme-transparent-header-meta":"enabled","adv-header-id-meta":"","stick-header-meta":"","header-above-stick-meta":"","header-main-stick-meta":"","header-below-stick-meta":"","astra-migrate-meta-layouts":"default","ast-page-background-enabled":"default","ast-page-background-meta":{"desktop":{"background-color":"","background-image":"","background-repeat":"repeat","background-position":"center center","background-size":"auto","background-attachment":"scroll","background-type":"","background-media":"","overlay-type":"","overlay-color":"","overlay-opacity":"","overlay-gradient":""},"tablet":{"background-color":"","background-image":"","background-repeat":"repeat","background-position":"center center","background-size":"auto","background-attachment":"scroll","background-type":"","background-media":"","overlay-type":"","overlay-color":"","overlay-opacity":"","overlay-gradient":""},"mobile":{"background-color":"","background-image":"","background-repeat":"repeat","background-position":"center center","background-size":"auto","background-attachment":"scroll","background-type":"","background-media":"","overlay-type":"","overlay-color":"","overlay-opacity":"","overlay-gradient":""}},"ast-content-background-meta":{"desktop":{"background-color":"var(--ast-global-color-5)","background-image":"","background-repeat":"repeat","background-position":"center center","background-size":"auto","background-attachment":"scroll","background-type":"","background-media":"","overlay-type":"","overlay-color":"","overlay-opacity":"","overlay-gradient":""},"tablet":{"background-color":"var(--ast-global-color-5)","background-image":"","background-repeat":"repeat","background-position":"center center","background-size":"auto","background-attachment":"scroll","background-type":"","background-media":"","overlay-type":"","overlay-color":"","overlay-opacity":"","overlay-gradient":""},"mobile":{"background-color":"var(--ast-global-color-5)","background-image":"","background-repeat":"repeat","background-position":"center center","background-size":"auto","background-attachment":"scroll","background-type":"","background-media":"","overlay-type":"","overlay-color":"","overlay-opacity":"","overlay-gradient":""}},"footnotes":""},"class_list":["post-2990","page","type-page","status-publish","has-post-thumbnail","hentry"],"uagb_featured_image_src":{"full":["https:\/\/www.canadaic.ca\/wp-content\/uploads\/2019\/12\/canada-invitation-to-apply.jpg",1000,665,false],"thumbnail":["https:\/\/www.canadaic.ca\/wp-content\/uploads\/2019\/12\/canada-invitation-to-apply-150x150.jpg",150,150,true],"medium":["https:\/\/www.canadaic.ca\/wp-content\/uploads\/2019\/12\/canada-invitation-to-apply-300x200.jpg",300,200,true],"medium_large":["https:\/\/www.canadaic.ca\/wp-content\/uploads\/2019\/12\/canada-invitation-to-apply-768x511.jpg",768,511,true],"large":["https:\/\/www.canadaic.ca\/wp-content\/uploads\/2019\/12\/canada-invitation-to-apply.jpg",1000,665,false],"1536x1536":["https:\/\/www.canadaic.ca\/wp-content\/uploads\/2019\/12\/canada-invitation-to-apply.jpg",1000,665,false],"2048x2048":["https:\/\/www.canadaic.ca\/wp-content\/uploads\/2019\/12\/canada-invitation-to-apply.jpg",1000,665,false],"trp-custom-language-flag":["https:\/\/www.canadaic.ca\/wp-content\/uploads\/2019\/12\/canada-invitation-to-apply.jpg",18,12,false]},"uagb_author_info":{"display_name":"atakhelicopter","author_link":"https:\/\/www.canadaic.ca\/tr\/author\/atakhelicopter\/"},"uagb_comment_info":0,"uagb_excerpt":"Follow the steps below.. Questions About Process? Contact us! Applying Within or Outside of Canada? Please Select from Below: I am applying from WITHIN Canada&#8230; Inside of Canada I am applying from OUTSIDE of Canada&#8230; Outside of Canada Surely the best immigration consultant in Toronto. If you want the best result look for the best.&hellip;","_links":{"self":[{"href":"https:\/\/www.canadaic.ca\/tr\/wp-json\/wp\/v2\/pages\/2990","targetHints":{"allow":["GET"]}}],"collection":[{"href":"https:\/\/www.canadaic.ca\/tr\/wp-json\/wp\/v2\/pages"}],"about":[{"href":"https:\/\/www.canadaic.ca\/tr\/wp-json\/wp\/v2\/types\/page"}],"author":[{"embeddable":true,"href":"https:\/\/www.canadaic.ca\/tr\/wp-json\/wp\/v2\/users\/2"}],"replies":[{"embeddable":true,"href":"https:\/\/www.canadaic.ca\/tr\/wp-json\/wp\/v2\/comments?post=2990"}],"version-history":[{"count":11,"href":"https:\/\/www.canadaic.ca\/tr\/wp-json\/wp\/v2\/pages\/2990\/revisions"}],"predecessor-version":[{"id":7816,"href":"https:\/\/www.canadaic.ca\/tr\/wp-json\/wp\/v2\/pages\/2990\/revisions\/7816"}],"wp:featuredmedia":[{"embeddable":true,"href":"https:\/\/www.canadaic.ca\/tr\/wp-json\/wp\/v2\/media\/820"}],"wp:attachment":[{"href":"https:\/\/www.canadaic.ca\/tr\/wp-json\/wp\/v2\/media?parent=2990"}],"curies":[{"name":"wp","href":"https:\/\/api.w.org\/{rel}","templated":true}]}}