{"id":3025,"date":"2021-05-04T22:19:28","date_gmt":"2021-05-05T02:19:28","guid":{"rendered":"https:\/\/www.canadaic.ca\/?page_id=3025"},"modified":"2022-06-19T21:30:07","modified_gmt":"2022-06-20T01:30:07","slug":"immigration-assessment-form","status":"publish","type":"page","link":"https:\/\/www.canadaic.ca\/tr\/immigration-assessment-form\/","title":{"rendered":"Immigration Assessment Form"},"content":{"rendered":"<h3>Kanada G\u00f6\u00e7menlik De\u011ferlendirme Formu<\/h3>\n\t\t\t<h6>For clients inside &#8220;Canada only&#8221;. Consultation fees still apply. <\/h6>\n<h6>L\u00dcTFEN D\u0130KKAT: Profesyonel bir dan\u0131\u015fma olmadan g\u00f6\u00e7menlik programlar\u0131 veya g\u00f6\u00e7menlik yasas\u0131 hakk\u0131nda genel bilgiler sunmuyoruz. M\u00fc\u015fterilerimizin her birine sa\u011flad\u0131\u011f\u0131m\u0131z herhangi bir bilgiden sorumlu oldu\u011fumuz i\u00e7in.\u00a0<\/h6>\n<h6>De\u011ferlendirme formunuzu se\u00e7in:<\/h6>\n\t\t\t<a href=\"#generalform\" target=\"_self\" role=\"button\" aria-label=\"Genel G\u00f6\u00e7menlik\" rel=\"noopener\">\n\t\t\t\t\t\t\t\t\t\t\tGenel G\u00f6\u00e7menlik\n\t\t<\/a>\n\t\t\t<a href=\"https:\/\/www.canadaic.ca\/tr\/student-assessment-form\/\" target=\"_self\" role=\"button\" aria-label=\"\u00d6\u011frenci Vizesi\" rel=\"noopener\">\n\t\t\t\t\t\t\t\t\t\t\t\u00d6\u011frenci Vizesi\n\t\t<\/a>\n\t\t\t<a href=\"https:\/\/www.canadaic.ca\/tr\/business-assessment-form\/\" target=\"_self\" role=\"button\" aria-label=\"\u0130\u015f Yat\u0131r\u0131mc\u0131\" rel=\"noopener\">\n\t\t\t\t\t\t\t\t\t\t\t\u0130\u015f Yat\u0131r\u0131mc\u0131\n\t\t<\/a>","protected":false},"excerpt":{"rendered":"<p>General Canadian Immigration Assessment Form For clients inside &#8220;Canada only&#8221;. Consultation fees still apply. PLEASE NOTE: \u00a0We do not offer general information about immigration programs or immigration law without a professional consultation. As we are liable for any information we provide to each of our clients.\u00a0 Choose your evaluation form: General Immigration Study Visa Business [&hellip;]<\/p>\n","protected":false},"author":2,"featured_media":0,"parent":0,"menu_order":0,"comment_status":"closed","ping_status":"closed","template":"","meta":{"_uag_custom_page_level_css":"","site-sidebar-layout":"no-sidebar","site-content-layout":"default","ast-site-content-layout":"default","site-content-style":"default","site-sidebar-style":"default","ast-global-header-display":"","ast-banner-title-visibility":"","ast-main-header-display":"","ast-hfb-above-header-display":"","ast-hfb-below-header-display":"","ast-hfb-mobile-header-display":"","site-post-title":"disabled","ast-breadcrumbs-content":"","ast-featured-img":"","footer-sml-layout":"","ast-disable-related-posts":"","theme-transparent-header-meta":"default","adv-header-id-meta":"","stick-header-meta":"","header-above-stick-meta":"","header-main-stick-meta":"","header-below-stick-meta":"","astra-migrate-meta-layouts":"default","ast-page-background-enabled":"default","ast-page-background-meta":{"desktop":{"background-color":"","background-image":"","background-repeat":"repeat","background-position":"center center","background-size":"auto","background-attachment":"scroll","background-type":"","background-media":"","overlay-type":"","overlay-color":"","overlay-opacity":"","overlay-gradient":""},"tablet":{"background-color":"","background-image":"","background-repeat":"repeat","background-position":"center center","background-size":"auto","background-attachment":"scroll","background-type":"","background-media":"","overlay-type":"","overlay-color":"","overlay-opacity":"","overlay-gradient":""},"mobile":{"background-color":"","background-image":"","background-repeat":"repeat","background-position":"center center","background-size":"auto","background-attachment":"scroll","background-type":"","background-media":"","overlay-type":"","overlay-color":"","overlay-opacity":"","overlay-gradient":""}},"ast-content-background-meta":{"desktop":{"background-color":"var(--ast-global-color-5)","background-image":"","background-repeat":"repeat","background-position":"center center","background-size":"auto","background-attachment":"scroll","background-type":"","background-media":"","overlay-type":"","overlay-color":"","overlay-opacity":"","overlay-gradient":""},"tablet":{"background-color":"var(--ast-global-color-5)","background-image":"","background-repeat":"repeat","background-position":"center center","background-size":"auto","background-attachment":"scroll","background-type":"","background-media":"","overlay-type":"","overlay-color":"","overlay-opacity":"","overlay-gradient":""},"mobile":{"background-color":"var(--ast-global-color-5)","background-image":"","background-repeat":"repeat","background-position":"center center","background-size":"auto","background-attachment":"scroll","background-type":"","background-media":"","overlay-type":"","overlay-color":"","overlay-opacity":"","overlay-gradient":""}},"footnotes":""},"class_list":["post-3025","page","type-page","status-publish","hentry"],"uagb_featured_image_src":{"full":false,"thumbnail":false,"medium":false,"medium_large":false,"large":false,"1536x1536":false,"2048x2048":false,"trp-custom-language-flag":false},"uagb_author_info":{"display_name":"atakhelicopter","author_link":"https:\/\/www.canadaic.ca\/tr\/author\/atakhelicopter\/"},"uagb_comment_info":0,"uagb_excerpt":"General Canadian Immigration Assessment Form For clients inside &#8220;Canada only&#8221;. Consultation fees still apply. PLEASE NOTE: \u00a0We do not offer general information about immigration programs or immigration law without a professional consultation. As we are liable for any information we provide to each of our clients.\u00a0 Choose your evaluation form: General Immigration Study Visa Business&hellip;","_links":{"self":[{"href":"https:\/\/www.canadaic.ca\/tr\/wp-json\/wp\/v2\/pages\/3025","targetHints":{"allow":["GET"]}}],"collection":[{"href":"https:\/\/www.canadaic.ca\/tr\/wp-json\/wp\/v2\/pages"}],"about":[{"href":"https:\/\/www.canadaic.ca\/tr\/wp-json\/wp\/v2\/types\/page"}],"author":[{"embeddable":true,"href":"https:\/\/www.canadaic.ca\/tr\/wp-json\/wp\/v2\/users\/2"}],"replies":[{"embeddable":true,"href":"https:\/\/www.canadaic.ca\/tr\/wp-json\/wp\/v2\/comments?post=3025"}],"version-history":[{"count":8,"href":"https:\/\/www.canadaic.ca\/tr\/wp-json\/wp\/v2\/pages\/3025\/revisions"}],"predecessor-version":[{"id":4867,"href":"https:\/\/www.canadaic.ca\/tr\/wp-json\/wp\/v2\/pages\/3025\/revisions\/4867"}],"wp:attachment":[{"href":"https:\/\/www.canadaic.ca\/tr\/wp-json\/wp\/v2\/media?parent=3025"}],"curies":[{"name":"wp","href":"https:\/\/api.w.org\/{rel}","templated":true}]}}