{"id":3191,"date":"2021-06-19T20:33:00","date_gmt":"2021-06-20T00:33:00","guid":{"rendered":"https:\/\/www.canadaic.ca\/?page_id=3191"},"modified":"2021-06-20T10:19:52","modified_gmt":"2021-06-20T14:19:52","slug":"resources","status":"publish","type":"page","link":"https:\/\/www.canadaic.ca\/tr\/resources\/","title":{"rendered":"Kaynaklar"},"content":{"rendered":"<h1>Follow the latest news and articles&#8230;<\/h1>\n\t\t\t<h4>See what&#8217;s happening in Canada:<\/h4><h5>Life, Work, Study, Immigration &amp; More &#8230;.<\/h5>\n\t\t\t<h5>Son Haberler<\/h5><p>on Canadian Immigration&#8230;<\/p>\t\t\t\n\t\t\t<a href=\"https:\/\/www.canadaic.ca\/tr\/latest-news\/\" target=\"_self\" role=\"button\" rel=\"noopener\">\n\t\t\t\t\t\tSon Haberler\n\t\t\t\t\t<\/a>\n\t\t\t<h5>Yazilar <\/h5><p>Kanada'da Ya\u015fam, E\u011fitim ve \u00c7al\u0131\u015fma..<\/p>\t\t\t\n\t\t\t<a href=\"https:\/\/www.canadaic.ca\/tr\/articles\/\" target=\"_self\" role=\"button\" rel=\"noopener\">\n\t\t\t\t\t\tYazilar\n\t\t\t\t\t<\/a>\n\t<h2>\n\t\t\t\t<a href=\"https:\/\/www.canadaic.ca\/tr\/assessment-general\/\" title=\"G\u00f6\u00e7menlik De\u011ferlendirmeniz \u0130cin Buraya T\u0131klay\u0131n\u0131z\" target=\"_self\" rel=\"noopener\">\n\t\t\t\tG\u00f6\u00e7menlik De\u011ferlendirmeniz \u0130cin Buraya T\u0131klay\u0131n\u0131z\n\t\t\t\t<\/a>\n\t\t\t<\/h2>\n\t\t\t\t<h6>Our immigration consultancy office understands that hiring an expert is an important decision; a decision that can impact one&#8217;s life, family, business, company and future. Our consultants offer more than 6 years of experience in representation of clients across Canada in variety of immigration matters. Contact us today to speak to an immigration consultant and discuss the best route for your case.<\/h6>\n\t\t\t<h6>Bizi aray\u0131n<\/h6><h4>+1(647) 765-0404<\/h4>\t\t\t\n\t<h3>\n\t\t\t\t\/\n\t\t\t<\/h3>\n<h3>\n\t\t\/\n\t<\/h3>\n\t\t\t<h6>Bize e-posta g\u00f6nderin<\/h6><h4>info@canadaic.ca<\/h4>","protected":false},"excerpt":{"rendered":"<p>Follow the latest news and articles&#8230; See what&#8217;s happening in Canada: Life, Work, Study, Immigration &amp; More &#8230;. Latest News on Canadian Immigration&#8230; Latest News Articles on Life, Study &amp; Work in Canada.. Articles Get Your Immigration Assessment here Our immigration consultancy office understands that hiring an expert is an important decision; a decision that [&hellip;]<\/p>\n","protected":false},"author":2,"featured_media":820,"parent":0,"menu_order":0,"comment_status":"closed","ping_status":"closed","template":"","meta":{"_uag_custom_page_level_css":"","site-sidebar-layout":"no-sidebar","site-content-layout":"page-builder","ast-site-content-layout":"default","site-content-style":"default","site-sidebar-style":"default","ast-global-header-display":"","ast-banner-title-visibility":"","ast-main-header-display":"","ast-hfb-above-header-display":"","ast-hfb-below-header-display":"","ast-hfb-mobile-header-display":"","site-post-title":"disabled","ast-breadcrumbs-content":"","ast-featured-img":"disabled","footer-sml-layout":"","ast-disable-related-posts":"","theme-transparent-header-meta":"enabled","adv-header-id-meta":"","stick-header-meta":"","header-above-stick-meta":"","header-main-stick-meta":"","header-below-stick-meta":"","astra-migrate-meta-layouts":"default","ast-page-background-enabled":"default","ast-page-background-meta":{"desktop":{"background-color":"","background-image":"","background-repeat":"repeat","background-position":"center center","background-size":"auto","background-attachment":"scroll","background-type":"","background-media":"","overlay-type":"","overlay-color":"","overlay-opacity":"","overlay-gradient":""},"tablet":{"background-color":"","background-image":"","background-repeat":"repeat","background-position":"center center","background-size":"auto","background-attachment":"scroll","background-type":"","background-media":"","overlay-type":"","overlay-color":"","overlay-opacity":"","overlay-gradient":""},"mobile":{"background-color":"","background-image":"","background-repeat":"repeat","background-position":"center center","background-size":"auto","background-attachment":"scroll","background-type":"","background-media":"","overlay-type":"","overlay-color":"","overlay-opacity":"","overlay-gradient":""}},"ast-content-background-meta":{"desktop":{"background-color":"var(--ast-global-color-5)","background-image":"","background-repeat":"repeat","background-position":"center center","background-size":"auto","background-attachment":"scroll","background-type":"","background-media":"","overlay-type":"","overlay-color":"","overlay-opacity":"","overlay-gradient":""},"tablet":{"background-color":"var(--ast-global-color-5)","background-image":"","background-repeat":"repeat","background-position":"center center","background-size":"auto","background-attachment":"scroll","background-type":"","background-media":"","overlay-type":"","overlay-color":"","overlay-opacity":"","overlay-gradient":""},"mobile":{"background-color":"var(--ast-global-color-5)","background-image":"","background-repeat":"repeat","background-position":"center center","background-size":"auto","background-attachment":"scroll","background-type":"","background-media":"","overlay-type":"","overlay-color":"","overlay-opacity":"","overlay-gradient":""}},"footnotes":""},"class_list":["post-3191","page","type-page","status-publish","has-post-thumbnail","hentry"],"uagb_featured_image_src":{"full":["https:\/\/www.canadaic.ca\/wp-content\/uploads\/2019\/12\/canada-invitation-to-apply.jpg",1000,665,false],"thumbnail":["https:\/\/www.canadaic.ca\/wp-content\/uploads\/2019\/12\/canada-invitation-to-apply-150x150.jpg",150,150,true],"medium":["https:\/\/www.canadaic.ca\/wp-content\/uploads\/2019\/12\/canada-invitation-to-apply-300x200.jpg",300,200,true],"medium_large":["https:\/\/www.canadaic.ca\/wp-content\/uploads\/2019\/12\/canada-invitation-to-apply-768x511.jpg",768,511,true],"large":["https:\/\/www.canadaic.ca\/wp-content\/uploads\/2019\/12\/canada-invitation-to-apply.jpg",1000,665,false],"1536x1536":["https:\/\/www.canadaic.ca\/wp-content\/uploads\/2019\/12\/canada-invitation-to-apply.jpg",1000,665,false],"2048x2048":["https:\/\/www.canadaic.ca\/wp-content\/uploads\/2019\/12\/canada-invitation-to-apply.jpg",1000,665,false],"trp-custom-language-flag":["https:\/\/www.canadaic.ca\/wp-content\/uploads\/2019\/12\/canada-invitation-to-apply.jpg",18,12,false]},"uagb_author_info":{"display_name":"atakhelicopter","author_link":"https:\/\/www.canadaic.ca\/tr\/author\/atakhelicopter\/"},"uagb_comment_info":0,"uagb_excerpt":"Follow the latest news and articles&#8230; See what&#8217;s happening in Canada: Life, Work, Study, Immigration &amp; More &#8230;. Latest News on Canadian Immigration&#8230; Latest News Articles on Life, Study &amp; Work in Canada.. Articles Get Your Immigration Assessment here Our immigration consultancy office understands that hiring an expert is an important decision; a decision that&hellip;","_links":{"self":[{"href":"https:\/\/www.canadaic.ca\/tr\/wp-json\/wp\/v2\/pages\/3191","targetHints":{"allow":["GET"]}}],"collection":[{"href":"https:\/\/www.canadaic.ca\/tr\/wp-json\/wp\/v2\/pages"}],"about":[{"href":"https:\/\/www.canadaic.ca\/tr\/wp-json\/wp\/v2\/types\/page"}],"author":[{"embeddable":true,"href":"https:\/\/www.canadaic.ca\/tr\/wp-json\/wp\/v2\/users\/2"}],"replies":[{"embeddable":true,"href":"https:\/\/www.canadaic.ca\/tr\/wp-json\/wp\/v2\/comments?post=3191"}],"version-history":[{"count":7,"href":"https:\/\/www.canadaic.ca\/tr\/wp-json\/wp\/v2\/pages\/3191\/revisions"}],"predecessor-version":[{"id":3230,"href":"https:\/\/www.canadaic.ca\/tr\/wp-json\/wp\/v2\/pages\/3191\/revisions\/3230"}],"wp:featuredmedia":[{"embeddable":true,"href":"https:\/\/www.canadaic.ca\/tr\/wp-json\/wp\/v2\/media\/820"}],"wp:attachment":[{"href":"https:\/\/www.canadaic.ca\/tr\/wp-json\/wp\/v2\/media?parent=3191"}],"curies":[{"name":"wp","href":"https:\/\/api.w.org\/{rel}","templated":true}]}}