{"id":3193,"date":"2021-06-19T20:34:10","date_gmt":"2021-06-20T00:34:10","guid":{"rendered":"https:\/\/www.canadaic.ca\/?page_id=3193"},"modified":"2021-07-01T15:51:11","modified_gmt":"2021-07-01T19:51:11","slug":"articles","status":"publish","type":"page","link":"https:\/\/www.canadaic.ca\/tr\/articles\/","title":{"rendered":"Yazilar"},"content":{"rendered":"<h1>Yazilar<\/h1>\n\t\t\t<h2>Canadian Immigration Articles<\/h2>\n\t\t\t<h1>WRK<\/h1><h5>How to apply for a Work Permit<\/h5>\n<p>Are you looking to work in Canada? Need assistance in the process, or want general advice? Start here.<\/p>\n<p>(07.01.2021)<\/p>\n\n\t\t\t<h1>CAN<\/h1><h5>Why you should Work &amp; Live in Canada?<\/h5>\n<p>Are you considering Canada as your next destination? Have questions? Find out more here.\u00a0<\/p>\n<p>(07.01.2021)<\/p>\n\n\t\t\t<h1>PR<\/h1><h5>Application<\/h5>\n<p>Canada has announced new program to invite up to 40,000 international students to apply for PR. Find out if you&#8217;re eligible.<\/p>\n<p>(05.01.2021)<\/p>\n\n\t\t\t<h1>IMM<\/h1><h5>Global Talent Stream Program<\/h5>\n\t\t\t\t<p>Ideal program for business owners in Canada seeking foreign talent in their company. Find out how we could help you obtain a foreign talent within 4 weeks on a work permit.<\/p>\n\n\t\t\t<h1>JOBS<\/h1><h5>Finding a job in Canada in 2021<\/h5>\n\t\t\t\t<p>Find out how you could be ahead of the job hunting in Canada, by having the tools and information to land your dream job position.<\/p>\n<p>(06.20.2021)<\/p>\n\n\t\t\t<h1>CAD<\/h1><h5>Sponsorluk<\/h5>\n\t\t\t\t<p>Kanada'da aile birle\u015ftirmek ister misiniz? Sponsor aile \u00fcyeleri? Ekibimiz Kanada'da sevdiklerinizle ozel an\u0131lar olu\u015fturman\u0131za yard\u0131mc\u0131 olabilir.<\/p>\n\n\t\t\t<h1>IMM<\/h1><h5>H\u0131zl\u0131 Giri\u015f<\/h5>\n\t\t\t\t<p>Siz ve aileniz i\u00e7in \u00e7al\u0131\u015fmak ve PR stat\u00fcs\u00fc almak ister misiniz? Sizi belirlenen i\u015fverenlerle ba\u011flayabilir ve Kanada'ya ge\u00e7i\u015finizi ger\u00e7ekle\u015ftirmenize yard\u0131mc\u0131 olabiliriz.<\/p>\n\n\t\t\t<h1>NEWS<\/h1><h5>M\u00fclteci Ve S\u0131\u011f\u0131nma<\/h5>\n\t\t\t\t<p>\u0130ster zul\u00fcm, ya\u015fam korkusu, politik inan\u00e7lar veya ailenizin g\u00fcvenli\u011fi olsun, s\u0131\u011f\u0131nma davan\u0131zla profesyonellere g\u00fcvenin. Bug\u00fcn bizi aray\u0131n! Kanada'da PR stat\u00fcs\u00fc kurma hakk\u0131n\u0131z ve gelece\u011finiz i\u00e7in sava\u015fabiliriz.<\/p>\n\n\t\t\t<h1>RES<\/h1><h5>Geni\u015fletme ve Geri Y\u00fckleme Durumu<\/h5>\n\t\t\t\t<p>Whether it is visa, study permit or work permits; we have solutions for client situations. Our experts can make certain your work, studies or stay in Canada isn&#8217;t interrupted.\u00a0<\/p>\n\n\t\t\t<h1>WP<\/h1><h5>\u00c7al\u0131\u015fma \u0130zni ve LMIA<\/h5>\n\t\t\t\t<p>M\u00fc\u015fterilerimize kapal\u0131 ve a\u00e7\u0131k \u00e7al\u0131\u015fma izinleri de dahil olmak \u00fczere \u00e7e\u015fitli hizmetlerde yard\u0131mc\u0131 oluyoruz. Profesyonellerin sonu\u00e7 almas\u0131na g\u00fcvenin, ilk a\u015famalardan ba\u015fvurunuzun tamamlanmas\u0131na kadar s\u00fcrekli g\u00fcncelleme sa\u011fl\u0131yoruz.<\/p>\n\n\t\t\t<h2>M\u00fc\u015fterilerimiz<\/h2>\n\t\t\t\t<img decoding=\"async\" data-src=\"https:\/\/www.canadaic.ca\/wp-content\/uploads\/bb-plugin\/cache\/Diane-G.-circle.jpg\" alt=\"Diane G.\" title=\"Diane G.\" itemprop=\"image\" src=\"data:image\/svg+xml;base64,PHN2ZyB3aWR0aD0iMSIgaGVpZ2h0PSIxIiB4bWxucz0iaHR0cDovL3d3dy53My5vcmcvMjAwMC9zdmciPjwvc3ZnPg==\" class=\"lazyload\" style=\"--smush-placeholder-width: 100px; --smush-placeholder-aspect-ratio: 100\/100;\" \/>\n\t\t\t\t\t\t\t<p>Onlar hi\u00e7 u\u011fra\u015ft\u0131\u011f\u0131m en profesyonel g\u00f6\u00e7men firma idi. \u00c7ok kibar ve tam olarak ne yapt\u0131klar\u0131n\u0131 biliyordu. \u0130nan\u0131lmaz i\u015f !! A +<\/p>\t\t\t\t\t\t\n\t\t\t\t\t\t\t\t<h3 class='uabb-testimonial-author-name testimonial-author-name'>Diane Guerrero<\/h3>\n                              <input type=\"radio\" value=\"5\"\/>\n                  <label title=\"5 out of 5 stars\"><\/label>\n                  <input type=\"radio\" value=\"4\"\/>\n                  <label title=\"4 out of 5 stars\"><\/label>\n                  <input type=\"radio\" value=\"3\"\/>\n                  <label title=\"3 out of 5 stars\"><\/label>\n                  <input type=\"radio\" value=\"2\"\/>\n                  <label title=\"2 out of 5 stars\"><\/label>\n                  <input type=\"radio\" value=\"1\"\/>\n                  <label title=\"1 out of 5 stars\"><\/label>\n\t\t\t\t\t\t\t\t\tKolombiya\t\t\t\t\t\t\t\t\n\t\t\t\t<img decoding=\"async\" data-src=\"https:\/\/www.canadaic.ca\/wp-content\/uploads\/bb-plugin\/cache\/Tiana-Mitchell-circle.png\" alt=\"Tiana Mitchell\" title=\"Tiana Mitchell\" itemprop=\"image\" src=\"data:image\/svg+xml;base64,PHN2ZyB3aWR0aD0iMSIgaGVpZ2h0PSIxIiB4bWxucz0iaHR0cDovL3d3dy53My5vcmcvMjAwMC9zdmciPjwvc3ZnPg==\" class=\"lazyload\" style=\"--smush-placeholder-width: 345px; --smush-placeholder-aspect-ratio: 345\/345;\" \/>\n\t\t\t\t\t\t\t<p>Bedir harika. Bana bir vakada yard\u0131m etti ve b\u00fcy\u00fck bir profesyonellik ve d\u00fcr\u00fcstl\u00fckle yapt\u0131. Kesinlikle tavsiye ederim.<\/p>\t\t\t\t\t\t\n\t\t\t\t\t\t\t\t<h3 class='uabb-testimonial-author-name testimonial-author-name'>Tiana Mitchell<\/h3>\n                              <input type=\"radio\" value=\"5\"\/>\n                  <label title=\"5 out of 5 stars\"><\/label>\n                  <input type=\"radio\" value=\"4\"\/>\n                  <label title=\"4 out of 5 stars\"><\/label>\n                  <input type=\"radio\" value=\"3\"\/>\n                  <label title=\"3 out of 5 stars\"><\/label>\n                  <input type=\"radio\" value=\"2\"\/>\n                  <label title=\"2 out of 5 stars\"><\/label>\n                  <input type=\"radio\" value=\"1\"\/>\n                  <label title=\"1 out of 5 stars\"><\/label>\n\t\t\t\t\t\t\t\t\tCanada\t\t\t\t\t\t\t\t\n\t\t\t\t<img decoding=\"async\" data-src=\"https:\/\/www.canadaic.ca\/wp-content\/uploads\/bb-plugin\/cache\/Param-Kaur-circle.png\" alt=\"Param Kaur\" title=\"Param Kaur\" itemprop=\"image\" src=\"data:image\/svg+xml;base64,PHN2ZyB3aWR0aD0iMSIgaGVpZ2h0PSIxIiB4bWxucz0iaHR0cDovL3d3dy53My5vcmcvMjAwMC9zdmciPjwvc3ZnPg==\" class=\"lazyload\" style=\"--smush-placeholder-width: 268px; --smush-placeholder-aspect-ratio: 268\/268;\" \/>\n\t\t\t\t\t\t\t<p>\u00c7ok Bilgilendirici Dan\u0131\u015fma. Onlar, \u00e7ok sab\u0131rl\u0131 bir \u015fekilde, her soruyu \u00e7ok \u00f6zenle yan\u0131tlayarak dan\u0131\u015fma \u00e7a\u011fr\u0131s\u0131 boyunca c\u00f6mert bir s\u00fcre ge\u00e7irdiler. Te\u015fekk\u00fcr ederim!\u00a0<\/p>\t\t\t\t\t\t\n\t\t\t\t\t\t\t\t<h3 class='uabb-testimonial-author-name testimonial-author-name'>Param Kaur<\/h3>\n                              <input type=\"radio\" value=\"5\"\/>\n                  <label title=\"5 out of 5 stars\"><\/label>\n                  <input type=\"radio\" value=\"4\"\/>\n                  <label title=\"4 out of 5 stars\"><\/label>\n                  <input type=\"radio\" value=\"3\"\/>\n                  <label title=\"3 out of 5 stars\"><\/label>\n                  <input type=\"radio\" value=\"2\"\/>\n                  <label title=\"2 out of 5 stars\"><\/label>\n                  <input type=\"radio\" value=\"1\"\/>\n                  <label title=\"1 out of 5 stars\"><\/label>\n\t\t\t\t\t\t\t\t\tHindistan\t\t\t\t\t\t\t\t\n\t\t\t\t<img decoding=\"async\" data-src=\"https:\/\/www.canadaic.ca\/wp-content\/uploads\/bb-plugin\/cache\/Felipe-Andreu-circle.png\" alt=\"Felipe Andreu\" title=\"Felipe Andreu\" itemprop=\"image\" src=\"data:image\/svg+xml;base64,PHN2ZyB3aWR0aD0iMSIgaGVpZ2h0PSIxIiB4bWxucz0iaHR0cDovL3d3dy53My5vcmcvMjAwMC9zdmciPjwvc3ZnPg==\" class=\"lazyload\" style=\"--smush-placeholder-width: 310px; --smush-placeholder-aspect-ratio: 310\/310;\" \/>\n\t\t\t\t\t\t\t<p>Kesinlikle Toronto'daki en iyi g\u00f6\u00e7menlik dan\u0131\u015fman\u0131. En iyi sonucu istiyorsan\u0131z, en iyisini aray\u0131n. Bedir \u00d6zdemir<\/p>\t\t\t\t\t\t\n\t\t\t\t\t\t\t\t<h3 class='uabb-testimonial-author-name testimonial-author-name'>Felip Andreu<\/h3>\n                              <input type=\"radio\" value=\"5\"\/>\n                  <label title=\"5 out of 5 stars\"><\/label>\n                  <input type=\"radio\" value=\"4\"\/>\n                  <label title=\"4 out of 5 stars\"><\/label>\n                  <input type=\"radio\" value=\"3\"\/>\n                  <label title=\"3 out of 5 stars\"><\/label>\n                  <input type=\"radio\" value=\"2\"\/>\n                  <label title=\"2 out of 5 stars\"><\/label>\n                  <input type=\"radio\" value=\"1\"\/>\n                  <label title=\"1 out of 5 stars\"><\/label>\n\t\t\t\t\t\t\t\t\tBrezilya\t\t\t\t\t\t\t\t\n\t\t\t\t<img decoding=\"async\" data-src=\"https:\/\/www.canadaic.ca\/wp-content\/uploads\/bb-plugin\/cache\/Doris-circle.jpg\" alt=\"Doris\" title=\"Doris\" itemprop=\"image\" src=\"data:image\/svg+xml;base64,PHN2ZyB3aWR0aD0iMSIgaGVpZ2h0PSIxIiB4bWxucz0iaHR0cDovL3d3dy53My5vcmcvMjAwMC9zdmciPjwvc3ZnPg==\" class=\"lazyload\" style=\"--smush-placeholder-width: 100px; --smush-placeholder-aspect-ratio: 100\/100;\" \/>\n\t\t\t\t\t\t\t<p>Onlar\u0131n hizmeti bir\u00e7ok y\u00f6nden \u015fa\u015f\u0131rt\u0131c\u0131 olmu\u015ftur. G\u00f6\u00e7menlik ihtiya\u00e7lar\u0131m\u0131z i\u00e7in Kanada BN'yi arad\u0131\u011f\u0131m\u0131z ve ailemizle Kanada'ya ta\u015f\u0131nd\u0131\u011f\u0131m\u0131z i\u00e7in mutluyuz. Harika bir deneyim. Kesinlikle her kuru\u015fa de\u011fer.<\/p>\t\t\t\t\t\t\n\t\t\t\t\t\t\t\t<h3 class='uabb-testimonial-author-name testimonial-author-name'>Doris Guzman<\/h3>\n                              <input type=\"radio\" value=\"5\"\/>\n                  <label title=\"5 out of 5 stars\"><\/label>\n                  <input type=\"radio\" value=\"4\"\/>\n                  <label title=\"4 out of 5 stars\"><\/label>\n                  <input type=\"radio\" value=\"3\"\/>\n                  <label title=\"3 out of 5 stars\"><\/label>\n                  <input type=\"radio\" value=\"2\"\/>\n                  <label title=\"2 out of 5 stars\"><\/label>\n                  <input type=\"radio\" value=\"1\"\/>\n                  <label title=\"1 out of 5 stars\"><\/label>\n\t\t\t\t\t\t\t\t\tAvrupa\t\t\t\t\t\t\t\t\n\t\t\t\t<img decoding=\"async\" data-src=\"https:\/\/www.canadaic.ca\/wp-content\/uploads\/bb-plugin\/cache\/Igor-Kursunova-circle.png\" alt=\"Igor Kursunova\" title=\"Igor Kursunova\" itemprop=\"image\" src=\"data:image\/svg+xml;base64,PHN2ZyB3aWR0aD0iMSIgaGVpZ2h0PSIxIiB4bWxucz0iaHR0cDovL3d3dy53My5vcmcvMjAwMC9zdmciPjwvc3ZnPg==\" class=\"lazyload\" style=\"--smush-placeholder-width: 278px; --smush-placeholder-aspect-ratio: 278\/278;\" \/>\n\t\t\t\t\t\t\t<p>Bedir, PR kart s\u00fcrecine yard\u0131mc\u0131 olmak i\u00e7in harika bir i\u015f \u00e7\u0131kard\u0131. Bu profesyonel grubu \u015fiddetle tavsiye ederim.<\/p>\t\t\t\t\t\t\n\t\t\t\t\t\t\t\t<h3 class='uabb-testimonial-author-name testimonial-author-name'>Igor Kursunova<\/h3>\n                              <input type=\"radio\" value=\"5\"\/>\n                  <label title=\"5 out of 5 stars\"><\/label>\n                  <input type=\"radio\" value=\"4\"\/>\n                  <label title=\"4 out of 5 stars\"><\/label>\n                  <input type=\"radio\" value=\"3\"\/>\n                  <label title=\"3 out of 5 stars\"><\/label>\n                  <input type=\"radio\" value=\"2\"\/>\n                  <label title=\"2 out of 5 stars\"><\/label>\n                  <input type=\"radio\" value=\"1\"\/>\n                  <label title=\"1 out of 5 stars\"><\/label>\n\t\t\t\t\t\t\t\t\tAvrupa\t\t\t\t\t\t\t\t\n\t\t\t<h2>G\u00f6\u00e7menlik tavsiyesine mi ihtiyac\u0131n\u0131z var?<\/h2>\n\t\t\t\t<h6>Profesyonel tavsiye mi istiyorsunuz? G\u00f6\u00e7 yasas\u0131 ve \u00f6zel durumlar hakk\u0131ndaki t\u00fcm sorular\u0131n\u0131z\u0131 ve endi\u015felerinizi cevaplamak i\u00e7in rekabet\u00e7i saatlik \u00fccretler sunuyoruz. Bug\u00fcn bize ula\u015f\u0131n!<\/h6>\n\t\t\t<h6>Bizi aray\u0131n<\/h6><h4>+1 647 765-0404<\/h4>\t\t\t\n\t<h3>\n\t\t\t\t<a href=\"#\" title=\"\/\" target=\"_self\" rel=\"noopener\">\n\t\t\t\t\/\n\t\t\t\t<\/a>\n\t\t\t<\/h3>\n<h3>\n\t\t\/\n\t<\/h3>\n\t\t\t<h6>Bize e-posta g\u00f6nderin<\/h6><h4>info@canadaic.ca<\/h4>\t\t\t\n\t<h3>\n\t\t\t\t<a href=\"#\" title=\"\/\" target=\"_self\" rel=\"noopener\">\n\t\t\t\t\/\n\t\t\t\t<\/a>\n\t\t\t<\/h3>\n<h3>\n\t\t\/\n\t<\/h3>\n\t\t\t<h6>Bizi \u015fu adresten ziyaret edin<\/h6><h4>2 Robert Speck Parkway, Suite 750 L4Z 1H8<\/h4>","protected":false},"excerpt":{"rendered":"<p>Articles Canadian Immigration Articles WRK How to apply for a Work Permit Are you looking to work in Canada? Need assistance in the process, or want general advice? Start here. (07.01.2021) CAN Why you should Work &amp; Live in Canada? Are you considering Canada as your next destination? Have questions? Find out more here.\u00a0 (07.01.2021) [&hellip;]<\/p>\n","protected":false},"author":2,"featured_media":821,"parent":0,"menu_order":0,"comment_status":"closed","ping_status":"closed","template":"","meta":{"_uag_custom_page_level_css":"","site-sidebar-layout":"no-sidebar","site-content-layout":"page-builder","ast-site-content-layout":"default","site-content-style":"default","site-sidebar-style":"default","ast-global-header-display":"","ast-banner-title-visibility":"","ast-main-header-display":"","ast-hfb-above-header-display":"","ast-hfb-below-header-display":"","ast-hfb-mobile-header-display":"","site-post-title":"disabled","ast-breadcrumbs-content":"","ast-featured-img":"disabled","footer-sml-layout":"","ast-disable-related-posts":"","theme-transparent-header-meta":"enabled","adv-header-id-meta":"","stick-header-meta":"","header-above-stick-meta":"","header-main-stick-meta":"","header-below-stick-meta":"","astra-migrate-meta-layouts":"default","ast-page-background-enabled":"default","ast-page-background-meta":{"desktop":{"background-color":"","background-image":"","background-repeat":"repeat","background-position":"center center","background-size":"auto","background-attachment":"scroll","background-type":"","background-media":"","overlay-type":"","overlay-color":"","overlay-opacity":"","overlay-gradient":""},"tablet":{"background-color":"","background-image":"","background-repeat":"repeat","background-position":"center center","background-size":"auto","background-attachment":"scroll","background-type":"","background-media":"","overlay-type":"","overlay-color":"","overlay-opacity":"","overlay-gradient":""},"mobile":{"background-color":"","background-image":"","background-repeat":"repeat","background-position":"center center","background-size":"auto","background-attachment":"scroll","background-type":"","background-media":"","overlay-type":"","overlay-color":"","overlay-opacity":"","overlay-gradient":""}},"ast-content-background-meta":{"desktop":{"background-color":"var(--ast-global-color-5)","background-image":"","background-repeat":"repeat","background-position":"center center","background-size":"auto","background-attachment":"scroll","background-type":"","background-media":"","overlay-type":"","overlay-color":"","overlay-opacity":"","overlay-gradient":""},"tablet":{"background-color":"var(--ast-global-color-5)","background-image":"","background-repeat":"repeat","background-position":"center center","background-size":"auto","background-attachment":"scroll","background-type":"","background-media":"","overlay-type":"","overlay-color":"","overlay-opacity":"","overlay-gradient":""},"mobile":{"background-color":"var(--ast-global-color-5)","background-image":"","background-repeat":"repeat","background-position":"center center","background-size":"auto","background-attachment":"scroll","background-type":"","background-media":"","overlay-type":"","overlay-color":"","overlay-opacity":"","overlay-gradient":""}},"footnotes":""},"class_list":["post-3193","page","type-page","status-publish","has-post-thumbnail","hentry"],"uagb_featured_image_src":{"full":["https:\/\/www.canadaic.ca\/wp-content\/uploads\/2019\/12\/immigration_Canada.jpg",800,534,false],"thumbnail":["https:\/\/www.canadaic.ca\/wp-content\/uploads\/2019\/12\/immigration_Canada-150x150.jpg",150,150,true],"medium":["https:\/\/www.canadaic.ca\/wp-content\/uploads\/2019\/12\/immigration_Canada-300x200.jpg",300,200,true],"medium_large":["https:\/\/www.canadaic.ca\/wp-content\/uploads\/2019\/12\/immigration_Canada-768x513.jpg",768,513,true],"large":["https:\/\/www.canadaic.ca\/wp-content\/uploads\/2019\/12\/immigration_Canada.jpg",800,534,false],"1536x1536":["https:\/\/www.canadaic.ca\/wp-content\/uploads\/2019\/12\/immigration_Canada.jpg",800,534,false],"2048x2048":["https:\/\/www.canadaic.ca\/wp-content\/uploads\/2019\/12\/immigration_Canada.jpg",800,534,false],"trp-custom-language-flag":["https:\/\/www.canadaic.ca\/wp-content\/uploads\/2019\/12\/immigration_Canada.jpg",18,12,false]},"uagb_author_info":{"display_name":"atakhelicopter","author_link":"https:\/\/www.canadaic.ca\/tr\/author\/atakhelicopter\/"},"uagb_comment_info":0,"uagb_excerpt":"Articles Canadian Immigration Articles WRK How to apply for a Work Permit Are you looking to work in Canada? Need assistance in the process, or want general advice? Start here. (07.01.2021) CAN Why you should Work &amp; Live in Canada? Are you considering Canada as your next destination? Have questions? Find out more here.\u00a0 (07.01.2021)&hellip;","_links":{"self":[{"href":"https:\/\/www.canadaic.ca\/tr\/wp-json\/wp\/v2\/pages\/3193","targetHints":{"allow":["GET"]}}],"collection":[{"href":"https:\/\/www.canadaic.ca\/tr\/wp-json\/wp\/v2\/pages"}],"about":[{"href":"https:\/\/www.canadaic.ca\/tr\/wp-json\/wp\/v2\/types\/page"}],"author":[{"embeddable":true,"href":"https:\/\/www.canadaic.ca\/tr\/wp-json\/wp\/v2\/users\/2"}],"replies":[{"embeddable":true,"href":"https:\/\/www.canadaic.ca\/tr\/wp-json\/wp\/v2\/comments?post=3193"}],"version-history":[{"count":9,"href":"https:\/\/www.canadaic.ca\/tr\/wp-json\/wp\/v2\/pages\/3193\/revisions"}],"predecessor-version":[{"id":3300,"href":"https:\/\/www.canadaic.ca\/tr\/wp-json\/wp\/v2\/pages\/3193\/revisions\/3300"}],"wp:featuredmedia":[{"embeddable":true,"href":"https:\/\/www.canadaic.ca\/tr\/wp-json\/wp\/v2\/media\/821"}],"wp:attachment":[{"href":"https:\/\/www.canadaic.ca\/tr\/wp-json\/wp\/v2\/media?parent=3193"}],"curies":[{"name":"wp","href":"https:\/\/api.w.org\/{rel}","templated":true}]}}