{"id":335,"date":"2019-09-02T09:09:12","date_gmt":"2019-09-02T09:09:12","guid":{"rendered":"https:\/\/websitedemos.net\/alex50\/?page_id=7"},"modified":"2026-03-05T09:59:51","modified_gmt":"2026-03-05T14:59:51","slug":"about","status":"publish","type":"page","link":"https:\/\/www.canadaic.ca\/tr\/about\/","title":{"rendered":"Hakkimizda"},"content":{"rendered":"<h1>Hakk\u0131m\u0131zda<\/h1>\n\t\t\t<a href=\"https:\/\/college-ic.ca\/protecting-the-public\/find-an-immigration-consultant\" title=\"Firmam\u0131z\u0131n RCIC Lisans\u0131n\u0131 \u0130nceleyin.\" target=\"_self\"   role=\"button\" aria-label=\"Firmam\u0131z\u0131n RCIC Lisans\u0131n\u0131 \u0130nceleyin.\">\n\t\t\t\t\t\t\t\t\t\t\tFirmam\u0131z\u0131n RCIC Lisans\u0131n\u0131 \u0130nceleyin.\n\t\t<\/a>\n\t\t\t<h2>Firmam\u0131z<\/h2>\n\t\t\t<a href=\"mailto:info@canadaic.ca\" title=\"Bug\u00fcn bizimle ileti\u015fime ge\u00e7in!\" target=\"_self\"   role=\"button\" aria-label=\"Bug\u00fcn bizimle ileti\u015fime ge\u00e7in! \">\n\t\t\t\t\t\t\t\t\t\t\tBug\u00fcn bizimle ileti\u015fime ge\u00e7in! \n\t\t<\/a>\n\t<p>Canada B&amp;N&#8217;s offices are conveniently located near the heart of Mississauga&#8217;s Square One location. Our headquarters are easily accessible from all major municipalities including Toronto, Brampton, Oakville.<\/p>\n<p>Kanada B&amp;N bir tam hizmet g\u00f6\u00e7menlik dan\u0131\u015fmanl\u0131k firmas\u0131d\u0131r. Deneyimli bir ICCRC \u00fcyesi olan Bedir \u00d6zdemir ve ekibi, i\u015f g\u00f6\u00e7\u00fc ve \u00e7al\u0131\u015fma vizeleri, aile g\u00f6\u00e7\u00fc, iltica ve s\u0131n\u0131r d\u0131\u015f\u0131 etme gibi Kanada g\u00f6\u00e7menlik hukukunda uzmanla\u015fm\u0131\u015ft\u0131r.<\/p>\n\t<p>Our firm delivers on its vast experience navigating the complex Canadian immigration laws. As a result, the firm is ready to help you achieve both your personal immigration objectives and your business immigration goals: &#8211; Business Visas &#8211; Pr Cards &#8211; Family Immigration &#8211; Visitor Visas &#8211; Study Permits &#8211; Work Permits &#8211; Citizenship &#8211; Asylum &amp; Deportation Defence<\/p>\n\t<h2>\n\t\t\t\t<a href=\"#\" title=\"Neden Bizi Se\u00e7melisiniz?\" target=\"_self\">\n\t\t\t\tNeden Bizi Se\u00e7melisiniz?\n\t\t\t\t<\/a>\n\t\t\t<\/h2>\n\t<p>Immigration offices of Canada B&amp;N is committed to understanding each client&#8217;s legal needs and provides every client with personal attention in order to solve their most critical immigration challenges. If you are searching for the right firm to handle specific immigration matter or ongoing case with CIC for representation, please call our office for a confidential consultation. We are dedicated to providing a high level of client service together with personal attention to each and every client.<\/p>\n\t\t<h5>Son Derece Deneyimli<\/h5>\t\t\t\n\t\t\t\t<p>B.A., 2014-2018, York University &#8211; Liberal Arts<\/p>\n<p>2012-2014, Humber College G.A.S. Diplomasi<\/p>\n<p>Immigration Consultant Grad &#8211; CDI\u00a0<\/p>\n\t\t<h5>\u015eeffaf \u00dccretler<\/h5>\t\t\t\n\t\t\t\t<p>World Class &#8211; Cost Effective Immigration Solutions.\u00a0<\/p>\n<p>No Flat Fee &#8211; No Surprises. Great Affordable Immigration Services.<\/p>\n<a href=\"https:\/\/www.canadaic.ca\/tr\/our-fees\/\" target=\"_self\">Buraya T\u0131klayin\u0131z<\/a>\t\t\t\n\t\t<h5>ICCRC \u00dcyeli\u011fi<\/h5>\t\t\t\n\t\t\t\t<p>ICCRC \u00dcye Durumu: Aktif<\/p>\n<p>Bedir Ozdemir\u00a0<\/p>\n<p><strong><a href=\"https:\/\/college-ic.ca\/protecting-the-public\/find-an-immigration-consultant\" target=\"_blank\" rel=\"noopener\">\u00dcyeli\u011fi Kontrol Etmek \u0130\u00e7in Buraya T\u0131klay\u0131n<\/a><\/strong><\/p>\n\t\t<!-- Comment to fix spacing issue\n\t-->\n\t\t<h2>0+<\/h2>M\u00fc\u015fteri Dan\u0131\u015fma\n\t<!-- Comment to fix spacing issue\n\t-->\t\n\t\t<!-- Comment to fix spacing issue\n\t-->\n\t\t<h2>0%<\/h2>Memnuniyet\n\t<!-- Comment to fix spacing issue\n\t-->\t\n\t\t<!-- Comment to fix spacing issue\n\t-->\n\t\t<h2>0M<\/h2>In Client Investments in Canada\n\t<!-- Comment to fix spacing issue\n\t-->\t\n\t\t<!-- Comment to fix spacing issue\n\t-->\n\t\t<h2>0<\/h2>Ba\u015far\u0131l\u0131 Vakalar\n\t<!-- Comment to fix spacing issue\n\t-->\t\n\t\t<!-- Comment to fix spacing issue\n\t-->\n\t\t<h2>0+<\/h2>Sponsorluk\n\t<!-- Comment to fix spacing issue\n\t-->","protected":false},"excerpt":{"rendered":"<p>About Us Confirm RCIC License for Our Firm Our Firm Contact us Today! Canada B&amp;N&#8217;s offices are conveniently located near the heart of Mississauga&#8217;s Square One location. Our headquarters are easily accessible from all major municipalities including Toronto, Brampton, Oakville. Canada B&amp;N is a full service immigration consulting firm. An experienced ICCRC member, Bedir Ozdemir [&hellip;]<\/p>\n","protected":false},"author":2,"featured_media":738,"parent":0,"menu_order":0,"comment_status":"closed","ping_status":"closed","template":"","meta":{"_uag_custom_page_level_css":"","site-sidebar-layout":"no-sidebar","site-content-layout":"page-builder","ast-site-content-layout":"full-width-container","site-content-style":"unboxed","site-sidebar-style":"unboxed","ast-global-header-display":"","ast-banner-title-visibility":"","ast-main-header-display":"","ast-hfb-above-header-display":"","ast-hfb-below-header-display":"","ast-hfb-mobile-header-display":"","site-post-title":"disabled","ast-breadcrumbs-content":"","ast-featured-img":"disabled","footer-sml-layout":"","ast-disable-related-posts":"","theme-transparent-header-meta":"enabled","adv-header-id-meta":"","stick-header-meta":"","header-above-stick-meta":"","header-main-stick-meta":"","header-below-stick-meta":"","astra-migrate-meta-layouts":"set","ast-page-background-enabled":"default","ast-page-background-meta":{"desktop":{"background-color":"","background-image":"","background-repeat":"repeat","background-position":"center center","background-size":"auto","background-attachment":"scroll","background-type":"","background-media":"","overlay-type":"","overlay-color":"","overlay-opacity":"","overlay-gradient":""},"tablet":{"background-color":"","background-image":"","background-repeat":"repeat","background-position":"center center","background-size":"auto","background-attachment":"scroll","background-type":"","background-media":"","overlay-type":"","overlay-color":"","overlay-opacity":"","overlay-gradient":""},"mobile":{"background-color":"","background-image":"","background-repeat":"repeat","background-position":"center center","background-size":"auto","background-attachment":"scroll","background-type":"","background-media":"","overlay-type":"","overlay-color":"","overlay-opacity":"","overlay-gradient":""}},"ast-content-background-meta":{"desktop":{"background-color":"var(--ast-global-color-5)","background-image":"","background-repeat":"repeat","background-position":"center center","background-size":"auto","background-attachment":"scroll","background-type":"","background-media":"","overlay-type":"","overlay-color":"","overlay-opacity":"","overlay-gradient":""},"tablet":{"background-color":"var(--ast-global-color-5)","background-image":"","background-repeat":"repeat","background-position":"center center","background-size":"auto","background-attachment":"scroll","background-type":"","background-media":"","overlay-type":"","overlay-color":"","overlay-opacity":"","overlay-gradient":""},"mobile":{"background-color":"var(--ast-global-color-5)","background-image":"","background-repeat":"repeat","background-position":"center center","background-size":"auto","background-attachment":"scroll","background-type":"","background-media":"","overlay-type":"","overlay-color":"","overlay-opacity":"","overlay-gradient":""}},"footnotes":""},"class_list":["post-335","page","type-page","status-publish","has-post-thumbnail","hentry"],"uagb_featured_image_src":{"full":["https:\/\/www.canadaic.ca\/wp-content\/uploads\/2019\/11\/DSC_3151-1.jpg",795,1200,false],"thumbnail":["https:\/\/www.canadaic.ca\/wp-content\/uploads\/2019\/11\/DSC_3151-1-150x150.jpg",150,150,true],"medium":["https:\/\/www.canadaic.ca\/wp-content\/uploads\/2019\/11\/DSC_3151-1-199x300.jpg",199,300,true],"medium_large":["https:\/\/www.canadaic.ca\/wp-content\/uploads\/2019\/11\/DSC_3151-1-768x1159.jpg",768,1159,true],"large":["https:\/\/www.canadaic.ca\/wp-content\/uploads\/2019\/11\/DSC_3151-1-678x1024.jpg",678,1024,true],"1536x1536":["https:\/\/www.canadaic.ca\/wp-content\/uploads\/2019\/11\/DSC_3151-1.jpg",795,1200,false],"2048x2048":["https:\/\/www.canadaic.ca\/wp-content\/uploads\/2019\/11\/DSC_3151-1.jpg",795,1200,false],"trp-custom-language-flag":["https:\/\/www.canadaic.ca\/wp-content\/uploads\/2019\/11\/DSC_3151-1.jpg",8,12,false]},"uagb_author_info":{"display_name":"atakhelicopter","author_link":"https:\/\/www.canadaic.ca\/tr\/author\/atakhelicopter\/"},"uagb_comment_info":0,"uagb_excerpt":"About Us Confirm RCIC License for Our Firm Our Firm Contact us Today! Canada B&amp;N&#8217;s offices are conveniently located near the heart of Mississauga&#8217;s Square One location. Our headquarters are easily accessible from all major municipalities including Toronto, Brampton, Oakville. Canada B&amp;N is a full service immigration consulting firm. An experienced ICCRC member, Bedir Ozdemir&hellip;","_links":{"self":[{"href":"https:\/\/www.canadaic.ca\/tr\/wp-json\/wp\/v2\/pages\/335","targetHints":{"allow":["GET"]}}],"collection":[{"href":"https:\/\/www.canadaic.ca\/tr\/wp-json\/wp\/v2\/pages"}],"about":[{"href":"https:\/\/www.canadaic.ca\/tr\/wp-json\/wp\/v2\/types\/page"}],"author":[{"embeddable":true,"href":"https:\/\/www.canadaic.ca\/tr\/wp-json\/wp\/v2\/users\/2"}],"replies":[{"embeddable":true,"href":"https:\/\/www.canadaic.ca\/tr\/wp-json\/wp\/v2\/comments?post=335"}],"version-history":[{"count":11,"href":"https:\/\/www.canadaic.ca\/tr\/wp-json\/wp\/v2\/pages\/335\/revisions"}],"predecessor-version":[{"id":7896,"href":"https:\/\/www.canadaic.ca\/tr\/wp-json\/wp\/v2\/pages\/335\/revisions\/7896"}],"wp:featuredmedia":[{"embeddable":true,"href":"https:\/\/www.canadaic.ca\/tr\/wp-json\/wp\/v2\/media\/738"}],"wp:attachment":[{"href":"https:\/\/www.canadaic.ca\/tr\/wp-json\/wp\/v2\/media?parent=335"}],"curies":[{"name":"wp","href":"https:\/\/api.w.org\/{rel}","templated":true}]}}