{"id":337,"date":"2019-09-02T09:10:39","date_gmt":"2019-09-02T09:10:39","guid":{"rendered":"https:\/\/websitedemos.net\/alex50\/?page_id=11"},"modified":"2026-03-05T10:04:45","modified_gmt":"2026-03-05T15:04:45","slug":"contact","status":"publish","type":"page","link":"https:\/\/www.canadaic.ca\/tr\/contact\/","title":{"rendered":"\u0130leti\u015fim"},"content":{"rendered":"<h1>\u0130leti\u015fim<\/h1>\n\t\t\t<a href=\"tel:+1677650404\" title=\"Bug\u00fcn bir Avukat ile g\u00f6r\u00fc\u015f\u00fcn!\" target=\"_self\"   role=\"button\" aria-label=\"Bug\u00fcn bir Avukat ile g\u00f6r\u00fc\u015f\u00fcn!\">\n\t\t\t\t\t\t\t\t\t\t\tBug\u00fcn bir Avukat ile g\u00f6r\u00fc\u015f\u00fcn!\n\t\t<\/a>\n\t\t\t<h3>Bize Ulasin<\/h3><p>Sorular\u0131n\u0131z i\u00e7in bizi aray\u0131n\/e-posta ile bize ula\u015f\u0131n<\/p>\t\t\t\n\t\t\t<p>E-posta<\/p><h4>info@canadaic.ca<\/h4>\n\t\t<p>Toronto Ofisi<\/p><h4>2 Robert Speck Parkway, Suite #750 L4Z 1H8, ON, Canada<\/h4>\n\t\t\t\t<p><em>L\u00dcTFEN \u00d6NCEDEN RANDEVU ALINIZ!<\/em><\/p>\n\t\t<p>Toronto Ofis Numaras\u0131 <\/p><h4>+1 (647) 765-0404<\/h4>\n\t\t<p>T\u00fcrkiye Ofis Adresi<\/p><h4>Kavakl\u0131dere Mah. Ataturk Bulv. 185 Kat: 5\/6  \u0130\u00e7 Kapi No : 20 Kavaklidere-Cankaya  Ankara <\/h4>\n\t\t\t\t<p><em>L\u00dcTFEN \u00d6NCEDEN RANDEVU ALINIZ!<\/em><\/p>\n\t\t<p>T\u00fcrkiye Ofis Telefonu <\/p><h4>+90 (312) 955-0026<\/h4>\n\t\t\t<p>Bizi takip edin<\/p>\t\t\t\n\t\t\t<h2>Sorular\u0131n\u0131z i\u00e7in size yard\u0131mc\u0131 olal\u0131m<\/h2>","protected":false},"excerpt":{"rendered":"<p>Contact Speak to an RCIC Today! Get in touch Call us for your consultation! Email info@canadaic.ca Head Office Address 2 Robert Speck Parkway, Suite #750 L4Z 1H8, ON, Canada NO WALK-INS ACCEPTED. BY APPOINTMENT ONLY! Head Office Phone +1 (647) 765-0404 Turkiye Office Address Kavakl\u0131dere Mah. Ataturk Bulv. 185 Kat: 5\/6 \u0130\u00e7 Kapi No : [&hellip;]<\/p>\n","protected":false},"author":2,"featured_media":738,"parent":0,"menu_order":0,"comment_status":"closed","ping_status":"closed","template":"","meta":{"_uag_custom_page_level_css":"","site-sidebar-layout":"no-sidebar","site-content-layout":"page-builder","ast-site-content-layout":"default","site-content-style":"default","site-sidebar-style":"default","ast-global-header-display":"","ast-banner-title-visibility":"","ast-main-header-display":"","ast-hfb-above-header-display":"","ast-hfb-below-header-display":"","ast-hfb-mobile-header-display":"","site-post-title":"disabled","ast-breadcrumbs-content":"","ast-featured-img":"disabled","footer-sml-layout":"","ast-disable-related-posts":"","theme-transparent-header-meta":"enabled","adv-header-id-meta":"","stick-header-meta":"","header-above-stick-meta":"","header-main-stick-meta":"","header-below-stick-meta":"","astra-migrate-meta-layouts":"default","ast-page-background-enabled":"default","ast-page-background-meta":{"desktop":{"background-color":"","background-image":"","background-repeat":"repeat","background-position":"center center","background-size":"auto","background-attachment":"scroll","background-type":"","background-media":"","overlay-type":"","overlay-color":"","overlay-opacity":"","overlay-gradient":""},"tablet":{"background-color":"","background-image":"","background-repeat":"repeat","background-position":"center center","background-size":"auto","background-attachment":"scroll","background-type":"","background-media":"","overlay-type":"","overlay-color":"","overlay-opacity":"","overlay-gradient":""},"mobile":{"background-color":"","background-image":"","background-repeat":"repeat","background-position":"center center","background-size":"auto","background-attachment":"scroll","background-type":"","background-media":"","overlay-type":"","overlay-color":"","overlay-opacity":"","overlay-gradient":""}},"ast-content-background-meta":{"desktop":{"background-color":"var(--ast-global-color-5)","background-image":"","background-repeat":"repeat","background-position":"center center","background-size":"auto","background-attachment":"scroll","background-type":"","background-media":"","overlay-type":"","overlay-color":"","overlay-opacity":"","overlay-gradient":""},"tablet":{"background-color":"var(--ast-global-color-5)","background-image":"","background-repeat":"repeat","background-position":"center center","background-size":"auto","background-attachment":"scroll","background-type":"","background-media":"","overlay-type":"","overlay-color":"","overlay-opacity":"","overlay-gradient":""},"mobile":{"background-color":"var(--ast-global-color-5)","background-image":"","background-repeat":"repeat","background-position":"center center","background-size":"auto","background-attachment":"scroll","background-type":"","background-media":"","overlay-type":"","overlay-color":"","overlay-opacity":"","overlay-gradient":""}},"footnotes":""},"class_list":["post-337","page","type-page","status-publish","has-post-thumbnail","hentry"],"uagb_featured_image_src":{"full":["https:\/\/www.canadaic.ca\/wp-content\/uploads\/2019\/11\/DSC_3151-1.jpg",795,1200,false],"thumbnail":["https:\/\/www.canadaic.ca\/wp-content\/uploads\/2019\/11\/DSC_3151-1-150x150.jpg",150,150,true],"medium":["https:\/\/www.canadaic.ca\/wp-content\/uploads\/2019\/11\/DSC_3151-1-199x300.jpg",199,300,true],"medium_large":["https:\/\/www.canadaic.ca\/wp-content\/uploads\/2019\/11\/DSC_3151-1-768x1159.jpg",768,1159,true],"large":["https:\/\/www.canadaic.ca\/wp-content\/uploads\/2019\/11\/DSC_3151-1-678x1024.jpg",678,1024,true],"1536x1536":["https:\/\/www.canadaic.ca\/wp-content\/uploads\/2019\/11\/DSC_3151-1.jpg",795,1200,false],"2048x2048":["https:\/\/www.canadaic.ca\/wp-content\/uploads\/2019\/11\/DSC_3151-1.jpg",795,1200,false],"trp-custom-language-flag":["https:\/\/www.canadaic.ca\/wp-content\/uploads\/2019\/11\/DSC_3151-1.jpg",8,12,false]},"uagb_author_info":{"display_name":"atakhelicopter","author_link":"https:\/\/www.canadaic.ca\/tr\/author\/atakhelicopter\/"},"uagb_comment_info":0,"uagb_excerpt":"Contact Speak to an RCIC Today! Get in touch Call us for your consultation! Email info@canadaic.ca Head Office Address 2 Robert Speck Parkway, Suite #750 L4Z 1H8, ON, Canada NO WALK-INS ACCEPTED. BY APPOINTMENT ONLY! Head Office Phone +1 (647) 765-0404 Turkiye Office Address Kavakl\u0131dere Mah. Ataturk Bulv. 185 Kat: 5\/6 \u0130\u00e7 Kapi No :&hellip;","_links":{"self":[{"href":"https:\/\/www.canadaic.ca\/tr\/wp-json\/wp\/v2\/pages\/337","targetHints":{"allow":["GET"]}}],"collection":[{"href":"https:\/\/www.canadaic.ca\/tr\/wp-json\/wp\/v2\/pages"}],"about":[{"href":"https:\/\/www.canadaic.ca\/tr\/wp-json\/wp\/v2\/types\/page"}],"author":[{"embeddable":true,"href":"https:\/\/www.canadaic.ca\/tr\/wp-json\/wp\/v2\/users\/2"}],"replies":[{"embeddable":true,"href":"https:\/\/www.canadaic.ca\/tr\/wp-json\/wp\/v2\/comments?post=337"}],"version-history":[{"count":11,"href":"https:\/\/www.canadaic.ca\/tr\/wp-json\/wp\/v2\/pages\/337\/revisions"}],"predecessor-version":[{"id":7898,"href":"https:\/\/www.canadaic.ca\/tr\/wp-json\/wp\/v2\/pages\/337\/revisions\/7898"}],"wp:featuredmedia":[{"embeddable":true,"href":"https:\/\/www.canadaic.ca\/tr\/wp-json\/wp\/v2\/media\/738"}],"wp:attachment":[{"href":"https:\/\/www.canadaic.ca\/tr\/wp-json\/wp\/v2\/media?parent=337"}],"curies":[{"name":"wp","href":"https:\/\/api.w.org\/{rel}","templated":true}]}}