{"id":4533,"date":"2022-04-19T12:34:23","date_gmt":"2022-04-19T16:34:23","guid":{"rendered":"https:\/\/www.canadaic.ca\/?page_id=4533"},"modified":"2026-02-20T18:33:17","modified_gmt":"2026-02-20T23:33:17","slug":"sponsor-your-family-to-immigrate-to-canada","status":"publish","type":"page","link":"https:\/\/www.canadaic.ca\/tr\/sponsor-your-family-to-immigrate-to-canada\/","title":{"rendered":"Kanada'ya G\u00f6\u00e7 Etmek \u0130\u00e7in Ailenize Sponsor Olun"},"content":{"rendered":"<h1>Kanada'ya G\u00f6\u00e7 Etmek \u0130\u00e7in Ailenize Sponsor Olun<\/h1>\n\t\t\t<a href=\"tel:03129550026\" title=\"Start Your Sponsorship Process Today!\" target=\"_self\"   role=\"button\" aria-label=\"Start Your Sponsorship Process Today!\">\n\t\t\t\t\t\t\t\t\t\t\tStart Your Sponsorship Process Today!\n\t\t<\/a>\n\t\t\t<h2>Start Your Sponsorship Process Today!<\/h2><h6>Canadian Sponsorship allows for Permanent Residence to Successful Application(s). Canada each year allows for thousands of applicants to become PR holders.  <\/h6>\n\t\t\t\t<h4><strong>What is Canadian Family Sponsorship?<\/strong><\/h4>\n<p>1.) It allows your family member to immigrate to Canada and get permanent residence (PR).<\/p>\n<p>2) It requires you, as an individual, to make a commitment to provide for basic needs and to support that person financially.<\/p>\n<p><strong>\u00a0 \u00a0 \u00a0Can I be a sponsor?<\/strong>\u00a0To sponsor a family member, you are required to meet several requirements such as being:<\/p>\n<ul>\n<li>\n<ul>\n<li>a Canadian citizen or permanent resident of Canada<\/li>\n<li>18 years of age or older<\/li>\n<li>able to support the sponsored person for several years<\/li>\n<\/ul>\n<\/li>\n<\/ul>\n<p><strong>Can I be a sponsor?<\/strong>\u00a0To sponsor a family member, you are required to meet several requirements such as being:<\/p>\n<ul>\n<li>\n<ul>\n<li>\n<ul>\n<li><strong>Spouses and common-law partners<\/strong><\/li>\n<li><b>Dependent children <\/b><\/li>\n<li><b>Parents and grandparents<\/b>\n<p>There are exceptions to this rule, however, and it may be possible to sponsor a non-immediate family member (for example, a sister, niece, or uncle) if:\u00a0<\/p>\n<ul>\n<li>you do not have any other immediate family members you could sponsor, or<\/li>\n<li>you have legally adopted them and they meet the definition of a dependent child.<\/li>\n<\/ul>\n<\/li>\n<\/ul>\n<\/li>\n<\/ul>\n<\/li>\n<\/ul>\n<h5>Spouse, Common-law, or Conjugal Partner<\/h5>\n<p>You may be eligible to\u00a0<a href=\"https:\/\/www.canadaic.ca\/tr\/apply-to-sponsor-your-spouse-to-canada-from-usa\/\">sponsor your spouse, common-law, or conjugal partner<\/a>\u00a0for Canadian permanent residence, whether they are living in Canada with a valid temporary visa or residing abroad. Applicants who are living in Canada may also qualify for an open work permit, giving couples the chance to relieve some of their financial burdens.<\/p>\n<p>A\u00a0<a href=\"https:\/\/www.canadaic.ca\/tr\/temporary-workers\/\">spousal open work permit<\/a>\u00a0gives sponsored individuals the ability to work in Canada while their sponsorship application is being processed. Since Canada recognizes common-law partnerships, you may be eligible to apply for spousal sponsorship if you and your partner are not married but have been living together for a period of at least one year.<\/p>\n<h6><strong>FEES<\/strong><\/h6>\n<p>If you are sponsoring your spouse and they have dependent children, or if you are sponsoring your adopted child, a $150 payment will be required for each child included in the application. If you are including the spouse or partner of your relative, an additional $1,050 is required. The government processing fees to sponsor a relative in Canada are listed below.<\/p>\n<ul>\n<li>Sponsorship fee <strong>$75<\/strong><\/li>\n<li>Principal applicant processing fee <strong>$490<\/strong><\/li>\n<li>Right of permanent residence fee <strong>$515<\/strong><\/li>\n<li>Biometrics: <strong>$85<\/strong><\/li>\n<li>Total: <strong>$1165<\/strong><\/li>\n<\/ul>\n<p>\u00a0<\/p>\n<p><strong>\u0130\u015fleminizi Bug\u00fcn Tamamlayarak Ba\u015flat\u0131n <a href=\"https:\/\/www.canadaic.ca\/tr\/immigration-assessment-form\/\">Online De\u011ferlendirme Formu<\/a>.<\/strong><\/p>\n\t\t<h1>SPONSOR<\/h1><h5>Find out your eligibility to sponsor your family member:<\/h5>\n\t\t\t\t<p><strong>\u0130lk G\u00f6r\u00fc\u015fmenin Amac\u0131:<\/strong><\/p>\n<ul>\n<li>Assess sponsor&#8217;s eligibility<\/li>\n<li>Uygunluk sorular\u0131n\u0131z\u0131 yan\u0131tl\u0131yoruz<\/li>\n<li>Do\u011fru program(lar\u0131) se\u00e7menize yard\u0131mc\u0131 oluyoruz<\/li>\n<li>Do\u011fru hizmet(leri) se\u00e7menize yard\u0131mc\u0131 oluyoruz<\/li>\n<\/ul>\n\t\t\t<a href=\"https:\/\/www.canadaic.ca\/tr\/immigration-assessment-form\/\" title=\"BUG\u00dcN BA\u015eLA!\" target=\"_self\"   role=\"button\" aria-label=\"BUG\u00dcN BA\u015eLA!\">\n\t\t\t\t\t\t\tBUG\u00dcN BA\u015eLA!\n\t\t<\/a>\n<figure itemscope itemtype=\"https:\/\/schema.org\/ImageObject\">\n\t\t\t\t<img decoding=\"async\" data-src=\"https:\/\/www.canadaic.ca\/wp-content\/uploads\/2020\/06\/DSC_3151-scaled.jpg\" alt=\"DSC_3151\" height=\"1200\" width=\"795\" title=\"DSC_3151\" onerror=\"this.style.display='none'\" src=\"data:image\/svg+xml;base64,PHN2ZyB3aWR0aD0iMSIgaGVpZ2h0PSIxIiB4bWxucz0iaHR0cDovL3d3dy53My5vcmcvMjAwMC9zdmciPjwvc3ZnPg==\" class=\"lazyload\" style=\"--smush-placeholder-width: 795px; --smush-placeholder-aspect-ratio: 795\/1200;\" \/>\n\t<\/figure>\n\t\t\t<a href=\"mailto:bedir@canadaic.ca\" title=\"Bir RCIC ile ileti\u015fim kurun\" target=\"_self\"   role=\"button\" aria-label=\"Bir RCIC ile ileti\u015fim kurun\">\n\t\t\t\t\t\t\tBir RCIC ile ileti\u015fim kurun\n\t\t<\/a>\n\t\t\t<a href=\"tel:03129550026\" title=\"Speak to an RCIC Today\" target=\"_self\"   role=\"button\" aria-label=\"Speak to an RCIC Today\">\n\t\t\t\t\t\t\tSpeak to an RCIC Today\n\t\t<\/a>\n\t\t\t\t\t\t<h5>What are the income requirements to sponsor?<\/h5>\n\t\t\t<p>As a sponsor, you are required to sign a Sponsorship Agreement with your sponsored family member. This is a commitment by you to provide financial support for the basic needs (food, clothing, shelter, and health needs not covered by public health services) of the person you are sponsoring.<\/p>\n<p>For some types of sponsorships, you will also have to meet or exceed the <a href=\"https:\/\/www150.statcan.gc.ca\/t1\/tbl1\/en\/tv.action?pid=1110024101\" target=\"_blank\" rel=\"noreferrer noopener\">Low Income Cut-off<\/a> (LICO), for instance if:<\/p>\n<ul>\n<li>you are sponsoring a spouse or partner who has a dependent child and that dependent child has one or more children of their own, or<\/li>\n<li>you are sponsoring a dependent child who has one or more dependent children of their own, or<\/li>\n<li>you are sponsoring a parent or grandparent.<\/li>\n<\/ul>\n\t\t\t\t\t\t<h5>What is sponsorship undertaking?<\/h5>\n\t\t\t<p>You will be required to sign an &#8220;undertaking&#8221; making you legally responsible for the family member you are sponsoring. If that family member should need government social assistance, you will have to repay this money.<\/p>\n<p>The undertaking will stay in effect for a period of time based on the family member you are sponsoring and will not be cancelled even if circumstances change (i.e. if the person you are sponsoring becomes a Canadian citizen, if you divorce or separate, if you have financial problems).<\/p>\n<p>The length of the undertaking you will be required to sign will depend on the family member you are sponsoring and, in the case of children, their age:<\/p>\n<p>\u00a0<\/p>\n<table>\n<thead>\n<tr>\n<th>Sponsored person<\/th>\n<th>Length of undertaking (excluding Quebec)<\/th>\n<\/tr>\n<\/thead>\n<tbody>\n<tr>\n<td role=\"rowheader\" data-celllook=\"0\">\n<p>Spouse, common-law partner or conjugal partner<\/p>\n<\/td>\n<td data-celllook=\"0\">\n<p>3 years<\/p>\n<\/td>\n<\/tr>\n<tr>\n<td role=\"rowheader\" data-celllook=\"0\">\n<p>Dependent child<\/p>\n<\/td>\n<td data-celllook=\"0\">\n<p>10 years, or until age 25, whichever comes first<\/p>\n<\/td>\n<\/tr>\n<tr>\n<td role=\"rowheader\" data-celllook=\"0\">\n<p>Dependent child 22 years of age or older<\/p>\n<\/td>\n<td data-celllook=\"0\">\n<p>3 years<\/p>\n<\/td>\n<\/tr>\n<tr>\n<td role=\"rowheader\" data-celllook=\"0\">\n<p>Parent or grandparent<\/p>\n<\/td>\n<td data-celllook=\"0\">\n<p>20 years<\/p>\n<\/td>\n<\/tr>\n<tr>\n<td role=\"rowheader\" data-celllook=\"0\">\n<p>Other relative<\/p>\n<\/td>\n<td data-celllook=\"0\">\n<p>10 years<\/p>\n<\/td>\n<\/tr>\n<\/tbody>\n<\/table>\n\t\t\t\t\t\t<h5>How to apply for family sponsorship to Canada<\/h5>\n\t\t\t<p><strong>Ad\u0131m 1<\/strong>: Ensure you meet eligibility criteria to be a sponsor.<\/p>\n<p><strong>Ad\u0131m 2<\/strong>: Ensure that the relatives you intend to sponsor meet eligibility criteria.<\/p>\n<p><strong>Step 3<\/strong>: You will need to apply at the federal level to the Ministry of Immigration, Refugees and Citizenship Canada (IRCC) and, if you are a Quebec resident, at the provincial level to the Ministry of Immigration, Francization, and Integration (MIFI). You must submit your sponsorship application and the permanent residence (PR) status applications of your family members or relatives together. Once you have been deemed eligible to sponsor, your PR application will be reviewed.<\/p>\n<p><strong>Step 4<\/strong>: You will be required to pay the family sponsorship application fee.<\/p>\n<p><strong>Step 5<\/strong>: Send your application to the right address. You will find this information in the sponsorship guide that is available for download on the government website.<\/p>\n\t\t\t\t\t\t<h5>Sponsor your Wife, Husband, or Common-law Partner<\/h5>\n\t\t\t<p><strong>Spouse or Common Law-Partner Sponsorship<\/strong><\/p>\n<p><strong>If you are a Canadian citizen or permanent resident of Canada you may sponsor:<\/strong><\/p>\n<ul>\n<li>your spouse (you are legally married)<\/li>\n<li>common-law partner (you are not legally married but have been living together for at least 12 months in a conjugal relationship).<\/li>\n<li>conjugal partner (you are not legally married or in a common-law relationship and they are living outside Canada)<\/li>\n<\/ul>\n<p><strong>To be eligible for spousal or common-law partner sponsorship, you must:<\/strong><\/p>\n<ul>\n<li>be 18 year of age, a Canadian permanent resident living in Canada or Canadian citizen,<\/li>\n<li>demonstrate that you can provide for the basic needs for yourself and your spouse or partner,<\/li>\n<li>Prove your relationship with the sponsored person is genuine by providing supporting documentation.<\/li>\n<\/ul>\n<p><strong>To be eligible for spousal or common-law partner sponsorship, the sponsored person must:<\/strong><\/p>\n<ul>\n<li>be at least 18 years of age and not too closely related to you.<\/li>\n<\/ul>\n<p><strong>There are two types of spousal or common-law sponsorship applications: <\/strong><\/p>\n<ul>\n<li><strong>In<\/strong><strong>l<\/strong><strong>,<\/strong>: The application can be made from within Canada because the person you wish to sponsor is currently in Canada. This type of sponsorship allows applicants to continue to live in Canada while their application for permanent residence is being processed.<\/li>\n<\/ul>\n<p>If the application is made from within Canada, the person you are sponsoring may apply for an open work permit that would allow them to work for any employer in Canada while the sponsorship application is being processed.<\/p>\n<p>It is possible for spouses or partners to come to Canada by first applying for a Temporary Resident Visa (TRV).<\/p>\n<ul>\n<li><strong>Outland<\/strong>: The application is made from abroad through an Embassy or Consulate.<\/li>\n<\/ul>\n<p>In this case, the person you are sponsoring and who resides abroad will normally wait for permanent residence outside of the country but may visit you in Canada.<\/p>\n\t\t\t\t\t\t<h5>Sponsor your Dependent Children to Canada<\/h5>\n\t\t\t<p><strong>Dependent Child Sponsorship <\/strong><\/p>\n<p>You can sponsor your dependent children, whether natural or adopted, to live with you as permanent residents in Canada.<\/p>\n<p><strong>Children must meet the following definition of a dependent child to be eligible for sponsorship: <\/strong><\/p>\n<ul>\n<li>A child is considered a dependent if he or she is not married or in a common-law relationship and is under 22 years of age.<\/li>\n<li>If a child is over 22 years of age, they may be considered a dependent if they have a physical or mental condition that prevents them from being able to support themselves.<\/li>\n<\/ul>\n<p><strong>To be eligible <\/strong><strong>under this program<\/strong><strong>, you<\/strong><strong>:<\/strong><\/p>\n<ul>\n<li>and your child abroad must be approved by Immigration, Refugees and Citizenship Canada (IRCC) to receive a visa,<\/li>\n<li>must prove your relationship with the child you are sponsoring, either by a birth or adoption certificate.<\/li>\n<\/ul>\n\t\t\t\t\t\t<h5>Sponsor your Parents or Grandparents to Canada<\/h5>\n\t\t\t<p>The Parent and Grandparent Sponsorship Program (PGP) and the Super Visa Program are two programs that offer Canadian citizens and permanent residents the opportunity to bring their parents and grandparents to Canada.<\/p>\n<p><strong>To be eligible under t<\/strong><strong>he Parents and Grandparents Program<\/strong><strong>, <\/strong><strong>you must:<\/strong><\/p>\n<ul>\n<li>be a Canadian citizen or permanent resident living in Canada,<\/li>\n<li>be at least 18 years of age,<\/li>\n<li>be the child or grandchild of the person(s) you are sponsoring,<\/li>\n<li>meet the Minimum Necessary Income (MNI) required for the size of their family unit and provide Canada Revenue Agency issued notices of assessment as proof,<\/li>\n<li>sign a sponsorship agreement that acknowledges your promise to provide for the basic needs of family member(s) for a period of 20 years,<\/li>\n<li>sign an additional agreement if you live in Quebec.<\/li>\n<\/ul>\n<p>Your spouse or common-law partner can help you meet the income requirement by co-signing the undertaking.<\/p>\n<p><strong>If a co-signer is helping you meet the MNI requirements, the co-signer must meet the same eligibility criteria as you, the sponsor. In addition, your co-signer must: <\/strong><\/p>\n<ul>\n<li>not be the person being sponsored,<\/li>\n<li>have cohabited with you in a conjugal relationship for at least one year.<\/li>\n<\/ul>\n\t\t\t\t\t\t<h5>Super Visa Program in Canada<\/h5>\n\t\t\t<p><strong>Super Visa Program<\/strong><\/p>\n<p>The Super Visa program allows parents and grandparents to come to Canada on extended multiple-entry visas that can last up to 10 years in total. This program is always open, and it is possible to apply at the same time as the to PGP.<\/p>\n<p><strong>To be eligible under th<\/strong><strong>e Super Visa P<\/strong><strong>rogram<\/strong><strong>, you must<\/strong><strong>:<\/strong><\/p>\n<ul>\n<li>be the parent or grandparent of a Canadian citizen or a permanent resident of Canada,<\/li>\n<li>have signed a letter of invitation from your child or grandchild,<\/li>\n<li>have medical insurance<\/li>\n<li>apply for the super visa from outside Canada.<\/li>\n<\/ul>\n<p>In addition, your Canadian child or grandchild will have to prove that their household meets the minimum necessary income.<\/p>\n\t\t\t<h2>M\u00fc\u015fterilerimiz<\/h2>\n\t\t\t\t<img decoding=\"async\" data-src=\"https:\/\/www.canadaic.ca\/wp-content\/uploads\/bb-plugin\/cache\/Tiana-Mitchell-circle.png\" alt=\"Tiana Mitchell\" title=\"Tiana Mitchell\" itemprop=\"image\" src=\"data:image\/svg+xml;base64,PHN2ZyB3aWR0aD0iMSIgaGVpZ2h0PSIxIiB4bWxucz0iaHR0cDovL3d3dy53My5vcmcvMjAwMC9zdmciPjwvc3ZnPg==\" class=\"lazyload\" style=\"--smush-placeholder-width: 345px; --smush-placeholder-aspect-ratio: 345\/345;\" \/>\n\t\t\t\t\t\t\t<p>Bedir harika. Bana bir vakada yard\u0131m etti ve b\u00fcy\u00fck bir profesyonellik ve d\u00fcr\u00fcstl\u00fckle yapt\u0131. Kesinlikle tavsiye ederim.<\/p>\t\t\t\t\t\t\n\t\t\t\t\t\t\t\t<h3 class='uabb-testimonial-author-name testimonial-author-name'>Tiana Mitchell<\/h3>\n\t\t\t\t\t\t\tFilled starFilled starFilled starFilled starFilled star\n\t\t\t\t\t\t\t\t\tCanada\t\t\t\t\t\t\t\t\n\t\t\t\t<img decoding=\"async\" data-src=\"https:\/\/www.canadaic.ca\/wp-content\/uploads\/bb-plugin\/cache\/Param-Kaur-circle.png\" alt=\"Param Kaur\" title=\"Param Kaur\" itemprop=\"image\" src=\"data:image\/svg+xml;base64,PHN2ZyB3aWR0aD0iMSIgaGVpZ2h0PSIxIiB4bWxucz0iaHR0cDovL3d3dy53My5vcmcvMjAwMC9zdmciPjwvc3ZnPg==\" class=\"lazyload\" style=\"--smush-placeholder-width: 268px; --smush-placeholder-aspect-ratio: 268\/268;\" \/>\n\t\t\t\t\t\t\t<p>\u00c7ok Bilgilendirici Dan\u0131\u015fma. Onlar, \u00e7ok sab\u0131rl\u0131 bir \u015fekilde, her soruyu \u00e7ok \u00f6zenle yan\u0131tlayarak dan\u0131\u015fma \u00e7a\u011fr\u0131s\u0131 boyunca c\u00f6mert bir s\u00fcre ge\u00e7irdiler. Te\u015fekk\u00fcr ederim!\u00a0<\/p>\t\t\t\t\t\t\n\t\t\t\t\t\t\t\t<h3 class='uabb-testimonial-author-name testimonial-author-name'>Param Kaur<\/h3>\n\t\t\t\t\t\t\tFilled starFilled starFilled starFilled starFilled star\n\t\t\t\t\t\t\t\t\tIndia\t\t\t\t\t\t\t\t\n\t\t\t\t<img decoding=\"async\" data-src=\"https:\/\/www.canadaic.ca\/wp-content\/uploads\/bb-plugin\/cache\/Felipe-Andreu-circle.png\" alt=\"Felipe Andreu\" title=\"Felipe Andreu\" itemprop=\"image\" src=\"data:image\/svg+xml;base64,PHN2ZyB3aWR0aD0iMSIgaGVpZ2h0PSIxIiB4bWxucz0iaHR0cDovL3d3dy53My5vcmcvMjAwMC9zdmciPjwvc3ZnPg==\" class=\"lazyload\" style=\"--smush-placeholder-width: 310px; --smush-placeholder-aspect-ratio: 310\/310;\" \/>\n\t\t\t\t\t\t\t<p>Kesinlikle Toronto'daki en iyi g\u00f6\u00e7menlik dan\u0131\u015fman\u0131. En iyi sonucu istiyorsan\u0131z, en iyisini aray\u0131n. Bedir \u00d6zdemir<\/p>\t\t\t\t\t\t\n\t\t\t\t\t\t\t\t<h3 class='uabb-testimonial-author-name testimonial-author-name'>Felipe Andreu<\/h3>\n\t\t\t\t\t\t\tFilled starFilled starFilled starFilled starFilled star\n\t\t\t\t\t\t\t\t\tBrazil\t\t\t\t\t\t\t\t\n\t\t\t\t<img decoding=\"async\" data-src=\"https:\/\/www.canadaic.ca\/wp-content\/uploads\/bb-plugin\/cache\/Yavuz-Uslu-circle.png\" alt=\"Yavuz Uslu\" title=\"Yavuz Uslu\" itemprop=\"image\" src=\"data:image\/svg+xml;base64,PHN2ZyB3aWR0aD0iMSIgaGVpZ2h0PSIxIiB4bWxucz0iaHR0cDovL3d3dy53My5vcmcvMjAwMC9zdmciPjwvc3ZnPg==\" class=\"lazyload\" style=\"--smush-placeholder-width: 263px; --smush-placeholder-aspect-ratio: 263\/263;\" \/>\n\t\t\t\t\t\t\t<p>Bedir from Canada B&amp;N has been an exceptional consultant and a wonderful person to work with. He helped my wife and I for the entire immigration process. He&#8217;s responsive, efficient and well organized. But more importantly, he was genuine and honest. I would recommend her to anyone.<\/p>\t\t\t\t\t\t\n\t\t\t\t\t\t\t\t<h3 class='uabb-testimonial-author-name testimonial-author-name'>Yavuz Uslu<\/h3>\n\t\t\t\t\t\t\tFilled starFilled starFilled starFilled starFilled star\n\t\t\t\t\t\t\t\t\tTurkey\t\t\t\t\t\t\t\t\n\t\t\t\t<img decoding=\"async\" data-src=\"https:\/\/www.canadaic.ca\/wp-content\/uploads\/bb-plugin\/cache\/Igor-Kursunova-circle.png\" alt=\"Igor Kursunova\" title=\"Igor Kursunova\" itemprop=\"image\" src=\"data:image\/svg+xml;base64,PHN2ZyB3aWR0aD0iMSIgaGVpZ2h0PSIxIiB4bWxucz0iaHR0cDovL3d3dy53My5vcmcvMjAwMC9zdmciPjwvc3ZnPg==\" class=\"lazyload\" style=\"--smush-placeholder-width: 278px; --smush-placeholder-aspect-ratio: 278\/278;\" \/>\n\t\t\t\t\t\t\t<p>Bedir, PR kart s\u00fcrecine yard\u0131mc\u0131 olmak i\u00e7in harika bir i\u015f \u00e7\u0131kard\u0131. Bu profesyonel grubu \u015fiddetle tavsiye ederim.<\/p>\t\t\t\t\t\t\n\t\t\t\t\t\t\t\t<h3 class='uabb-testimonial-author-name testimonial-author-name'>Igor Kursunova<\/h3>\n\t\t\t\t\t\t\tFilled starFilled starFilled starFilled starFilled star\n\t\t\t\t\t\t\t\t\tEurope\t\t\t\t\t\t\t\t\n\t\t\t\t<img decoding=\"async\" data-src=\"https:\/\/www.canadaic.ca\/wp-content\/uploads\/bb-plugin\/cache\/Michael-S-circle.png\" alt=\"Michael S\" title=\"Michael S\" itemprop=\"image\" src=\"data:image\/svg+xml;base64,PHN2ZyB3aWR0aD0iMSIgaGVpZ2h0PSIxIiB4bWxucz0iaHR0cDovL3d3dy53My5vcmcvMjAwMC9zdmciPjwvc3ZnPg==\" class=\"lazyload\" style=\"--smush-placeholder-width: 256px; --smush-placeholder-aspect-ratio: 256\/256;\" \/>\n\t\t\t\t\t\t\t<p>My wife and I are extremely happy with the counsel Bedir and Sumedha&#8217;s provided during her Visa status adjustment.<\/p>\t\t\t\t\t\t\n\t\t\t\t\t\t\t\t<h3 class='uabb-testimonial-author-name testimonial-author-name'>Michael S<\/h3>\n\t\t\t\t\t\t\tFilled starFilled starFilled starFilled starFilled star\n\t\t\t\t\t\t\t\t\tCanada\t\t\t\t\t\t\t\t\n\t\t\t<h2>G\u00f6\u00e7menlik tavsiyesine mi ihtiyac\u0131n\u0131z var?<\/h2>\n\t\t\t\t<h6>Profesyonel tavsiye mi istiyorsunuz? G\u00f6\u00e7 yasas\u0131 ve \u00f6zel durumlar hakk\u0131ndaki t\u00fcm sorular\u0131n\u0131z\u0131 ve endi\u015felerinizi cevaplamak i\u00e7in rekabet\u00e7i saatlik \u00fccretler sunuyoruz. Bug\u00fcn bize ula\u015f\u0131n!<\/h6>\n\t\t\t<h6>Bizi aray\u0131n<\/h6><h4>+1 647 765-0404<\/h4>\t\t\t\n\t\t\t<h6>Bize e-posta g\u00f6nderin<\/h6><h4>info@canadaic.ca<\/h4>\t\t\t\n\t\t\t<h6>Bizi \u015fu adresten ziyaret edin<\/h6><h4>2 Robert Speck Parkway, Suite 750 L4Z 1H8<\/h4>","protected":false},"excerpt":{"rendered":"<p>Sponsor your Family to Immigrate to Canada Start Your Sponsorship Process Today! Start Your Sponsorship Process Today! Canadian Sponsorship allows for Permanent Residence to Successful Application(s). Canada each year allows for thousands of applicants to become PR holders. What is Canadian Family Sponsorship? 1.) It allows your family member to immigrate to Canada and get [&hellip;]<\/p>\n","protected":false},"author":2,"featured_media":1227,"parent":0,"menu_order":0,"comment_status":"closed","ping_status":"closed","template":"","meta":{"_uag_custom_page_level_css":"","site-sidebar-layout":"no-sidebar","site-content-layout":"page-builder","ast-site-content-layout":"default","site-content-style":"default","site-sidebar-style":"default","ast-global-header-display":"","ast-banner-title-visibility":"","ast-main-header-display":"","ast-hfb-above-header-display":"","ast-hfb-below-header-display":"","ast-hfb-mobile-header-display":"","site-post-title":"disabled","ast-breadcrumbs-content":"","ast-featured-img":"disabled","footer-sml-layout":"","ast-disable-related-posts":"","theme-transparent-header-meta":"enabled","adv-header-id-meta":"","stick-header-meta":"","header-above-stick-meta":"","header-main-stick-meta":"","header-below-stick-meta":"","astra-migrate-meta-layouts":"default","ast-page-background-enabled":"default","ast-page-background-meta":{"desktop":{"background-color":"","background-image":"","background-repeat":"repeat","background-position":"center center","background-size":"auto","background-attachment":"scroll","background-type":"","background-media":"","overlay-type":"","overlay-color":"","overlay-opacity":"","overlay-gradient":""},"tablet":{"background-color":"","background-image":"","background-repeat":"repeat","background-position":"center center","background-size":"auto","background-attachment":"scroll","background-type":"","background-media":"","overlay-type":"","overlay-color":"","overlay-opacity":"","overlay-gradient":""},"mobile":{"background-color":"","background-image":"","background-repeat":"repeat","background-position":"center center","background-size":"auto","background-attachment":"scroll","background-type":"","background-media":"","overlay-type":"","overlay-color":"","overlay-opacity":"","overlay-gradient":""}},"ast-content-background-meta":{"desktop":{"background-color":"var(--ast-global-color-5)","background-image":"","background-repeat":"repeat","background-position":"center center","background-size":"auto","background-attachment":"scroll","background-type":"","background-media":"","overlay-type":"","overlay-color":"","overlay-opacity":"","overlay-gradient":""},"tablet":{"background-color":"var(--ast-global-color-5)","background-image":"","background-repeat":"repeat","background-position":"center center","background-size":"auto","background-attachment":"scroll","background-type":"","background-media":"","overlay-type":"","overlay-color":"","overlay-opacity":"","overlay-gradient":""},"mobile":{"background-color":"var(--ast-global-color-5)","background-image":"","background-repeat":"repeat","background-position":"center center","background-size":"auto","background-attachment":"scroll","background-type":"","background-media":"","overlay-type":"","overlay-color":"","overlay-opacity":"","overlay-gradient":""}},"footnotes":""},"class_list":["post-4533","page","type-page","status-publish","has-post-thumbnail","hentry"],"uagb_featured_image_src":{"full":["https:\/\/www.canadaic.ca\/wp-content\/uploads\/2020\/06\/panorama-4610864_1920-scaled.jpg",1200,800,false],"thumbnail":["https:\/\/www.canadaic.ca\/wp-content\/uploads\/2020\/06\/panorama-4610864_1920-150x150.jpg",150,150,true],"medium":["https:\/\/www.canadaic.ca\/wp-content\/uploads\/2020\/06\/panorama-4610864_1920-300x200.jpg",300,200,true],"medium_large":["https:\/\/www.canadaic.ca\/wp-content\/uploads\/2020\/06\/panorama-4610864_1920-768x512.jpg",768,512,true],"large":["https:\/\/www.canadaic.ca\/wp-content\/uploads\/2020\/06\/panorama-4610864_1920-1024x683.jpg",1024,683,true],"1536x1536":["https:\/\/www.canadaic.ca\/wp-content\/uploads\/2020\/06\/panorama-4610864_1920-1536x1024.jpg",1536,1024,true],"2048x2048":["https:\/\/www.canadaic.ca\/wp-content\/uploads\/2020\/06\/panorama-4610864_1920-scaled.jpg",1200,800,false],"trp-custom-language-flag":["https:\/\/www.canadaic.ca\/wp-content\/uploads\/2020\/06\/panorama-4610864_1920-scaled.jpg",18,12,false]},"uagb_author_info":{"display_name":"atakhelicopter","author_link":"https:\/\/www.canadaic.ca\/tr\/author\/atakhelicopter\/"},"uagb_comment_info":0,"uagb_excerpt":"Sponsor your Family to Immigrate to Canada Start Your Sponsorship Process Today! Start Your Sponsorship Process Today! Canadian Sponsorship allows for Permanent Residence to Successful Application(s). Canada each year allows for thousands of applicants to become PR holders. What is Canadian Family Sponsorship? 1.) It allows your family member to immigrate to Canada and get&hellip;","_links":{"self":[{"href":"https:\/\/www.canadaic.ca\/tr\/wp-json\/wp\/v2\/pages\/4533","targetHints":{"allow":["GET"]}}],"collection":[{"href":"https:\/\/www.canadaic.ca\/tr\/wp-json\/wp\/v2\/pages"}],"about":[{"href":"https:\/\/www.canadaic.ca\/tr\/wp-json\/wp\/v2\/types\/page"}],"author":[{"embeddable":true,"href":"https:\/\/www.canadaic.ca\/tr\/wp-json\/wp\/v2\/users\/2"}],"replies":[{"embeddable":true,"href":"https:\/\/www.canadaic.ca\/tr\/wp-json\/wp\/v2\/comments?post=4533"}],"version-history":[{"count":11,"href":"https:\/\/www.canadaic.ca\/tr\/wp-json\/wp\/v2\/pages\/4533\/revisions"}],"predecessor-version":[{"id":7800,"href":"https:\/\/www.canadaic.ca\/tr\/wp-json\/wp\/v2\/pages\/4533\/revisions\/7800"}],"wp:featuredmedia":[{"embeddable":true,"href":"https:\/\/www.canadaic.ca\/tr\/wp-json\/wp\/v2\/media\/1227"}],"wp:attachment":[{"href":"https:\/\/www.canadaic.ca\/tr\/wp-json\/wp\/v2\/media?parent=4533"}],"curies":[{"name":"wp","href":"https:\/\/api.w.org\/{rel}","templated":true}]}}