{"id":5030,"date":"2022-08-15T15:18:54","date_gmt":"2022-08-15T19:18:54","guid":{"rendered":"https:\/\/www.canadaic.ca\/?page_id=5030"},"modified":"2026-02-24T21:21:29","modified_gmt":"2026-02-25T02:21:29","slug":"apply-for-canadian-visitor-record","status":"publish","type":"page","link":"https:\/\/www.canadaic.ca\/tr\/apply-for-canadian-visitor-record\/","title":{"rendered":"Kanada Ziyaret\u00e7i Kayd\u0131na (Visitor Record) Nas\u0131l Ba\u015fvurulur?"},"content":{"rendered":"<h1>How to Apply for Visitor Record to Extend Stay in Canada<\/h1>\n\t\t\t<a href=\"tel:03129550026\" title=\"Speak to a Visitor Record Expert Today!\" target=\"_self\"   role=\"button\" aria-label=\"Speak to a Visitor Record Expert Today!\">\n\t\t\t\t\t\t\t\t\t\t\tSpeak to a Visitor Record Expert Today!\n\t\t<\/a>\n\t\t\t\t<img decoding=\"async\" data-src=\"https:\/\/www.canadaic.ca\/wp-content\/uploads\/2021\/07\/imm1444_visitor_record.jpg\" alt=\"imm1444_visitor_record\" title=\"imm1444_visitor_record\" itemprop=\"image\" src=\"data:image\/svg+xml;base64,PHN2ZyB3aWR0aD0iMSIgaGVpZ2h0PSIxIiB4bWxucz0iaHR0cDovL3d3dy53My5vcmcvMjAwMC9zdmciPjwvc3ZnPg==\" class=\"lazyload\" style=\"--smush-placeholder-width: 435px; --smush-placeholder-aspect-ratio: 435\/564;\" \/>\n\t\t<h2>Start Your Visitor Record Process inside Canada!<\/h2><h6>Find out how you could obtain Visitor Record status and &#8220;extend status&#8221; in Canada for tourism\/family or business purposes.<\/h6>\n\t\t\t\t<h4><strong>How to get a visitor record in Canada?<\/strong><\/h4>\n<p>Visitors from specific countries may require a temporary resident visa (TRV) to enter Canada. A visa is a standard travel document that&#8217;s inserted into your passport to give you permission to enter Canada. A visitor record allows you to stay in Canada beyond the 6 months period you are allowed.\u00a0<\/p>\n<p><strong>Beginning steps to check eligibility to get a visitor record to stay Canada for business\/personal\/family purposes:\u00a0<\/strong><\/p>\n<ul>\n<li>(Optional) Obtain an invitation from a Canadian friend\/business or for event in order to submit an application for a visitor record in Canada.<\/li>\n<li>Men\u015fe \u00fclkede ticari faaliyetlerin veya istihdam\u0131n kan\u0131t\u0131.<\/li>\n<li>Ya\u015fam masraflar\u0131n\u0131 kar\u015f\u0131lamak ve kendi \u00fclkesine d\u00f6n\u00fc\u015f ula\u015f\u0131m\u0131n\u0131 kar\u015f\u0131lamak i\u00e7in yeterli mali deste\u011fe sahip oldu\u011funu kan\u0131tlay\u0131n<\/li>\n<li>Turistik ama\u00e7larla Kanada'ya ziyaret amac\u0131n\u0131 \u00f6\u011frenin.<\/li>\n<li>Temiz siciline sahip olmak. Su\u00e7 ge\u00e7mi\u015fi olan veya Kanada g\u00fcvenli\u011fi i\u00e7in risk olu\u015fturan adaylar\u0131n ba\u015fvurular\u0131 reddedilebilir. IRCC, bir ba\u015fvuru sahibinden gerekli olan:\u00a0<a href=\"https:\/\/www.canada.ca\/en\/immigration-refugees-citizenship\/services\/application\/medical-police\/police-certificates\/how.html\" target=\"_blank\" rel=\"noopener\">adli sicil raporu.<\/a><\/li>\n<li>Sa\u011fl\u0131\u011f\u0131n\u0131z yerinde olsun. IRCC, ba\u015fvuru sahibinden bir\u00a0<a href=\"https:\/\/www.canada.ca\/en\/immigration-refugees-citizenship\/services\/application\/medical-police\/medical-exams.html\" target=\"_blank\" rel=\"noopener\">t\u0131bbi muayene.<\/a>; and,<\/li>\n<li>Ziyaret\u00e7i vizesi taraf\u0131ndan izin verilen kal\u0131\u015f s\u00fcresinin sonunda Kanada'dan ayr\u0131laca\u011f\u0131na g\u00f6\u00e7menlik g\u00f6revlisini ikna edin.<\/li>\n<\/ul>\n<p><strong>What documents are required to complete a Canadian visitor record application?<\/strong><\/p>\n<ul>\n<li>Ba\u015fvuru sahibi ve ba\u015fvuruda belirtilen her aile \u00fcyesi i\u00e7in pasaport;<\/li>\n<li>Kanada'daki herhangi bir i\u015fverenden\/\u0130\u015f orta\u011f\u0131ndan Mektup veya S\u00f6zle\u015fme.<\/li>\n<li>Ba\u015fvuran\u0131n ve ba\u015fvuruda yer alan her bir aile bireyinin, arkas\u0131nda tam ad\u0131 ve do\u011fum tarihi yaz\u0131l\u0131 olan iki adet vesikal\u0131k foto\u011fraf\u0131;<\/li>\n<li>Varsa, evlilik c\u00fczdan\u0131n\u0131n fotokopisi; ve,<\/li>\n<li>Any further documents required by IRCC.<\/li>\n<\/ul>\n<p><strong>\u00a0 <\/strong><strong>\u0130\u015fleminizi Bug\u00fcn Tamamlayarak Ba\u015flat\u0131n <a href=\"https:\/\/www.canadaic.ca\/tr\/immigration-assessment-form\/\">Online De\u011ferlendirme Formu<\/a>.<\/strong><\/p>\n\t\t<h1>Visitor Record (VR)<\/h1><h5>Find out your eligibility to apply for Canadian Visitor Record:<\/h5>\n\t\t\t\t<p><strong>\u0130lk G\u00f6r\u00fc\u015fmenin Amac\u0131:<\/strong><\/p>\n<ul>\n<li>Assess applicant&#8217;s eligibility<\/li>\n<li>Uygunluk sorular\u0131n\u0131z\u0131 yan\u0131tl\u0131yoruz<\/li>\n<li>Do\u011fru program(lar\u0131) se\u00e7menize yard\u0131mc\u0131 oluyoruz<\/li>\n<li>Do\u011fru hizmet(leri) se\u00e7menize yard\u0131mc\u0131 oluyoruz<\/li>\n<\/ul>\n\t\t\t<a href=\"https:\/\/www.canadaic.ca\/tr\/immigration-assessment-form\/\" title=\"BUG\u00dcN BA\u015eLA!\" target=\"_self\"   role=\"button\" aria-label=\"BUG\u00dcN BA\u015eLA!\">\n\t\t\t\t\t\t\tBUG\u00dcN BA\u015eLA!\n\t\t<\/a>\n<figure itemscope itemtype=\"https:\/\/schema.org\/ImageObject\">\n\t\t\t\t<img decoding=\"async\" data-src=\"https:\/\/www.canadaic.ca\/wp-content\/uploads\/2020\/06\/DSC_3151-678x1024.jpg\" alt=\"DSC_3151\" height=\"1024\" width=\"678\" title=\"DSC_3151\" onerror=\"this.style.display='none'\" src=\"data:image\/svg+xml;base64,PHN2ZyB3aWR0aD0iMSIgaGVpZ2h0PSIxIiB4bWxucz0iaHR0cDovL3d3dy53My5vcmcvMjAwMC9zdmciPjwvc3ZnPg==\" class=\"lazyload\" style=\"--smush-placeholder-width: 678px; --smush-placeholder-aspect-ratio: 678\/1024;\" \/>\n\t<\/figure>\n\t\t\t<a href=\"mailto: bedir@canadaic.ca\" title=\"Bir RCIC ile ileti\u015fim kurun\" target=\"_self\"   role=\"button\" aria-label=\"Bir RCIC ile ileti\u015fim kurun\">\n\t\t\t\t\t\t\tBir RCIC ile ileti\u015fim kurun\n\t\t<\/a>\n\t\t\t\t\t\t<h5>Kanada'y\u0131 Ziyaret Etmek \u0130\u00e7in Minimum Gereksinimler<\/h5>\n\t\t\t<h3>Minimum Requirements to Extend Visitor Status in Canada<\/h3>\n<p>Kanada'ya gelen ziyaret\u00e7ilerin a\u015fa\u011f\u0131daki gereksinimleri kar\u015f\u0131lamas\u0131 gerekir;<\/p>\n<ul>\n<li>Pasaport gibi ge\u00e7erli bir giri\u015f belgesine sahip olmal\u0131d\u0131r.<\/li>\n<li>Sa\u011fl\u0131\u011f\u0131n\u0131z yerinde olsun.<\/li>\n<li>Adli sicil kayd\u0131 bulunmamak.<\/li>\n<li>Kendi \u00fclkenizde aile, mal varl\u0131\u011f\u0131 ve eve geri d\u00f6nme iste\u011fi uyand\u0131racak bir i\u015f gibi g\u00fc\u00e7l\u00fc ba\u011flar\u0131n\u0131z oldu\u011funu yetkililere kan\u0131tlay\u0131n.<\/li>\n<li>Kanada'daki konaklaman\u0131z i\u00e7in yeterli paraya sahip olun.<\/li>\n<\/ul>\n\t\t\t\t\t\t<h5>Turist\/Ziyaret\u00e7i Vizem Onayland\u0131ktan Sonra Ne Olur?<\/h5>\n\t\t\t<p>\u0130\u015f ama\u00e7l\u0131 ziyaret\u00e7i vizesi ba\u015fvurunuz onayland\u0131\u011f\u0131nda, yabanc\u0131 uyruklu ki\u015fi \u015funlar\u0131 alacakt\u0131r:<\/p>\n<ul>\n<li>CIC'nin onay\u0131n\u0131 onaylayan bir Tan\u0131t\u0131m Mektubu (LOI).<\/li>\n<li>Vatanda\u015flar\u0131 eTA'ya ihtiya\u00e7 duyan bir \u00fclkeden geliyorsa Elektronik Seyahat \u0130zni (eTA). Bu gibi durumlarda, eTA Tan\u0131t\u0131m Mektubunda belirtilir.\n<ul>\n<li>As the eTA is linked to the applicant&#8217;s passport, the applicant must travel with the passport used in the visitor visa permit application.<\/li>\n<\/ul>\n<\/li>\n<li><a id=\"Renewal\"><\/a>A\u00a0<a href=\"https:\/\/www.canadaic.ca\/tr\/visitor-visa-canada\/\">Temporary Resident Visa (TRV)<\/a>, vatanda\u015flar\u0131n\u0131n TRV'ye ihtiya\u00e7 duydu\u011fu bir \u00fclkeden ise.\n<ul>\n<li>TRV pasaportta olacakt\u0131r. Sahibi, TRV'deki son kullanma tarihinden \u00f6nce Kanada'ya girmelidir.<\/li>\n<li>TRV ayr\u0131ca, sahibinin Kanada'ya yaln\u0131zca bir kez mi (tek giri\u015fli vize) yoksa birden \u00e7ok kez mi (\u00e7ok giri\u015fli vize) girebilece\u011fini de belirtecektir. T\u00fcm ba\u015fvuru sahipleri, \u00e7ok giri\u015fli TRV'ler i\u00e7in otomatik olarak de\u011ferlendirilir.<\/li>\n<\/ul>\n<\/li>\n<\/ul>\n\t\t\t\t\t\t<h5>Proof Financial\/How Much Do I Need to Show for Canadian Visitor Record<\/h5>\n\t\t\t<p>Kanada ticari vizesi i\u00e7in ba\u015fvuranlar\u0131n, kal\u0131\u015f ve d\u00f6n\u00fc\u015f s\u00fcrelerini kar\u015f\u0131layacak kadar yeterli paralar\u0131 oldu\u011funu kan\u0131tlamalar\u0131 gerekmektedir. Ayr\u0131ca kendilerini ve beraberindeki aile \u00fcyelerini desteklemek i\u00e7in mali kaynaklara sahip olmalar\u0131 gerekir.<\/p>\n<p>Mali kaynaklar a\u015fa\u011f\u0131daki bilgilerle kan\u0131tlanabilir:<\/p>\n<ul>\n<li>Canadian bank account statements in the applicant&#8217;s name, if money has been transferred to Canada<\/li>\n<li>Kat\u0131l\u0131mc\u0131 bir finans kurulu\u015fundan Garantili Yat\u0131r\u0131m Sertifikas\u0131 (GIC)<\/li>\n<li>Ba\u015fvurunun kan\u0131t\u0131 bir finans kurulu\u015fundan kredi alm\u0131\u015ft\u0131r<\/li>\n<li>The applicant&#8217;s bank statements from the past four months<\/li>\n<li>D\u00f6n\u00fc\u015ft\u00fcr\u00fclebilir para biriminde bir banka poli\u00e7esi<\/li>\n<li>Konaklama yerinin ve varsa konaklama \u00fccretlerinin \u00f6dendi\u011fine dair belge<\/li>\n<li>Size para sa\u011flayan ki\u015fiden bir mektup; ve\/veya<\/li>\n<li>Kanada'daki i\u015f orta\u011f\u0131ndan bir deste\u011fin kan\u0131t\u0131.<\/li>\n<\/ul>\n<p>Ba\u015fvuru sahibinin ailesi veya arkada\u015flar\u0131 da ba\u015fvuru sahibini \u00f6\u011frenimi s\u0131ras\u0131nda destekleyeceklerini teyit eden mektuplar sunabilirler.<\/p>\n<p>A\u015fa\u011f\u0131daki tablo, bir \u00f6\u011frencinin sahip olmas\u0131 gereken miktarlar\u0131 g\u00f6stermektedir (t\u00fcm miktarlar Kanada dolar\u0131 cinsinden):<\/p>\n<table>\n<tbody>\n<tr>\n<th>\u0130nsanlar\u0131n say\u0131s\u0131<\/th>\n<th>Quebec hari\u00e7 t\u00fcm iller<\/th>\n<\/tr>\n<tr>\n<td>Tek ki\u015fi<\/td>\n<td>12 ayl\u0131k bir s\u00fcre i\u00e7in 10.000 ABD Dolar\u0131 (veya ayda 833 ABD Dolar\u0131)<\/td>\n<\/tr>\n<tr>\n<td>E\u015flik eden bir aile \u00fcyesi i\u00e7in \u015funu ekleyin:<\/td>\n<td>12 ayl\u0131k bir s\u00fcre i\u00e7in 4.000 ABD Dolar\u0131 (veya ayda 333 ABD Dolar\u0131)<\/td>\n<\/tr>\n<tr>\n<td>Her ek aile \u00fcyesi i\u00e7in \u015funu ekleyin:<\/td>\n<td>Her ya\u015fta bakmakla y\u00fck\u00fcml\u00fc olunan \u00e7ocuk ba\u015f\u0131na 12 ayl\u0131k d\u00f6nem i\u00e7in 3.000 ABD Dolar\u0131 (veya ayda 255 ABD Dolar\u0131)<\/td>\n<\/tr>\n<\/tbody>\n<\/table>\n<p>Quebec'te, olas\u0131 ziyaret\u00e7iler i\u00e7in finansal gereksinimler farkl\u0131d\u0131r.\u00a0<\/p>\n<table>\n<tbody>\n<tr>\n<th>\u0130nsanlar\u0131n say\u0131s\u0131<\/th>\n<th>Toplam gerekli miktar<\/th>\n<\/tr>\n<tr>\n<td>18 ya\u015f alt\u0131 bir ki\u015fi<\/td>\n<td>$6,569<\/td>\n<\/tr>\n<tr>\n<td>18 ya\u015f ve \u00fczeri bir ki\u015fi<\/td>\n<td>$13,134<\/td>\n<\/tr>\n<tr>\n<td>18 ya\u015f ve \u00fczeri iki ki\u015fi<\/td>\n<td>$19,264<\/td>\n<\/tr>\n<tr>\n<td><a id=\"Approved\"><\/a>18 ya\u015f \u00fcst\u00fc ve 18 ya\u015f alt\u0131 bir ki\u015fi<\/td>\n<td>$17,652<\/td>\n<\/tr>\n<tr>\n<td>18 ya\u015f\u0131ndan b\u00fcy\u00fck iki ki\u015fi ve 18 ya\u015f\u0131ndan k\u00fc\u00e7\u00fck bir ki\u015fi<\/td>\n<td>$21,579<\/td>\n<\/tr>\n<tr>\n<td>18 ya\u015f\u0131ndan b\u00fcy\u00fck iki ki\u015fi ve 18 ya\u015f\u0131ndan k\u00fc\u00e7\u00fck iki ki\u015fi<\/td>\n<td>$23,290<\/td>\n<\/tr>\n<\/tbody>\n<\/table>\n\t\t\t\t\t\t<h5>Seyahat d\u00f6k\u00fcmanlar\u0131<\/h5>\n\t\t\t<p>Kanada'ya seyahat ederken, siz ve sizinle birlikte seyahat eden di\u011fer aile \u00fcyeleri i\u00e7in gerekli t\u00fcm seyahat belgelerini ve kimlik belgelerini yan\u0131n\u0131zda bulundurmal\u0131s\u0131n\u0131z. Bu, Kanada'ya giden bir u\u00e7a\u011fa binerken gereksiz gecikmelerden ka\u00e7\u0131nman\u0131za yard\u0131mc\u0131 olur.<\/p>\n\t\t\t<h2>M\u00fc\u015fterilerimiz<\/h2>\n\t\t\t\t<img decoding=\"async\" data-src=\"https:\/\/www.canadaic.ca\/wp-content\/uploads\/bb-plugin\/cache\/Tiana-Mitchell-circle.png\" alt=\"Tiana Mitchell\" title=\"Tiana Mitchell\" itemprop=\"image\" src=\"data:image\/svg+xml;base64,PHN2ZyB3aWR0aD0iMSIgaGVpZ2h0PSIxIiB4bWxucz0iaHR0cDovL3d3dy53My5vcmcvMjAwMC9zdmciPjwvc3ZnPg==\" class=\"lazyload\" style=\"--smush-placeholder-width: 345px; --smush-placeholder-aspect-ratio: 345\/345;\" \/>\n\t\t\t\t\t\t\t<p>Bedir harika. Bana bir vakada yard\u0131m etti ve b\u00fcy\u00fck bir profesyonellik ve d\u00fcr\u00fcstl\u00fckle yapt\u0131. Kesinlikle tavsiye ederim.<\/p>\t\t\t\t\t\t\n\t\t\t\t\t\t\t\t<h3 class='uabb-testimonial-author-name testimonial-author-name'>Tiana Mitchell<\/h3>\n\t\t\t\t\t\t\tFilled starFilled starFilled starFilled starFilled star\n\t\t\t\t\t\t\t\t\tCanada\t\t\t\t\t\t\t\t\n\t\t\t\t<img decoding=\"async\" data-src=\"https:\/\/www.canadaic.ca\/wp-content\/uploads\/bb-plugin\/cache\/Param-Kaur-circle.png\" alt=\"Param Kaur\" title=\"Param Kaur\" itemprop=\"image\" src=\"data:image\/svg+xml;base64,PHN2ZyB3aWR0aD0iMSIgaGVpZ2h0PSIxIiB4bWxucz0iaHR0cDovL3d3dy53My5vcmcvMjAwMC9zdmciPjwvc3ZnPg==\" class=\"lazyload\" style=\"--smush-placeholder-width: 268px; --smush-placeholder-aspect-ratio: 268\/268;\" \/>\n\t\t\t\t\t\t\t<p>\u00c7ok Bilgilendirici Dan\u0131\u015fma. Onlar, \u00e7ok sab\u0131rl\u0131 bir \u015fekilde, her soruyu \u00e7ok \u00f6zenle yan\u0131tlayarak dan\u0131\u015fma \u00e7a\u011fr\u0131s\u0131 boyunca c\u00f6mert bir s\u00fcre ge\u00e7irdiler. Te\u015fekk\u00fcr ederim!\u00a0<\/p>\t\t\t\t\t\t\n\t\t\t\t\t\t\t\t<h3 class='uabb-testimonial-author-name testimonial-author-name'>Param Kaur<\/h3>\n\t\t\t\t\t\t\tFilled starFilled starFilled starFilled starFilled star\n\t\t\t\t\t\t\t\t\tIndia\t\t\t\t\t\t\t\t\n\t\t\t\t<img decoding=\"async\" data-src=\"https:\/\/www.canadaic.ca\/wp-content\/uploads\/bb-plugin\/cache\/Felipe-Andreu-circle.png\" alt=\"Felipe Andreu\" title=\"Felipe Andreu\" itemprop=\"image\" src=\"data:image\/svg+xml;base64,PHN2ZyB3aWR0aD0iMSIgaGVpZ2h0PSIxIiB4bWxucz0iaHR0cDovL3d3dy53My5vcmcvMjAwMC9zdmciPjwvc3ZnPg==\" class=\"lazyload\" style=\"--smush-placeholder-width: 310px; --smush-placeholder-aspect-ratio: 310\/310;\" \/>\n\t\t\t\t\t\t\t<p>Kesinlikle Toronto'daki en iyi g\u00f6\u00e7menlik dan\u0131\u015fman\u0131. En iyi sonucu istiyorsan\u0131z, en iyisini aray\u0131n. Bedir \u00d6zdemir<\/p>\t\t\t\t\t\t\n\t\t\t\t\t\t\t\t<h3 class='uabb-testimonial-author-name testimonial-author-name'>Felipe Andreu<\/h3>\n\t\t\t\t\t\t\tFilled starFilled starFilled starFilled starFilled star\n\t\t\t\t\t\t\t\t\tBrazil\t\t\t\t\t\t\t\t\n\t\t\t\t<img decoding=\"async\" data-src=\"https:\/\/www.canadaic.ca\/wp-content\/uploads\/bb-plugin\/cache\/Yavuz-Uslu-circle.png\" alt=\"Yavuz Uslu\" title=\"Yavuz Uslu\" itemprop=\"image\" src=\"data:image\/svg+xml;base64,PHN2ZyB3aWR0aD0iMSIgaGVpZ2h0PSIxIiB4bWxucz0iaHR0cDovL3d3dy53My5vcmcvMjAwMC9zdmciPjwvc3ZnPg==\" class=\"lazyload\" style=\"--smush-placeholder-width: 263px; --smush-placeholder-aspect-ratio: 263\/263;\" \/>\n\t\t\t\t\t\t\t<p>Bedir from Canada B&amp;N has been an exceptional consultant and a wonderful person to work with. He helped my wife and I for the entire immigration process. He&#8217;s responsive, efficient and well organized. But more importantly, he was genuine and honest. I would recommend her to anyone.<\/p>\t\t\t\t\t\t\n\t\t\t\t\t\t\t\t<h3 class='uabb-testimonial-author-name testimonial-author-name'>Yavuz Uslu<\/h3>\n\t\t\t\t\t\t\tFilled starFilled starFilled starFilled starFilled star\n\t\t\t\t\t\t\t\t\tTurkey\t\t\t\t\t\t\t\t\n\t\t\t\t<img decoding=\"async\" data-src=\"https:\/\/www.canadaic.ca\/wp-content\/uploads\/bb-plugin\/cache\/Igor-Kursunova-circle.png\" alt=\"Igor Kursunova\" title=\"Igor Kursunova\" itemprop=\"image\" src=\"data:image\/svg+xml;base64,PHN2ZyB3aWR0aD0iMSIgaGVpZ2h0PSIxIiB4bWxucz0iaHR0cDovL3d3dy53My5vcmcvMjAwMC9zdmciPjwvc3ZnPg==\" class=\"lazyload\" style=\"--smush-placeholder-width: 278px; --smush-placeholder-aspect-ratio: 278\/278;\" \/>\n\t\t\t\t\t\t\t<p>Bedir, PR kart s\u00fcrecine yard\u0131mc\u0131 olmak i\u00e7in harika bir i\u015f \u00e7\u0131kard\u0131. Bu profesyonel grubu \u015fiddetle tavsiye ederim.<\/p>\t\t\t\t\t\t\n\t\t\t\t\t\t\t\t<h3 class='uabb-testimonial-author-name testimonial-author-name'>Igor Kursunova<\/h3>\n\t\t\t\t\t\t\tFilled starFilled starFilled starFilled starFilled star\n\t\t\t\t\t\t\t\t\tEurope\t\t\t\t\t\t\t\t\n\t\t\t\t<img decoding=\"async\" data-src=\"https:\/\/www.canadaic.ca\/wp-content\/uploads\/bb-plugin\/cache\/Michael-S-circle.png\" alt=\"Michael S\" title=\"Michael S\" itemprop=\"image\" src=\"data:image\/svg+xml;base64,PHN2ZyB3aWR0aD0iMSIgaGVpZ2h0PSIxIiB4bWxucz0iaHR0cDovL3d3dy53My5vcmcvMjAwMC9zdmciPjwvc3ZnPg==\" class=\"lazyload\" style=\"--smush-placeholder-width: 256px; --smush-placeholder-aspect-ratio: 256\/256;\" \/>\n\t\t\t\t\t\t\t<p>My wife and I are extremely happy with the counsel Bedir and Sumedha&#8217;s provided during her Visa status adjustment.<\/p>\t\t\t\t\t\t\n\t\t\t\t\t\t\t\t<h3 class='uabb-testimonial-author-name testimonial-author-name'>Michael S<\/h3>\n\t\t\t\t\t\t\tFilled starFilled starFilled starFilled starFilled star\n\t\t\t\t\t\t\t\t\tCanada\t\t\t\t\t\t\t\t\n\t\t\t<h2>G\u00f6\u00e7menlik tavsiyesine mi ihtiyac\u0131n\u0131z var?<\/h2>\n\t\t\t\t<h6>Profesyonel tavsiye mi istiyorsunuz? G\u00f6\u00e7 yasas\u0131 ve \u00f6zel durumlar hakk\u0131ndaki t\u00fcm sorular\u0131n\u0131z\u0131 ve endi\u015felerinizi cevaplamak i\u00e7in rekabet\u00e7i saatlik \u00fccretler sunuyoruz. Bug\u00fcn bize ula\u015f\u0131n!<\/h6>\n\t\t\t<h6>Bizi aray\u0131n<\/h6><h4>+1 647 765-0404<\/h4>\t\t\t\n\t\t\t<h6>Bize e-posta g\u00f6nderin<\/h6><h4>info@canadaic.ca<\/h4>\t\t\t\n\t\t\t<h6>Bizi \u015fu adresten ziyaret edin<\/h6><h4>2 Robert Speck Parkway, Suite 750 L4Z 1H8<\/h4>","protected":false},"excerpt":{"rendered":"<p>How to Apply for Visitor Record to Extend Stay in Canada Speak to a Visitor Record Expert Today! Start Your Visitor Record Process inside Canada! Find out how you could obtain Visitor Record status and &#8220;extend status&#8221; in Canada for tourism\/family or business purposes. How to get a visitor record in Canada? Visitors from specific [&hellip;]<\/p>\n","protected":false},"author":2,"featured_media":1053,"parent":0,"menu_order":0,"comment_status":"closed","ping_status":"closed","template":"","meta":{"_uag_custom_page_level_css":"","site-sidebar-layout":"no-sidebar","site-content-layout":"page-builder","ast-site-content-layout":"full-width-container","site-content-style":"unboxed","site-sidebar-style":"unboxed","ast-global-header-display":"","ast-banner-title-visibility":"","ast-main-header-display":"","ast-hfb-above-header-display":"","ast-hfb-below-header-display":"","ast-hfb-mobile-header-display":"","site-post-title":"disabled","ast-breadcrumbs-content":"","ast-featured-img":"","footer-sml-layout":"","ast-disable-related-posts":"","theme-transparent-header-meta":"enabled","adv-header-id-meta":"","stick-header-meta":"","header-above-stick-meta":"","header-main-stick-meta":"","header-below-stick-meta":"","astra-migrate-meta-layouts":"set","ast-page-background-enabled":"default","ast-page-background-meta":{"desktop":{"background-color":"","background-image":"","background-repeat":"repeat","background-position":"center center","background-size":"auto","background-attachment":"scroll","background-type":"","background-media":"","overlay-type":"","overlay-color":"","overlay-opacity":"","overlay-gradient":""},"tablet":{"background-color":"","background-image":"","background-repeat":"repeat","background-position":"center center","background-size":"auto","background-attachment":"scroll","background-type":"","background-media":"","overlay-type":"","overlay-color":"","overlay-opacity":"","overlay-gradient":""},"mobile":{"background-color":"","background-image":"","background-repeat":"repeat","background-position":"center center","background-size":"auto","background-attachment":"scroll","background-type":"","background-media":"","overlay-type":"","overlay-color":"","overlay-opacity":"","overlay-gradient":""}},"ast-content-background-meta":{"desktop":{"background-color":"var(--ast-global-color-5)","background-image":"","background-repeat":"repeat","background-position":"center center","background-size":"auto","background-attachment":"scroll","background-type":"","background-media":"","overlay-type":"","overlay-color":"","overlay-opacity":"","overlay-gradient":""},"tablet":{"background-color":"var(--ast-global-color-5)","background-image":"","background-repeat":"repeat","background-position":"center center","background-size":"auto","background-attachment":"scroll","background-type":"","background-media":"","overlay-type":"","overlay-color":"","overlay-opacity":"","overlay-gradient":""},"mobile":{"background-color":"var(--ast-global-color-5)","background-image":"","background-repeat":"repeat","background-position":"center center","background-size":"auto","background-attachment":"scroll","background-type":"","background-media":"","overlay-type":"","overlay-color":"","overlay-opacity":"","overlay-gradient":""}},"footnotes":""},"class_list":["post-5030","page","type-page","status-publish","has-post-thumbnail","hentry"],"uagb_featured_image_src":{"full":["https:\/\/www.canadaic.ca\/wp-content\/uploads\/2020\/06\/DSC_3151-scaled.jpg",795,1200,false],"thumbnail":["https:\/\/www.canadaic.ca\/wp-content\/uploads\/2020\/06\/DSC_3151-150x150.jpg",150,150,true],"medium":["https:\/\/www.canadaic.ca\/wp-content\/uploads\/2020\/06\/DSC_3151-199x300.jpg",199,300,true],"medium_large":["https:\/\/www.canadaic.ca\/wp-content\/uploads\/2020\/06\/DSC_3151-768x1160.jpg",768,1160,true],"large":["https:\/\/www.canadaic.ca\/wp-content\/uploads\/2020\/06\/DSC_3151-678x1024.jpg",678,1024,true],"1536x1536":["https:\/\/www.canadaic.ca\/wp-content\/uploads\/2020\/06\/DSC_3151-1017x1536.jpg",1017,1536,true],"2048x2048":["https:\/\/www.canadaic.ca\/wp-content\/uploads\/2020\/06\/DSC_3151-1356x2048.jpg",1356,2048,true],"trp-custom-language-flag":["https:\/\/www.canadaic.ca\/wp-content\/uploads\/2020\/06\/DSC_3151-scaled.jpg",8,12,false]},"uagb_author_info":{"display_name":"atakhelicopter","author_link":"https:\/\/www.canadaic.ca\/tr\/author\/atakhelicopter\/"},"uagb_comment_info":0,"uagb_excerpt":"How to Apply for Visitor Record to Extend Stay in Canada Speak to a Visitor Record Expert Today! Start Your Visitor Record Process inside Canada! Find out how you could obtain Visitor Record status and &#8220;extend status&#8221; in Canada for tourism\/family or business purposes. How to get a visitor record in Canada? Visitors from specific&hellip;","_links":{"self":[{"href":"https:\/\/www.canadaic.ca\/tr\/wp-json\/wp\/v2\/pages\/5030","targetHints":{"allow":["GET"]}}],"collection":[{"href":"https:\/\/www.canadaic.ca\/tr\/wp-json\/wp\/v2\/pages"}],"about":[{"href":"https:\/\/www.canadaic.ca\/tr\/wp-json\/wp\/v2\/types\/page"}],"author":[{"embeddable":true,"href":"https:\/\/www.canadaic.ca\/tr\/wp-json\/wp\/v2\/users\/2"}],"replies":[{"embeddable":true,"href":"https:\/\/www.canadaic.ca\/tr\/wp-json\/wp\/v2\/comments?post=5030"}],"version-history":[{"count":8,"href":"https:\/\/www.canadaic.ca\/tr\/wp-json\/wp\/v2\/pages\/5030\/revisions"}],"predecessor-version":[{"id":7854,"href":"https:\/\/www.canadaic.ca\/tr\/wp-json\/wp\/v2\/pages\/5030\/revisions\/7854"}],"wp:featuredmedia":[{"embeddable":true,"href":"https:\/\/www.canadaic.ca\/tr\/wp-json\/wp\/v2\/media\/1053"}],"wp:attachment":[{"href":"https:\/\/www.canadaic.ca\/tr\/wp-json\/wp\/v2\/media?parent=5030"}],"curies":[{"name":"wp","href":"https:\/\/api.w.org\/{rel}","templated":true}]}}