{"id":5373,"date":"2023-04-07T14:53:28","date_gmt":"2023-04-07T18:53:28","guid":{"rendered":"https:\/\/www.canadaic.ca\/?page_id=5373"},"modified":"2026-02-24T21:12:40","modified_gmt":"2026-02-25T02:12:40","slug":"apply-for-post-graduate-work-permit-copy","status":"publish","type":"page","link":"https:\/\/www.canadaic.ca\/tr\/apply-for-post-graduate-work-permit-copy\/","title":{"rendered":"PGWP Uzatma A\u00e7\u0131k \u00c7al\u0131\u015fma \u0130zni Ba\u015fvurusu"},"content":{"rendered":"<h1>Apply for PGWP &#8211; How to apply for open work permit for expiring PGWP<\/h1>\n\t\t\t<a href=\"tel:03129550026\" title=\"Bug\u00fcn bir Avukat ile g\u00f6r\u00fc\u015f\u00fcn!\" target=\"_self\"   role=\"button\" aria-label=\"Bug\u00fcn bir Avukat ile g\u00f6r\u00fc\u015f\u00fcn!\">\n\t\t\t\t\t\t\t\t\t\t\tBug\u00fcn bir Avukat ile g\u00f6r\u00fc\u015f\u00fcn!\n\t\t<\/a>\n\t\t\t<h2>Start Your Work Permit Process Today!<\/h2><h6>Find out how you could obtain PR without any prior Work Experience in Canada. A PGWP allows you to work and gain Canadian experience in any employer of your choice in Canada and possibly obtain PR Status.<\/h6>\n\t\t\t\t<h4><strong>What is Post-Graduate Work Permit and How do I extend my PGWP?<\/strong><\/h4>\n<p>International students who complete an eligible Canadian post-secondary program may apply for a Post-Graduation Work Permit (PGWP).<br \/>A PGWP allows you to work for any employer of your choice in Canada. You can go on to use this professional work experience to help you with an application for Canadian permanent residence.<\/p>\n<p><strong>What are the PGWP&#8217;s Eligibility Requirements?<\/strong><br \/>To be eligible for a Post-Graduation Work Permit, international students must have:<\/p>\n<ul>\n<li>Completed studies in an academic, vocational or professional training program that is at least eight months long at an eligible Designated Learning Institution (DLI) List.<br \/>Study program must lead to a degree, diploma or certificate.<\/li>\n<li>Held full-time student status in Canada during every academic session of the program or programs of study completed and included as part of their post-graduation work permit application;<br \/>Note: Canada has waived this requirement during the coronavirus pandemic for certain international students. Exemptions may apply to those who have begun or will begin a program between spring 2020 and fall 2021, or those whose program was already in progress in March 2020. In addition, exceptions may apply for those who took a leave from their studies in their final academic session.<br \/>Received a transcript and an official letter from the eligible DLI confirming that the applicant has met the requirements to complete their program of study;<br \/>The transcript and official letter must be included in a post-graduation work permit application.<\/li>\n<li>Graduated from:<br \/>a public post-secondary institution, such as<br \/>*a college<br \/>*a trade or technical school<br \/>*a university<br \/>*CEGEP (in Quebec)<br \/>*a private post-secondary school (in Quebec) that operates under the same rules as public schools in Quebec;<br \/>*a private secondary or post-secondary school (in Quebec) that offers qualifying programs of 900 hours or longer and results in the issuance of a dipl\u00f4me d&#8217;\u00e9tudes professionnelles (DEP) or an attestation de sp\u00e9cialisation professionnelle (ASP); or<br \/>*Canadian private school that can award degrees under provincial law (for example, Associate, Bachelor&#8217;s, Master&#8217;s or Doctorate degree) <strong>but only if the student was enrolled in a study program that leads to a degree as authorized by the province.<\/strong><\/li>\n<li><strong>Note<\/strong>: Graduates of vocational and professional training programs in Quebec must meet additional PGWP criteria outlined by IRCC depending on the type of diploma issued.<\/li>\n<\/ul>\n<p><strong>\u00a0 <\/strong><strong>\u0130\u015fleminizi Bug\u00fcn Tamamlayarak Ba\u015flat\u0131n <a href=\"https:\/\/www.canadaic.ca\/tr\/immigration-assessment-form\/\">Online De\u011ferlendirme Formu<\/a>.<\/strong><\/p>\n\t\t<h1>PGWP<\/h1><h5>Find out your eligibility to apply under PGWP:<\/h5>\n\t\t\t\t<p><strong>\u0130lk G\u00f6r\u00fc\u015fmenin Amac\u0131:<\/strong><\/p>\n<ul>\n<li>Assess applicant&#8217;s eligibility<\/li>\n<li>Uygunluk sorular\u0131n\u0131z\u0131 yan\u0131tl\u0131yoruz<\/li>\n<li>Do\u011fru program(lar\u0131) se\u00e7menize yard\u0131mc\u0131 oluyoruz<\/li>\n<li>Do\u011fru hizmet(leri) se\u00e7menize yard\u0131mc\u0131 oluyoruz<\/li>\n<\/ul>\n\t\t\t<a href=\"https:\/\/www.canadaic.ca\/tr\/immigration-assessment-form\/\" title=\"BUG\u00dcN BA\u015eLA!\" target=\"_self\"   role=\"button\" aria-label=\"BUG\u00dcN BA\u015eLA!\">\n\t\t\t\t\t\t\tBUG\u00dcN BA\u015eLA!\n\t\t<\/a>\n<figure itemscope itemtype=\"https:\/\/schema.org\/ImageObject\">\n\t\t\t\t<img decoding=\"async\" data-src=\"https:\/\/www.canadaic.ca\/wp-content\/uploads\/2020\/06\/DSC_3151-678x1024.jpg\" alt=\"DSC_3151\" height=\"1024\" width=\"678\" title=\"DSC_3151\" onerror=\"this.style.display='none'\" src=\"data:image\/svg+xml;base64,PHN2ZyB3aWR0aD0iMSIgaGVpZ2h0PSIxIiB4bWxucz0iaHR0cDovL3d3dy53My5vcmcvMjAwMC9zdmciPjwvc3ZnPg==\" class=\"lazyload\" style=\"--smush-placeholder-width: 678px; --smush-placeholder-aspect-ratio: 678\/1024;\" \/>\n\t<\/figure>\n\t\t\t<a href=\"mailto: bedir@canadaic.ca\" title=\"Bir RCIC ile ileti\u015fim kurun\" target=\"_self\"   role=\"button\" aria-label=\"Bir RCIC ile ileti\u015fim kurun\">\n\t\t\t\t\t\t\tBir RCIC ile ileti\u015fim kurun\n\t\t<\/a>\n\t\t\t\t\t\t<h5>Can I Study Overseas and Still Be Eligible for a PGWP?<\/h5>\n\t\t\t<p>Immigration, Refugees and Citizenship Canada has a special policy in place during the coronavirus pandemic that allows international students to complete their Canadian program while living overseas and still be eligible to obtain a PGWP when they move to Canada. In order to benefit from this policy you must:<\/p>\n<ul>\n<li>enroll at a Canadian <a href=\"https:\/\/www.canada.ca\/en\/immigration-refugees-citizenship\/services\/study-canada\/study-permit\/prepare\/designated-learning-institutions-list.html\" target=\"_blank\" rel=\"noopener\">Designated Learning Institution<\/a>. DLIs are colleges and universities that are accredited by the Canadian government to welcome international students.<\/li>\n<li>have started or will start\u00a0a program between spring 2020 and summer 2022, or your program was already in progress in March 2020.<\/li>\n<li>have a study permit, OR approval for a study permit, OR apply for a study permit prior to starting your program and are eventually approved.<\/li>\n<li>meet all other PGWP criteria.<\/li>\n<\/ul>\n\t\t\t\t\t\t<h5>How Long is a PGWP Valid For?<\/h5>\n\t\t\t<p>A PGWP is valid for anywhere between 8 months to 3 years. The actual length depends on the length of your program at a Canadian DLI. IRCC provides the following guidelines on its website:<\/p>\n<ul>\n<li><strong>Completed program under 8 months:<\/strong> Not eligible for a PGWP<\/li>\n<li><strong>Completed program between 8 months and less than\u00a02 years: <\/strong>The PGWP will be valid for the same length of your study program (e.g., a 10-month program will result in a 10-month PGWP)<\/li>\n<li><strong>Completed program of 2 years or more: <\/strong>PGWP will be valid for 3 years<\/li>\n<li><strong>Completed more than one program: <\/strong>You may be able to combine your Canadian educational programs to get a PGWP as long as the programs are DLI eligible and each over 8 months in duration. The total length of the PGWP will correspond to the durations above.<\/li>\n<\/ul>\n\t\t\t\t\t\t<h5>What is the PGWP&#8217;s Application Deadline?<\/h5>\n\t\t\t<p>The deadline to apply for the Post-Graduation Work Permit is within 180 days (six months) of obtaining a transcript and an official letter from the eligible DLI confirming that the requirements to complete the program of study have been met.<\/p>\n<p>If the study permit is set to expire before the marks have come in, candidates have two options:<\/p>\n<ul>\n<li>apply for a <a href=\"https:\/\/www.canada.ca\/en\/immigration-refugees-citizenship\/services\/visit-canada\/extend-stay.html\" rel=\"alternate noopener\" target=\"_blank\">visitor record<\/a> to stay in Canada longer; or<\/li>\n<li>leave Canada and apply for the PGWP<\/li>\n<\/ul>\n<p>When applying, applicants must demonstrate that they either hold a valid study permit, held a study permit, or were authorized to study in Canada without the requirement to obtain a study permit under <a href=\"https:\/\/laws-lois.justice.gc.ca\/eng\/regulations\/SOR-2002-227\/section-188.html\" target=\"_blank\" rel=\"alternate noopener noreferrer\">paragraphs 188(1)(a) and (b)<\/a> of the Immigration and Refugee Protection Regulations.<\/p>\n\t\t\t\t\t\t<h5>What are the Required Supporting Documents for a PGWP Application?<\/h5>\n\t\t\t<p>While program officers may request additional documents, two important documents required at the time of applying are a letter confirming the completion of the program of study and an official transcript by their DLI.<\/p>\n\t\t\t<h2>M\u00fc\u015fterilerimiz<\/h2>\n\t\t\t\t<img decoding=\"async\" data-src=\"https:\/\/www.canadaic.ca\/wp-content\/uploads\/bb-plugin\/cache\/Tiana-Mitchell-circle.png\" alt=\"Tiana Mitchell\" title=\"Tiana Mitchell\" itemprop=\"image\" src=\"data:image\/svg+xml;base64,PHN2ZyB3aWR0aD0iMSIgaGVpZ2h0PSIxIiB4bWxucz0iaHR0cDovL3d3dy53My5vcmcvMjAwMC9zdmciPjwvc3ZnPg==\" class=\"lazyload\" style=\"--smush-placeholder-width: 345px; --smush-placeholder-aspect-ratio: 345\/345;\" \/>\n\t\t\t\t\t\t\t<p>Bedir harika. Bana bir vakada yard\u0131m etti ve b\u00fcy\u00fck bir profesyonellik ve d\u00fcr\u00fcstl\u00fckle yapt\u0131. Kesinlikle tavsiye ederim.<\/p>\t\t\t\t\t\t\n\t\t\t\t\t\t\t\t<h3 class='uabb-testimonial-author-name testimonial-author-name'>Tiana Mitchell<\/h3>\n\t\t\t\t\t\t\tFilled starFilled starFilled starFilled starFilled star\n\t\t\t\t\t\t\t\t\tCanada\t\t\t\t\t\t\t\t\n\t\t\t\t<img decoding=\"async\" data-src=\"https:\/\/www.canadaic.ca\/wp-content\/uploads\/bb-plugin\/cache\/Param-Kaur-circle.png\" alt=\"Param Kaur\" title=\"Param Kaur\" itemprop=\"image\" src=\"data:image\/svg+xml;base64,PHN2ZyB3aWR0aD0iMSIgaGVpZ2h0PSIxIiB4bWxucz0iaHR0cDovL3d3dy53My5vcmcvMjAwMC9zdmciPjwvc3ZnPg==\" class=\"lazyload\" style=\"--smush-placeholder-width: 268px; --smush-placeholder-aspect-ratio: 268\/268;\" \/>\n\t\t\t\t\t\t\t<p>\u00c7ok Bilgilendirici Dan\u0131\u015fma. Onlar, \u00e7ok sab\u0131rl\u0131 bir \u015fekilde, her soruyu \u00e7ok \u00f6zenle yan\u0131tlayarak dan\u0131\u015fma \u00e7a\u011fr\u0131s\u0131 boyunca c\u00f6mert bir s\u00fcre ge\u00e7irdiler. Te\u015fekk\u00fcr ederim!\u00a0<\/p>\t\t\t\t\t\t\n\t\t\t\t\t\t\t\t<h3 class='uabb-testimonial-author-name testimonial-author-name'>Param Kaur<\/h3>\n\t\t\t\t\t\t\tFilled starFilled starFilled starFilled starFilled star\n\t\t\t\t\t\t\t\t\tIndia\t\t\t\t\t\t\t\t\n\t\t\t\t<img decoding=\"async\" data-src=\"https:\/\/www.canadaic.ca\/wp-content\/uploads\/bb-plugin\/cache\/Felipe-Andreu-circle.png\" alt=\"Felipe Andreu\" title=\"Felipe Andreu\" itemprop=\"image\" src=\"data:image\/svg+xml;base64,PHN2ZyB3aWR0aD0iMSIgaGVpZ2h0PSIxIiB4bWxucz0iaHR0cDovL3d3dy53My5vcmcvMjAwMC9zdmciPjwvc3ZnPg==\" class=\"lazyload\" style=\"--smush-placeholder-width: 310px; --smush-placeholder-aspect-ratio: 310\/310;\" \/>\n\t\t\t\t\t\t\t<p>Kesinlikle Toronto'daki en iyi g\u00f6\u00e7menlik dan\u0131\u015fman\u0131. En iyi sonucu istiyorsan\u0131z, en iyisini aray\u0131n. Bedir \u00d6zdemir<\/p>\t\t\t\t\t\t\n\t\t\t\t\t\t\t\t<h3 class='uabb-testimonial-author-name testimonial-author-name'>Felipe Andreu<\/h3>\n\t\t\t\t\t\t\tFilled starFilled starFilled starFilled starFilled star\n\t\t\t\t\t\t\t\t\tBrazil\t\t\t\t\t\t\t\t\n\t\t\t\t<img decoding=\"async\" data-src=\"https:\/\/www.canadaic.ca\/wp-content\/uploads\/bb-plugin\/cache\/Yavuz-Uslu-circle.png\" alt=\"Yavuz Uslu\" title=\"Yavuz Uslu\" itemprop=\"image\" src=\"data:image\/svg+xml;base64,PHN2ZyB3aWR0aD0iMSIgaGVpZ2h0PSIxIiB4bWxucz0iaHR0cDovL3d3dy53My5vcmcvMjAwMC9zdmciPjwvc3ZnPg==\" class=\"lazyload\" style=\"--smush-placeholder-width: 263px; --smush-placeholder-aspect-ratio: 263\/263;\" \/>\n\t\t\t\t\t\t\t<p>Bedir from Canada B&amp;N has been an exceptional consultant and a wonderful person to work with. He helped my wife and I for the entire immigration process. He&#8217;s responsive, efficient and well organized. But more importantly, he was genuine and honest. I would recommend her to anyone.<\/p>\t\t\t\t\t\t\n\t\t\t\t\t\t\t\t<h3 class='uabb-testimonial-author-name testimonial-author-name'>Yavuz Uslu<\/h3>\n\t\t\t\t\t\t\tFilled starFilled starFilled starFilled starFilled star\n\t\t\t\t\t\t\t\t\tTurkey\t\t\t\t\t\t\t\t\n\t\t\t\t<img decoding=\"async\" data-src=\"https:\/\/www.canadaic.ca\/wp-content\/uploads\/bb-plugin\/cache\/Igor-Kursunova-circle.png\" alt=\"Igor Kursunova\" title=\"Igor Kursunova\" itemprop=\"image\" src=\"data:image\/svg+xml;base64,PHN2ZyB3aWR0aD0iMSIgaGVpZ2h0PSIxIiB4bWxucz0iaHR0cDovL3d3dy53My5vcmcvMjAwMC9zdmciPjwvc3ZnPg==\" class=\"lazyload\" style=\"--smush-placeholder-width: 278px; --smush-placeholder-aspect-ratio: 278\/278;\" \/>\n\t\t\t\t\t\t\t<p>Bedir, PR kart s\u00fcrecine yard\u0131mc\u0131 olmak i\u00e7in harika bir i\u015f \u00e7\u0131kard\u0131. Bu profesyonel grubu \u015fiddetle tavsiye ederim.<\/p>\t\t\t\t\t\t\n\t\t\t\t\t\t\t\t<h3 class='uabb-testimonial-author-name testimonial-author-name'>Igor Kursunova<\/h3>\n\t\t\t\t\t\t\tFilled starFilled starFilled starFilled starFilled star\n\t\t\t\t\t\t\t\t\tEurope\t\t\t\t\t\t\t\t\n\t\t\t\t<img decoding=\"async\" data-src=\"https:\/\/www.canadaic.ca\/wp-content\/uploads\/bb-plugin\/cache\/Michael-S-circle.png\" alt=\"Michael S\" title=\"Michael S\" itemprop=\"image\" src=\"data:image\/svg+xml;base64,PHN2ZyB3aWR0aD0iMSIgaGVpZ2h0PSIxIiB4bWxucz0iaHR0cDovL3d3dy53My5vcmcvMjAwMC9zdmciPjwvc3ZnPg==\" class=\"lazyload\" style=\"--smush-placeholder-width: 256px; --smush-placeholder-aspect-ratio: 256\/256;\" \/>\n\t\t\t\t\t\t\t<p>My wife and I are extremely happy with the counsel Bedir and Sumedha&#8217;s provided during her Visa status adjustment.<\/p>\t\t\t\t\t\t\n\t\t\t\t\t\t\t\t<h3 class='uabb-testimonial-author-name testimonial-author-name'>Michael S<\/h3>\n\t\t\t\t\t\t\tFilled starFilled starFilled starFilled starFilled star\n\t\t\t\t\t\t\t\t\tCanada\t\t\t\t\t\t\t\t\n\t\t\t<h2>G\u00f6\u00e7menlik tavsiyesine mi ihtiyac\u0131n\u0131z var?<\/h2>\n\t\t\t\t<h6>Profesyonel tavsiye mi istiyorsunuz? G\u00f6\u00e7 yasas\u0131 ve \u00f6zel durumlar hakk\u0131ndaki t\u00fcm sorular\u0131n\u0131z\u0131 ve endi\u015felerinizi cevaplamak i\u00e7in rekabet\u00e7i saatlik \u00fccretler sunuyoruz. Bug\u00fcn bize ula\u015f\u0131n!<\/h6>\n\t\t\t<h6>Bizi aray\u0131n<\/h6><h4>+1 647 765-0404<\/h4>\t\t\t\n\t\t\t<h6>Bize e-posta g\u00f6nderin<\/h6><h4>info@canadaic.ca<\/h4>\t\t\t\n\t\t\t<h6>Bizi \u015fu adresten ziyaret edin<\/h6><h4>2 Robert Speck Parkway, Suite 750 L4Z 1H8<\/h4>","protected":false},"excerpt":{"rendered":"<p>Apply for PGWP &#8211; How to apply for open work permit for expiring PGWP Speak to an RCIC Today! Start Your Work Permit Process Today! Find out how you could obtain PR without any prior Work Experience in Canada. A PGWP allows you to work and gain Canadian experience in any employer of your choice [&hellip;]<\/p>\n","protected":false},"author":2,"featured_media":3271,"parent":0,"menu_order":0,"comment_status":"closed","ping_status":"closed","template":"","meta":{"_uag_custom_page_level_css":"","site-sidebar-layout":"no-sidebar","site-content-layout":"page-builder","ast-site-content-layout":"default","site-content-style":"default","site-sidebar-style":"default","ast-global-header-display":"","ast-banner-title-visibility":"","ast-main-header-display":"","ast-hfb-above-header-display":"","ast-hfb-below-header-display":"","ast-hfb-mobile-header-display":"","site-post-title":"disabled","ast-breadcrumbs-content":"","ast-featured-img":"disabled","footer-sml-layout":"","ast-disable-related-posts":"","theme-transparent-header-meta":"enabled","adv-header-id-meta":"","stick-header-meta":"","header-above-stick-meta":"","header-main-stick-meta":"","header-below-stick-meta":"","astra-migrate-meta-layouts":"default","ast-page-background-enabled":"default","ast-page-background-meta":{"desktop":{"background-color":"","background-image":"","background-repeat":"repeat","background-position":"center center","background-size":"auto","background-attachment":"scroll","background-type":"","background-media":"","overlay-type":"","overlay-color":"","overlay-opacity":"","overlay-gradient":""},"tablet":{"background-color":"","background-image":"","background-repeat":"repeat","background-position":"center center","background-size":"auto","background-attachment":"scroll","background-type":"","background-media":"","overlay-type":"","overlay-color":"","overlay-opacity":"","overlay-gradient":""},"mobile":{"background-color":"","background-image":"","background-repeat":"repeat","background-position":"center center","background-size":"auto","background-attachment":"scroll","background-type":"","background-media":"","overlay-type":"","overlay-color":"","overlay-opacity":"","overlay-gradient":""}},"ast-content-background-meta":{"desktop":{"background-color":"var(--ast-global-color-5)","background-image":"","background-repeat":"repeat","background-position":"center center","background-size":"auto","background-attachment":"scroll","background-type":"","background-media":"","overlay-type":"","overlay-color":"","overlay-opacity":"","overlay-gradient":""},"tablet":{"background-color":"var(--ast-global-color-5)","background-image":"","background-repeat":"repeat","background-position":"center center","background-size":"auto","background-attachment":"scroll","background-type":"","background-media":"","overlay-type":"","overlay-color":"","overlay-opacity":"","overlay-gradient":""},"mobile":{"background-color":"var(--ast-global-color-5)","background-image":"","background-repeat":"repeat","background-position":"center center","background-size":"auto","background-attachment":"scroll","background-type":"","background-media":"","overlay-type":"","overlay-color":"","overlay-opacity":"","overlay-gradient":""}},"footnotes":""},"class_list":["post-5373","page","type-page","status-publish","has-post-thumbnail","hentry"],"uagb_featured_image_src":{"full":["https:\/\/www.canadaic.ca\/wp-content\/uploads\/2021\/06\/cta-img.jpg",775,547,false],"thumbnail":["https:\/\/www.canadaic.ca\/wp-content\/uploads\/2021\/06\/cta-img-150x150.jpg",150,150,true],"medium":["https:\/\/www.canadaic.ca\/wp-content\/uploads\/2021\/06\/cta-img-300x212.jpg",300,212,true],"medium_large":["https:\/\/www.canadaic.ca\/wp-content\/uploads\/2021\/06\/cta-img-768x542.jpg",768,542,true],"large":["https:\/\/www.canadaic.ca\/wp-content\/uploads\/2021\/06\/cta-img.jpg",775,547,false],"1536x1536":["https:\/\/www.canadaic.ca\/wp-content\/uploads\/2021\/06\/cta-img.jpg",775,547,false],"2048x2048":["https:\/\/www.canadaic.ca\/wp-content\/uploads\/2021\/06\/cta-img.jpg",775,547,false],"trp-custom-language-flag":["https:\/\/www.canadaic.ca\/wp-content\/uploads\/2021\/06\/cta-img-16x12.jpg",16,12,true]},"uagb_author_info":{"display_name":"atakhelicopter","author_link":"https:\/\/www.canadaic.ca\/tr\/author\/atakhelicopter\/"},"uagb_comment_info":0,"uagb_excerpt":"Apply for PGWP &#8211; How to apply for open work permit for expiring PGWP Speak to an RCIC Today! Start Your Work Permit Process Today! Find out how you could obtain PR without any prior Work Experience in Canada. A PGWP allows you to work and gain Canadian experience in any employer of your choice&hellip;","_links":{"self":[{"href":"https:\/\/www.canadaic.ca\/tr\/wp-json\/wp\/v2\/pages\/5373","targetHints":{"allow":["GET"]}}],"collection":[{"href":"https:\/\/www.canadaic.ca\/tr\/wp-json\/wp\/v2\/pages"}],"about":[{"href":"https:\/\/www.canadaic.ca\/tr\/wp-json\/wp\/v2\/types\/page"}],"author":[{"embeddable":true,"href":"https:\/\/www.canadaic.ca\/tr\/wp-json\/wp\/v2\/users\/2"}],"replies":[{"embeddable":true,"href":"https:\/\/www.canadaic.ca\/tr\/wp-json\/wp\/v2\/comments?post=5373"}],"version-history":[{"count":4,"href":"https:\/\/www.canadaic.ca\/tr\/wp-json\/wp\/v2\/pages\/5373\/revisions"}],"predecessor-version":[{"id":7847,"href":"https:\/\/www.canadaic.ca\/tr\/wp-json\/wp\/v2\/pages\/5373\/revisions\/7847"}],"wp:featuredmedia":[{"embeddable":true,"href":"https:\/\/www.canadaic.ca\/tr\/wp-json\/wp\/v2\/media\/3271"}],"wp:attachment":[{"href":"https:\/\/www.canadaic.ca\/tr\/wp-json\/wp\/v2\/media?parent=5373"}],"curies":[{"name":"wp","href":"https:\/\/api.w.org\/{rel}","templated":true}]}}