{"id":5391,"date":"2023-04-12T10:02:02","date_gmt":"2023-04-12T14:02:02","guid":{"rendered":"https:\/\/www.canadaic.ca\/?page_id=5391"},"modified":"2023-04-12T10:13:08","modified_gmt":"2023-04-12T14:13:08","slug":"immigrating-to-canada-benefits","status":"publish","type":"page","link":"https:\/\/www.canadaic.ca\/tr\/immigrating-to-canada-benefits\/","title":{"rendered":"T\u00fcrkiye'den Kanada'ya G\u00f6\u00e7 Etmenin Yararlar\u0131"},"content":{"rendered":"<h1>T\u00fcrkiye'den Kanada'ya G\u00f6\u00e7 Etmenin Yararlar\u0131<\/h1>\n\t\t\t\t<img decoding=\"async\" data-src=\"https:\/\/www.canadaic.ca\/wp-content\/uploads\/2021\/04\/IMG_7188-scaled.jpg\" alt=\"IMG_7188\" title=\"IMG_7188\" itemprop=\"image\" src=\"data:image\/svg+xml;base64,PHN2ZyB3aWR0aD0iMSIgaGVpZ2h0PSIxIiB4bWxucz0iaHR0cDovL3d3dy53My5vcmcvMjAwMC9zdmciPjwvc3ZnPg==\" class=\"lazyload\" style=\"--smush-placeholder-width: 1200px; --smush-placeholder-aspect-ratio: 1200\/900;\">\n\t\t\t<h2>T\u00fcrkiye'den Kanada'ya g\u00f6\u00e7 etme nedenleri<\/h2><h6>B. Ozdemir &#8211; 12 April, 2023 <\/h6>\n\t\t\t\t<p><strong>\u0130\u015fte en yayg\u0131n olanlardan baz\u0131lar\u0131:<\/strong><\/p>\n<ol>\n<li>\n<p>Ya\u015fam kalitesi: Kanada s\u00fcrekli olarak d\u00fcnyada ya\u015fanacak en iyi \u00fclkelerden biri olarak g\u00f6sterilmektedir. Y\u00fcksek bir ya\u015fam standard\u0131, evrensel sa\u011fl\u0131k hizmeti, g\u00fc\u00e7l\u00fc bir sosyal g\u00fcvenlik a\u011f\u0131 ve misafirperver ve kapsay\u0131c\u0131 bir toplum sunmaktad\u0131r.<\/p>\n<\/li>\n<li>\n<p>Ekonomik f\u0131rsatlar: Kanada, \u00e7e\u015fitli sekt\u00f6rlerde vas\u0131fl\u0131 i\u015f\u00e7ilere y\u00f6nelik y\u00fcksek talebin bulundu\u011fu g\u00fc\u00e7l\u00fc ve istikrarl\u0131 bir ekonomiye sahiptir. M\u00fckemmel i\u015f f\u0131rsatlar\u0131 ve iyi bir ya\u015fam standard\u0131 sunar.<\/p>\n<\/li>\n<li>\n<p>E\u011fitim: Kanada, \u00fcst s\u0131ralarda yer alan \u00fcniversiteler ve kolejlerle d\u00fcnya standartlar\u0131nda bir e\u011fitim sistemine sahiptir. Kanada'da e\u011fitim g\u00f6ren uluslararas\u0131 \u00f6\u011frenciler y\u00fcksek kaliteli bir e\u011fitim alabilir ve ayn\u0131 zamanda de\u011ferli i\u015f deneyimi kazanabilirler.<\/p>\n<\/li>\n<li>\n<p>Emniyet ve g\u00fcvenlik: Kanada, d\u00fc\u015f\u00fck su\u00e7 oranlar\u0131 ve istikrarl\u0131 bir siyasi ortam ile g\u00fcvenli ve bar\u0131\u015f\u00e7\u0131l bir \u00fclkedir.<\/p>\n<\/li>\n<li>\n<p>\u00c7e\u015fitlilik: Kanada, d\u00fcnyan\u0131n her yerinden insanlar\u0131 a\u011f\u0131rlayan \u00e7e\u015fitli ve \u00e7ok k\u00fclt\u00fcrl\u00fc bir \u00fclkedir. Zengin bir k\u00fclt\u00fcrel mirasa sahiptir ve her t\u00fcrl\u00fc \u00e7e\u015fitlili\u011fi kutlar.<\/p>\n<\/li>\n<li>\n<p>Do\u011fal g\u00fczellik: Kanada, geni\u015f ormanlar\u0131, g\u00f6lleri ve da\u011flar\u0131yla b\u00fcy\u00fcleyici do\u011fal g\u00fczelli\u011fiyle tan\u0131n\u0131r. Kayak ve snowboarddan y\u00fcr\u00fcy\u00fc\u015f ve kamp\u00e7\u0131l\u0131\u011fa kadar \u00e7ok \u00e7e\u015fitli a\u00e7\u0131k hava etkinlikleri sunmaktad\u0131r.<\/p>\n<\/li>\n<\/ol>\n<p>Bunlar insanlar\u0131n Kanada'ya g\u00f6\u00e7 etmeyi se\u00e7mesinin bir\u00e7ok nedeninden sadece birka\u00e7\u0131. \u0130ster ekonomik f\u0131rsatlar, ister daha iyi bir ya\u015fam kalitesi, ister g\u00fcvenli ve s\u0131cak bir ortam ar\u0131yor olun, Kanada'n\u0131n size sunabilece\u011fi \u00e7ok \u015fey var.<\/p>\n<p><strong>Kanada'ya g\u00f6\u00e7 etmenin a\u015fa\u011f\u0131dakiler de dahil olmak \u00fczere bir\u00e7ok faydas\u0131 vard\u0131r:<\/strong><\/p>\n<ol>\n<li>\n<p>Evrensel sa\u011fl\u0131k hizmetlerine eri\u015fim: Kanada, t\u00fcm sakinlerin t\u0131bbi hizmetlere ve tedavilere eri\u015fimini sa\u011flayan, kamu taraf\u0131ndan finanse edilen bir sa\u011fl\u0131k sistemine sahiptir.<\/p>\n<\/li>\n<li>\n<p>Y\u00fcksek ya\u015fam standard\u0131: Kanada, y\u00fcksek ya\u015fam standard\u0131 ve g\u00fc\u00e7l\u00fc sosyal g\u00fcvenlik a\u011f\u0131yla s\u00fcrekli olarak d\u00fcnyan\u0131n ya\u015fanacak en iyi \u00fclkelerinden biri olarak g\u00f6sterilmektedir.<\/p>\n<\/li>\n<li>\n<p>Kaliteli e\u011fitim: Kanada, d\u00fcnyan\u0131n her yerinden gelen \u00f6\u011frencilere y\u00fcksek kaliteli e\u011fitim sunan \u00fcst d\u00fczey \u00fcniversiteler ve kolejlerle d\u00fcnya standartlar\u0131nda bir e\u011fitim sistemine sahiptir.<\/p>\n<\/li>\n<li>\n<p>Ekonomik f\u0131rsatlar: Kanada, \u00e7e\u015fitli sekt\u00f6rlerde vas\u0131fl\u0131 i\u015f\u00e7ilere y\u00f6nelik y\u00fcksek talebin oldu\u011fu, m\u00fckemmel i\u015f f\u0131rsatlar\u0131 ve iyi bir ya\u015fam standard\u0131 sunan g\u00fc\u00e7l\u00fc ve istikrarl\u0131 bir ekonomiye sahiptir.<\/p>\n<\/li>\n<li>\n<p>\u00c7e\u015fitlilik: Kanada, \u00e7e\u015fitlili\u011fin her bi\u00e7imini kutlayan, g\u00f6\u00e7menler i\u00e7in s\u0131cak ve kapsay\u0131c\u0131 bir ortam sa\u011flayan, \u00e7e\u015fitlili\u011fe sahip ve \u00e7ok k\u00fclt\u00fcrl\u00fc bir \u00fclkedir.<\/p>\n<\/li>\n<li>\n<p>Vatanda\u015fl\u0131k ve g\u00f6\u00e7menlik avantajlar\u0131: Kanada'da belirli bir s\u00fcre ya\u015fad\u0131ktan sonra g\u00f6\u00e7menler vatanda\u015fl\u0131k ba\u015fvurusunda bulunmaya hak kazanabilir ve Kanada vatanda\u015fl\u0131\u011f\u0131n\u0131n oy verme hakk\u0131 ve \u00fclkenin herhangi bir yerinde ya\u015fama ve \u00e7al\u0131\u015fma hakk\u0131 gibi avantajlar\u0131ndan yararlanabilirler.<\/p>\n<\/li>\n<li>\n<p>Emniyet ve g\u00fcvenlik: Kanada, istikrarl\u0131 bir siyasi ortama ve d\u00fc\u015f\u00fck su\u00e7 oranlar\u0131na sahip, g\u00fcvenli ve bar\u0131\u015f\u00e7\u0131l bir \u00fclkedir.<\/p>\n<\/li>\n<li>\n<p>Do\u011fal g\u00fczellik: Kanada, \u00e7ok \u00e7e\u015fitli a\u00e7\u0131k hava etkinlikleri ve y\u00fcksek ya\u015fam kalitesi sunan u\u00e7suz bucaks\u0131z ormanlar\u0131, g\u00f6lleri ve da\u011flar\u0131yla \u00e7arp\u0131c\u0131 do\u011fal g\u00fczelli\u011fiyle tan\u0131n\u0131r.<\/p>\n<\/li>\n<\/ol>\n<p>Genel olarak Kanada'ya g\u00f6\u00e7 etmek, kaliteli sa\u011fl\u0131k hizmetlerine eri\u015fim, e\u011fitim, ekonomik f\u0131rsatlar ve misafirperver ve \u00e7e\u015fitlilik i\u00e7eren bir toplum dahil olmak \u00fczere \u00e7ok \u00e7e\u015fitli avantajlar sunabilir.<\/p>\n\t\t<h1>CAD<\/h1><h5>Online De\u011ferlendirmeyi Bug\u00fcn Tamamlay\u0131n!<\/h5>\n\t\t\t\t<p><strong>Online De\u011ferlendirmenin\/\u0130lk Dan\u0131\u015fman\u0131n Amac\u0131:<\/strong><\/p>\n<ul>\n<li>Assess applicant&#8217;s eligibility<\/li>\n<li>Uygunluk sorular\u0131n\u0131z\u0131 yan\u0131tl\u0131yoruz<\/li>\n<li>Do\u011fru program(lar\u0131) se\u00e7menize yard\u0131mc\u0131 oluyoruz<\/li>\n<li>Do\u011fru hizmet(leri) se\u00e7menize yard\u0131mc\u0131 oluyoruz<\/li>\n<\/ul>\n\t\t\t<a href=\"https:\/\/www.canadaic.ca\/tr\/assessment-general\/\" target=\"_self\" role=\"button\" aria-label=\"BURADAN BA\u015eLAYIN!\" rel=\"noopener\">\n\t\t\t\t\t\t\tBURADAN BA\u015eLAYIN!\n\t\t<\/a>\n\t\t\t<h2>M\u00fc\u015fterilerimiz<\/h2>\n\t\t\t\t<img decoding=\"async\" data-src=\"https:\/\/www.canadaic.ca\/wp-content\/uploads\/bb-plugin\/cache\/Tiana-Mitchell-circle.png\" alt=\"Tiana Mitchell\" title=\"Tiana Mitchell\" itemprop=\"image\" src=\"data:image\/svg+xml;base64,PHN2ZyB3aWR0aD0iMSIgaGVpZ2h0PSIxIiB4bWxucz0iaHR0cDovL3d3dy53My5vcmcvMjAwMC9zdmciPjwvc3ZnPg==\" class=\"lazyload\" style=\"--smush-placeholder-width: 345px; --smush-placeholder-aspect-ratio: 345\/345;\">\n\t\t\t\t\t\t\t<p>Bedir harika. Bana bir vakada yard\u0131m etti ve b\u00fcy\u00fck bir profesyonellik ve d\u00fcr\u00fcstl\u00fckle yapt\u0131. Kesinlikle tavsiye ederim.<\/p>\t\t\t\t\t\t\n\t\t\t\t\t\t\t\t<h3 class=\"uabb-testimonial-author-name testimonial-author-name\">Tiana Mitchell<\/h3>\n                              <input type=\"radio\" value=\"5\">\n                  <label title=\"5 out of 5 stars\"><\/label>\n                  <input type=\"radio\" value=\"4\">\n                  <label title=\"4 out of 5 stars\"><\/label>\n                  <input type=\"radio\" value=\"3\">\n                  <label title=\"3 out of 5 stars\"><\/label>\n                  <input type=\"radio\" value=\"2\">\n                  <label title=\"2 out of 5 stars\"><\/label>\n                  <input type=\"radio\" value=\"1\">\n                  <label title=\"1 out of 5 stars\"><\/label>\n\t\t\t\t\t\t\t\t\tCanada\t\t\t\t\t\t\t\t\n\t\t\t\t<img decoding=\"async\" data-src=\"https:\/\/www.canadaic.ca\/wp-content\/uploads\/bb-plugin\/cache\/Param-Kaur-circle.png\" alt=\"Param Kaur\" title=\"Param Kaur\" itemprop=\"image\" src=\"data:image\/svg+xml;base64,PHN2ZyB3aWR0aD0iMSIgaGVpZ2h0PSIxIiB4bWxucz0iaHR0cDovL3d3dy53My5vcmcvMjAwMC9zdmciPjwvc3ZnPg==\" class=\"lazyload\" style=\"--smush-placeholder-width: 268px; --smush-placeholder-aspect-ratio: 268\/268;\">\n\t\t\t\t\t\t\t<p>\u00c7ok Bilgilendirici Dan\u0131\u015fma. Onlar, \u00e7ok sab\u0131rl\u0131 bir \u015fekilde, her soruyu \u00e7ok \u00f6zenle yan\u0131tlayarak dan\u0131\u015fma \u00e7a\u011fr\u0131s\u0131 boyunca c\u00f6mert bir s\u00fcre ge\u00e7irdiler. Te\u015fekk\u00fcr ederim!&nbsp;<\/p>\t\t\t\t\t\t\n\t\t\t\t\t\t\t\t<h3 class=\"uabb-testimonial-author-name testimonial-author-name\">Param Kaur<\/h3>\n                              <input type=\"radio\" value=\"5\">\n                  <label title=\"5 out of 5 stars\"><\/label>\n                  <input type=\"radio\" value=\"4\">\n                  <label title=\"4 out of 5 stars\"><\/label>\n                  <input type=\"radio\" value=\"3\">\n                  <label title=\"3 out of 5 stars\"><\/label>\n                  <input type=\"radio\" value=\"2\">\n                  <label title=\"2 out of 5 stars\"><\/label>\n                  <input type=\"radio\" value=\"1\">\n                  <label title=\"1 out of 5 stars\"><\/label>\n\t\t\t\t\t\t\t\t\tHindistan\t\t\t\t\t\t\t\t\n\t\t\t\t<img decoding=\"async\" data-src=\"https:\/\/www.canadaic.ca\/wp-content\/uploads\/bb-plugin\/cache\/Felipe-Andreu-circle.png\" alt=\"Felipe Andreu\" title=\"Felipe Andreu\" itemprop=\"image\" src=\"data:image\/svg+xml;base64,PHN2ZyB3aWR0aD0iMSIgaGVpZ2h0PSIxIiB4bWxucz0iaHR0cDovL3d3dy53My5vcmcvMjAwMC9zdmciPjwvc3ZnPg==\" class=\"lazyload\" style=\"--smush-placeholder-width: 310px; --smush-placeholder-aspect-ratio: 310\/310;\">\n\t\t\t\t\t\t\t<p>Kesinlikle Toronto'daki en iyi g\u00f6\u00e7menlik dan\u0131\u015fman\u0131. En iyi sonucu istiyorsan\u0131z, en iyisini aray\u0131n. Bedir \u00d6zdemir<\/p>\t\t\t\t\t\t\n\t\t\t\t\t\t\t\t<h3 class=\"uabb-testimonial-author-name testimonial-author-name\">Felipe Andreu<\/h3>\n                              <input type=\"radio\" value=\"5\">\n                  <label title=\"5 out of 5 stars\"><\/label>\n                  <input type=\"radio\" value=\"4\">\n                  <label title=\"4 out of 5 stars\"><\/label>\n                  <input type=\"radio\" value=\"3\">\n                  <label title=\"3 out of 5 stars\"><\/label>\n                  <input type=\"radio\" value=\"2\">\n                  <label title=\"2 out of 5 stars\"><\/label>\n                  <input type=\"radio\" value=\"1\">\n                  <label title=\"1 out of 5 stars\"><\/label>\n\t\t\t\t\t\t\t\t\tBrezilya\t\t\t\t\t\t\t\t\n\t\t\t\t<img decoding=\"async\" data-src=\"https:\/\/www.canadaic.ca\/wp-content\/uploads\/bb-plugin\/cache\/Yavuz-Uslu-circle.png\" alt=\"Yavuz Uslu\" title=\"Yavuz Uslu\" itemprop=\"image\" src=\"data:image\/svg+xml;base64,PHN2ZyB3aWR0aD0iMSIgaGVpZ2h0PSIxIiB4bWxucz0iaHR0cDovL3d3dy53My5vcmcvMjAwMC9zdmciPjwvc3ZnPg==\" class=\"lazyload\" style=\"--smush-placeholder-width: 263px; --smush-placeholder-aspect-ratio: 263\/263;\">\n\t\t\t\t\t\t\t<p>Bedir from Canada B&amp;N has been an exceptional consultant and a wonderful person to work with. He helped my wife and I for the entire immigration process. He&#8217;s responsive, efficient and well organized. But more importantly, he was genuine and honest. I would recommend her to anyone.<\/p>\t\t\t\t\t\t\n\t\t\t\t\t\t\t\t<h3 class=\"uabb-testimonial-author-name testimonial-author-name\">Yavuz Uslu<\/h3>\n                              <input type=\"radio\" value=\"5\">\n                  <label title=\"5 out of 5 stars\"><\/label>\n                  <input type=\"radio\" value=\"4\">\n                  <label title=\"4 out of 5 stars\"><\/label>\n                  <input type=\"radio\" value=\"3\">\n                  <label title=\"3 out of 5 stars\"><\/label>\n                  <input type=\"radio\" value=\"2\">\n                  <label title=\"2 out of 5 stars\"><\/label>\n                  <input type=\"radio\" value=\"1\">\n                  <label title=\"1 out of 5 stars\"><\/label>\n\t\t\t\t\t\t\t\t\tTurkiye\t\t\t\t\t\t\t\t\n\t\t\t\t<img decoding=\"async\" data-src=\"https:\/\/www.canadaic.ca\/wp-content\/uploads\/bb-plugin\/cache\/Igor-Kursunova-circle.png\" alt=\"Igor Kursunova\" title=\"Igor Kursunova\" itemprop=\"image\" src=\"data:image\/svg+xml;base64,PHN2ZyB3aWR0aD0iMSIgaGVpZ2h0PSIxIiB4bWxucz0iaHR0cDovL3d3dy53My5vcmcvMjAwMC9zdmciPjwvc3ZnPg==\" class=\"lazyload\" style=\"--smush-placeholder-width: 278px; --smush-placeholder-aspect-ratio: 278\/278;\">\n\t\t\t\t\t\t\t<p>Bedir, PR kart s\u00fcrecine yard\u0131mc\u0131 olmak i\u00e7in harika bir i\u015f \u00e7\u0131kard\u0131. Bu profesyonel grubu \u015fiddetle tavsiye ederim.<\/p>\t\t\t\t\t\t\n\t\t\t\t\t\t\t\t<h3 class=\"uabb-testimonial-author-name testimonial-author-name\">Igor Kursunova<\/h3>\n                              <input type=\"radio\" value=\"5\">\n                  <label title=\"5 out of 5 stars\"><\/label>\n                  <input type=\"radio\" value=\"4\">\n                  <label title=\"4 out of 5 stars\"><\/label>\n                  <input type=\"radio\" value=\"3\">\n                  <label title=\"3 out of 5 stars\"><\/label>\n                  <input type=\"radio\" value=\"2\">\n                  <label title=\"2 out of 5 stars\"><\/label>\n                  <input type=\"radio\" value=\"1\">\n                  <label title=\"1 out of 5 stars\"><\/label>\n\t\t\t\t\t\t\t\t\tAvrupa\t\t\t\t\t\t\t\t\n\t\t\t\t<img decoding=\"async\" data-src=\"https:\/\/www.canadaic.ca\/wp-content\/uploads\/bb-plugin\/cache\/Michael-S-circle.png\" alt=\"Michael S\" title=\"Michael S\" itemprop=\"image\" src=\"data:image\/svg+xml;base64,PHN2ZyB3aWR0aD0iMSIgaGVpZ2h0PSIxIiB4bWxucz0iaHR0cDovL3d3dy53My5vcmcvMjAwMC9zdmciPjwvc3ZnPg==\" class=\"lazyload\" style=\"--smush-placeholder-width: 256px; --smush-placeholder-aspect-ratio: 256\/256;\">\n\t\t\t\t\t\t\t<p>My wife and I are extremely happy with the counsel Bedir and Sumedha&#8217;s provided during her Visa status adjustment.<\/p>\t\t\t\t\t\t\n\t\t\t\t\t\t\t\t<h3 class=\"uabb-testimonial-author-name testimonial-author-name\">Michael S<\/h3>\n                              <input type=\"radio\" value=\"5\">\n                  <label title=\"5 out of 5 stars\"><\/label>\n                  <input type=\"radio\" value=\"4\">\n                  <label title=\"4 out of 5 stars\"><\/label>\n                  <input type=\"radio\" value=\"3\">\n                  <label title=\"3 out of 5 stars\"><\/label>\n                  <input type=\"radio\" value=\"2\">\n                  <label title=\"2 out of 5 stars\"><\/label>\n                  <input type=\"radio\" value=\"1\">\n                  <label title=\"1 out of 5 stars\"><\/label>\n\t\t\t\t\t\t\t\t\tCanada\t\t\t\t\t\t\t\t\n\t\t\t<h2>G\u00f6\u00e7menlik tavsiyesine mi ihtiyac\u0131n\u0131z var?<\/h2>\n\t\t\t\t<h6>Profesyonel tavsiye mi istiyorsunuz? G\u00f6\u00e7 yasas\u0131 ve \u00f6zel durumlar hakk\u0131ndaki t\u00fcm sorular\u0131n\u0131z\u0131 ve endi\u015felerinizi cevaplamak i\u00e7in rekabet\u00e7i saatlik \u00fccretler sunuyoruz. Bug\u00fcn bize ula\u015f\u0131n!<\/h6>\n\t\t\t<h6>Bizi aray\u0131n<\/h6><h4>+1 647 765-0404<\/h4>\t\t\t\n\t\t\t<h6>Bize e-posta g\u00f6nderin<\/h6><h4>info@canadaic.ca<\/h4>\t\t\t\n\t\t\t<h6>Bizi \u015fu adresten ziyaret edin<\/h6><h4>2 Robert Speck Parkway, Suite 750 L4Z 1H8<\/h4>","protected":false},"excerpt":{"rendered":"<p>Immigrating to Canada the Benefits Reasons to immigrate to Canada B. Ozdemir &#8211; 12 April, 2023 Here are some of the most common ones: Quality of life: Canada is consistently ranked as one of the best countries in the world to live in. It offers a high standard of living, universal healthcare, a strong social [&hellip;]<\/p>\n","protected":false},"author":2,"featured_media":821,"parent":0,"menu_order":0,"comment_status":"closed","ping_status":"closed","template":"","meta":{"_uag_custom_page_level_css":"","site-sidebar-layout":"no-sidebar","site-content-layout":"page-builder","ast-site-content-layout":"default","site-content-style":"default","site-sidebar-style":"default","ast-global-header-display":"","ast-banner-title-visibility":"","ast-main-header-display":"","ast-hfb-above-header-display":"","ast-hfb-below-header-display":"","ast-hfb-mobile-header-display":"","site-post-title":"disabled","ast-breadcrumbs-content":"","ast-featured-img":"disabled","footer-sml-layout":"","ast-disable-related-posts":"","theme-transparent-header-meta":"enabled","adv-header-id-meta":"","stick-header-meta":"","header-above-stick-meta":"","header-main-stick-meta":"","header-below-stick-meta":"","astra-migrate-meta-layouts":"default","ast-page-background-enabled":"default","ast-page-background-meta":{"desktop":{"background-color":"","background-image":"","background-repeat":"repeat","background-position":"center center","background-size":"auto","background-attachment":"scroll","background-type":"","background-media":"","overlay-type":"","overlay-color":"","overlay-opacity":"","overlay-gradient":""},"tablet":{"background-color":"","background-image":"","background-repeat":"repeat","background-position":"center center","background-size":"auto","background-attachment":"scroll","background-type":"","background-media":"","overlay-type":"","overlay-color":"","overlay-opacity":"","overlay-gradient":""},"mobile":{"background-color":"","background-image":"","background-repeat":"repeat","background-position":"center center","background-size":"auto","background-attachment":"scroll","background-type":"","background-media":"","overlay-type":"","overlay-color":"","overlay-opacity":"","overlay-gradient":""}},"ast-content-background-meta":{"desktop":{"background-color":"var(--ast-global-color-5)","background-image":"","background-repeat":"repeat","background-position":"center center","background-size":"auto","background-attachment":"scroll","background-type":"","background-media":"","overlay-type":"","overlay-color":"","overlay-opacity":"","overlay-gradient":""},"tablet":{"background-color":"var(--ast-global-color-5)","background-image":"","background-repeat":"repeat","background-position":"center center","background-size":"auto","background-attachment":"scroll","background-type":"","background-media":"","overlay-type":"","overlay-color":"","overlay-opacity":"","overlay-gradient":""},"mobile":{"background-color":"var(--ast-global-color-5)","background-image":"","background-repeat":"repeat","background-position":"center center","background-size":"auto","background-attachment":"scroll","background-type":"","background-media":"","overlay-type":"","overlay-color":"","overlay-opacity":"","overlay-gradient":""}},"footnotes":""},"class_list":["post-5391","page","type-page","status-publish","has-post-thumbnail","hentry"],"uagb_featured_image_src":{"full":["https:\/\/www.canadaic.ca\/wp-content\/uploads\/2019\/12\/immigration_Canada.jpg",800,534,false],"thumbnail":["https:\/\/www.canadaic.ca\/wp-content\/uploads\/2019\/12\/immigration_Canada-150x150.jpg",150,150,true],"medium":["https:\/\/www.canadaic.ca\/wp-content\/uploads\/2019\/12\/immigration_Canada-300x200.jpg",300,200,true],"medium_large":["https:\/\/www.canadaic.ca\/wp-content\/uploads\/2019\/12\/immigration_Canada-768x513.jpg",768,513,true],"large":["https:\/\/www.canadaic.ca\/wp-content\/uploads\/2019\/12\/immigration_Canada.jpg",800,534,false],"1536x1536":["https:\/\/www.canadaic.ca\/wp-content\/uploads\/2019\/12\/immigration_Canada.jpg",800,534,false],"2048x2048":["https:\/\/www.canadaic.ca\/wp-content\/uploads\/2019\/12\/immigration_Canada.jpg",800,534,false],"trp-custom-language-flag":["https:\/\/www.canadaic.ca\/wp-content\/uploads\/2019\/12\/immigration_Canada.jpg",18,12,false]},"uagb_author_info":{"display_name":"atakhelicopter","author_link":"https:\/\/www.canadaic.ca\/tr\/author\/atakhelicopter\/"},"uagb_comment_info":0,"uagb_excerpt":"Immigrating to Canada the Benefits Reasons to immigrate to Canada B. Ozdemir &#8211; 12 April, 2023 Here are some of the most common ones: Quality of life: Canada is consistently ranked as one of the best countries in the world to live in. It offers a high standard of living, universal healthcare, a strong social&hellip;","_links":{"self":[{"href":"https:\/\/www.canadaic.ca\/tr\/wp-json\/wp\/v2\/pages\/5391","targetHints":{"allow":["GET"]}}],"collection":[{"href":"https:\/\/www.canadaic.ca\/tr\/wp-json\/wp\/v2\/pages"}],"about":[{"href":"https:\/\/www.canadaic.ca\/tr\/wp-json\/wp\/v2\/types\/page"}],"author":[{"embeddable":true,"href":"https:\/\/www.canadaic.ca\/tr\/wp-json\/wp\/v2\/users\/2"}],"replies":[{"embeddable":true,"href":"https:\/\/www.canadaic.ca\/tr\/wp-json\/wp\/v2\/comments?post=5391"}],"version-history":[{"count":4,"href":"https:\/\/www.canadaic.ca\/tr\/wp-json\/wp\/v2\/pages\/5391\/revisions"}],"predecessor-version":[{"id":5396,"href":"https:\/\/www.canadaic.ca\/tr\/wp-json\/wp\/v2\/pages\/5391\/revisions\/5396"}],"wp:featuredmedia":[{"embeddable":true,"href":"https:\/\/www.canadaic.ca\/tr\/wp-json\/wp\/v2\/media\/821"}],"wp:attachment":[{"href":"https:\/\/www.canadaic.ca\/tr\/wp-json\/wp\/v2\/media?parent=5391"}],"curies":[{"name":"wp","href":"https:\/\/api.w.org\/{rel}","templated":true}]}}