{"id":7768,"date":"2026-01-23T08:02:15","date_gmt":"2026-01-23T13:02:15","guid":{"rendered":"https:\/\/www.canadaic.ca\/?page_id=7768"},"modified":"2026-02-24T21:17:11","modified_gmt":"2026-02-25T02:17:11","slug":"usa-applicant-refused-canadian-visitor-visa","status":"publish","type":"page","link":"https:\/\/www.canadaic.ca\/tr\/usa-applicant-refused-canadian-visitor-visa\/","title":{"rendered":"USA Applicant Refused Canadian Visitor Visa"},"content":{"rendered":"<h1>US\/CAN Visa Refusal: Was Your Visa Application in USA to Canada Refused? <\/h1>\n\t\t\t<a href=\"tel:03129550026\" title=\"Bug\u00fcn bir Vize \u0130tiraz Uzman\u0131yla G\u00f6r\u00fc\u015f\u00fcn!\" target=\"_self\"   role=\"button\" aria-label=\"Bug\u00fcn bir Vize \u0130tiraz Uzman\u0131yla G\u00f6r\u00fc\u015f\u00fcn!\">\n\t\t\t\t\t\t\t\t\t\t\tBug\u00fcn bir Vize \u0130tiraz Uzman\u0131yla G\u00f6r\u00fc\u015f\u00fcn!\n\t\t<\/a>\n\t\t\t\t<img decoding=\"async\" data-src=\"https:\/\/www.canadaic.ca\/wp-content\/uploads\/2021\/07\/counterfoil-sample-pre-2020.jpg\" alt=\"counterfoil-sample-pre-2020\" title=\"counterfoil-sample-pre-2020\" itemprop=\"image\" src=\"data:image\/svg+xml;base64,PHN2ZyB3aWR0aD0iMSIgaGVpZ2h0PSIxIiB4bWxucz0iaHR0cDovL3d3dy53My5vcmcvMjAwMC9zdmciPjwvc3ZnPg==\" class=\"lazyload\" style=\"--smush-placeholder-width: 562px; --smush-placeholder-aspect-ratio: 562\/400;\" \/>\n\t\t<h2>Start Your Canadian Visitor Visa APPEAL Process from USA!<\/h2><h6>Find out how you could appeal and obtain Visitor Visa status and travel to Canada from USA for tourism\/family or business purposes.<\/h6>\n\t\t\t\t<h4><strong>Why was my Canadian visa application refused from USA?\u00a0<\/strong><\/h4>\n<p>Ziyaret\u00e7i vizesi ba\u015fvurusu, Kanada b\u00fcy\u00fckel\u00e7ili\u011fi g\u00f6revlisinin, Kanada vizesine ba\u015fvuran ki\u015fiyi belirli gerek\u00e7elerle de\u011ferlendirmesini gerektirir. Ziyaret nedeni, ba\u015fvuru sahibinin profili, fon kan\u0131tlar\u0131 ve ba\u015fvurduklar\u0131 \u00fclkeye ili\u015fkin ekler dahil. Vizeniz onayland\u0131ktan sonra \u00fclkenize d\u00f6nme olas\u0131l\u0131\u011f\u0131n\u0131z. Her zaman yeniden ba\u015fvurabilirsiniz, ancak ba\u015fka bir se\u00e7enek de vize ba\u015fvurunuzun savunmas\u0131n\u0131 yapacak ve size Kanada vizesi alma konusunda en iyi \u015fans\u0131 sa\u011flayacak bir profesyonelle \u00e7al\u0131\u015fmakt\u0131r.\u00a0<\/p>\n<blockquote>\n<h4><strong>What are some of the reasons for refusal of a visa application by a Canadian visa officer from USA?\u00a0<\/strong><\/h4>\n<\/blockquote>\n<ul>\n<li>IRPR'nin 216(1) alt b\u00f6l\u00fcm\u00fcnde belirtildi\u011fi gibi, kal\u0131\u015f\u0131n\u0131z\u0131n sonunda Kanada'dan ayr\u0131laca\u011f\u0131n\u0131z konusunda tatmin de\u011filim, <b>ziyaretinizin amac\u0131na ba\u011fl\u0131 olarak<\/b>.<\/li>\n<li>IRPR'nin 216(1) alt b\u00f6l\u00fcm\u00fcnde belirtildi\u011fi gibi, kal\u0131\u015f\u0131n\u0131z\u0131n sonunda Kanada'dan ayr\u0131laca\u011f\u0131n\u0131z konusunda tatmin de\u011filim, <b>seyahat ge\u00e7mi\u015finize g\u00f6re.<\/b><\/li>\n<li>IRPR'nin 216(1) alt b\u00f6l\u00fcm\u00fcnde belirtildi\u011fi gibi, kal\u0131\u015f\u0131n\u0131z\u0131n sonunda Kanada'dan ayr\u0131laca\u011f\u0131n\u0131z konusunda tatmin de\u011filim, <b>ki\u015fisel varl\u0131klar\u0131n\u0131za ve mali durumunuza g\u00f6re.<\/b><\/li>\n<li>\u015eartnamede belirtildi\u011fi gibi, kal\u0131\u015f\u0131n\u0131z\u0131n sonunda Kanada'dan ayr\u0131laca\u011f\u0131n\u0131zdan memnun de\u011filim.<br \/>subsection 216(1) of the IRPR,<strong> \u00fclkenizdeki s\u0131n\u0131rl\u0131 istihdam olanaklar\u0131na dayanarak<\/strong>\u00a0<strong>.<\/strong><\/li>\n<li>\u015eartnamede belirtildi\u011fi gibi, kal\u0131\u015f\u0131n\u0131z\u0131n sonunda Kanada'dan ayr\u0131laca\u011f\u0131n\u0131zdan memnun de\u011filim.<br \/>subsection 216(1) of the IRPR, <strong>mevcut istihdam durumunuza g\u00f6re.<\/strong><\/li>\n<li>IRPR'nin 216(1) alt b\u00f6l\u00fcm\u00fcnde belirtildi\u011fi gibi kal\u0131\u015f\u0131n\u0131z\u0131n sonunda Kanada'dan ayr\u0131laca\u011f\u0131n\u0131zdan memnun de\u011filim,<strong> Kanada'daki ve \u00fclkenizdeki aile ba\u011flar\u0131n\u0131za dayanarak<\/strong>\u00a0<strong>.<\/strong><\/li>\n<\/ul>\n<h4><strong>What are my options after refusal of Canadian visa by the Canadian embassy in USA?\u00a0<\/strong><\/h4>\n<p>Reddedilme nedenlerini anlaman\u0131z\u0131 ve yeniden ba\u015fvurmadan \u00f6nce g\u00fc\u00e7l\u00fc bir ba\u015fvuruyu de\u011ferlendirmenizi \u015fiddetle tavsiye ederiz. Avukat veya RCIC gibi iyi durumdaki bir profesyonelle \u00e7al\u0131\u015fmak size fayda sa\u011flayabilir. Dosyalar\u0131n\u0131z\u0131 sizin i\u00e7in \u00f6zenle haz\u0131rlayabilir, do\u011fru yakla\u015f\u0131m konusunda size yard\u0131mc\u0131 olabilir ve yeni ba\u015fvurunuz i\u00e7in g\u00fc\u00e7l\u00fc bir savunma yapabilirler. Kanada vizesi onay\u0131 konusunda size en iyi \u015fans\u0131 sunmak i\u00e7in kanunlar\u0131 ve memurun Kanada b\u00fcy\u00fckel\u00e7ili\u011findeki ba\u015fvurunuzu nas\u0131l de\u011ferlendirdi\u011fini anlamalar\u0131 gerekir.\u00a0<\/p>\n<h4><strong>How to get a tourist visa to Canada from USA?<\/strong><\/h4>\n<p>Visitors from specific countries may require a temporary resident visa (TRV) to enter Canada. A visa is a standard travel document that&#8217;s inserted into your passport to give you permission to enter Canada.<\/p>\n<p><strong>Beginning steps to check eligibility to get a visitor visa to visit Canada from USA for business purposes:\u00a0<\/strong><\/p>\n<ul>\n<li>(\u0130ste\u011fe ba\u011fl\u0131) Ziyaret\u00e7i vizesi ba\u015fvurusunda bulunmak i\u00e7in Kanadal\u0131 bir arkada\u015ftan\/i\u015fletmeden veya etkinlik daveti al\u0131n.<\/li>\n<li>Men\u015fe \u00fclkede ticari faaliyetlerin veya istihdam\u0131n kan\u0131t\u0131.<\/li>\n<li>Ya\u015fam masraflar\u0131n\u0131 kar\u015f\u0131lamak ve kendi \u00fclkesine d\u00f6n\u00fc\u015f ula\u015f\u0131m\u0131n\u0131 kar\u015f\u0131lamak i\u00e7in yeterli mali deste\u011fe sahip oldu\u011funu kan\u0131tlay\u0131n<\/li>\n<li>Turistik ama\u00e7larla Kanada'ya ziyaret amac\u0131n\u0131 \u00f6\u011frenin.<\/li>\n<li>Temiz siciline sahip olmak. Su\u00e7 ge\u00e7mi\u015fi olan veya Kanada g\u00fcvenli\u011fi i\u00e7in risk olu\u015fturan adaylar\u0131n ba\u015fvurular\u0131 reddedilebilir. IRCC, bir ba\u015fvuru sahibinden gerekli olan:\u00a0<a href=\"https:\/\/www.canada.ca\/en\/immigration-refugees-citizenship\/services\/application\/medical-police\/police-certificates\/how.html\" target=\"_blank\" rel=\"noopener\">adli sicil raporu.<\/a><\/li>\n<li>Sa\u011fl\u0131\u011f\u0131n\u0131z yerinde olsun. IRCC, ba\u015fvuru sahibinden bir\u00a0<a href=\"https:\/\/www.canada.ca\/en\/immigration-refugees-citizenship\/services\/application\/medical-police\/medical-exams.html\" target=\"_blank\" rel=\"noopener\">t\u0131bbi muayene.<\/a>; and,<\/li>\n<li>Ziyaret\u00e7i vizesi taraf\u0131ndan izin verilen kal\u0131\u015f s\u00fcresinin sonunda Kanada'dan ayr\u0131laca\u011f\u0131na g\u00f6\u00e7menlik g\u00f6revlisini ikna edin.<\/li>\n<\/ul>\n<p><strong>What documents are required to complete a Canadian visitor visa application from USA?<\/strong><\/p>\n<ul>\n<li>Ba\u015fvuru sahibi ve ba\u015fvuruda belirtilen her aile \u00fcyesi i\u00e7in pasaport;<\/li>\n<li>Kanada'daki herhangi bir i\u015fverenden\/\u0130\u015f orta\u011f\u0131ndan Mektup veya S\u00f6zle\u015fme.<\/li>\n<li>Ba\u015fvuran\u0131n ve ba\u015fvuruda yer alan her bir aile bireyinin, arkas\u0131nda tam ad\u0131 ve do\u011fum tarihi yaz\u0131l\u0131 olan iki adet vesikal\u0131k foto\u011fraf\u0131;<\/li>\n<li>Varsa, evlilik c\u00fczdan\u0131n\u0131n fotokopisi; ve,<\/li>\n<li>Belirli vize ofisleri taraf\u0131ndan istenen di\u011fer belgeler.<\/li>\n<\/ul>\n<p><strong>\u00a0 <\/strong><strong>\u0130\u015fleminizi Bug\u00fcn Tamamlayarak Ba\u015flat\u0131n <a href=\"https:\/\/www.canadaic.ca\/tr\/immigration-assessment-form\/\">Online De\u011ferlendirme Formu<\/a>.<\/strong><\/p>\n\t\t<h1>Canadian Visitor Visa from USA<\/h1><h5>Find out your eligibility to apply for Canadian Visitor Visa from USA:<\/h5>\n\t\t\t\t<p><strong>\u0130lk G\u00f6r\u00fc\u015fmenin Amac\u0131:<\/strong><\/p>\n<ul>\n<li>Assess applicant&#8217;s eligibility<\/li>\n<li>Uygunluk sorular\u0131n\u0131z\u0131 yan\u0131tl\u0131yoruz<\/li>\n<li>Do\u011fru program(lar\u0131) se\u00e7menize yard\u0131mc\u0131 oluyoruz<\/li>\n<li>Do\u011fru hizmet(leri) se\u00e7menize yard\u0131mc\u0131 oluyoruz<\/li>\n<\/ul>\n\t\t\t<a href=\"https:\/\/www.canadaic.ca\/tr\/immigration-assessment-form\/\" title=\"BUG\u00dcN BA\u015eLA!\" target=\"_self\"   role=\"button\" aria-label=\"BUG\u00dcN BA\u015eLA!\">\n\t\t\t\t\t\t\tBUG\u00dcN BA\u015eLA!\n\t\t<\/a>\n<figure itemscope itemtype=\"https:\/\/schema.org\/ImageObject\">\n\t\t\t\t<img decoding=\"async\" data-src=\"https:\/\/www.canadaic.ca\/wp-content\/uploads\/2020\/06\/DSC_3151-678x1024.jpg\" alt=\"DSC_3151\" height=\"1024\" width=\"678\" title=\"DSC_3151\" onerror=\"this.style.display='none'\" src=\"data:image\/svg+xml;base64,PHN2ZyB3aWR0aD0iMSIgaGVpZ2h0PSIxIiB4bWxucz0iaHR0cDovL3d3dy53My5vcmcvMjAwMC9zdmciPjwvc3ZnPg==\" class=\"lazyload\" style=\"--smush-placeholder-width: 678px; --smush-placeholder-aspect-ratio: 678\/1024;\" \/>\n\t<\/figure>\n\t\t\t<a href=\"mailto: bedir@canadaic.ca\" title=\"Bir RCIC ile ileti\u015fim kurun\" target=\"_self\"   role=\"button\" aria-label=\"Bir RCIC ile ileti\u015fim kurun\">\n\t\t\t\t\t\t\tBir RCIC ile ileti\u015fim kurun\n\t\t<\/a>\n\t\t\t\t\t\t<h5>Minimum Requirements to Visit Canada from USA<\/h5>\n\t\t\t<h3>Minimum Requirements to Visit Canada from USA<\/h3>\n<p>Kanada'ya gelen ziyaret\u00e7ilerin a\u015fa\u011f\u0131daki gereksinimleri kar\u015f\u0131lamas\u0131 gerekir;<\/p>\n<ul>\n<li>Pasaport gibi ge\u00e7erli bir giri\u015f belgesine sahip olmal\u0131d\u0131r.<\/li>\n<li>Sa\u011fl\u0131\u011f\u0131n\u0131z yerinde olsun.<\/li>\n<li>Adli sicil kayd\u0131 bulunmamak.<\/li>\n<li>Kendi \u00fclkenizde aile, mal varl\u0131\u011f\u0131 ve eve geri d\u00f6nme iste\u011fi uyand\u0131racak bir i\u015f gibi g\u00fc\u00e7l\u00fc ba\u011flar\u0131n\u0131z oldu\u011funu yetkililere kan\u0131tlay\u0131n.<\/li>\n<li>Kanada'daki konaklaman\u0131z i\u00e7in yeterli paraya sahip olun.<\/li>\n<\/ul>\n\t\t\t\t\t\t<h5>What Happens After My Tourist\/Visitor Visa is Approved from USA?<\/h5>\n\t\t\t<p>\u0130\u015f ama\u00e7l\u0131 ziyaret\u00e7i vizesi ba\u015fvurunuz onayland\u0131\u011f\u0131nda, yabanc\u0131 uyruklu ki\u015fi \u015funlar\u0131 alacakt\u0131r:<\/p>\n<ul>\n<li>CIC'nin onay\u0131n\u0131 onaylayan bir Tan\u0131t\u0131m Mektubu (LOI).<\/li>\n<li>Vatanda\u015flar\u0131 eTA'ya ihtiya\u00e7 duyan bir \u00fclkeden geliyorsa Elektronik Seyahat \u0130zni (eTA). Bu gibi durumlarda, eTA Tan\u0131t\u0131m Mektubunda belirtilir.\n<ul>\n<li>As the eTA is linked to the applicant&#8217;s passport, the applicant must travel with the passport used in the visitor visa permit application.<\/li>\n<\/ul>\n<\/li>\n<li><a id=\"Renewal\"><\/a>A\u00a0<a href=\"https:\/\/www.canadaic.ca\/tr\/visitor-visa-canada\/\">Temporary Resident Visa (TRV)<\/a>, vatanda\u015flar\u0131n\u0131n TRV'ye ihtiya\u00e7 duydu\u011fu bir \u00fclkeden ise.\n<ul>\n<li>TRV pasaportta olacakt\u0131r. Sahibi, TRV'deki son kullanma tarihinden \u00f6nce Kanada'ya girmelidir.<\/li>\n<li>TRV ayr\u0131ca, sahibinin Kanada'ya yaln\u0131zca bir kez mi (tek giri\u015fli vize) yoksa birden \u00e7ok kez mi (\u00e7ok giri\u015fli vize) girebilece\u011fini de belirtecektir. T\u00fcm ba\u015fvuru sahipleri, \u00e7ok giri\u015fli TRV'ler i\u00e7in otomatik olarak de\u011ferlendirilir.<\/li>\n<\/ul>\n<\/li>\n<\/ul>\n\t\t\t\t\t\t<h5>Proof Financial\/How Much Do I Need to Show for Canadian Visitor Visa from USA?<\/h5>\n\t\t\t<p>Kanada ticari vizesi i\u00e7in ba\u015fvuranlar\u0131n, kal\u0131\u015f ve d\u00f6n\u00fc\u015f s\u00fcrelerini kar\u015f\u0131layacak kadar yeterli paralar\u0131 oldu\u011funu kan\u0131tlamalar\u0131 gerekmektedir. Ayr\u0131ca kendilerini ve beraberindeki aile \u00fcyelerini desteklemek i\u00e7in mali kaynaklara sahip olmalar\u0131 gerekir.<\/p>\n<p>Mali kaynaklar a\u015fa\u011f\u0131daki bilgilerle kan\u0131tlanabilir:<\/p>\n<ul>\n<li>Canadian bank account statements in the applicant&#8217;s name, if money has been transferred to Canada<\/li>\n<li>Kat\u0131l\u0131mc\u0131 bir finans kurulu\u015fundan Garantili Yat\u0131r\u0131m Sertifikas\u0131 (GIC)<\/li>\n<li>Ba\u015fvurunun kan\u0131t\u0131 bir finans kurulu\u015fundan kredi alm\u0131\u015ft\u0131r<\/li>\n<li>The applicant&#8217;s bank statements from the past four months<\/li>\n<li>D\u00f6n\u00fc\u015ft\u00fcr\u00fclebilir para biriminde bir banka poli\u00e7esi<\/li>\n<li>Konaklama yerinin ve varsa konaklama \u00fccretlerinin \u00f6dendi\u011fine dair belge<\/li>\n<li>Size para sa\u011flayan ki\u015fiden bir mektup; ve\/veya<\/li>\n<li>Kanada'daki i\u015f orta\u011f\u0131ndan bir deste\u011fin kan\u0131t\u0131.<\/li>\n<\/ul>\n<p>Ba\u015fvuru sahibinin ailesi veya arkada\u015flar\u0131 da ba\u015fvuru sahibini \u00f6\u011frenimi s\u0131ras\u0131nda destekleyeceklerini teyit eden mektuplar sunabilirler.<\/p>\n<p>A\u015fa\u011f\u0131daki tablo, bir \u00f6\u011frencinin sahip olmas\u0131 gereken miktarlar\u0131 g\u00f6stermektedir (t\u00fcm miktarlar Kanada dolar\u0131 cinsinden):<\/p>\n<table>\n<tbody>\n<tr>\n<th>\u0130nsanlar\u0131n say\u0131s\u0131<\/th>\n<th>Quebec hari\u00e7 t\u00fcm iller<\/th>\n<\/tr>\n<tr>\n<td>Tek ki\u015fi<\/td>\n<td>12 ayl\u0131k bir s\u00fcre i\u00e7in 10.000 ABD Dolar\u0131 (veya ayda 833 ABD Dolar\u0131)<\/td>\n<\/tr>\n<tr>\n<td>E\u015flik eden bir aile \u00fcyesi i\u00e7in \u015funu ekleyin:<\/td>\n<td>12 ayl\u0131k bir s\u00fcre i\u00e7in 4.000 ABD Dolar\u0131 (veya ayda 333 ABD Dolar\u0131)<\/td>\n<\/tr>\n<tr>\n<td>Her ek aile \u00fcyesi i\u00e7in \u015funu ekleyin:<\/td>\n<td>Her ya\u015fta bakmakla y\u00fck\u00fcml\u00fc olunan \u00e7ocuk ba\u015f\u0131na 12 ayl\u0131k d\u00f6nem i\u00e7in 3.000 ABD Dolar\u0131 (veya ayda 255 ABD Dolar\u0131)<\/td>\n<\/tr>\n<\/tbody>\n<\/table>\n<p>Quebec'te, olas\u0131 ziyaret\u00e7iler i\u00e7in finansal gereksinimler farkl\u0131d\u0131r.\u00a0<\/p>\n<table>\n<tbody>\n<tr>\n<th>\u0130nsanlar\u0131n say\u0131s\u0131<\/th>\n<th>Toplam gerekli miktar<\/th>\n<\/tr>\n<tr>\n<td>18 ya\u015f alt\u0131 bir ki\u015fi<\/td>\n<td>$6,569<\/td>\n<\/tr>\n<tr>\n<td>18 ya\u015f ve \u00fczeri bir ki\u015fi<\/td>\n<td>$13,134<\/td>\n<\/tr>\n<tr>\n<td>18 ya\u015f ve \u00fczeri iki ki\u015fi<\/td>\n<td>$19,264<\/td>\n<\/tr>\n<tr>\n<td><a id=\"Approved\"><\/a>18 ya\u015f \u00fcst\u00fc ve 18 ya\u015f alt\u0131 bir ki\u015fi<\/td>\n<td>$17,652<\/td>\n<\/tr>\n<tr>\n<td>18 ya\u015f\u0131ndan b\u00fcy\u00fck iki ki\u015fi ve 18 ya\u015f\u0131ndan k\u00fc\u00e7\u00fck bir ki\u015fi<\/td>\n<td>$21,579<\/td>\n<\/tr>\n<tr>\n<td>18 ya\u015f\u0131ndan b\u00fcy\u00fck iki ki\u015fi ve 18 ya\u015f\u0131ndan k\u00fc\u00e7\u00fck iki ki\u015fi<\/td>\n<td>$23,290<\/td>\n<\/tr>\n<\/tbody>\n<\/table>\n\t\t\t\t\t\t<h5>Seyahat d\u00f6k\u00fcmanlar\u0131<\/h5>\n\t\t\t<p>Kanada'ya seyahat ederken, siz ve sizinle birlikte seyahat eden di\u011fer aile \u00fcyeleri i\u00e7in gerekli t\u00fcm seyahat belgelerini ve kimlik belgelerini yan\u0131n\u0131zda bulundurmal\u0131s\u0131n\u0131z. Bu, Kanada'ya giden bir u\u00e7a\u011fa binerken gereksiz gecikmelerden ka\u00e7\u0131nman\u0131za yard\u0131mc\u0131 olur.<\/p>\n\t\t\t<h2>M\u00fc\u015fterilerimiz<\/h2>\n\t\t\t\t<img decoding=\"async\" data-src=\"https:\/\/www.canadaic.ca\/wp-content\/uploads\/bb-plugin\/cache\/Tiana-Mitchell-circle.png\" alt=\"Tiana Mitchell\" title=\"Tiana Mitchell\" itemprop=\"image\" src=\"data:image\/svg+xml;base64,PHN2ZyB3aWR0aD0iMSIgaGVpZ2h0PSIxIiB4bWxucz0iaHR0cDovL3d3dy53My5vcmcvMjAwMC9zdmciPjwvc3ZnPg==\" class=\"lazyload\" style=\"--smush-placeholder-width: 345px; --smush-placeholder-aspect-ratio: 345\/345;\" \/>\n\t\t\t\t\t\t\t<p>Bedir harika. Bana bir vakada yard\u0131m etti ve b\u00fcy\u00fck bir profesyonellik ve d\u00fcr\u00fcstl\u00fckle yapt\u0131. Kesinlikle tavsiye ederim.<\/p>\t\t\t\t\t\t\n\t\t\t\t\t\t\t\t<h3 class='uabb-testimonial-author-name testimonial-author-name'>Tiana Mitchell<\/h3>\n\t\t\t\t\t\t\tFilled starFilled starFilled starFilled starFilled star\n\t\t\t\t\t\t\t\t\tCanada\t\t\t\t\t\t\t\t\n\t\t\t\t<img decoding=\"async\" data-src=\"https:\/\/www.canadaic.ca\/wp-content\/uploads\/bb-plugin\/cache\/Param-Kaur-circle.png\" alt=\"Param Kaur\" title=\"Param Kaur\" itemprop=\"image\" src=\"data:image\/svg+xml;base64,PHN2ZyB3aWR0aD0iMSIgaGVpZ2h0PSIxIiB4bWxucz0iaHR0cDovL3d3dy53My5vcmcvMjAwMC9zdmciPjwvc3ZnPg==\" class=\"lazyload\" style=\"--smush-placeholder-width: 268px; --smush-placeholder-aspect-ratio: 268\/268;\" \/>\n\t\t\t\t\t\t\t<p>\u00c7ok Bilgilendirici Dan\u0131\u015fma. Onlar, \u00e7ok sab\u0131rl\u0131 bir \u015fekilde, her soruyu \u00e7ok \u00f6zenle yan\u0131tlayarak dan\u0131\u015fma \u00e7a\u011fr\u0131s\u0131 boyunca c\u00f6mert bir s\u00fcre ge\u00e7irdiler. Te\u015fekk\u00fcr ederim!\u00a0<\/p>\t\t\t\t\t\t\n\t\t\t\t\t\t\t\t<h3 class='uabb-testimonial-author-name testimonial-author-name'>Param Kaur<\/h3>\n\t\t\t\t\t\t\tFilled starFilled starFilled starFilled starFilled star\n\t\t\t\t\t\t\t\t\tIndia\t\t\t\t\t\t\t\t\n\t\t\t\t<img decoding=\"async\" data-src=\"https:\/\/www.canadaic.ca\/wp-content\/uploads\/bb-plugin\/cache\/Felipe-Andreu-circle.png\" alt=\"Felipe Andreu\" title=\"Felipe Andreu\" itemprop=\"image\" src=\"data:image\/svg+xml;base64,PHN2ZyB3aWR0aD0iMSIgaGVpZ2h0PSIxIiB4bWxucz0iaHR0cDovL3d3dy53My5vcmcvMjAwMC9zdmciPjwvc3ZnPg==\" class=\"lazyload\" style=\"--smush-placeholder-width: 310px; --smush-placeholder-aspect-ratio: 310\/310;\" \/>\n\t\t\t\t\t\t\t<p>Kesinlikle Toronto'daki en iyi g\u00f6\u00e7menlik dan\u0131\u015fman\u0131. En iyi sonucu istiyorsan\u0131z, en iyisini aray\u0131n. Bedir \u00d6zdemir<\/p>\t\t\t\t\t\t\n\t\t\t\t\t\t\t\t<h3 class='uabb-testimonial-author-name testimonial-author-name'>Felipe Andreu<\/h3>\n\t\t\t\t\t\t\tFilled starFilled starFilled starFilled starFilled star\n\t\t\t\t\t\t\t\t\tBrazil\t\t\t\t\t\t\t\t\n\t\t\t\t<img decoding=\"async\" data-src=\"https:\/\/www.canadaic.ca\/wp-content\/uploads\/bb-plugin\/cache\/Yavuz-Uslu-circle.png\" alt=\"Yavuz Uslu\" title=\"Yavuz Uslu\" itemprop=\"image\" src=\"data:image\/svg+xml;base64,PHN2ZyB3aWR0aD0iMSIgaGVpZ2h0PSIxIiB4bWxucz0iaHR0cDovL3d3dy53My5vcmcvMjAwMC9zdmciPjwvc3ZnPg==\" class=\"lazyload\" style=\"--smush-placeholder-width: 263px; --smush-placeholder-aspect-ratio: 263\/263;\" \/>\n\t\t\t\t\t\t\t<p>Bedir from Canada B&amp;N has been an exceptional consultant and a wonderful person to work with. He helped my wife and I for the entire immigration process. He&#8217;s responsive, efficient and well organized. But more importantly, he was genuine and honest. I would recommend her to anyone.<\/p>\t\t\t\t\t\t\n\t\t\t\t\t\t\t\t<h3 class='uabb-testimonial-author-name testimonial-author-name'>Yavuz Uslu<\/h3>\n\t\t\t\t\t\t\tFilled starFilled starFilled starFilled starFilled star\n\t\t\t\t\t\t\t\t\tTurkey\t\t\t\t\t\t\t\t\n\t\t\t\t<img decoding=\"async\" data-src=\"https:\/\/www.canadaic.ca\/wp-content\/uploads\/bb-plugin\/cache\/Igor-Kursunova-circle.png\" alt=\"Igor Kursunova\" title=\"Igor Kursunova\" itemprop=\"image\" src=\"data:image\/svg+xml;base64,PHN2ZyB3aWR0aD0iMSIgaGVpZ2h0PSIxIiB4bWxucz0iaHR0cDovL3d3dy53My5vcmcvMjAwMC9zdmciPjwvc3ZnPg==\" class=\"lazyload\" style=\"--smush-placeholder-width: 278px; --smush-placeholder-aspect-ratio: 278\/278;\" \/>\n\t\t\t\t\t\t\t<p>Bedir, PR kart s\u00fcrecine yard\u0131mc\u0131 olmak i\u00e7in harika bir i\u015f \u00e7\u0131kard\u0131. Bu profesyonel grubu \u015fiddetle tavsiye ederim.<\/p>\t\t\t\t\t\t\n\t\t\t\t\t\t\t\t<h3 class='uabb-testimonial-author-name testimonial-author-name'>Igor Kursunova<\/h3>\n\t\t\t\t\t\t\tFilled starFilled starFilled starFilled starFilled star\n\t\t\t\t\t\t\t\t\tEurope\t\t\t\t\t\t\t\t\n\t\t\t\t<img decoding=\"async\" data-src=\"https:\/\/www.canadaic.ca\/wp-content\/uploads\/bb-plugin\/cache\/Michael-S-circle.png\" alt=\"Michael S\" title=\"Michael S\" itemprop=\"image\" src=\"data:image\/svg+xml;base64,PHN2ZyB3aWR0aD0iMSIgaGVpZ2h0PSIxIiB4bWxucz0iaHR0cDovL3d3dy53My5vcmcvMjAwMC9zdmciPjwvc3ZnPg==\" class=\"lazyload\" style=\"--smush-placeholder-width: 256px; --smush-placeholder-aspect-ratio: 256\/256;\" \/>\n\t\t\t\t\t\t\t<p>My wife and I are extremely happy with the counsel Bedir and Sumedha&#8217;s provided during her Visa status adjustment.<\/p>\t\t\t\t\t\t\n\t\t\t\t\t\t\t\t<h3 class='uabb-testimonial-author-name testimonial-author-name'>Michael S<\/h3>\n\t\t\t\t\t\t\tFilled starFilled starFilled starFilled starFilled star\n\t\t\t\t\t\t\t\t\tCanada\t\t\t\t\t\t\t\t\n\t\t\t<h2>G\u00f6\u00e7menlik tavsiyesine mi ihtiyac\u0131n\u0131z var?<\/h2>\n\t\t\t\t<h6>Profesyonel tavsiye mi istiyorsunuz? G\u00f6\u00e7 yasas\u0131 ve \u00f6zel durumlar hakk\u0131ndaki t\u00fcm sorular\u0131n\u0131z\u0131 ve endi\u015felerinizi cevaplamak i\u00e7in rekabet\u00e7i saatlik \u00fccretler sunuyoruz. Bug\u00fcn bize ula\u015f\u0131n!<\/h6>\n\t\t\t<h6>Bizi aray\u0131n<\/h6><h4>+1 647 765-0404<\/h4>\t\t\t\n\t\t\t<h6>Bize e-posta g\u00f6nderin<\/h6><h4>info@canadaic.ca<\/h4>\t\t\t\n\t\t\t<h6>Bizi \u015fu adresten ziyaret edin<\/h6><h4>2 Robert Speck Parkway, Suite 750 L4Z 1H8<\/h4>","protected":false},"excerpt":{"rendered":"<p>US\/CAN Visa Refusal: Was Your Visa Application in USA to Canada Refused? Speak to an Visa Appeal Expert Today! Start Your Canadian Visitor Visa APPEAL Process from USA! Find out how you could appeal and obtain Visitor Visa status and travel to Canada from USA for tourism\/family or business purposes. Why was my Canadian visa [&hellip;]<\/p>\n","protected":false},"author":2,"featured_media":3283,"parent":0,"menu_order":0,"comment_status":"closed","ping_status":"closed","template":"","meta":{"_uag_custom_page_level_css":"","site-sidebar-layout":"no-sidebar","site-content-layout":"page-builder","ast-site-content-layout":"full-width-container","site-content-style":"unboxed","site-sidebar-style":"unboxed","ast-global-header-display":"","ast-banner-title-visibility":"","ast-main-header-display":"","ast-hfb-above-header-display":"","ast-hfb-below-header-display":"","ast-hfb-mobile-header-display":"","site-post-title":"disabled","ast-breadcrumbs-content":"","ast-featured-img":"disabled","footer-sml-layout":"","ast-disable-related-posts":"","theme-transparent-header-meta":"enabled","adv-header-id-meta":"","stick-header-meta":"","header-above-stick-meta":"","header-main-stick-meta":"","header-below-stick-meta":"","astra-migrate-meta-layouts":"set","ast-page-background-enabled":"default","ast-page-background-meta":{"desktop":{"background-color":"","background-image":"","background-repeat":"repeat","background-position":"center center","background-size":"auto","background-attachment":"scroll","background-type":"","background-media":"","overlay-type":"","overlay-color":"","overlay-opacity":"","overlay-gradient":""},"tablet":{"background-color":"","background-image":"","background-repeat":"repeat","background-position":"center center","background-size":"auto","background-attachment":"scroll","background-type":"","background-media":"","overlay-type":"","overlay-color":"","overlay-opacity":"","overlay-gradient":""},"mobile":{"background-color":"","background-image":"","background-repeat":"repeat","background-position":"center center","background-size":"auto","background-attachment":"scroll","background-type":"","background-media":"","overlay-type":"","overlay-color":"","overlay-opacity":"","overlay-gradient":""}},"ast-content-background-meta":{"desktop":{"background-color":"var(--ast-global-color-5)","background-image":"","background-repeat":"repeat","background-position":"center center","background-size":"auto","background-attachment":"scroll","background-type":"","background-media":"","overlay-type":"","overlay-color":"","overlay-opacity":"","overlay-gradient":""},"tablet":{"background-color":"var(--ast-global-color-5)","background-image":"","background-repeat":"repeat","background-position":"center center","background-size":"auto","background-attachment":"scroll","background-type":"","background-media":"","overlay-type":"","overlay-color":"","overlay-opacity":"","overlay-gradient":""},"mobile":{"background-color":"var(--ast-global-color-5)","background-image":"","background-repeat":"repeat","background-position":"center center","background-size":"auto","background-attachment":"scroll","background-type":"","background-media":"","overlay-type":"","overlay-color":"","overlay-opacity":"","overlay-gradient":""}},"footnotes":""},"class_list":["post-7768","page","type-page","status-publish","has-post-thumbnail","hentry"],"uagb_featured_image_src":{"full":["https:\/\/www.canadaic.ca\/wp-content\/uploads\/2021\/07\/work_visa-420x280_c.png",420,280,false],"thumbnail":["https:\/\/www.canadaic.ca\/wp-content\/uploads\/2021\/07\/work_visa-420x280_c-150x150.png",150,150,true],"medium":["https:\/\/www.canadaic.ca\/wp-content\/uploads\/2021\/07\/work_visa-420x280_c-300x200.png",300,200,true],"medium_large":["https:\/\/www.canadaic.ca\/wp-content\/uploads\/2021\/07\/work_visa-420x280_c.png",420,280,false],"large":["https:\/\/www.canadaic.ca\/wp-content\/uploads\/2021\/07\/work_visa-420x280_c.png",420,280,false],"1536x1536":["https:\/\/www.canadaic.ca\/wp-content\/uploads\/2021\/07\/work_visa-420x280_c.png",420,280,false],"2048x2048":["https:\/\/www.canadaic.ca\/wp-content\/uploads\/2021\/07\/work_visa-420x280_c.png",420,280,false],"trp-custom-language-flag":["https:\/\/www.canadaic.ca\/wp-content\/uploads\/2021\/07\/work_visa-420x280_c-16x12.png",16,12,true]},"uagb_author_info":{"display_name":"atakhelicopter","author_link":"https:\/\/www.canadaic.ca\/tr\/author\/atakhelicopter\/"},"uagb_comment_info":0,"uagb_excerpt":"US\/CAN Visa Refusal: Was Your Visa Application in USA to Canada Refused? Speak to an Visa Appeal Expert Today! Start Your Canadian Visitor Visa APPEAL Process from USA! Find out how you could appeal and obtain Visitor Visa status and travel to Canada from USA for tourism\/family or business purposes. Why was my Canadian visa&hellip;","_links":{"self":[{"href":"https:\/\/www.canadaic.ca\/tr\/wp-json\/wp\/v2\/pages\/7768","targetHints":{"allow":["GET"]}}],"collection":[{"href":"https:\/\/www.canadaic.ca\/tr\/wp-json\/wp\/v2\/pages"}],"about":[{"href":"https:\/\/www.canadaic.ca\/tr\/wp-json\/wp\/v2\/types\/page"}],"author":[{"embeddable":true,"href":"https:\/\/www.canadaic.ca\/tr\/wp-json\/wp\/v2\/users\/2"}],"replies":[{"embeddable":true,"href":"https:\/\/www.canadaic.ca\/tr\/wp-json\/wp\/v2\/comments?post=7768"}],"version-history":[{"count":4,"href":"https:\/\/www.canadaic.ca\/tr\/wp-json\/wp\/v2\/pages\/7768\/revisions"}],"predecessor-version":[{"id":7849,"href":"https:\/\/www.canadaic.ca\/tr\/wp-json\/wp\/v2\/pages\/7768\/revisions\/7849"}],"wp:featuredmedia":[{"embeddable":true,"href":"https:\/\/www.canadaic.ca\/tr\/wp-json\/wp\/v2\/media\/3283"}],"wp:attachment":[{"href":"https:\/\/www.canadaic.ca\/tr\/wp-json\/wp\/v2\/media?parent=7768"}],"curies":[{"name":"wp","href":"https:\/\/api.w.org\/{rel}","templated":true}]}}