{"id":979,"date":"2020-05-04T18:42:58","date_gmt":"2020-05-04T22:42:58","guid":{"rendered":"https:\/\/www.canadaic.ca\/?page_id=979"},"modified":"2022-07-09T12:50:24","modified_gmt":"2022-07-09T16:50:24","slug":"assessment-general","status":"publish","type":"page","link":"https:\/\/www.canadaic.ca\/tr\/assessment-general\/","title":{"rendered":"Assessment\/General"},"content":{"rendered":"<h6 tabindex=\"0\">\u0130lk kons\u00fcltasyon neleri i\u00e7erir?<\/h6>\n\t\t\t<p>\u00a0<\/p>\n<p><strong>\u0130lk G\u00f6r\u00fc\u015fmenin Amac\u0131:<\/strong><\/p>\n<ul>\n<li>Assess applicant&#8217;s eligibility<\/li>\n<li>Uygunluk sorular\u0131n\u0131z\u0131 yan\u0131tl\u0131yoruz<\/li>\n<li>Do\u011fru program(lar\u0131) se\u00e7menize yard\u0131mc\u0131 oluyoruz<\/li>\n<li>Do\u011fru hizmet(leri) se\u00e7menize yard\u0131mc\u0131 oluyoruz<\/li>\n<\/ul>\n<p>Bir defaya mahsus 30 dakikal\u0131k ilk kons\u00fcltasyonumuzun amac\u0131, bir karara devam etmeden \u00f6nce size g\u00f6\u00e7 se\u00e7eneklerinizi anlaman\u0131z\u0131 sa\u011flamakt\u0131r.<\/p>\n<p>\u0130lk dan\u0131\u015fma \u00fccreti\u00a0<strong><u>daha sonraki i\u015flemlerinizin \u00fccretlerine de yans\u0131r ve fiyattan d\u00fc\u015f\u00fcr\u00fcl\u00fcr.\u201d\u00a0<\/u><\/strong>upon retaining our services.<\/p>\n\t\t<h3>Kanada G\u00f6\u00e7menlik De\u011ferlendirme Formu<\/h3>\n\t\t\t<h6>\u00a0<\/h6>\n<h6>De\u011ferlendirme formunuzu se\u00e7in:<\/h6>\n\t\t\t<a href=\"#generalform\" target=\"_self\" role=\"button\" aria-label=\"Genel G\u00f6\u00e7menlik\" rel=\"noopener\">\n\t\t\t\t\t\t\t\t\t\t\tGenel G\u00f6\u00e7menlik\n\t\t<\/a>\n\t\t\t<a href=\"https:\/\/www.canadaic.ca\/tr\/assessment-student\/\" target=\"_self\" role=\"button\" aria-label=\"\u00d6\u011frenci Vizesi\" rel=\"noopener\">\n\t\t\t\t\t\t\t\t\t\t\t\u00d6\u011frenci Vizesi\n\t\t<\/a>\n\t\t\t<a href=\"https:\/\/www.canadaic.ca\/tr\/general-assessment-business\/\" target=\"_self\" role=\"button\" aria-label=\"\u0130\u015f Yat\u0131r\u0131mc\u0131\" rel=\"noopener\">\n\t\t\t\t\t\t\t\t\t\t\t\u0130\u015f Yat\u0131r\u0131mc\u0131\n\t\t<\/a>","protected":false},"excerpt":{"rendered":"<p>What does the initial consultation include? \u00a0 Purpose of Initial Consultation: Assess applicant&#8217;s eligibility Review eligibility questions Assist with choosing right program(s) Assist with choosing right service(s) The purpose of our one time 30-minute initial consultation is to provide you with an understanding of your immigration options, before proceeding with a decision. Initial consultation fee [&hellip;]<\/p>\n","protected":false},"author":2,"featured_media":0,"parent":0,"menu_order":0,"comment_status":"closed","ping_status":"closed","template":"","meta":{"_uag_custom_page_level_css":"","site-sidebar-layout":"no-sidebar","site-content-layout":"default","ast-site-content-layout":"default","site-content-style":"default","site-sidebar-style":"default","ast-global-header-display":"","ast-banner-title-visibility":"","ast-main-header-display":"","ast-hfb-above-header-display":"","ast-hfb-below-header-display":"","ast-hfb-mobile-header-display":"","site-post-title":"disabled","ast-breadcrumbs-content":"","ast-featured-img":"","footer-sml-layout":"","ast-disable-related-posts":"","theme-transparent-header-meta":"default","adv-header-id-meta":"","stick-header-meta":"","header-above-stick-meta":"","header-main-stick-meta":"","header-below-stick-meta":"","astra-migrate-meta-layouts":"default","ast-page-background-enabled":"default","ast-page-background-meta":{"desktop":{"background-color":"","background-image":"","background-repeat":"repeat","background-position":"center center","background-size":"auto","background-attachment":"scroll","background-type":"","background-media":"","overlay-type":"","overlay-color":"","overlay-opacity":"","overlay-gradient":""},"tablet":{"background-color":"","background-image":"","background-repeat":"repeat","background-position":"center center","background-size":"auto","background-attachment":"scroll","background-type":"","background-media":"","overlay-type":"","overlay-color":"","overlay-opacity":"","overlay-gradient":""},"mobile":{"background-color":"","background-image":"","background-repeat":"repeat","background-position":"center center","background-size":"auto","background-attachment":"scroll","background-type":"","background-media":"","overlay-type":"","overlay-color":"","overlay-opacity":"","overlay-gradient":""}},"ast-content-background-meta":{"desktop":{"background-color":"var(--ast-global-color-5)","background-image":"","background-repeat":"repeat","background-position":"center center","background-size":"auto","background-attachment":"scroll","background-type":"","background-media":"","overlay-type":"","overlay-color":"","overlay-opacity":"","overlay-gradient":""},"tablet":{"background-color":"var(--ast-global-color-5)","background-image":"","background-repeat":"repeat","background-position":"center center","background-size":"auto","background-attachment":"scroll","background-type":"","background-media":"","overlay-type":"","overlay-color":"","overlay-opacity":"","overlay-gradient":""},"mobile":{"background-color":"var(--ast-global-color-5)","background-image":"","background-repeat":"repeat","background-position":"center center","background-size":"auto","background-attachment":"scroll","background-type":"","background-media":"","overlay-type":"","overlay-color":"","overlay-opacity":"","overlay-gradient":""}},"footnotes":""},"class_list":["post-979","page","type-page","status-publish","hentry"],"uagb_featured_image_src":{"full":false,"thumbnail":false,"medium":false,"medium_large":false,"large":false,"1536x1536":false,"2048x2048":false,"trp-custom-language-flag":false},"uagb_author_info":{"display_name":"atakhelicopter","author_link":"https:\/\/www.canadaic.ca\/tr\/author\/atakhelicopter\/"},"uagb_comment_info":0,"uagb_excerpt":"What does the initial consultation include? \u00a0 Purpose of Initial Consultation: Assess applicant&#8217;s eligibility Review eligibility questions Assist with choosing right program(s) Assist with choosing right service(s) The purpose of our one time 30-minute initial consultation is to provide you with an understanding of your immigration options, before proceeding with a decision. Initial consultation fee&hellip;","_links":{"self":[{"href":"https:\/\/www.canadaic.ca\/tr\/wp-json\/wp\/v2\/pages\/979","targetHints":{"allow":["GET"]}}],"collection":[{"href":"https:\/\/www.canadaic.ca\/tr\/wp-json\/wp\/v2\/pages"}],"about":[{"href":"https:\/\/www.canadaic.ca\/tr\/wp-json\/wp\/v2\/types\/page"}],"author":[{"embeddable":true,"href":"https:\/\/www.canadaic.ca\/tr\/wp-json\/wp\/v2\/users\/2"}],"replies":[{"embeddable":true,"href":"https:\/\/www.canadaic.ca\/tr\/wp-json\/wp\/v2\/comments?post=979"}],"version-history":[{"count":56,"href":"https:\/\/www.canadaic.ca\/tr\/wp-json\/wp\/v2\/pages\/979\/revisions"}],"predecessor-version":[{"id":4855,"href":"https:\/\/www.canadaic.ca\/tr\/wp-json\/wp\/v2\/pages\/979\/revisions\/4855"}],"wp:attachment":[{"href":"https:\/\/www.canadaic.ca\/tr\/wp-json\/wp\/v2\/media?parent=979"}],"curies":[{"name":"wp","href":"https:\/\/api.w.org\/{rel}","templated":true}]}}